{"id":31304,"date":"2026-03-23T20:59:02","date_gmt":"2026-03-23T19:59:02","guid":{"rendered":"https:\/\/elportillodecoracion.es\/?post_type=product&#038;p=31304"},"modified":"2026-03-23T20:59:03","modified_gmt":"2026-03-23T19:59:03","slug":"consola-bicicleta-vintage","status":"publish","type":"product","link":"https:\/\/elportillodecoracion.es\/en\/tienda\/consola-bicicleta-vintage\/","title":{"rendered":"CONSOLA BICICLETA VINTAGE"},"content":{"rendered":"","protected":false},"excerpt":{"rendered":"<p>Mueble Consola de madera con pie de bicicleta de estilo retro, color amarillo envejecido,\u00a0 perfecta para a\u00f1adir car\u00e1cter y personalidad a cualquier espacio. Combina dise\u00f1o cl\u00e1sico con funcionalidad, ideal como mueble decorativo o pieza \u00fanica para amantes de lo vintage, que evoca un paseo por el campo o la playa. Pieza \u00fanica ideal.<\/p>\n<p>Dimensiones:<\/p>\n<p>Largo 160cm<\/p>\n<p>Fondo 40cm<\/p>\n<p>Alto 88cm<\/p>\n<p>Material: madera de pino y metal lacado amarillo envejecido.<\/p>\n<p>&nbsp;<\/p>\n<p>&nbsp;<\/p>\n","protected":false},"featured_media":31305,"comment_status":"open","ping_status":"closed","template":"","meta":{"_joinchat":[]},"product_cat":[800,725,723,985],"product_tag":[],"class_list":{"0":"post-31304","1":"product","2":"type-product","3":"status-publish","4":"has-post-thumbnail","6":"product_cat-bohemian","7":"product_cat-consoles","8":"product_cat-furniture","9":"product_cat-top-ventas","10":"product_shipping_class-furniture-shipping","12":"first","13":"instock","14":"taxable","15":"shipping-taxable","16":"purchasable","17":"product-type-simple"},"yoast_head":"<!-- This site is optimized with the Yoast SEO Premium plugin v23.0 (Yoast SEO v25.6) - https:\/\/yoast.com\/wordpress\/plugins\/seo\/ -->\n<title>CONSOLA BICICLETA VINTAGE - El Portillo Decoraci\u00f3n<\/title>\n<meta name=\"description\" content=\"Mueble Consola de madera con pie de bicicleta de estilo retro, color amarillo envejecido,\u00a0 perfecta para a\u00f1adir car\u00e1cter y personalidad a cualquier espacio. Combina dise\u00f1o cl\u00e1sico con funcionalidad, ideal como mueble decorativo o pieza \u00fanica para amantes de lo vintage, que evoca un paseo por el campo o la playa. Pieza \u00fanica ideal.  Dimensiones:  Largo 160cm  Fondo 40cm  Alto 88cm  Material: madera de pino y metal lacado amarillo envejecido.  &nbsp;  &nbsp;\" \/>\n<meta name=\"robots\" content=\"index, follow, max-snippet:-1, max-image-preview:large, max-video-preview:-1\" \/>\n<link rel=\"canonical\" href=\"https:\/\/elportillodecoracion.es\/tienda\/consola-bicicleta-vintage\/\" \/>\n<meta property=\"og:locale\" content=\"en_US\" \/>\n<meta property=\"og:type\" content=\"article\" \/>\n<meta property=\"og:title\" content=\"CONSOLA BICICLETA VINTAGE\" \/>\n<meta property=\"og:description\" content=\"Mueble Consola de madera con pie de bicicleta de estilo retro, color amarillo envejecido,\u00a0 perfecta para a\u00f1adir car\u00e1cter y personalidad a cualquier espacio. Combina dise\u00f1o cl\u00e1sico con funcionalidad, ideal como mueble decorativo o pieza \u00fanica para amantes de lo vintage, que evoca un paseo por el campo o la playa. Pieza \u00fanica ideal.  Dimensiones:  Largo 160cm  Fondo 40cm  Alto 88cm  Material: madera de pino y metal lacado amarillo envejecido.  &nbsp;  &nbsp;\" \/>\n<meta property=\"og:url\" content=\"https:\/\/elportillodecoracion.es\/tienda\/consola-bicicleta-vintage\/\" \/>\n<meta property=\"og:site_name\" content=\"El Portillo Decoraci\u00f3n\" \/>\n<meta property=\"article:modified_time\" content=\"2026-03-23T19:59:03+00:00\" \/>\n<meta property=\"og:image\" content=\"https:\/\/elportillodecoracion.es\/wp-content\/uploads\/2026\/03\/MB-211833-1-consoloa-bicicleta.jpg\" \/>\n\t<meta property=\"og:image:width\" content=\"700\" \/>\n\t<meta property=\"og:image:height\" content=\"466\" \/>\n\t<meta property=\"og:image:type\" content=\"image\/jpeg\" \/>\n<meta name=\"twitter:card\" content=\"summary_large_image\" \/>\n<meta name=\"twitter:label1\" content=\"Price\" \/>\n\t<meta name=\"twitter:data1\" content=\"479,00&euro; IVA inc\" \/>\n\t<meta name=\"twitter:label2\" content=\"Availability\" \/>\n\t<meta name=\"twitter:data2\" content=\"In stock\" \/>\n<script type=\"application\/ld+json\" class=\"yoast-schema-graph\">{\"@context\":\"https:\/\/schema.org\",\"@graph\":[{\"@type\":\"WebPage\",\"@id\":\"https:\/\/elportillodecoracion.es\/tienda\/consola-bicicleta-vintage\/\",\"url\":\"https:\/\/elportillodecoracion.es\/tienda\/consola-bicicleta-vintage\/\",\"name\":\"CONSOLA BICICLETA VINTAGE - El Portillo Decoraci\u00f3n\",\"isPartOf\":{\"@id\":\"https:\/\/elportillodecoracion.es\/#website\"},\"primaryImageOfPage\":{\"@id\":\"https:\/\/elportillodecoracion.es\/tienda\/consola-bicicleta-vintage\/#primaryimage\"},\"image\":{\"@id\":\"https:\/\/elportillodecoracion.es\/tienda\/consola-bicicleta-vintage\/#primaryimage\"},\"thumbnailUrl\":\"https:\/\/elportillodecoracion.es\/wp-content\/uploads\/2026\/03\/MB-211833-1-consoloa-bicicleta.jpg\",\"datePublished\":\"2026-03-23T19:59:02+00:00\",\"dateModified\":\"2026-03-23T19:59:03+00:00\",\"description\":\"Mueble Consola de madera con pie de bicicleta de estilo retro, color amarillo envejecido,\u00a0 perfecta para a\u00f1adir car\u00e1cter y personalidad a cualquier espacio. Combina dise\u00f1o cl\u00e1sico con funcionalidad, ideal como mueble decorativo o pieza \u00fanica para amantes de lo vintage, que evoca un paseo por el campo o la playa. Pieza \u00fanica ideal. Dimensiones: Largo 160cm Fondo 40cm Alto 88cm Material: madera de pino y metal lacado amarillo envejecido. &nbsp; &nbsp;\",\"breadcrumb\":{\"@id\":\"https:\/\/elportillodecoracion.es\/tienda\/consola-bicicleta-vintage\/#breadcrumb\"},\"inLanguage\":\"en-US\",\"potentialAction\":[{\"@type\":\"ReadAction\",\"target\":[\"https:\/\/elportillodecoracion.es\/tienda\/consola-bicicleta-vintage\/\"]}]},{\"@type\":\"ImageObject\",\"inLanguage\":\"en-US\",\"@id\":\"https:\/\/elportillodecoracion.es\/tienda\/consola-bicicleta-vintage\/#primaryimage\",\"url\":\"https:\/\/elportillodecoracion.es\/wp-content\/uploads\/2026\/03\/MB-211833-1-consoloa-bicicleta.jpg\",\"contentUrl\":\"https:\/\/elportillodecoracion.es\/wp-content\/uploads\/2026\/03\/MB-211833-1-consoloa-bicicleta.jpg\",\"width\":700,\"height\":466},{\"@type\":\"BreadcrumbList\",\"@id\":\"https:\/\/elportillodecoracion.es\/tienda\/consola-bicicleta-vintage\/#breadcrumb\",\"itemListElement\":[{\"@type\":\"ListItem\",\"position\":1,\"name\":\"Portada\",\"item\":\"https:\/\/elportillodecoracion.es\/\"},{\"@type\":\"ListItem\",\"position\":2,\"name\":\"Tienda\",\"item\":\"https:\/\/elportillodecoracion.es\/tienda\/\"},{\"@type\":\"ListItem\",\"position\":3,\"name\":\"CONSOLA BICICLETA VINTAGE\"}]},{\"@type\":\"WebSite\",\"@id\":\"https:\/\/elportillodecoracion.es\/#website\",\"url\":\"https:\/\/elportillodecoracion.es\/\",\"name\":\"El Portillo Decoraci\u00f3n\",\"description\":\"Muebles y Decoraci\u00f3n\",\"publisher\":{\"@id\":\"https:\/\/elportillodecoracion.es\/#organization\"},\"potentialAction\":[{\"@type\":\"SearchAction\",\"target\":{\"@type\":\"EntryPoint\",\"urlTemplate\":\"https:\/\/elportillodecoracion.es\/?s={search_term_string}\"},\"query-input\":{\"@type\":\"PropertyValueSpecification\",\"valueRequired\":true,\"valueName\":\"search_term_string\"}}],\"inLanguage\":\"en-US\"},{\"@type\":\"Organization\",\"@id\":\"https:\/\/elportillodecoracion.es\/#organization\",\"name\":\"El Portillo Decoraci\u00f3n\",\"url\":\"https:\/\/elportillodecoracion.es\/\",\"logo\":{\"@type\":\"ImageObject\",\"inLanguage\":\"en-US\",\"@id\":\"https:\/\/elportillodecoracion.es\/#\/schema\/logo\/image\/\",\"url\":\"https:\/\/elportillodecoracion.es\/wp-content\/uploads\/2018\/11\/El-Portillo_logo-300.jpg\",\"contentUrl\":\"https:\/\/elportillodecoracion.es\/wp-content\/uploads\/2018\/11\/El-Portillo_logo-300.jpg\",\"width\":350,\"height\":91,\"caption\":\"El Portillo Decoraci\u00f3n\"},\"image\":{\"@id\":\"https:\/\/elportillodecoracion.es\/#\/schema\/logo\/image\/\"}}]}<\/script>\n<meta property=\"product:price:amount\" content=\"479.00\" \/>\n<meta property=\"product:price:currency\" content=\"EUR\" \/>\n<meta property=\"og:availability\" content=\"instock\" \/>\n<meta property=\"product:availability\" content=\"instock\" \/>\n<meta property=\"product:retailer_item_id\" content=\"211833\" \/>\n<meta property=\"product:condition\" content=\"new\" \/>\n<!-- \/ Yoast SEO Premium plugin. -->","yoast_head_json":{"title":"CONSOLA BICICLETA VINTAGE - El Portillo Decoraci\u00f3n","description":"Mueble Consola de madera con pie de bicicleta de estilo retro, color amarillo envejecido,\u00a0 perfecta para a\u00f1adir car\u00e1cter y personalidad a cualquier espacio. Combina dise\u00f1o cl\u00e1sico con funcionalidad, ideal como mueble decorativo o pieza \u00fanica para amantes de lo vintage, que evoca un paseo por el campo o la playa. Pieza \u00fanica ideal.  Dimensiones:  Largo 160cm  Fondo 40cm  Alto 88cm  Material: madera de pino y metal lacado amarillo envejecido.  &nbsp;  &nbsp;","robots":{"index":"index","follow":"follow","max-snippet":"max-snippet:-1","max-image-preview":"max-image-preview:large","max-video-preview":"max-video-preview:-1"},"canonical":"https:\/\/elportillodecoracion.es\/tienda\/consola-bicicleta-vintage\/","og_locale":"en_US","og_type":"article","og_title":"CONSOLA BICICLETA VINTAGE","og_description":"Mueble Consola de madera con pie de bicicleta de estilo retro, color amarillo envejecido,\u00a0 perfecta para a\u00f1adir car\u00e1cter y personalidad a cualquier espacio. Combina dise\u00f1o cl\u00e1sico con funcionalidad, ideal como mueble decorativo o pieza \u00fanica para amantes de lo vintage, que evoca un paseo por el campo o la playa. Pieza \u00fanica ideal.  Dimensiones:  Largo 160cm  Fondo 40cm  Alto 88cm  Material: madera de pino y metal lacado amarillo envejecido.  &nbsp;  &nbsp;","og_url":"https:\/\/elportillodecoracion.es\/tienda\/consola-bicicleta-vintage\/","og_site_name":"El Portillo Decoraci\u00f3n","article_modified_time":"2026-03-23T19:59:03+00:00","og_image":[{"width":700,"height":466,"url":"https:\/\/elportillodecoracion.es\/wp-content\/uploads\/2026\/03\/MB-211833-1-consoloa-bicicleta.jpg","type":"image\/jpeg"}],"twitter_card":"summary_large_image","twitter_misc":{"Price":"479,00&euro; IVA inc","Availability":"In stock"},"schema":{"@context":"https:\/\/schema.org","@graph":[{"@type":"WebPage","@id":"https:\/\/elportillodecoracion.es\/tienda\/consola-bicicleta-vintage\/","url":"https:\/\/elportillodecoracion.es\/tienda\/consola-bicicleta-vintage\/","name":"CONSOLA BICICLETA VINTAGE - El Portillo Decoraci\u00f3n","isPartOf":{"@id":"https:\/\/elportillodecoracion.es\/#website"},"primaryImageOfPage":{"@id":"https:\/\/elportillodecoracion.es\/tienda\/consola-bicicleta-vintage\/#primaryimage"},"image":{"@id":"https:\/\/elportillodecoracion.es\/tienda\/consola-bicicleta-vintage\/#primaryimage"},"thumbnailUrl":"https:\/\/elportillodecoracion.es\/wp-content\/uploads\/2026\/03\/MB-211833-1-consoloa-bicicleta.jpg","datePublished":"2026-03-23T19:59:02+00:00","dateModified":"2026-03-23T19:59:03+00:00","description":"Mueble Consola de madera con pie de bicicleta de estilo retro, color amarillo envejecido,\u00a0 perfecta para a\u00f1adir car\u00e1cter y personalidad a cualquier espacio. Combina dise\u00f1o cl\u00e1sico con funcionalidad, ideal como mueble decorativo o pieza \u00fanica para amantes de lo vintage, que evoca un paseo por el campo o la playa. Pieza \u00fanica ideal. Dimensiones: Largo 160cm Fondo 40cm Alto 88cm Material: madera de pino y metal lacado amarillo envejecido. &nbsp; &nbsp;","breadcrumb":{"@id":"https:\/\/elportillodecoracion.es\/tienda\/consola-bicicleta-vintage\/#breadcrumb"},"inLanguage":"en-US","potentialAction":[{"@type":"ReadAction","target":["https:\/\/elportillodecoracion.es\/tienda\/consola-bicicleta-vintage\/"]}]},{"@type":"ImageObject","inLanguage":"en-US","@id":"https:\/\/elportillodecoracion.es\/tienda\/consola-bicicleta-vintage\/#primaryimage","url":"https:\/\/elportillodecoracion.es\/wp-content\/uploads\/2026\/03\/MB-211833-1-consoloa-bicicleta.jpg","contentUrl":"https:\/\/elportillodecoracion.es\/wp-content\/uploads\/2026\/03\/MB-211833-1-consoloa-bicicleta.jpg","width":700,"height":466},{"@type":"BreadcrumbList","@id":"https:\/\/elportillodecoracion.es\/tienda\/consola-bicicleta-vintage\/#breadcrumb","itemListElement":[{"@type":"ListItem","position":1,"name":"Portada","item":"https:\/\/elportillodecoracion.es\/"},{"@type":"ListItem","position":2,"name":"Tienda","item":"https:\/\/elportillodecoracion.es\/tienda\/"},{"@type":"ListItem","position":3,"name":"CONSOLA BICICLETA VINTAGE"}]},{"@type":"WebSite","@id":"https:\/\/elportillodecoracion.es\/#website","url":"https:\/\/elportillodecoracion.es\/","name":"El Portillo Decoraci\u00f3n","description":"Muebles y Decoraci\u00f3n","publisher":{"@id":"https:\/\/elportillodecoracion.es\/#organization"},"potentialAction":[{"@type":"SearchAction","target":{"@type":"EntryPoint","urlTemplate":"https:\/\/elportillodecoracion.es\/?s={search_term_string}"},"query-input":{"@type":"PropertyValueSpecification","valueRequired":true,"valueName":"search_term_string"}}],"inLanguage":"en-US"},{"@type":"Organization","@id":"https:\/\/elportillodecoracion.es\/#organization","name":"El Portillo Decoraci\u00f3n","url":"https:\/\/elportillodecoracion.es\/","logo":{"@type":"ImageObject","inLanguage":"en-US","@id":"https:\/\/elportillodecoracion.es\/#\/schema\/logo\/image\/","url":"https:\/\/elportillodecoracion.es\/wp-content\/uploads\/2018\/11\/El-Portillo_logo-300.jpg","contentUrl":"https:\/\/elportillodecoracion.es\/wp-content\/uploads\/2018\/11\/El-Portillo_logo-300.jpg","width":350,"height":91,"caption":"El Portillo Decoraci\u00f3n"},"image":{"@id":"https:\/\/elportillodecoracion.es\/#\/schema\/logo\/image\/"}}]},"product_price_amount":"479.00","product_price_currency":"EUR","og_availability":"instock","product_availability":"instock","product_retailer_item_id":"211833","product_condition":"new"},"_links":{"self":[{"href":"https:\/\/elportillodecoracion.es\/en\/wp-json\/wp\/v2\/product\/31304","targetHints":{"allow":["GET"]}}],"collection":[{"href":"https:\/\/elportillodecoracion.es\/en\/wp-json\/wp\/v2\/product"}],"about":[{"href":"https:\/\/elportillodecoracion.es\/en\/wp-json\/wp\/v2\/types\/product"}],"replies":[{"embeddable":true,"href":"https:\/\/elportillodecoracion.es\/en\/wp-json\/wp\/v2\/comments?post=31304"}],"wp:featuredmedia":[{"embeddable":true,"href":"https:\/\/elportillodecoracion.es\/en\/wp-json\/wp\/v2\/media\/31305"}],"wp:attachment":[{"href":"https:\/\/elportillodecoracion.es\/en\/wp-json\/wp\/v2\/media?parent=31304"}],"wp:term":[{"taxonomy":"product_cat","embeddable":true,"href":"https:\/\/elportillodecoracion.es\/en\/wp-json\/wp\/v2\/product_cat?post=31304"},{"taxonomy":"product_tag","embeddable":true,"href":"https:\/\/elportillodecoracion.es\/en\/wp-json\/wp\/v2\/product_tag?post=31304"}],"curies":[{"name":"wp","href":"https:\/\/api.w.org\/{rel}","templated":true}]}}