{"id":30754,"date":"2025-12-12T18:02:23","date_gmt":"2025-12-12T17:02:23","guid":{"rendered":"https:\/\/elportillodecoracion.es\/?post_type=product&#038;p=30754"},"modified":"2025-12-12T18:02:24","modified_gmt":"2025-12-12T17:02:24","slug":"lampara-mesa-coral-arenisca","status":"publish","type":"product","link":"https:\/\/elportillodecoracion.es\/en\/tienda\/lampara-mesa-coral-arenisca\/","title":{"rendered":"L\u00c1MPARA MESA CORAL ARENISCA"},"content":{"rendered":"","protected":false},"excerpt":{"rendered":"<p>Esta elegante l\u00e1mpara aporta originalidad y calidez en cualquier punto del sal\u00f3n o dormitorio.<\/p>\n<p>Material: Arenisca.<\/p>\n<p>Medidas: 30x 24.5 x 17.8 cm.<\/p>\n<p>Peso:2 Kg.<\/p>\n<p>Cable: 180 cm.<\/p>\n","protected":false},"featured_media":30755,"comment_status":"open","ping_status":"closed","template":"","meta":{"_joinchat":[]},"product_cat":[733,718,719],"product_tag":[],"class_list":{"0":"post-30754","1":"product","2":"type-product","3":"status-publish","4":"has-post-thumbnail","6":"product_cat-ibiza-beach","7":"product_cat-lighting","8":"product_cat-table-lamps","10":"first","11":"instock","12":"taxable","13":"shipping-taxable","14":"purchasable","15":"product-type-simple"},"yoast_head":"<!-- This site is optimized with the Yoast SEO Premium plugin v23.0 (Yoast SEO v25.6) - https:\/\/yoast.com\/wordpress\/plugins\/seo\/ -->\n<title>L\u00c1MPARA MESA CORAL ARENISCA - El Portillo Decoraci\u00f3n<\/title>\n<meta name=\"description\" content=\"Esta elegante l\u00e1mpara aporta originalidad y calidez en cualquier punto del sal\u00f3n o dormitorio.  Material: Arenisca.  Medidas: 30x 24.5 x 17.8 cm.  Peso:2 Kg.  Cable: 180 cm.\" \/>\n<meta name=\"robots\" content=\"index, follow, max-snippet:-1, max-image-preview:large, max-video-preview:-1\" \/>\n<link rel=\"canonical\" href=\"https:\/\/elportillodecoracion.es\/tienda\/lampara-mesa-coral-arenisca\/\" \/>\n<meta property=\"og:locale\" content=\"en_US\" \/>\n<meta property=\"og:type\" content=\"article\" \/>\n<meta property=\"og:title\" content=\"L\u00c1MPARA MESA CORAL ARENISCA\" \/>\n<meta property=\"og:description\" content=\"Esta elegante l\u00e1mpara aporta originalidad y calidez en cualquier punto del sal\u00f3n o dormitorio.  Material: Arenisca.  Medidas: 30x 24.5 x 17.8 cm.  Peso:2 Kg.  Cable: 180 cm.\" \/>\n<meta property=\"og:url\" content=\"https:\/\/elportillodecoracion.es\/tienda\/lampara-mesa-coral-arenisca\/\" \/>\n<meta property=\"og:site_name\" content=\"El Portillo Decoraci\u00f3n\" \/>\n<meta property=\"article:modified_time\" content=\"2025-12-12T17:02:24+00:00\" \/>\n<meta property=\"og:image\" content=\"https:\/\/elportillodecoracion.es\/wp-content\/uploads\/2025\/12\/lampara-arres.webp\" \/>\n\t<meta property=\"og:image:width\" content=\"700\" \/>\n\t<meta property=\"og:image:height\" content=\"700\" \/>\n\t<meta property=\"og:image:type\" content=\"image\/webp\" \/>\n<meta name=\"twitter:card\" content=\"summary_large_image\" \/>\n<meta name=\"twitter:label1\" content=\"Price\" \/>\n\t<meta name=\"twitter:data1\" content=\"89,00&euro; IVA inc\" \/>\n\t<meta name=\"twitter:label2\" content=\"Availability\" \/>\n\t<meta name=\"twitter:data2\" content=\"In stock\" \/>\n<script type=\"application\/ld+json\" class=\"yoast-schema-graph\">{\"@context\":\"https:\/\/schema.org\",\"@graph\":[{\"@type\":\"WebPage\",\"@id\":\"https:\/\/elportillodecoracion.es\/tienda\/lampara-mesa-coral-arenisca\/\",\"url\":\"https:\/\/elportillodecoracion.es\/tienda\/lampara-mesa-coral-arenisca\/\",\"name\":\"L\u00c1MPARA MESA CORAL ARENISCA - El Portillo Decoraci\u00f3n\",\"isPartOf\":{\"@id\":\"https:\/\/elportillodecoracion.es\/#website\"},\"primaryImageOfPage\":{\"@id\":\"https:\/\/elportillodecoracion.es\/tienda\/lampara-mesa-coral-arenisca\/#primaryimage\"},\"image\":{\"@id\":\"https:\/\/elportillodecoracion.es\/tienda\/lampara-mesa-coral-arenisca\/#primaryimage\"},\"thumbnailUrl\":\"https:\/\/elportillodecoracion.es\/wp-content\/uploads\/2025\/12\/lampara-arres.webp\",\"datePublished\":\"2025-12-12T17:02:23+00:00\",\"dateModified\":\"2025-12-12T17:02:24+00:00\",\"description\":\"Esta elegante l\u00e1mpara aporta originalidad y calidez en cualquier punto del sal\u00f3n o dormitorio. Material: Arenisca. Medidas: 30x 24.5 x 17.8 cm. Peso:2 Kg. Cable: 180 cm.\",\"breadcrumb\":{\"@id\":\"https:\/\/elportillodecoracion.es\/tienda\/lampara-mesa-coral-arenisca\/#breadcrumb\"},\"inLanguage\":\"en-US\",\"potentialAction\":[{\"@type\":\"ReadAction\",\"target\":[\"https:\/\/elportillodecoracion.es\/tienda\/lampara-mesa-coral-arenisca\/\"]}]},{\"@type\":\"ImageObject\",\"inLanguage\":\"en-US\",\"@id\":\"https:\/\/elportillodecoracion.es\/tienda\/lampara-mesa-coral-arenisca\/#primaryimage\",\"url\":\"https:\/\/elportillodecoracion.es\/wp-content\/uploads\/2025\/12\/lampara-arres.webp\",\"contentUrl\":\"https:\/\/elportillodecoracion.es\/wp-content\/uploads\/2025\/12\/lampara-arres.webp\",\"width\":700,\"height\":700},{\"@type\":\"BreadcrumbList\",\"@id\":\"https:\/\/elportillodecoracion.es\/tienda\/lampara-mesa-coral-arenisca\/#breadcrumb\",\"itemListElement\":[{\"@type\":\"ListItem\",\"position\":1,\"name\":\"Portada\",\"item\":\"https:\/\/elportillodecoracion.es\/\"},{\"@type\":\"ListItem\",\"position\":2,\"name\":\"Tienda\",\"item\":\"https:\/\/elportillodecoracion.es\/tienda\/\"},{\"@type\":\"ListItem\",\"position\":3,\"name\":\"L\u00c1MPARA MESA CORAL ARENISCA\"}]},{\"@type\":\"WebSite\",\"@id\":\"https:\/\/elportillodecoracion.es\/#website\",\"url\":\"https:\/\/elportillodecoracion.es\/\",\"name\":\"El Portillo Decoraci\u00f3n\",\"description\":\"Muebles y Decoraci\u00f3n\",\"publisher\":{\"@id\":\"https:\/\/elportillodecoracion.es\/#organization\"},\"potentialAction\":[{\"@type\":\"SearchAction\",\"target\":{\"@type\":\"EntryPoint\",\"urlTemplate\":\"https:\/\/elportillodecoracion.es\/?s={search_term_string}\"},\"query-input\":{\"@type\":\"PropertyValueSpecification\",\"valueRequired\":true,\"valueName\":\"search_term_string\"}}],\"inLanguage\":\"en-US\"},{\"@type\":\"Organization\",\"@id\":\"https:\/\/elportillodecoracion.es\/#organization\",\"name\":\"El Portillo Decoraci\u00f3n\",\"url\":\"https:\/\/elportillodecoracion.es\/\",\"logo\":{\"@type\":\"ImageObject\",\"inLanguage\":\"en-US\",\"@id\":\"https:\/\/elportillodecoracion.es\/#\/schema\/logo\/image\/\",\"url\":\"https:\/\/elportillodecoracion.es\/wp-content\/uploads\/2018\/11\/El-Portillo_logo-300.jpg\",\"contentUrl\":\"https:\/\/elportillodecoracion.es\/wp-content\/uploads\/2018\/11\/El-Portillo_logo-300.jpg\",\"width\":350,\"height\":91,\"caption\":\"El Portillo Decoraci\u00f3n\"},\"image\":{\"@id\":\"https:\/\/elportillodecoracion.es\/#\/schema\/logo\/image\/\"}}]}<\/script>\n<meta property=\"product:price:amount\" content=\"89.00\" \/>\n<meta property=\"product:price:currency\" content=\"EUR\" \/>\n<meta property=\"og:availability\" content=\"instock\" \/>\n<meta property=\"product:availability\" content=\"instock\" \/>\n<meta property=\"product:retailer_item_id\" content=\"613999\" \/>\n<meta property=\"product:condition\" content=\"new\" \/>\n<!-- \/ Yoast SEO Premium plugin. -->","yoast_head_json":{"title":"L\u00c1MPARA MESA CORAL ARENISCA - El Portillo Decoraci\u00f3n","description":"Esta elegante l\u00e1mpara aporta originalidad y calidez en cualquier punto del sal\u00f3n o dormitorio.  Material: Arenisca.  Medidas: 30x 24.5 x 17.8 cm.  Peso:2 Kg.  Cable: 180 cm.","robots":{"index":"index","follow":"follow","max-snippet":"max-snippet:-1","max-image-preview":"max-image-preview:large","max-video-preview":"max-video-preview:-1"},"canonical":"https:\/\/elportillodecoracion.es\/tienda\/lampara-mesa-coral-arenisca\/","og_locale":"en_US","og_type":"article","og_title":"L\u00c1MPARA MESA CORAL ARENISCA","og_description":"Esta elegante l\u00e1mpara aporta originalidad y calidez en cualquier punto del sal\u00f3n o dormitorio.  Material: Arenisca.  Medidas: 30x 24.5 x 17.8 cm.  Peso:2 Kg.  Cable: 180 cm.","og_url":"https:\/\/elportillodecoracion.es\/tienda\/lampara-mesa-coral-arenisca\/","og_site_name":"El Portillo Decoraci\u00f3n","article_modified_time":"2025-12-12T17:02:24+00:00","og_image":[{"width":700,"height":700,"url":"https:\/\/elportillodecoracion.es\/wp-content\/uploads\/2025\/12\/lampara-arres.webp","type":"image\/webp"}],"twitter_card":"summary_large_image","twitter_misc":{"Price":"89,00&euro; IVA inc","Availability":"In stock"},"schema":{"@context":"https:\/\/schema.org","@graph":[{"@type":"WebPage","@id":"https:\/\/elportillodecoracion.es\/tienda\/lampara-mesa-coral-arenisca\/","url":"https:\/\/elportillodecoracion.es\/tienda\/lampara-mesa-coral-arenisca\/","name":"L\u00c1MPARA MESA CORAL ARENISCA - El Portillo Decoraci\u00f3n","isPartOf":{"@id":"https:\/\/elportillodecoracion.es\/#website"},"primaryImageOfPage":{"@id":"https:\/\/elportillodecoracion.es\/tienda\/lampara-mesa-coral-arenisca\/#primaryimage"},"image":{"@id":"https:\/\/elportillodecoracion.es\/tienda\/lampara-mesa-coral-arenisca\/#primaryimage"},"thumbnailUrl":"https:\/\/elportillodecoracion.es\/wp-content\/uploads\/2025\/12\/lampara-arres.webp","datePublished":"2025-12-12T17:02:23+00:00","dateModified":"2025-12-12T17:02:24+00:00","description":"Esta elegante l\u00e1mpara aporta originalidad y calidez en cualquier punto del sal\u00f3n o dormitorio. Material: Arenisca. Medidas: 30x 24.5 x 17.8 cm. Peso:2 Kg. Cable: 180 cm.","breadcrumb":{"@id":"https:\/\/elportillodecoracion.es\/tienda\/lampara-mesa-coral-arenisca\/#breadcrumb"},"inLanguage":"en-US","potentialAction":[{"@type":"ReadAction","target":["https:\/\/elportillodecoracion.es\/tienda\/lampara-mesa-coral-arenisca\/"]}]},{"@type":"ImageObject","inLanguage":"en-US","@id":"https:\/\/elportillodecoracion.es\/tienda\/lampara-mesa-coral-arenisca\/#primaryimage","url":"https:\/\/elportillodecoracion.es\/wp-content\/uploads\/2025\/12\/lampara-arres.webp","contentUrl":"https:\/\/elportillodecoracion.es\/wp-content\/uploads\/2025\/12\/lampara-arres.webp","width":700,"height":700},{"@type":"BreadcrumbList","@id":"https:\/\/elportillodecoracion.es\/tienda\/lampara-mesa-coral-arenisca\/#breadcrumb","itemListElement":[{"@type":"ListItem","position":1,"name":"Portada","item":"https:\/\/elportillodecoracion.es\/"},{"@type":"ListItem","position":2,"name":"Tienda","item":"https:\/\/elportillodecoracion.es\/tienda\/"},{"@type":"ListItem","position":3,"name":"L\u00c1MPARA MESA CORAL ARENISCA"}]},{"@type":"WebSite","@id":"https:\/\/elportillodecoracion.es\/#website","url":"https:\/\/elportillodecoracion.es\/","name":"El Portillo Decoraci\u00f3n","description":"Muebles y Decoraci\u00f3n","publisher":{"@id":"https:\/\/elportillodecoracion.es\/#organization"},"potentialAction":[{"@type":"SearchAction","target":{"@type":"EntryPoint","urlTemplate":"https:\/\/elportillodecoracion.es\/?s={search_term_string}"},"query-input":{"@type":"PropertyValueSpecification","valueRequired":true,"valueName":"search_term_string"}}],"inLanguage":"en-US"},{"@type":"Organization","@id":"https:\/\/elportillodecoracion.es\/#organization","name":"El Portillo Decoraci\u00f3n","url":"https:\/\/elportillodecoracion.es\/","logo":{"@type":"ImageObject","inLanguage":"en-US","@id":"https:\/\/elportillodecoracion.es\/#\/schema\/logo\/image\/","url":"https:\/\/elportillodecoracion.es\/wp-content\/uploads\/2018\/11\/El-Portillo_logo-300.jpg","contentUrl":"https:\/\/elportillodecoracion.es\/wp-content\/uploads\/2018\/11\/El-Portillo_logo-300.jpg","width":350,"height":91,"caption":"El Portillo Decoraci\u00f3n"},"image":{"@id":"https:\/\/elportillodecoracion.es\/#\/schema\/logo\/image\/"}}]},"product_price_amount":"89.00","product_price_currency":"EUR","og_availability":"instock","product_availability":"instock","product_retailer_item_id":"613999","product_condition":"new"},"_links":{"self":[{"href":"https:\/\/elportillodecoracion.es\/en\/wp-json\/wp\/v2\/product\/30754","targetHints":{"allow":["GET"]}}],"collection":[{"href":"https:\/\/elportillodecoracion.es\/en\/wp-json\/wp\/v2\/product"}],"about":[{"href":"https:\/\/elportillodecoracion.es\/en\/wp-json\/wp\/v2\/types\/product"}],"replies":[{"embeddable":true,"href":"https:\/\/elportillodecoracion.es\/en\/wp-json\/wp\/v2\/comments?post=30754"}],"wp:featuredmedia":[{"embeddable":true,"href":"https:\/\/elportillodecoracion.es\/en\/wp-json\/wp\/v2\/media\/30755"}],"wp:attachment":[{"href":"https:\/\/elportillodecoracion.es\/en\/wp-json\/wp\/v2\/media?parent=30754"}],"wp:term":[{"taxonomy":"product_cat","embeddable":true,"href":"https:\/\/elportillodecoracion.es\/en\/wp-json\/wp\/v2\/product_cat?post=30754"},{"taxonomy":"product_tag","embeddable":true,"href":"https:\/\/elportillodecoracion.es\/en\/wp-json\/wp\/v2\/product_tag?post=30754"}],"curies":[{"name":"wp","href":"https:\/\/api.w.org\/{rel}","templated":true}]}}