{"id":29675,"date":"2025-11-05T20:26:34","date_gmt":"2025-11-05T19:26:34","guid":{"rendered":"https:\/\/elportillodecoracion.es\/?post_type=product&#038;p=29675"},"modified":"2025-11-05T20:30:09","modified_gmt":"2025-11-05T19:30:09","slug":"perfumador-mikado-classic-collection","status":"publish","type":"product","link":"https:\/\/elportillodecoracion.es\/en\/tienda\/perfumador-mikado-classic-collection\/","title":{"rendered":"PERFUMADOR MIKADO CLASSIC COLLECTION"},"content":{"rendered":"","protected":false},"excerpt":{"rendered":"<p>Aromatiza tu casa con este delicado mikado de una fragancia exquisita.<\/p>\n<p>La botella es de un dise\u00f1o exclusivo, de cristal ba\u00f1ada en color dorado.<\/p>\n<p>Como elemento decorativo, realzar\u00e1 cualquier estancia de su hogar.<\/p>\n<p>Capacidad: 250 ml.<\/p>\n","protected":false},"featured_media":29676,"comment_status":"open","ping_status":"closed","template":"","meta":{"_joinchat":[]},"product_cat":[825,841],"product_tag":[],"class_list":{"0":"post-29675","1":"product","2":"type-product","3":"status-publish","4":"has-post-thumbnail","6":"product_cat-estilo-luxury-en","7":"product_cat-home-perfumes","9":"first","10":"instock","11":"taxable","12":"shipping-taxable","13":"purchasable","14":"product-type-simple"},"yoast_head":"<!-- This site is optimized with the Yoast SEO Premium plugin v23.0 (Yoast SEO v25.6) - https:\/\/yoast.com\/wordpress\/plugins\/seo\/ -->\n<title>PERFUMADOR MIKADO CLASSIC COLLECTION - El Portillo Decoraci\u00f3n<\/title>\n<meta name=\"description\" content=\"Aromatiza tu casa con este delicado mikado de una fragancia exquisita.  La botella es de un dise\u00f1o exclusivo, de cristal ba\u00f1ada en color dorado.  Como elemento decorativo, realzar\u00e1 cualquier estancia de su hogar.  Capacidad: 250 ml.\" \/>\n<meta name=\"robots\" content=\"index, follow, max-snippet:-1, max-image-preview:large, max-video-preview:-1\" \/>\n<link rel=\"canonical\" href=\"https:\/\/elportillodecoracion.es\/tienda\/perfumador-mikado-classic-collection\/\" \/>\n<meta property=\"og:locale\" content=\"en_US\" \/>\n<meta property=\"og:type\" content=\"article\" \/>\n<meta property=\"og:title\" content=\"PERFUMADOR MIKADO CLASSIC COLLECTION\" \/>\n<meta property=\"og:description\" content=\"Aromatiza tu casa con este delicado mikado de una fragancia exquisita.  La botella es de un dise\u00f1o exclusivo, de cristal ba\u00f1ada en color dorado.  Como elemento decorativo, realzar\u00e1 cualquier estancia de su hogar.  Capacidad: 250 ml.\" \/>\n<meta property=\"og:url\" content=\"https:\/\/elportillodecoracion.es\/tienda\/perfumador-mikado-classic-collection\/\" \/>\n<meta property=\"og:site_name\" content=\"El Portillo Decoraci\u00f3n\" \/>\n<meta property=\"article:modified_time\" content=\"2025-11-05T19:30:09+00:00\" \/>\n<meta property=\"og:image\" content=\"https:\/\/elportillodecoracion.es\/wp-content\/uploads\/2025\/11\/mikado-blanco-luxury.jpg\" \/>\n\t<meta property=\"og:image:width\" content=\"505\" \/>\n\t<meta property=\"og:image:height\" content=\"703\" \/>\n\t<meta property=\"og:image:type\" content=\"image\/jpeg\" \/>\n<meta name=\"twitter:card\" content=\"summary_large_image\" \/>\n<meta name=\"twitter:label1\" content=\"Price\" \/>\n\t<meta name=\"twitter:data1\" content=\"39,95&euro; IVA inc\" \/>\n\t<meta name=\"twitter:label2\" content=\"Availability\" \/>\n\t<meta name=\"twitter:data2\" content=\"In stock\" \/>\n<script type=\"application\/ld+json\" class=\"yoast-schema-graph\">{\"@context\":\"https:\/\/schema.org\",\"@graph\":[{\"@type\":\"WebPage\",\"@id\":\"https:\/\/elportillodecoracion.es\/tienda\/perfumador-mikado-classic-collection\/\",\"url\":\"https:\/\/elportillodecoracion.es\/tienda\/perfumador-mikado-classic-collection\/\",\"name\":\"PERFUMADOR MIKADO CLASSIC COLLECTION - El Portillo Decoraci\u00f3n\",\"isPartOf\":{\"@id\":\"https:\/\/elportillodecoracion.es\/#website\"},\"primaryImageOfPage\":{\"@id\":\"https:\/\/elportillodecoracion.es\/tienda\/perfumador-mikado-classic-collection\/#primaryimage\"},\"image\":{\"@id\":\"https:\/\/elportillodecoracion.es\/tienda\/perfumador-mikado-classic-collection\/#primaryimage\"},\"thumbnailUrl\":\"https:\/\/elportillodecoracion.es\/wp-content\/uploads\/2025\/11\/mikado-blanco-luxury.jpg\",\"datePublished\":\"2025-11-05T19:26:34+00:00\",\"dateModified\":\"2025-11-05T19:30:09+00:00\",\"description\":\"Aromatiza tu casa con este delicado mikado de una fragancia exquisita. La botella es de un dise\u00f1o exclusivo, de cristal ba\u00f1ada en color dorado. Como elemento decorativo, realzar\u00e1 cualquier estancia de su hogar. Capacidad: 250 ml.\",\"breadcrumb\":{\"@id\":\"https:\/\/elportillodecoracion.es\/tienda\/perfumador-mikado-classic-collection\/#breadcrumb\"},\"inLanguage\":\"en-US\",\"potentialAction\":[{\"@type\":\"ReadAction\",\"target\":[\"https:\/\/elportillodecoracion.es\/tienda\/perfumador-mikado-classic-collection\/\"]}]},{\"@type\":\"ImageObject\",\"inLanguage\":\"en-US\",\"@id\":\"https:\/\/elportillodecoracion.es\/tienda\/perfumador-mikado-classic-collection\/#primaryimage\",\"url\":\"https:\/\/elportillodecoracion.es\/wp-content\/uploads\/2025\/11\/mikado-blanco-luxury.jpg\",\"contentUrl\":\"https:\/\/elportillodecoracion.es\/wp-content\/uploads\/2025\/11\/mikado-blanco-luxury.jpg\",\"width\":505,\"height\":703},{\"@type\":\"BreadcrumbList\",\"@id\":\"https:\/\/elportillodecoracion.es\/tienda\/perfumador-mikado-classic-collection\/#breadcrumb\",\"itemListElement\":[{\"@type\":\"ListItem\",\"position\":1,\"name\":\"Portada\",\"item\":\"https:\/\/elportillodecoracion.es\/\"},{\"@type\":\"ListItem\",\"position\":2,\"name\":\"Tienda\",\"item\":\"https:\/\/elportillodecoracion.es\/tienda\/\"},{\"@type\":\"ListItem\",\"position\":3,\"name\":\"PERFUMADOR MIKADO CLASSIC COLLECTION\"}]},{\"@type\":\"WebSite\",\"@id\":\"https:\/\/elportillodecoracion.es\/#website\",\"url\":\"https:\/\/elportillodecoracion.es\/\",\"name\":\"El Portillo Decoraci\u00f3n\",\"description\":\"Muebles y Decoraci\u00f3n\",\"publisher\":{\"@id\":\"https:\/\/elportillodecoracion.es\/#organization\"},\"potentialAction\":[{\"@type\":\"SearchAction\",\"target\":{\"@type\":\"EntryPoint\",\"urlTemplate\":\"https:\/\/elportillodecoracion.es\/?s={search_term_string}\"},\"query-input\":{\"@type\":\"PropertyValueSpecification\",\"valueRequired\":true,\"valueName\":\"search_term_string\"}}],\"inLanguage\":\"en-US\"},{\"@type\":\"Organization\",\"@id\":\"https:\/\/elportillodecoracion.es\/#organization\",\"name\":\"El Portillo Decoraci\u00f3n\",\"url\":\"https:\/\/elportillodecoracion.es\/\",\"logo\":{\"@type\":\"ImageObject\",\"inLanguage\":\"en-US\",\"@id\":\"https:\/\/elportillodecoracion.es\/#\/schema\/logo\/image\/\",\"url\":\"https:\/\/elportillodecoracion.es\/wp-content\/uploads\/2018\/11\/El-Portillo_logo-300.jpg\",\"contentUrl\":\"https:\/\/elportillodecoracion.es\/wp-content\/uploads\/2018\/11\/El-Portillo_logo-300.jpg\",\"width\":350,\"height\":91,\"caption\":\"El Portillo Decoraci\u00f3n\"},\"image\":{\"@id\":\"https:\/\/elportillodecoracion.es\/#\/schema\/logo\/image\/\"}}]}<\/script>\n<meta property=\"product:price:amount\" content=\"39.95\" \/>\n<meta property=\"product:price:currency\" content=\"EUR\" \/>\n<meta property=\"og:availability\" content=\"instock\" \/>\n<meta property=\"product:availability\" content=\"instock\" \/>\n<meta property=\"product:retailer_item_id\" content=\"55000260\" \/>\n<meta property=\"product:condition\" content=\"new\" \/>\n<!-- \/ Yoast SEO Premium plugin. -->","yoast_head_json":{"title":"PERFUMADOR MIKADO CLASSIC COLLECTION - El Portillo Decoraci\u00f3n","description":"Aromatiza tu casa con este delicado mikado de una fragancia exquisita.  La botella es de un dise\u00f1o exclusivo, de cristal ba\u00f1ada en color dorado.  Como elemento decorativo, realzar\u00e1 cualquier estancia de su hogar.  Capacidad: 250 ml.","robots":{"index":"index","follow":"follow","max-snippet":"max-snippet:-1","max-image-preview":"max-image-preview:large","max-video-preview":"max-video-preview:-1"},"canonical":"https:\/\/elportillodecoracion.es\/tienda\/perfumador-mikado-classic-collection\/","og_locale":"en_US","og_type":"article","og_title":"PERFUMADOR MIKADO CLASSIC COLLECTION","og_description":"Aromatiza tu casa con este delicado mikado de una fragancia exquisita.  La botella es de un dise\u00f1o exclusivo, de cristal ba\u00f1ada en color dorado.  Como elemento decorativo, realzar\u00e1 cualquier estancia de su hogar.  Capacidad: 250 ml.","og_url":"https:\/\/elportillodecoracion.es\/tienda\/perfumador-mikado-classic-collection\/","og_site_name":"El Portillo Decoraci\u00f3n","article_modified_time":"2025-11-05T19:30:09+00:00","og_image":[{"width":505,"height":703,"url":"https:\/\/elportillodecoracion.es\/wp-content\/uploads\/2025\/11\/mikado-blanco-luxury.jpg","type":"image\/jpeg"}],"twitter_card":"summary_large_image","twitter_misc":{"Price":"39,95&euro; IVA inc","Availability":"In stock"},"schema":{"@context":"https:\/\/schema.org","@graph":[{"@type":"WebPage","@id":"https:\/\/elportillodecoracion.es\/tienda\/perfumador-mikado-classic-collection\/","url":"https:\/\/elportillodecoracion.es\/tienda\/perfumador-mikado-classic-collection\/","name":"PERFUMADOR MIKADO CLASSIC COLLECTION - El Portillo Decoraci\u00f3n","isPartOf":{"@id":"https:\/\/elportillodecoracion.es\/#website"},"primaryImageOfPage":{"@id":"https:\/\/elportillodecoracion.es\/tienda\/perfumador-mikado-classic-collection\/#primaryimage"},"image":{"@id":"https:\/\/elportillodecoracion.es\/tienda\/perfumador-mikado-classic-collection\/#primaryimage"},"thumbnailUrl":"https:\/\/elportillodecoracion.es\/wp-content\/uploads\/2025\/11\/mikado-blanco-luxury.jpg","datePublished":"2025-11-05T19:26:34+00:00","dateModified":"2025-11-05T19:30:09+00:00","description":"Aromatiza tu casa con este delicado mikado de una fragancia exquisita. La botella es de un dise\u00f1o exclusivo, de cristal ba\u00f1ada en color dorado. Como elemento decorativo, realzar\u00e1 cualquier estancia de su hogar. Capacidad: 250 ml.","breadcrumb":{"@id":"https:\/\/elportillodecoracion.es\/tienda\/perfumador-mikado-classic-collection\/#breadcrumb"},"inLanguage":"en-US","potentialAction":[{"@type":"ReadAction","target":["https:\/\/elportillodecoracion.es\/tienda\/perfumador-mikado-classic-collection\/"]}]},{"@type":"ImageObject","inLanguage":"en-US","@id":"https:\/\/elportillodecoracion.es\/tienda\/perfumador-mikado-classic-collection\/#primaryimage","url":"https:\/\/elportillodecoracion.es\/wp-content\/uploads\/2025\/11\/mikado-blanco-luxury.jpg","contentUrl":"https:\/\/elportillodecoracion.es\/wp-content\/uploads\/2025\/11\/mikado-blanco-luxury.jpg","width":505,"height":703},{"@type":"BreadcrumbList","@id":"https:\/\/elportillodecoracion.es\/tienda\/perfumador-mikado-classic-collection\/#breadcrumb","itemListElement":[{"@type":"ListItem","position":1,"name":"Portada","item":"https:\/\/elportillodecoracion.es\/"},{"@type":"ListItem","position":2,"name":"Tienda","item":"https:\/\/elportillodecoracion.es\/tienda\/"},{"@type":"ListItem","position":3,"name":"PERFUMADOR MIKADO CLASSIC COLLECTION"}]},{"@type":"WebSite","@id":"https:\/\/elportillodecoracion.es\/#website","url":"https:\/\/elportillodecoracion.es\/","name":"El Portillo Decoraci\u00f3n","description":"Muebles y Decoraci\u00f3n","publisher":{"@id":"https:\/\/elportillodecoracion.es\/#organization"},"potentialAction":[{"@type":"SearchAction","target":{"@type":"EntryPoint","urlTemplate":"https:\/\/elportillodecoracion.es\/?s={search_term_string}"},"query-input":{"@type":"PropertyValueSpecification","valueRequired":true,"valueName":"search_term_string"}}],"inLanguage":"en-US"},{"@type":"Organization","@id":"https:\/\/elportillodecoracion.es\/#organization","name":"El Portillo Decoraci\u00f3n","url":"https:\/\/elportillodecoracion.es\/","logo":{"@type":"ImageObject","inLanguage":"en-US","@id":"https:\/\/elportillodecoracion.es\/#\/schema\/logo\/image\/","url":"https:\/\/elportillodecoracion.es\/wp-content\/uploads\/2018\/11\/El-Portillo_logo-300.jpg","contentUrl":"https:\/\/elportillodecoracion.es\/wp-content\/uploads\/2018\/11\/El-Portillo_logo-300.jpg","width":350,"height":91,"caption":"El Portillo Decoraci\u00f3n"},"image":{"@id":"https:\/\/elportillodecoracion.es\/#\/schema\/logo\/image\/"}}]},"product_price_amount":"39.95","product_price_currency":"EUR","og_availability":"instock","product_availability":"instock","product_retailer_item_id":"55000260","product_condition":"new"},"_links":{"self":[{"href":"https:\/\/elportillodecoracion.es\/en\/wp-json\/wp\/v2\/product\/29675","targetHints":{"allow":["GET"]}}],"collection":[{"href":"https:\/\/elportillodecoracion.es\/en\/wp-json\/wp\/v2\/product"}],"about":[{"href":"https:\/\/elportillodecoracion.es\/en\/wp-json\/wp\/v2\/types\/product"}],"replies":[{"embeddable":true,"href":"https:\/\/elportillodecoracion.es\/en\/wp-json\/wp\/v2\/comments?post=29675"}],"wp:featuredmedia":[{"embeddable":true,"href":"https:\/\/elportillodecoracion.es\/en\/wp-json\/wp\/v2\/media\/29676"}],"wp:attachment":[{"href":"https:\/\/elportillodecoracion.es\/en\/wp-json\/wp\/v2\/media?parent=29675"}],"wp:term":[{"taxonomy":"product_cat","embeddable":true,"href":"https:\/\/elportillodecoracion.es\/en\/wp-json\/wp\/v2\/product_cat?post=29675"},{"taxonomy":"product_tag","embeddable":true,"href":"https:\/\/elportillodecoracion.es\/en\/wp-json\/wp\/v2\/product_tag?post=29675"}],"curies":[{"name":"wp","href":"https:\/\/api.w.org\/{rel}","templated":true}]}}