{"id":29425,"date":"2025-10-28T19:27:50","date_gmt":"2025-10-28T18:27:50","guid":{"rendered":"https:\/\/elportillodecoracion.es\/?post_type=product&#038;p=29425"},"modified":"2025-10-28T19:27:51","modified_gmt":"2025-10-28T18:27:51","slug":"lazo-rojo-navidad-terciopelo","status":"publish","type":"product","link":"https:\/\/elportillodecoracion.es\/en\/tienda\/lazo-rojo-navidad-terciopelo\/","title":{"rendered":"LAZO ROJO NAVIDAD TERCIOPELO"},"content":{"rendered":"","protected":false},"excerpt":{"rendered":"<p>Sin duda el art\u00edculo m\u00e1s popular de la Navidad.<\/p>\n<p>Este lazo rojo es el complemento ideal para su \u00e1rbol de Navidad o su chimenea.<\/p>\n<p>Medidas: 43&#215;40 cm.<\/p>\n<p>Material: terciopelo.<\/p>\n","protected":false},"featured_media":29428,"comment_status":"open","ping_status":"closed","template":"","meta":{"_joinchat":[]},"product_cat":[681],"product_tag":[],"class_list":{"0":"post-29425","1":"product","2":"type-product","3":"status-publish","4":"has-post-thumbnail","6":"product_cat-christmas-decoration","8":"first","9":"instock","10":"taxable","11":"shipping-taxable","12":"purchasable","13":"product-type-simple"},"yoast_head":"<!-- This site is optimized with the Yoast SEO Premium plugin v23.0 (Yoast SEO v25.6) - https:\/\/yoast.com\/wordpress\/plugins\/seo\/ -->\n<title>LAZO ROJO NAVIDAD TERCIOPELO - El Portillo Decoraci\u00f3n<\/title>\n<meta name=\"description\" content=\"Sin duda el art\u00edculo m\u00e1s popular de la Navidad.  Este lazo rojo es el complemento ideal para su \u00e1rbol de Navidad o su chimenea.  Medidas: 43x40 cm.  Material: terciopelo.\" \/>\n<meta name=\"robots\" content=\"index, follow, max-snippet:-1, max-image-preview:large, max-video-preview:-1\" \/>\n<link rel=\"canonical\" href=\"https:\/\/elportillodecoracion.es\/tienda\/lazo-rojo-navidad-terciopelo\/\" \/>\n<meta property=\"og:locale\" content=\"en_US\" \/>\n<meta property=\"og:type\" content=\"article\" \/>\n<meta property=\"og:title\" content=\"LAZO ROJO NAVIDAD TERCIOPELO\" \/>\n<meta property=\"og:description\" content=\"Sin duda el art\u00edculo m\u00e1s popular de la Navidad.  Este lazo rojo es el complemento ideal para su \u00e1rbol de Navidad o su chimenea.  Medidas: 43x40 cm.  Material: terciopelo.\" \/>\n<meta property=\"og:url\" content=\"https:\/\/elportillodecoracion.es\/tienda\/lazo-rojo-navidad-terciopelo\/\" \/>\n<meta property=\"og:site_name\" content=\"El Portillo Decoraci\u00f3n\" \/>\n<meta property=\"article:modified_time\" content=\"2025-10-28T18:27:51+00:00\" \/>\n<meta property=\"og:image\" content=\"https:\/\/elportillodecoracion.es\/wp-content\/uploads\/2025\/10\/lazo-rojo-3-edg.jpg\" \/>\n\t<meta property=\"og:image:width\" content=\"900\" \/>\n\t<meta property=\"og:image:height\" content=\"816\" \/>\n\t<meta property=\"og:image:type\" content=\"image\/jpeg\" \/>\n<meta name=\"twitter:card\" content=\"summary_large_image\" \/>\n<meta name=\"twitter:label1\" content=\"Price\" \/>\n\t<meta name=\"twitter:data1\" content=\"29,90&euro; IVA inc\" \/>\n\t<meta name=\"twitter:label2\" content=\"Availability\" \/>\n\t<meta name=\"twitter:data2\" content=\"In stock\" \/>\n<script type=\"application\/ld+json\" class=\"yoast-schema-graph\">{\"@context\":\"https:\/\/schema.org\",\"@graph\":[{\"@type\":\"WebPage\",\"@id\":\"https:\/\/elportillodecoracion.es\/tienda\/lazo-rojo-navidad-terciopelo\/\",\"url\":\"https:\/\/elportillodecoracion.es\/tienda\/lazo-rojo-navidad-terciopelo\/\",\"name\":\"LAZO ROJO NAVIDAD TERCIOPELO - El Portillo Decoraci\u00f3n\",\"isPartOf\":{\"@id\":\"https:\/\/elportillodecoracion.es\/#website\"},\"primaryImageOfPage\":{\"@id\":\"https:\/\/elportillodecoracion.es\/tienda\/lazo-rojo-navidad-terciopelo\/#primaryimage\"},\"image\":{\"@id\":\"https:\/\/elportillodecoracion.es\/tienda\/lazo-rojo-navidad-terciopelo\/#primaryimage\"},\"thumbnailUrl\":\"https:\/\/elportillodecoracion.es\/wp-content\/uploads\/2025\/10\/lazo-rojo-3-edg.jpg\",\"datePublished\":\"2025-10-28T18:27:50+00:00\",\"dateModified\":\"2025-10-28T18:27:51+00:00\",\"description\":\"Sin duda el art\u00edculo m\u00e1s popular de la Navidad. Este lazo rojo es el complemento ideal para su \u00e1rbol de Navidad o su chimenea. Medidas: 43x40 cm. Material: terciopelo.\",\"breadcrumb\":{\"@id\":\"https:\/\/elportillodecoracion.es\/tienda\/lazo-rojo-navidad-terciopelo\/#breadcrumb\"},\"inLanguage\":\"en-US\",\"potentialAction\":[{\"@type\":\"ReadAction\",\"target\":[\"https:\/\/elportillodecoracion.es\/tienda\/lazo-rojo-navidad-terciopelo\/\"]}]},{\"@type\":\"ImageObject\",\"inLanguage\":\"en-US\",\"@id\":\"https:\/\/elportillodecoracion.es\/tienda\/lazo-rojo-navidad-terciopelo\/#primaryimage\",\"url\":\"https:\/\/elportillodecoracion.es\/wp-content\/uploads\/2025\/10\/lazo-rojo-3-edg.jpg\",\"contentUrl\":\"https:\/\/elportillodecoracion.es\/wp-content\/uploads\/2025\/10\/lazo-rojo-3-edg.jpg\",\"width\":900,\"height\":816},{\"@type\":\"BreadcrumbList\",\"@id\":\"https:\/\/elportillodecoracion.es\/tienda\/lazo-rojo-navidad-terciopelo\/#breadcrumb\",\"itemListElement\":[{\"@type\":\"ListItem\",\"position\":1,\"name\":\"Portada\",\"item\":\"https:\/\/elportillodecoracion.es\/\"},{\"@type\":\"ListItem\",\"position\":2,\"name\":\"Tienda\",\"item\":\"https:\/\/elportillodecoracion.es\/tienda\/\"},{\"@type\":\"ListItem\",\"position\":3,\"name\":\"LAZO ROJO NAVIDAD TERCIOPELO\"}]},{\"@type\":\"WebSite\",\"@id\":\"https:\/\/elportillodecoracion.es\/#website\",\"url\":\"https:\/\/elportillodecoracion.es\/\",\"name\":\"El Portillo Decoraci\u00f3n\",\"description\":\"Muebles y Decoraci\u00f3n\",\"publisher\":{\"@id\":\"https:\/\/elportillodecoracion.es\/#organization\"},\"potentialAction\":[{\"@type\":\"SearchAction\",\"target\":{\"@type\":\"EntryPoint\",\"urlTemplate\":\"https:\/\/elportillodecoracion.es\/?s={search_term_string}\"},\"query-input\":{\"@type\":\"PropertyValueSpecification\",\"valueRequired\":true,\"valueName\":\"search_term_string\"}}],\"inLanguage\":\"en-US\"},{\"@type\":\"Organization\",\"@id\":\"https:\/\/elportillodecoracion.es\/#organization\",\"name\":\"El Portillo Decoraci\u00f3n\",\"url\":\"https:\/\/elportillodecoracion.es\/\",\"logo\":{\"@type\":\"ImageObject\",\"inLanguage\":\"en-US\",\"@id\":\"https:\/\/elportillodecoracion.es\/#\/schema\/logo\/image\/\",\"url\":\"https:\/\/elportillodecoracion.es\/wp-content\/uploads\/2018\/11\/El-Portillo_logo-300.jpg\",\"contentUrl\":\"https:\/\/elportillodecoracion.es\/wp-content\/uploads\/2018\/11\/El-Portillo_logo-300.jpg\",\"width\":350,\"height\":91,\"caption\":\"El Portillo Decoraci\u00f3n\"},\"image\":{\"@id\":\"https:\/\/elportillodecoracion.es\/#\/schema\/logo\/image\/\"}}]}<\/script>\n<meta property=\"product:price:amount\" content=\"29.90\" \/>\n<meta property=\"product:price:currency\" content=\"EUR\" \/>\n<meta property=\"og:availability\" content=\"instock\" \/>\n<meta property=\"product:availability\" content=\"instock\" \/>\n<meta property=\"product:retailer_item_id\" content=\"3300113\" \/>\n<meta property=\"product:condition\" content=\"new\" \/>\n<!-- \/ Yoast SEO Premium plugin. -->","yoast_head_json":{"title":"LAZO ROJO NAVIDAD TERCIOPELO - El Portillo Decoraci\u00f3n","description":"Sin duda el art\u00edculo m\u00e1s popular de la Navidad.  Este lazo rojo es el complemento ideal para su \u00e1rbol de Navidad o su chimenea.  Medidas: 43x40 cm.  Material: terciopelo.","robots":{"index":"index","follow":"follow","max-snippet":"max-snippet:-1","max-image-preview":"max-image-preview:large","max-video-preview":"max-video-preview:-1"},"canonical":"https:\/\/elportillodecoracion.es\/tienda\/lazo-rojo-navidad-terciopelo\/","og_locale":"en_US","og_type":"article","og_title":"LAZO ROJO NAVIDAD TERCIOPELO","og_description":"Sin duda el art\u00edculo m\u00e1s popular de la Navidad.  Este lazo rojo es el complemento ideal para su \u00e1rbol de Navidad o su chimenea.  Medidas: 43x40 cm.  Material: terciopelo.","og_url":"https:\/\/elportillodecoracion.es\/tienda\/lazo-rojo-navidad-terciopelo\/","og_site_name":"El Portillo Decoraci\u00f3n","article_modified_time":"2025-10-28T18:27:51+00:00","og_image":[{"width":900,"height":816,"url":"https:\/\/elportillodecoracion.es\/wp-content\/uploads\/2025\/10\/lazo-rojo-3-edg.jpg","type":"image\/jpeg"}],"twitter_card":"summary_large_image","twitter_misc":{"Price":"29,90&euro; IVA inc","Availability":"In stock"},"schema":{"@context":"https:\/\/schema.org","@graph":[{"@type":"WebPage","@id":"https:\/\/elportillodecoracion.es\/tienda\/lazo-rojo-navidad-terciopelo\/","url":"https:\/\/elportillodecoracion.es\/tienda\/lazo-rojo-navidad-terciopelo\/","name":"LAZO ROJO NAVIDAD TERCIOPELO - El Portillo Decoraci\u00f3n","isPartOf":{"@id":"https:\/\/elportillodecoracion.es\/#website"},"primaryImageOfPage":{"@id":"https:\/\/elportillodecoracion.es\/tienda\/lazo-rojo-navidad-terciopelo\/#primaryimage"},"image":{"@id":"https:\/\/elportillodecoracion.es\/tienda\/lazo-rojo-navidad-terciopelo\/#primaryimage"},"thumbnailUrl":"https:\/\/elportillodecoracion.es\/wp-content\/uploads\/2025\/10\/lazo-rojo-3-edg.jpg","datePublished":"2025-10-28T18:27:50+00:00","dateModified":"2025-10-28T18:27:51+00:00","description":"Sin duda el art\u00edculo m\u00e1s popular de la Navidad. Este lazo rojo es el complemento ideal para su \u00e1rbol de Navidad o su chimenea. Medidas: 43x40 cm. Material: terciopelo.","breadcrumb":{"@id":"https:\/\/elportillodecoracion.es\/tienda\/lazo-rojo-navidad-terciopelo\/#breadcrumb"},"inLanguage":"en-US","potentialAction":[{"@type":"ReadAction","target":["https:\/\/elportillodecoracion.es\/tienda\/lazo-rojo-navidad-terciopelo\/"]}]},{"@type":"ImageObject","inLanguage":"en-US","@id":"https:\/\/elportillodecoracion.es\/tienda\/lazo-rojo-navidad-terciopelo\/#primaryimage","url":"https:\/\/elportillodecoracion.es\/wp-content\/uploads\/2025\/10\/lazo-rojo-3-edg.jpg","contentUrl":"https:\/\/elportillodecoracion.es\/wp-content\/uploads\/2025\/10\/lazo-rojo-3-edg.jpg","width":900,"height":816},{"@type":"BreadcrumbList","@id":"https:\/\/elportillodecoracion.es\/tienda\/lazo-rojo-navidad-terciopelo\/#breadcrumb","itemListElement":[{"@type":"ListItem","position":1,"name":"Portada","item":"https:\/\/elportillodecoracion.es\/"},{"@type":"ListItem","position":2,"name":"Tienda","item":"https:\/\/elportillodecoracion.es\/tienda\/"},{"@type":"ListItem","position":3,"name":"LAZO ROJO NAVIDAD TERCIOPELO"}]},{"@type":"WebSite","@id":"https:\/\/elportillodecoracion.es\/#website","url":"https:\/\/elportillodecoracion.es\/","name":"El Portillo Decoraci\u00f3n","description":"Muebles y Decoraci\u00f3n","publisher":{"@id":"https:\/\/elportillodecoracion.es\/#organization"},"potentialAction":[{"@type":"SearchAction","target":{"@type":"EntryPoint","urlTemplate":"https:\/\/elportillodecoracion.es\/?s={search_term_string}"},"query-input":{"@type":"PropertyValueSpecification","valueRequired":true,"valueName":"search_term_string"}}],"inLanguage":"en-US"},{"@type":"Organization","@id":"https:\/\/elportillodecoracion.es\/#organization","name":"El Portillo Decoraci\u00f3n","url":"https:\/\/elportillodecoracion.es\/","logo":{"@type":"ImageObject","inLanguage":"en-US","@id":"https:\/\/elportillodecoracion.es\/#\/schema\/logo\/image\/","url":"https:\/\/elportillodecoracion.es\/wp-content\/uploads\/2018\/11\/El-Portillo_logo-300.jpg","contentUrl":"https:\/\/elportillodecoracion.es\/wp-content\/uploads\/2018\/11\/El-Portillo_logo-300.jpg","width":350,"height":91,"caption":"El Portillo Decoraci\u00f3n"},"image":{"@id":"https:\/\/elportillodecoracion.es\/#\/schema\/logo\/image\/"}}]},"product_price_amount":"29.90","product_price_currency":"EUR","og_availability":"instock","product_availability":"instock","product_retailer_item_id":"3300113","product_condition":"new"},"_links":{"self":[{"href":"https:\/\/elportillodecoracion.es\/en\/wp-json\/wp\/v2\/product\/29425","targetHints":{"allow":["GET"]}}],"collection":[{"href":"https:\/\/elportillodecoracion.es\/en\/wp-json\/wp\/v2\/product"}],"about":[{"href":"https:\/\/elportillodecoracion.es\/en\/wp-json\/wp\/v2\/types\/product"}],"replies":[{"embeddable":true,"href":"https:\/\/elportillodecoracion.es\/en\/wp-json\/wp\/v2\/comments?post=29425"}],"wp:featuredmedia":[{"embeddable":true,"href":"https:\/\/elportillodecoracion.es\/en\/wp-json\/wp\/v2\/media\/29428"}],"wp:attachment":[{"href":"https:\/\/elportillodecoracion.es\/en\/wp-json\/wp\/v2\/media?parent=29425"}],"wp:term":[{"taxonomy":"product_cat","embeddable":true,"href":"https:\/\/elportillodecoracion.es\/en\/wp-json\/wp\/v2\/product_cat?post=29425"},{"taxonomy":"product_tag","embeddable":true,"href":"https:\/\/elportillodecoracion.es\/en\/wp-json\/wp\/v2\/product_tag?post=29425"}],"curies":[{"name":"wp","href":"https:\/\/api.w.org\/{rel}","templated":true}]}}