{"id":27054,"date":"2025-07-11T19:43:42","date_gmt":"2025-07-11T17:43:42","guid":{"rendered":"https:\/\/elportillodecoracion.es\/?post_type=product&#038;p=27054"},"modified":"2025-07-11T19:43:44","modified_gmt":"2025-07-11T17:43:44","slug":"lampara-de-techo-bambu-natural","status":"publish","type":"product","link":"https:\/\/elportillodecoracion.es\/en\/tienda\/lampara-de-techo-bambu-natural\/","title":{"rendered":"L\u00c1MPARA DE TECHO BAMB\u00da NATURAL"},"content":{"rendered":"","protected":false},"excerpt":{"rendered":"<p>Aporta un toque c\u00e1lido y acogedor con nuestra lampara de bamb\u00fa natural.<\/p>\n<p>Este dise\u00f1o tan original, combina sea cual sea el estilo decorativo de tu casa.<\/p>\n<p>Fabricado de manera artesanal, cada pieza es \u00fanica.<\/p>\n<p>Medidas: 60&#215;40 cm<\/p>\n","protected":false},"featured_media":27051,"comment_status":"open","ping_status":"closed","template":"","meta":{"_joinchat":[]},"product_cat":[718,721,734],"product_tag":[],"class_list":{"0":"post-27054","1":"product","2":"type-product","3":"status-publish","4":"has-post-thumbnail","6":"product_cat-lighting","7":"product_cat-ceiling-lamps-en","8":"product_cat-natural","10":"first","11":"instock","12":"taxable","13":"shipping-taxable","14":"purchasable","15":"product-type-simple"},"yoast_head":"<!-- This site is optimized with the Yoast SEO Premium plugin v23.0 (Yoast SEO v25.6) - https:\/\/yoast.com\/wordpress\/plugins\/seo\/ -->\n<title>L\u00c1MPARA DE TECHO BAMB\u00da NATURAL - El Portillo Decoraci\u00f3n<\/title>\n<meta name=\"description\" content=\"Aporta un toque c\u00e1lido y acogedor con nuestra lampara de bamb\u00fa natural.  Este dise\u00f1o tan original, combina sea cual sea el estilo decorativo de tu casa.  Fabricado de manera artesanal, cada pieza es \u00fanica.  Medidas: 60x40 cm\" \/>\n<meta name=\"robots\" content=\"index, follow, max-snippet:-1, max-image-preview:large, max-video-preview:-1\" \/>\n<link rel=\"canonical\" href=\"https:\/\/elportillodecoracion.es\/tienda\/lampara-de-techo-bambu-natural\/\" \/>\n<meta property=\"og:locale\" content=\"en_US\" \/>\n<meta property=\"og:type\" content=\"article\" \/>\n<meta property=\"og:title\" content=\"L\u00c1MPARA DE TECHO BAMB\u00da NATURAL\" \/>\n<meta property=\"og:description\" content=\"Aporta un toque c\u00e1lido y acogedor con nuestra lampara de bamb\u00fa natural.  Este dise\u00f1o tan original, combina sea cual sea el estilo decorativo de tu casa.  Fabricado de manera artesanal, cada pieza es \u00fanica.  Medidas: 60x40 cm\" \/>\n<meta property=\"og:url\" content=\"https:\/\/elportillodecoracion.es\/tienda\/lampara-de-techo-bambu-natural\/\" \/>\n<meta property=\"og:site_name\" content=\"El Portillo Decoraci\u00f3n\" \/>\n<meta property=\"article:modified_time\" content=\"2025-07-11T17:43:44+00:00\" \/>\n<meta property=\"og:image\" content=\"https:\/\/elportillodecoracion.es\/wp-content\/uploads\/2025\/07\/lampara-bambu-grande.jpg\" \/>\n\t<meta property=\"og:image:width\" content=\"1041\" \/>\n\t<meta property=\"og:image:height\" content=\"982\" \/>\n\t<meta property=\"og:image:type\" content=\"image\/jpeg\" \/>\n<meta name=\"twitter:card\" content=\"summary_large_image\" \/>\n<meta name=\"twitter:label1\" content=\"Price\" \/>\n\t<meta name=\"twitter:data1\" content=\"278,00&euro; IVA inc\" \/>\n\t<meta name=\"twitter:label2\" content=\"Availability\" \/>\n\t<meta name=\"twitter:data2\" content=\"In stock\" \/>\n<script type=\"application\/ld+json\" class=\"yoast-schema-graph\">{\"@context\":\"https:\/\/schema.org\",\"@graph\":[{\"@type\":\"WebPage\",\"@id\":\"https:\/\/elportillodecoracion.es\/tienda\/lampara-de-techo-bambu-natural\/\",\"url\":\"https:\/\/elportillodecoracion.es\/tienda\/lampara-de-techo-bambu-natural\/\",\"name\":\"L\u00c1MPARA DE TECHO BAMB\u00da NATURAL - El Portillo Decoraci\u00f3n\",\"isPartOf\":{\"@id\":\"https:\/\/elportillodecoracion.es\/#website\"},\"primaryImageOfPage\":{\"@id\":\"https:\/\/elportillodecoracion.es\/tienda\/lampara-de-techo-bambu-natural\/#primaryimage\"},\"image\":{\"@id\":\"https:\/\/elportillodecoracion.es\/tienda\/lampara-de-techo-bambu-natural\/#primaryimage\"},\"thumbnailUrl\":\"https:\/\/elportillodecoracion.es\/wp-content\/uploads\/2025\/07\/lampara-bambu-grande.jpg\",\"datePublished\":\"2025-07-11T17:43:42+00:00\",\"dateModified\":\"2025-07-11T17:43:44+00:00\",\"description\":\"Aporta un toque c\u00e1lido y acogedor con nuestra lampara de bamb\u00fa natural. Este dise\u00f1o tan original, combina sea cual sea el estilo decorativo de tu casa. Fabricado de manera artesanal, cada pieza es \u00fanica. Medidas: 60x40 cm\",\"breadcrumb\":{\"@id\":\"https:\/\/elportillodecoracion.es\/tienda\/lampara-de-techo-bambu-natural\/#breadcrumb\"},\"inLanguage\":\"en-US\",\"potentialAction\":[{\"@type\":\"ReadAction\",\"target\":[\"https:\/\/elportillodecoracion.es\/tienda\/lampara-de-techo-bambu-natural\/\"]}]},{\"@type\":\"ImageObject\",\"inLanguage\":\"en-US\",\"@id\":\"https:\/\/elportillodecoracion.es\/tienda\/lampara-de-techo-bambu-natural\/#primaryimage\",\"url\":\"https:\/\/elportillodecoracion.es\/wp-content\/uploads\/2025\/07\/lampara-bambu-grande.jpg\",\"contentUrl\":\"https:\/\/elportillodecoracion.es\/wp-content\/uploads\/2025\/07\/lampara-bambu-grande.jpg\",\"width\":1041,\"height\":982},{\"@type\":\"BreadcrumbList\",\"@id\":\"https:\/\/elportillodecoracion.es\/tienda\/lampara-de-techo-bambu-natural\/#breadcrumb\",\"itemListElement\":[{\"@type\":\"ListItem\",\"position\":1,\"name\":\"Portada\",\"item\":\"https:\/\/elportillodecoracion.es\/\"},{\"@type\":\"ListItem\",\"position\":2,\"name\":\"Tienda\",\"item\":\"https:\/\/elportillodecoracion.es\/tienda\/\"},{\"@type\":\"ListItem\",\"position\":3,\"name\":\"L\u00c1MPARA DE TECHO BAMB\u00da NATURAL\"}]},{\"@type\":\"WebSite\",\"@id\":\"https:\/\/elportillodecoracion.es\/#website\",\"url\":\"https:\/\/elportillodecoracion.es\/\",\"name\":\"El Portillo Decoraci\u00f3n\",\"description\":\"Muebles y Decoraci\u00f3n\",\"publisher\":{\"@id\":\"https:\/\/elportillodecoracion.es\/#organization\"},\"potentialAction\":[{\"@type\":\"SearchAction\",\"target\":{\"@type\":\"EntryPoint\",\"urlTemplate\":\"https:\/\/elportillodecoracion.es\/?s={search_term_string}\"},\"query-input\":{\"@type\":\"PropertyValueSpecification\",\"valueRequired\":true,\"valueName\":\"search_term_string\"}}],\"inLanguage\":\"en-US\"},{\"@type\":\"Organization\",\"@id\":\"https:\/\/elportillodecoracion.es\/#organization\",\"name\":\"El Portillo Decoraci\u00f3n\",\"url\":\"https:\/\/elportillodecoracion.es\/\",\"logo\":{\"@type\":\"ImageObject\",\"inLanguage\":\"en-US\",\"@id\":\"https:\/\/elportillodecoracion.es\/#\/schema\/logo\/image\/\",\"url\":\"https:\/\/elportillodecoracion.es\/wp-content\/uploads\/2018\/11\/El-Portillo_logo-300.jpg\",\"contentUrl\":\"https:\/\/elportillodecoracion.es\/wp-content\/uploads\/2018\/11\/El-Portillo_logo-300.jpg\",\"width\":350,\"height\":91,\"caption\":\"El Portillo Decoraci\u00f3n\"},\"image\":{\"@id\":\"https:\/\/elportillodecoracion.es\/#\/schema\/logo\/image\/\"}}]}<\/script>\n<meta property=\"product:price:amount\" content=\"278.00\" \/>\n<meta property=\"product:price:currency\" content=\"EUR\" \/>\n<meta property=\"og:availability\" content=\"instock\" \/>\n<meta property=\"product:availability\" content=\"instock\" \/>\n<meta property=\"product:retailer_item_id\" content=\"710-004\" \/>\n<meta property=\"product:condition\" content=\"new\" \/>\n<!-- \/ Yoast SEO Premium plugin. -->","yoast_head_json":{"title":"L\u00c1MPARA DE TECHO BAMB\u00da NATURAL - El Portillo Decoraci\u00f3n","description":"Aporta un toque c\u00e1lido y acogedor con nuestra lampara de bamb\u00fa natural.  Este dise\u00f1o tan original, combina sea cual sea el estilo decorativo de tu casa.  Fabricado de manera artesanal, cada pieza es \u00fanica.  Medidas: 60x40 cm","robots":{"index":"index","follow":"follow","max-snippet":"max-snippet:-1","max-image-preview":"max-image-preview:large","max-video-preview":"max-video-preview:-1"},"canonical":"https:\/\/elportillodecoracion.es\/tienda\/lampara-de-techo-bambu-natural\/","og_locale":"en_US","og_type":"article","og_title":"L\u00c1MPARA DE TECHO BAMB\u00da NATURAL","og_description":"Aporta un toque c\u00e1lido y acogedor con nuestra lampara de bamb\u00fa natural.  Este dise\u00f1o tan original, combina sea cual sea el estilo decorativo de tu casa.  Fabricado de manera artesanal, cada pieza es \u00fanica.  Medidas: 60x40 cm","og_url":"https:\/\/elportillodecoracion.es\/tienda\/lampara-de-techo-bambu-natural\/","og_site_name":"El Portillo Decoraci\u00f3n","article_modified_time":"2025-07-11T17:43:44+00:00","og_image":[{"width":1041,"height":982,"url":"https:\/\/elportillodecoracion.es\/wp-content\/uploads\/2025\/07\/lampara-bambu-grande.jpg","type":"image\/jpeg"}],"twitter_card":"summary_large_image","twitter_misc":{"Price":"278,00&euro; IVA inc","Availability":"In stock"},"schema":{"@context":"https:\/\/schema.org","@graph":[{"@type":"WebPage","@id":"https:\/\/elportillodecoracion.es\/tienda\/lampara-de-techo-bambu-natural\/","url":"https:\/\/elportillodecoracion.es\/tienda\/lampara-de-techo-bambu-natural\/","name":"L\u00c1MPARA DE TECHO BAMB\u00da NATURAL - El Portillo Decoraci\u00f3n","isPartOf":{"@id":"https:\/\/elportillodecoracion.es\/#website"},"primaryImageOfPage":{"@id":"https:\/\/elportillodecoracion.es\/tienda\/lampara-de-techo-bambu-natural\/#primaryimage"},"image":{"@id":"https:\/\/elportillodecoracion.es\/tienda\/lampara-de-techo-bambu-natural\/#primaryimage"},"thumbnailUrl":"https:\/\/elportillodecoracion.es\/wp-content\/uploads\/2025\/07\/lampara-bambu-grande.jpg","datePublished":"2025-07-11T17:43:42+00:00","dateModified":"2025-07-11T17:43:44+00:00","description":"Aporta un toque c\u00e1lido y acogedor con nuestra lampara de bamb\u00fa natural. Este dise\u00f1o tan original, combina sea cual sea el estilo decorativo de tu casa. Fabricado de manera artesanal, cada pieza es \u00fanica. Medidas: 60x40 cm","breadcrumb":{"@id":"https:\/\/elportillodecoracion.es\/tienda\/lampara-de-techo-bambu-natural\/#breadcrumb"},"inLanguage":"en-US","potentialAction":[{"@type":"ReadAction","target":["https:\/\/elportillodecoracion.es\/tienda\/lampara-de-techo-bambu-natural\/"]}]},{"@type":"ImageObject","inLanguage":"en-US","@id":"https:\/\/elportillodecoracion.es\/tienda\/lampara-de-techo-bambu-natural\/#primaryimage","url":"https:\/\/elportillodecoracion.es\/wp-content\/uploads\/2025\/07\/lampara-bambu-grande.jpg","contentUrl":"https:\/\/elportillodecoracion.es\/wp-content\/uploads\/2025\/07\/lampara-bambu-grande.jpg","width":1041,"height":982},{"@type":"BreadcrumbList","@id":"https:\/\/elportillodecoracion.es\/tienda\/lampara-de-techo-bambu-natural\/#breadcrumb","itemListElement":[{"@type":"ListItem","position":1,"name":"Portada","item":"https:\/\/elportillodecoracion.es\/"},{"@type":"ListItem","position":2,"name":"Tienda","item":"https:\/\/elportillodecoracion.es\/tienda\/"},{"@type":"ListItem","position":3,"name":"L\u00c1MPARA DE TECHO BAMB\u00da NATURAL"}]},{"@type":"WebSite","@id":"https:\/\/elportillodecoracion.es\/#website","url":"https:\/\/elportillodecoracion.es\/","name":"El Portillo Decoraci\u00f3n","description":"Muebles y Decoraci\u00f3n","publisher":{"@id":"https:\/\/elportillodecoracion.es\/#organization"},"potentialAction":[{"@type":"SearchAction","target":{"@type":"EntryPoint","urlTemplate":"https:\/\/elportillodecoracion.es\/?s={search_term_string}"},"query-input":{"@type":"PropertyValueSpecification","valueRequired":true,"valueName":"search_term_string"}}],"inLanguage":"en-US"},{"@type":"Organization","@id":"https:\/\/elportillodecoracion.es\/#organization","name":"El Portillo Decoraci\u00f3n","url":"https:\/\/elportillodecoracion.es\/","logo":{"@type":"ImageObject","inLanguage":"en-US","@id":"https:\/\/elportillodecoracion.es\/#\/schema\/logo\/image\/","url":"https:\/\/elportillodecoracion.es\/wp-content\/uploads\/2018\/11\/El-Portillo_logo-300.jpg","contentUrl":"https:\/\/elportillodecoracion.es\/wp-content\/uploads\/2018\/11\/El-Portillo_logo-300.jpg","width":350,"height":91,"caption":"El Portillo Decoraci\u00f3n"},"image":{"@id":"https:\/\/elportillodecoracion.es\/#\/schema\/logo\/image\/"}}]},"product_price_amount":"278.00","product_price_currency":"EUR","og_availability":"instock","product_availability":"instock","product_retailer_item_id":"710-004","product_condition":"new"},"_links":{"self":[{"href":"https:\/\/elportillodecoracion.es\/en\/wp-json\/wp\/v2\/product\/27054","targetHints":{"allow":["GET"]}}],"collection":[{"href":"https:\/\/elportillodecoracion.es\/en\/wp-json\/wp\/v2\/product"}],"about":[{"href":"https:\/\/elportillodecoracion.es\/en\/wp-json\/wp\/v2\/types\/product"}],"replies":[{"embeddable":true,"href":"https:\/\/elportillodecoracion.es\/en\/wp-json\/wp\/v2\/comments?post=27054"}],"wp:featuredmedia":[{"embeddable":true,"href":"https:\/\/elportillodecoracion.es\/en\/wp-json\/wp\/v2\/media\/27051"}],"wp:attachment":[{"href":"https:\/\/elportillodecoracion.es\/en\/wp-json\/wp\/v2\/media?parent=27054"}],"wp:term":[{"taxonomy":"product_cat","embeddable":true,"href":"https:\/\/elportillodecoracion.es\/en\/wp-json\/wp\/v2\/product_cat?post=27054"},{"taxonomy":"product_tag","embeddable":true,"href":"https:\/\/elportillodecoracion.es\/en\/wp-json\/wp\/v2\/product_tag?post=27054"}],"curies":[{"name":"wp","href":"https:\/\/api.w.org\/{rel}","templated":true}]}}