{"id":25036,"date":"2025-05-08T18:44:37","date_gmt":"2025-05-08T16:44:37","guid":{"rendered":"https:\/\/elportillodecoracion.es\/?post_type=product&#038;p=25036"},"modified":"2025-05-08T19:02:11","modified_gmt":"2025-05-08T17:02:11","slug":"lampara-de-mesa-con-trenzado-de-cuerda","status":"publish","type":"product","link":"https:\/\/elportillodecoracion.es\/en\/tienda\/lampara-de-mesa-con-trenzado-de-cuerda\/","title":{"rendered":"LAMPARA DE MESA CON TRENZADO DE CUERDA"},"content":{"rendered":"","protected":false},"excerpt":{"rendered":"<p>Original l\u00e1mpara de mesa, con base metalica en color negro y pantalla de trenzado de cuerda color verde.<\/p>\n<p>Si quieres un toque de elegancia en cualquier rinc\u00f3n de tu casa, esta es tu l\u00e1mpara.<\/p>\n<p>Iluminaci\u00f3n perfecta para disfrutar en una estancia leyendo un libro, o simplemente tener un tiempo de desconexi\u00f3n.<\/p>\n<p>Altura: 50 cent\u00edmetros.<\/p>\n<p>Ancho: 20 cent\u00edmetros.<\/p>\n","protected":false},"featured_media":25009,"comment_status":"open","ping_status":"closed","template":"","meta":{"_joinchat":[]},"product_cat":[718,719,734],"product_tag":[],"class_list":{"0":"post-25036","1":"product","2":"type-product","3":"status-publish","4":"has-post-thumbnail","6":"product_cat-lighting","7":"product_cat-table-lamps","8":"product_cat-natural","10":"first","11":"instock","12":"taxable","13":"shipping-taxable","14":"purchasable","15":"product-type-simple"},"yoast_head":"<!-- This site is optimized with the Yoast SEO Premium plugin v23.0 (Yoast SEO v25.6) - https:\/\/yoast.com\/wordpress\/plugins\/seo\/ -->\n<title>LAMPARA DE MESA CON TRENZADO DE CUERDA - El Portillo Decoraci\u00f3n<\/title>\n<meta name=\"description\" content=\"Original l\u00e1mpara de mesa, con base metalica en color negro y pantalla de trenzado de cuerda color verde.  Si quieres un toque de elegancia en cualquier rinc\u00f3n de tu casa, esta es tu l\u00e1mpara.  Iluminaci\u00f3n perfecta para disfrutar en una estancia leyendo un libro, o simplemente tener un tiempo de desconexi\u00f3n.  Altura: 50 cent\u00edmetros.  Ancho: 20 cent\u00edmetros.\" \/>\n<meta name=\"robots\" content=\"index, follow, max-snippet:-1, max-image-preview:large, max-video-preview:-1\" \/>\n<link rel=\"canonical\" href=\"https:\/\/elportillodecoracion.es\/tienda\/lampara-de-mesa-con-trenzado-de-cuerda\/\" \/>\n<meta property=\"og:locale\" content=\"en_US\" \/>\n<meta property=\"og:type\" content=\"article\" \/>\n<meta property=\"og:title\" content=\"LAMPARA DE MESA CON TRENZADO DE CUERDA\" \/>\n<meta property=\"og:description\" content=\"Original l\u00e1mpara de mesa, con base metalica en color negro y pantalla de trenzado de cuerda color verde.  Si quieres un toque de elegancia en cualquier rinc\u00f3n de tu casa, esta es tu l\u00e1mpara.  Iluminaci\u00f3n perfecta para disfrutar en una estancia leyendo un libro, o simplemente tener un tiempo de desconexi\u00f3n.  Altura: 50 cent\u00edmetros.  Ancho: 20 cent\u00edmetros.\" \/>\n<meta property=\"og:url\" content=\"https:\/\/elportillodecoracion.es\/tienda\/lampara-de-mesa-con-trenzado-de-cuerda\/\" \/>\n<meta property=\"og:site_name\" content=\"El Portillo Decoraci\u00f3n\" \/>\n<meta property=\"article:modified_time\" content=\"2025-05-08T17:02:11+00:00\" \/>\n<meta property=\"og:image\" content=\"https:\/\/elportillodecoracion.es\/wp-content\/uploads\/2025\/05\/lampara-scaled.jpg\" \/>\n\t<meta property=\"og:image:width\" content=\"1707\" \/>\n\t<meta property=\"og:image:height\" content=\"2560\" \/>\n\t<meta property=\"og:image:type\" content=\"image\/jpeg\" \/>\n<meta name=\"twitter:card\" content=\"summary_large_image\" \/>\n<meta name=\"twitter:label1\" content=\"Price\" \/>\n\t<meta name=\"twitter:data1\" content=\"79,90&euro; IVA inc\" \/>\n\t<meta name=\"twitter:label2\" content=\"Availability\" \/>\n\t<meta name=\"twitter:data2\" content=\"In stock\" \/>\n<script type=\"application\/ld+json\" class=\"yoast-schema-graph\">{\"@context\":\"https:\/\/schema.org\",\"@graph\":[{\"@type\":\"WebPage\",\"@id\":\"https:\/\/elportillodecoracion.es\/tienda\/lampara-de-mesa-con-trenzado-de-cuerda\/\",\"url\":\"https:\/\/elportillodecoracion.es\/tienda\/lampara-de-mesa-con-trenzado-de-cuerda\/\",\"name\":\"LAMPARA DE MESA CON TRENZADO DE CUERDA - El Portillo Decoraci\u00f3n\",\"isPartOf\":{\"@id\":\"https:\/\/elportillodecoracion.es\/#website\"},\"primaryImageOfPage\":{\"@id\":\"https:\/\/elportillodecoracion.es\/tienda\/lampara-de-mesa-con-trenzado-de-cuerda\/#primaryimage\"},\"image\":{\"@id\":\"https:\/\/elportillodecoracion.es\/tienda\/lampara-de-mesa-con-trenzado-de-cuerda\/#primaryimage\"},\"thumbnailUrl\":\"https:\/\/elportillodecoracion.es\/wp-content\/uploads\/2025\/05\/lampara-scaled.jpg\",\"datePublished\":\"2025-05-08T16:44:37+00:00\",\"dateModified\":\"2025-05-08T17:02:11+00:00\",\"description\":\"Original l\u00e1mpara de mesa, con base metalica en color negro y pantalla de trenzado de cuerda color verde. Si quieres un toque de elegancia en cualquier rinc\u00f3n de tu casa, esta es tu l\u00e1mpara. Iluminaci\u00f3n perfecta para disfrutar en una estancia leyendo un libro, o simplemente tener un tiempo de desconexi\u00f3n. Altura: 50 cent\u00edmetros. Ancho: 20 cent\u00edmetros.\",\"breadcrumb\":{\"@id\":\"https:\/\/elportillodecoracion.es\/tienda\/lampara-de-mesa-con-trenzado-de-cuerda\/#breadcrumb\"},\"inLanguage\":\"en-US\",\"potentialAction\":[{\"@type\":\"ReadAction\",\"target\":[\"https:\/\/elportillodecoracion.es\/tienda\/lampara-de-mesa-con-trenzado-de-cuerda\/\"]}]},{\"@type\":\"ImageObject\",\"inLanguage\":\"en-US\",\"@id\":\"https:\/\/elportillodecoracion.es\/tienda\/lampara-de-mesa-con-trenzado-de-cuerda\/#primaryimage\",\"url\":\"https:\/\/elportillodecoracion.es\/wp-content\/uploads\/2025\/05\/lampara-scaled.jpg\",\"contentUrl\":\"https:\/\/elportillodecoracion.es\/wp-content\/uploads\/2025\/05\/lampara-scaled.jpg\",\"width\":1707,\"height\":2560},{\"@type\":\"BreadcrumbList\",\"@id\":\"https:\/\/elportillodecoracion.es\/tienda\/lampara-de-mesa-con-trenzado-de-cuerda\/#breadcrumb\",\"itemListElement\":[{\"@type\":\"ListItem\",\"position\":1,\"name\":\"Portada\",\"item\":\"https:\/\/elportillodecoracion.es\/\"},{\"@type\":\"ListItem\",\"position\":2,\"name\":\"Tienda\",\"item\":\"https:\/\/elportillodecoracion.es\/tienda\/\"},{\"@type\":\"ListItem\",\"position\":3,\"name\":\"LAMPARA DE MESA CON TRENZADO DE CUERDA\"}]},{\"@type\":\"WebSite\",\"@id\":\"https:\/\/elportillodecoracion.es\/#website\",\"url\":\"https:\/\/elportillodecoracion.es\/\",\"name\":\"El Portillo Decoraci\u00f3n\",\"description\":\"Muebles y Decoraci\u00f3n\",\"publisher\":{\"@id\":\"https:\/\/elportillodecoracion.es\/#organization\"},\"potentialAction\":[{\"@type\":\"SearchAction\",\"target\":{\"@type\":\"EntryPoint\",\"urlTemplate\":\"https:\/\/elportillodecoracion.es\/?s={search_term_string}\"},\"query-input\":{\"@type\":\"PropertyValueSpecification\",\"valueRequired\":true,\"valueName\":\"search_term_string\"}}],\"inLanguage\":\"en-US\"},{\"@type\":\"Organization\",\"@id\":\"https:\/\/elportillodecoracion.es\/#organization\",\"name\":\"El Portillo Decoraci\u00f3n\",\"url\":\"https:\/\/elportillodecoracion.es\/\",\"logo\":{\"@type\":\"ImageObject\",\"inLanguage\":\"en-US\",\"@id\":\"https:\/\/elportillodecoracion.es\/#\/schema\/logo\/image\/\",\"url\":\"https:\/\/elportillodecoracion.es\/wp-content\/uploads\/2018\/11\/El-Portillo_logo-300.jpg\",\"contentUrl\":\"https:\/\/elportillodecoracion.es\/wp-content\/uploads\/2018\/11\/El-Portillo_logo-300.jpg\",\"width\":350,\"height\":91,\"caption\":\"El Portillo Decoraci\u00f3n\"},\"image\":{\"@id\":\"https:\/\/elportillodecoracion.es\/#\/schema\/logo\/image\/\"}}]}<\/script>\n<meta property=\"product:price:amount\" content=\"79.90\" \/>\n<meta property=\"product:price:currency\" content=\"EUR\" \/>\n<meta property=\"og:availability\" content=\"instock\" \/>\n<meta property=\"product:availability\" content=\"instock\" \/>\n<meta property=\"product:retailer_item_id\" content=\"53779\" \/>\n<meta property=\"product:condition\" content=\"new\" \/>\n<!-- \/ Yoast SEO Premium plugin. -->","yoast_head_json":{"title":"LAMPARA DE MESA CON TRENZADO DE CUERDA - El Portillo Decoraci\u00f3n","description":"Original l\u00e1mpara de mesa, con base metalica en color negro y pantalla de trenzado de cuerda color verde.  Si quieres un toque de elegancia en cualquier rinc\u00f3n de tu casa, esta es tu l\u00e1mpara.  Iluminaci\u00f3n perfecta para disfrutar en una estancia leyendo un libro, o simplemente tener un tiempo de desconexi\u00f3n.  Altura: 50 cent\u00edmetros.  Ancho: 20 cent\u00edmetros.","robots":{"index":"index","follow":"follow","max-snippet":"max-snippet:-1","max-image-preview":"max-image-preview:large","max-video-preview":"max-video-preview:-1"},"canonical":"https:\/\/elportillodecoracion.es\/tienda\/lampara-de-mesa-con-trenzado-de-cuerda\/","og_locale":"en_US","og_type":"article","og_title":"LAMPARA DE MESA CON TRENZADO DE CUERDA","og_description":"Original l\u00e1mpara de mesa, con base metalica en color negro y pantalla de trenzado de cuerda color verde.  Si quieres un toque de elegancia en cualquier rinc\u00f3n de tu casa, esta es tu l\u00e1mpara.  Iluminaci\u00f3n perfecta para disfrutar en una estancia leyendo un libro, o simplemente tener un tiempo de desconexi\u00f3n.  Altura: 50 cent\u00edmetros.  Ancho: 20 cent\u00edmetros.","og_url":"https:\/\/elportillodecoracion.es\/tienda\/lampara-de-mesa-con-trenzado-de-cuerda\/","og_site_name":"El Portillo Decoraci\u00f3n","article_modified_time":"2025-05-08T17:02:11+00:00","og_image":[{"width":1707,"height":2560,"url":"https:\/\/elportillodecoracion.es\/wp-content\/uploads\/2025\/05\/lampara-scaled.jpg","type":"image\/jpeg"}],"twitter_card":"summary_large_image","twitter_misc":{"Price":"79,90&euro; IVA inc","Availability":"In stock"},"schema":{"@context":"https:\/\/schema.org","@graph":[{"@type":"WebPage","@id":"https:\/\/elportillodecoracion.es\/tienda\/lampara-de-mesa-con-trenzado-de-cuerda\/","url":"https:\/\/elportillodecoracion.es\/tienda\/lampara-de-mesa-con-trenzado-de-cuerda\/","name":"LAMPARA DE MESA CON TRENZADO DE CUERDA - El Portillo Decoraci\u00f3n","isPartOf":{"@id":"https:\/\/elportillodecoracion.es\/#website"},"primaryImageOfPage":{"@id":"https:\/\/elportillodecoracion.es\/tienda\/lampara-de-mesa-con-trenzado-de-cuerda\/#primaryimage"},"image":{"@id":"https:\/\/elportillodecoracion.es\/tienda\/lampara-de-mesa-con-trenzado-de-cuerda\/#primaryimage"},"thumbnailUrl":"https:\/\/elportillodecoracion.es\/wp-content\/uploads\/2025\/05\/lampara-scaled.jpg","datePublished":"2025-05-08T16:44:37+00:00","dateModified":"2025-05-08T17:02:11+00:00","description":"Original l\u00e1mpara de mesa, con base metalica en color negro y pantalla de trenzado de cuerda color verde. Si quieres un toque de elegancia en cualquier rinc\u00f3n de tu casa, esta es tu l\u00e1mpara. Iluminaci\u00f3n perfecta para disfrutar en una estancia leyendo un libro, o simplemente tener un tiempo de desconexi\u00f3n. Altura: 50 cent\u00edmetros. Ancho: 20 cent\u00edmetros.","breadcrumb":{"@id":"https:\/\/elportillodecoracion.es\/tienda\/lampara-de-mesa-con-trenzado-de-cuerda\/#breadcrumb"},"inLanguage":"en-US","potentialAction":[{"@type":"ReadAction","target":["https:\/\/elportillodecoracion.es\/tienda\/lampara-de-mesa-con-trenzado-de-cuerda\/"]}]},{"@type":"ImageObject","inLanguage":"en-US","@id":"https:\/\/elportillodecoracion.es\/tienda\/lampara-de-mesa-con-trenzado-de-cuerda\/#primaryimage","url":"https:\/\/elportillodecoracion.es\/wp-content\/uploads\/2025\/05\/lampara-scaled.jpg","contentUrl":"https:\/\/elportillodecoracion.es\/wp-content\/uploads\/2025\/05\/lampara-scaled.jpg","width":1707,"height":2560},{"@type":"BreadcrumbList","@id":"https:\/\/elportillodecoracion.es\/tienda\/lampara-de-mesa-con-trenzado-de-cuerda\/#breadcrumb","itemListElement":[{"@type":"ListItem","position":1,"name":"Portada","item":"https:\/\/elportillodecoracion.es\/"},{"@type":"ListItem","position":2,"name":"Tienda","item":"https:\/\/elportillodecoracion.es\/tienda\/"},{"@type":"ListItem","position":3,"name":"LAMPARA DE MESA CON TRENZADO DE CUERDA"}]},{"@type":"WebSite","@id":"https:\/\/elportillodecoracion.es\/#website","url":"https:\/\/elportillodecoracion.es\/","name":"El Portillo Decoraci\u00f3n","description":"Muebles y Decoraci\u00f3n","publisher":{"@id":"https:\/\/elportillodecoracion.es\/#organization"},"potentialAction":[{"@type":"SearchAction","target":{"@type":"EntryPoint","urlTemplate":"https:\/\/elportillodecoracion.es\/?s={search_term_string}"},"query-input":{"@type":"PropertyValueSpecification","valueRequired":true,"valueName":"search_term_string"}}],"inLanguage":"en-US"},{"@type":"Organization","@id":"https:\/\/elportillodecoracion.es\/#organization","name":"El Portillo Decoraci\u00f3n","url":"https:\/\/elportillodecoracion.es\/","logo":{"@type":"ImageObject","inLanguage":"en-US","@id":"https:\/\/elportillodecoracion.es\/#\/schema\/logo\/image\/","url":"https:\/\/elportillodecoracion.es\/wp-content\/uploads\/2018\/11\/El-Portillo_logo-300.jpg","contentUrl":"https:\/\/elportillodecoracion.es\/wp-content\/uploads\/2018\/11\/El-Portillo_logo-300.jpg","width":350,"height":91,"caption":"El Portillo Decoraci\u00f3n"},"image":{"@id":"https:\/\/elportillodecoracion.es\/#\/schema\/logo\/image\/"}}]},"product_price_amount":"79.90","product_price_currency":"EUR","og_availability":"instock","product_availability":"instock","product_retailer_item_id":"53779","product_condition":"new"},"_links":{"self":[{"href":"https:\/\/elportillodecoracion.es\/en\/wp-json\/wp\/v2\/product\/25036","targetHints":{"allow":["GET"]}}],"collection":[{"href":"https:\/\/elportillodecoracion.es\/en\/wp-json\/wp\/v2\/product"}],"about":[{"href":"https:\/\/elportillodecoracion.es\/en\/wp-json\/wp\/v2\/types\/product"}],"replies":[{"embeddable":true,"href":"https:\/\/elportillodecoracion.es\/en\/wp-json\/wp\/v2\/comments?post=25036"}],"wp:featuredmedia":[{"embeddable":true,"href":"https:\/\/elportillodecoracion.es\/en\/wp-json\/wp\/v2\/media\/25009"}],"wp:attachment":[{"href":"https:\/\/elportillodecoracion.es\/en\/wp-json\/wp\/v2\/media?parent=25036"}],"wp:term":[{"taxonomy":"product_cat","embeddable":true,"href":"https:\/\/elportillodecoracion.es\/en\/wp-json\/wp\/v2\/product_cat?post=25036"},{"taxonomy":"product_tag","embeddable":true,"href":"https:\/\/elportillodecoracion.es\/en\/wp-json\/wp\/v2\/product_tag?post=25036"}],"curies":[{"name":"wp","href":"https:\/\/api.w.org\/{rel}","templated":true}]}}