{"id":25015,"date":"2025-05-08T12:38:21","date_gmt":"2025-05-08T10:38:21","guid":{"rendered":"https:\/\/elportillodecoracion.es\/?post_type=product&#038;p=25015"},"modified":"2025-05-08T17:43:26","modified_gmt":"2025-05-08T15:43:26","slug":"cojin-rectangular-azul-y-blanco","status":"publish","type":"product","link":"https:\/\/elportillodecoracion.es\/en\/tienda\/cojin-rectangular-azul-y-blanco\/","title":{"rendered":"COJIN RECTANGULAR AZUL Y BLANCO"},"content":{"rendered":"","protected":false},"excerpt":{"rendered":"<p>Maravilloso coj\u00edn rectangular bordado a mano, su material es cien por cien algod\u00f3n.<\/p>\n<p>Sus colores blancos y azules evocan al Mediterr\u00e1neo.<\/p>\n<p>Su genuino dise\u00f1o, transforma un sof\u00e1, en un espacio \u00fanico.<\/p>\n<p>Contiene el relleno.<\/p>\n<p>Largo: 90 cent\u00edmetros.<\/p>\n<p>Alto: 35 cent\u00edmetros<\/p>\n<p>&nbsp;<\/p>\n","protected":false},"featured_media":25013,"comment_status":"open","ping_status":"closed","template":"","meta":{"_joinchat":[]},"product_cat":[740,733,738],"product_tag":[],"class_list":{"0":"post-25015","1":"product","2":"type-product","3":"status-publish","4":"has-post-thumbnail","6":"product_cat-cushions","7":"product_cat-ibiza-beach","8":"product_cat-textile","10":"first","11":"instock","12":"taxable","13":"shipping-taxable","14":"purchasable","15":"product-type-simple"},"yoast_head":"<!-- This site is optimized with the Yoast SEO Premium plugin v23.0 (Yoast SEO v25.6) - https:\/\/yoast.com\/wordpress\/plugins\/seo\/ -->\n<title>COJIN RECTANGULAR AZUL Y BLANCO - El Portillo Decoraci\u00f3n<\/title>\n<meta name=\"description\" content=\"Maravilloso coj\u00edn rectangular bordado a mano, su material es cien por cien algod\u00f3n.  Sus colores blancos y azules evocan al Mediterr\u00e1neo.  Su genuino dise\u00f1o, transforma un sof\u00e1, en un espacio \u00fanico.  Contiene el relleno.  Largo: 90 cent\u00edmetros.  Alto: 35 cent\u00edmetros  &nbsp;\" \/>\n<meta name=\"robots\" content=\"index, follow, max-snippet:-1, max-image-preview:large, max-video-preview:-1\" \/>\n<link rel=\"canonical\" href=\"https:\/\/elportillodecoracion.es\/tienda\/cojin-rectangular-azul-y-blanco\/\" \/>\n<meta property=\"og:locale\" content=\"en_US\" \/>\n<meta property=\"og:type\" content=\"article\" \/>\n<meta property=\"og:title\" content=\"COJIN RECTANGULAR AZUL Y BLANCO\" \/>\n<meta property=\"og:description\" content=\"Maravilloso coj\u00edn rectangular bordado a mano, su material es cien por cien algod\u00f3n.  Sus colores blancos y azules evocan al Mediterr\u00e1neo.  Su genuino dise\u00f1o, transforma un sof\u00e1, en un espacio \u00fanico.  Contiene el relleno.  Largo: 90 cent\u00edmetros.  Alto: 35 cent\u00edmetros  &nbsp;\" \/>\n<meta property=\"og:url\" content=\"https:\/\/elportillodecoracion.es\/tienda\/cojin-rectangular-azul-y-blanco\/\" \/>\n<meta property=\"og:site_name\" content=\"El Portillo Decoraci\u00f3n\" \/>\n<meta property=\"article:modified_time\" content=\"2025-05-08T15:43:26+00:00\" \/>\n<meta property=\"og:image\" content=\"https:\/\/elportillodecoracion.es\/wp-content\/uploads\/2025\/05\/cojin-azul-1-scaled.jpg\" \/>\n\t<meta property=\"og:image:width\" content=\"2560\" \/>\n\t<meta property=\"og:image:height\" content=\"1707\" \/>\n\t<meta property=\"og:image:type\" content=\"image\/jpeg\" \/>\n<meta name=\"twitter:card\" content=\"summary_large_image\" \/>\n<meta name=\"twitter:label1\" content=\"Price\" \/>\n\t<meta name=\"twitter:data1\" content=\"94,90&euro; IVA inc\" \/>\n\t<meta name=\"twitter:label2\" content=\"Availability\" \/>\n\t<meta name=\"twitter:data2\" content=\"In stock\" \/>\n<script type=\"application\/ld+json\" class=\"yoast-schema-graph\">{\"@context\":\"https:\/\/schema.org\",\"@graph\":[{\"@type\":\"WebPage\",\"@id\":\"https:\/\/elportillodecoracion.es\/tienda\/cojin-rectangular-azul-y-blanco\/\",\"url\":\"https:\/\/elportillodecoracion.es\/tienda\/cojin-rectangular-azul-y-blanco\/\",\"name\":\"COJIN RECTANGULAR AZUL Y BLANCO - El Portillo Decoraci\u00f3n\",\"isPartOf\":{\"@id\":\"https:\/\/elportillodecoracion.es\/#website\"},\"primaryImageOfPage\":{\"@id\":\"https:\/\/elportillodecoracion.es\/tienda\/cojin-rectangular-azul-y-blanco\/#primaryimage\"},\"image\":{\"@id\":\"https:\/\/elportillodecoracion.es\/tienda\/cojin-rectangular-azul-y-blanco\/#primaryimage\"},\"thumbnailUrl\":\"https:\/\/elportillodecoracion.es\/wp-content\/uploads\/2025\/05\/cojin-azul-1-scaled.jpg\",\"datePublished\":\"2025-05-08T10:38:21+00:00\",\"dateModified\":\"2025-05-08T15:43:26+00:00\",\"description\":\"Maravilloso coj\u00edn rectangular bordado a mano, su material es cien por cien algod\u00f3n. Sus colores blancos y azules evocan al Mediterr\u00e1neo. Su genuino dise\u00f1o, transforma un sof\u00e1, en un espacio \u00fanico. Contiene el relleno. Largo: 90 cent\u00edmetros. Alto: 35 cent\u00edmetros &nbsp;\",\"breadcrumb\":{\"@id\":\"https:\/\/elportillodecoracion.es\/tienda\/cojin-rectangular-azul-y-blanco\/#breadcrumb\"},\"inLanguage\":\"en-US\",\"potentialAction\":[{\"@type\":\"ReadAction\",\"target\":[\"https:\/\/elportillodecoracion.es\/tienda\/cojin-rectangular-azul-y-blanco\/\"]}]},{\"@type\":\"ImageObject\",\"inLanguage\":\"en-US\",\"@id\":\"https:\/\/elportillodecoracion.es\/tienda\/cojin-rectangular-azul-y-blanco\/#primaryimage\",\"url\":\"https:\/\/elportillodecoracion.es\/wp-content\/uploads\/2025\/05\/cojin-azul-1-scaled.jpg\",\"contentUrl\":\"https:\/\/elportillodecoracion.es\/wp-content\/uploads\/2025\/05\/cojin-azul-1-scaled.jpg\",\"width\":2560,\"height\":1707},{\"@type\":\"BreadcrumbList\",\"@id\":\"https:\/\/elportillodecoracion.es\/tienda\/cojin-rectangular-azul-y-blanco\/#breadcrumb\",\"itemListElement\":[{\"@type\":\"ListItem\",\"position\":1,\"name\":\"Portada\",\"item\":\"https:\/\/elportillodecoracion.es\/\"},{\"@type\":\"ListItem\",\"position\":2,\"name\":\"Tienda\",\"item\":\"https:\/\/elportillodecoracion.es\/tienda\/\"},{\"@type\":\"ListItem\",\"position\":3,\"name\":\"COJIN RECTANGULAR AZUL Y BLANCO\"}]},{\"@type\":\"WebSite\",\"@id\":\"https:\/\/elportillodecoracion.es\/#website\",\"url\":\"https:\/\/elportillodecoracion.es\/\",\"name\":\"El Portillo Decoraci\u00f3n\",\"description\":\"Muebles y Decoraci\u00f3n\",\"publisher\":{\"@id\":\"https:\/\/elportillodecoracion.es\/#organization\"},\"potentialAction\":[{\"@type\":\"SearchAction\",\"target\":{\"@type\":\"EntryPoint\",\"urlTemplate\":\"https:\/\/elportillodecoracion.es\/?s={search_term_string}\"},\"query-input\":{\"@type\":\"PropertyValueSpecification\",\"valueRequired\":true,\"valueName\":\"search_term_string\"}}],\"inLanguage\":\"en-US\"},{\"@type\":\"Organization\",\"@id\":\"https:\/\/elportillodecoracion.es\/#organization\",\"name\":\"El Portillo Decoraci\u00f3n\",\"url\":\"https:\/\/elportillodecoracion.es\/\",\"logo\":{\"@type\":\"ImageObject\",\"inLanguage\":\"en-US\",\"@id\":\"https:\/\/elportillodecoracion.es\/#\/schema\/logo\/image\/\",\"url\":\"https:\/\/elportillodecoracion.es\/wp-content\/uploads\/2018\/11\/El-Portillo_logo-300.jpg\",\"contentUrl\":\"https:\/\/elportillodecoracion.es\/wp-content\/uploads\/2018\/11\/El-Portillo_logo-300.jpg\",\"width\":350,\"height\":91,\"caption\":\"El Portillo Decoraci\u00f3n\"},\"image\":{\"@id\":\"https:\/\/elportillodecoracion.es\/#\/schema\/logo\/image\/\"}}]}<\/script>\n<meta property=\"product:price:amount\" content=\"94.90\" \/>\n<meta property=\"product:price:currency\" content=\"EUR\" \/>\n<meta property=\"og:availability\" content=\"instock\" \/>\n<meta property=\"product:availability\" content=\"instock\" \/>\n<meta property=\"product:retailer_item_id\" content=\"51797\" \/>\n<meta property=\"product:condition\" content=\"new\" \/>\n<!-- \/ Yoast SEO Premium plugin. -->","yoast_head_json":{"title":"COJIN RECTANGULAR AZUL Y BLANCO - El Portillo Decoraci\u00f3n","description":"Maravilloso coj\u00edn rectangular bordado a mano, su material es cien por cien algod\u00f3n.  Sus colores blancos y azules evocan al Mediterr\u00e1neo.  Su genuino dise\u00f1o, transforma un sof\u00e1, en un espacio \u00fanico.  Contiene el relleno.  Largo: 90 cent\u00edmetros.  Alto: 35 cent\u00edmetros  &nbsp;","robots":{"index":"index","follow":"follow","max-snippet":"max-snippet:-1","max-image-preview":"max-image-preview:large","max-video-preview":"max-video-preview:-1"},"canonical":"https:\/\/elportillodecoracion.es\/tienda\/cojin-rectangular-azul-y-blanco\/","og_locale":"en_US","og_type":"article","og_title":"COJIN RECTANGULAR AZUL Y BLANCO","og_description":"Maravilloso coj\u00edn rectangular bordado a mano, su material es cien por cien algod\u00f3n.  Sus colores blancos y azules evocan al Mediterr\u00e1neo.  Su genuino dise\u00f1o, transforma un sof\u00e1, en un espacio \u00fanico.  Contiene el relleno.  Largo: 90 cent\u00edmetros.  Alto: 35 cent\u00edmetros  &nbsp;","og_url":"https:\/\/elportillodecoracion.es\/tienda\/cojin-rectangular-azul-y-blanco\/","og_site_name":"El Portillo Decoraci\u00f3n","article_modified_time":"2025-05-08T15:43:26+00:00","og_image":[{"width":2560,"height":1707,"url":"https:\/\/elportillodecoracion.es\/wp-content\/uploads\/2025\/05\/cojin-azul-1-scaled.jpg","type":"image\/jpeg"}],"twitter_card":"summary_large_image","twitter_misc":{"Price":"94,90&euro; IVA inc","Availability":"In stock"},"schema":{"@context":"https:\/\/schema.org","@graph":[{"@type":"WebPage","@id":"https:\/\/elportillodecoracion.es\/tienda\/cojin-rectangular-azul-y-blanco\/","url":"https:\/\/elportillodecoracion.es\/tienda\/cojin-rectangular-azul-y-blanco\/","name":"COJIN RECTANGULAR AZUL Y BLANCO - El Portillo Decoraci\u00f3n","isPartOf":{"@id":"https:\/\/elportillodecoracion.es\/#website"},"primaryImageOfPage":{"@id":"https:\/\/elportillodecoracion.es\/tienda\/cojin-rectangular-azul-y-blanco\/#primaryimage"},"image":{"@id":"https:\/\/elportillodecoracion.es\/tienda\/cojin-rectangular-azul-y-blanco\/#primaryimage"},"thumbnailUrl":"https:\/\/elportillodecoracion.es\/wp-content\/uploads\/2025\/05\/cojin-azul-1-scaled.jpg","datePublished":"2025-05-08T10:38:21+00:00","dateModified":"2025-05-08T15:43:26+00:00","description":"Maravilloso coj\u00edn rectangular bordado a mano, su material es cien por cien algod\u00f3n. Sus colores blancos y azules evocan al Mediterr\u00e1neo. Su genuino dise\u00f1o, transforma un sof\u00e1, en un espacio \u00fanico. Contiene el relleno. Largo: 90 cent\u00edmetros. Alto: 35 cent\u00edmetros &nbsp;","breadcrumb":{"@id":"https:\/\/elportillodecoracion.es\/tienda\/cojin-rectangular-azul-y-blanco\/#breadcrumb"},"inLanguage":"en-US","potentialAction":[{"@type":"ReadAction","target":["https:\/\/elportillodecoracion.es\/tienda\/cojin-rectangular-azul-y-blanco\/"]}]},{"@type":"ImageObject","inLanguage":"en-US","@id":"https:\/\/elportillodecoracion.es\/tienda\/cojin-rectangular-azul-y-blanco\/#primaryimage","url":"https:\/\/elportillodecoracion.es\/wp-content\/uploads\/2025\/05\/cojin-azul-1-scaled.jpg","contentUrl":"https:\/\/elportillodecoracion.es\/wp-content\/uploads\/2025\/05\/cojin-azul-1-scaled.jpg","width":2560,"height":1707},{"@type":"BreadcrumbList","@id":"https:\/\/elportillodecoracion.es\/tienda\/cojin-rectangular-azul-y-blanco\/#breadcrumb","itemListElement":[{"@type":"ListItem","position":1,"name":"Portada","item":"https:\/\/elportillodecoracion.es\/"},{"@type":"ListItem","position":2,"name":"Tienda","item":"https:\/\/elportillodecoracion.es\/tienda\/"},{"@type":"ListItem","position":3,"name":"COJIN RECTANGULAR AZUL Y BLANCO"}]},{"@type":"WebSite","@id":"https:\/\/elportillodecoracion.es\/#website","url":"https:\/\/elportillodecoracion.es\/","name":"El Portillo Decoraci\u00f3n","description":"Muebles y Decoraci\u00f3n","publisher":{"@id":"https:\/\/elportillodecoracion.es\/#organization"},"potentialAction":[{"@type":"SearchAction","target":{"@type":"EntryPoint","urlTemplate":"https:\/\/elportillodecoracion.es\/?s={search_term_string}"},"query-input":{"@type":"PropertyValueSpecification","valueRequired":true,"valueName":"search_term_string"}}],"inLanguage":"en-US"},{"@type":"Organization","@id":"https:\/\/elportillodecoracion.es\/#organization","name":"El Portillo Decoraci\u00f3n","url":"https:\/\/elportillodecoracion.es\/","logo":{"@type":"ImageObject","inLanguage":"en-US","@id":"https:\/\/elportillodecoracion.es\/#\/schema\/logo\/image\/","url":"https:\/\/elportillodecoracion.es\/wp-content\/uploads\/2018\/11\/El-Portillo_logo-300.jpg","contentUrl":"https:\/\/elportillodecoracion.es\/wp-content\/uploads\/2018\/11\/El-Portillo_logo-300.jpg","width":350,"height":91,"caption":"El Portillo Decoraci\u00f3n"},"image":{"@id":"https:\/\/elportillodecoracion.es\/#\/schema\/logo\/image\/"}}]},"product_price_amount":"94.90","product_price_currency":"EUR","og_availability":"instock","product_availability":"instock","product_retailer_item_id":"51797","product_condition":"new"},"_links":{"self":[{"href":"https:\/\/elportillodecoracion.es\/en\/wp-json\/wp\/v2\/product\/25015","targetHints":{"allow":["GET"]}}],"collection":[{"href":"https:\/\/elportillodecoracion.es\/en\/wp-json\/wp\/v2\/product"}],"about":[{"href":"https:\/\/elportillodecoracion.es\/en\/wp-json\/wp\/v2\/types\/product"}],"replies":[{"embeddable":true,"href":"https:\/\/elportillodecoracion.es\/en\/wp-json\/wp\/v2\/comments?post=25015"}],"wp:featuredmedia":[{"embeddable":true,"href":"https:\/\/elportillodecoracion.es\/en\/wp-json\/wp\/v2\/media\/25013"}],"wp:attachment":[{"href":"https:\/\/elportillodecoracion.es\/en\/wp-json\/wp\/v2\/media?parent=25015"}],"wp:term":[{"taxonomy":"product_cat","embeddable":true,"href":"https:\/\/elportillodecoracion.es\/en\/wp-json\/wp\/v2\/product_cat?post=25015"},{"taxonomy":"product_tag","embeddable":true,"href":"https:\/\/elportillodecoracion.es\/en\/wp-json\/wp\/v2\/product_tag?post=25015"}],"curies":[{"name":"wp","href":"https:\/\/api.w.org\/{rel}","templated":true}]}}