{"id":23104,"date":"2025-02-25T10:47:44","date_gmt":"2025-02-25T09:47:44","guid":{"rendered":"https:\/\/elportillodecoracion.es\/?post_type=product&#038;p=23104"},"modified":"2025-11-24T22:49:08","modified_gmt":"2025-11-24T21:49:08","slug":"cabeza-de-jarron-siciliana-hombre","status":"publish","type":"product","link":"https:\/\/elportillodecoracion.es\/en\/tienda\/cabeza-de-jarron-siciliana-hombre\/","title":{"rendered":"CABEZA DE JARRON SICILIANA HOMBRE"},"content":{"rendered":"","protected":false},"excerpt":{"rendered":"<p>Si eres amante de las piezas decorativas exclusivas, esta pieza es para ti. Arte en su m\u00e1xima expresi\u00f3n, dise\u00f1o \u00fanico y pintada a mano. Con esta pieza le dar\u00e1s a ese rinc\u00f3n un estilo inconfundible.<\/p>\n<p>. Medidas: 15 x 10 cm.<\/p>\n<p>. Color: multicolor.<\/p>\n","protected":false},"featured_media":22713,"comment_status":"open","ping_status":"closed","template":"","meta":{"_joinchat":[]},"product_cat":[711,716],"product_tag":[984],"class_list":{"0":"post-23104","1":"product","2":"type-product","3":"status-publish","4":"has-post-thumbnail","6":"product_cat-figures","7":"product_cat-flower-vases","8":"product_tag-jarron","10":"first","11":"instock","12":"taxable","13":"shipping-taxable","14":"purchasable","15":"product-type-simple"},"yoast_head":"<!-- This site is optimized with the Yoast SEO Premium plugin v23.0 (Yoast SEO v25.6) - https:\/\/yoast.com\/wordpress\/plugins\/seo\/ -->\n<title>CABEZA DE JARRON SICILIANA HOMBRE - El Portillo Decoraci\u00f3n<\/title>\n<meta name=\"description\" content=\"Si eres amante de las piezas decorativas exclusivas, esta pieza es para ti. Arte en su m\u00e1xima expresi\u00f3n, dise\u00f1o \u00fanico y pintada a mano. Con esta pieza le dar\u00e1s a ese rinc\u00f3n un estilo inconfundible.  . Medidas: 15 x 10 cm.  . Color: multicolor.\" \/>\n<meta name=\"robots\" content=\"index, follow, max-snippet:-1, max-image-preview:large, max-video-preview:-1\" \/>\n<link rel=\"canonical\" href=\"https:\/\/elportillodecoracion.es\/tienda\/cabeza-de-jarron-siciliana-hombre\/\" \/>\n<meta property=\"og:locale\" content=\"en_US\" \/>\n<meta property=\"og:type\" content=\"article\" \/>\n<meta property=\"og:title\" content=\"CABEZA DE JARRON SICILIANA HOMBRE\" \/>\n<meta property=\"og:description\" content=\"Si eres amante de las piezas decorativas exclusivas, esta pieza es para ti. Arte en su m\u00e1xima expresi\u00f3n, dise\u00f1o \u00fanico y pintada a mano. Con esta pieza le dar\u00e1s a ese rinc\u00f3n un estilo inconfundible.  . Medidas: 15 x 10 cm.  . Color: multicolor.\" \/>\n<meta property=\"og:url\" content=\"https:\/\/elportillodecoracion.es\/tienda\/cabeza-de-jarron-siciliana-hombre\/\" \/>\n<meta property=\"og:site_name\" content=\"El Portillo Decoraci\u00f3n\" \/>\n<meta property=\"article:modified_time\" content=\"2025-11-24T21:49:08+00:00\" \/>\n<meta property=\"og:image\" content=\"https:\/\/elportillodecoracion.es\/wp-content\/uploads\/2025\/02\/vaso-testa-sicily-luilei2assh15-c1.jpg\" \/>\n\t<meta property=\"og:image:width\" content=\"1100\" \/>\n\t<meta property=\"og:image:height\" content=\"1100\" \/>\n\t<meta property=\"og:image:type\" content=\"image\/jpeg\" \/>\n<meta name=\"twitter:card\" content=\"summary_large_image\" \/>\n<meta name=\"twitter:label1\" content=\"Price\" \/>\n\t<meta name=\"twitter:data1\" content=\"25,90&euro; IVA inc\" \/>\n\t<meta name=\"twitter:label2\" content=\"Availability\" \/>\n\t<meta name=\"twitter:data2\" content=\"In stock\" \/>\n<script type=\"application\/ld+json\" class=\"yoast-schema-graph\">{\"@context\":\"https:\/\/schema.org\",\"@graph\":[{\"@type\":\"WebPage\",\"@id\":\"https:\/\/elportillodecoracion.es\/tienda\/cabeza-de-jarron-siciliana-hombre\/\",\"url\":\"https:\/\/elportillodecoracion.es\/tienda\/cabeza-de-jarron-siciliana-hombre\/\",\"name\":\"CABEZA DE JARRON SICILIANA HOMBRE - El Portillo Decoraci\u00f3n\",\"isPartOf\":{\"@id\":\"https:\/\/elportillodecoracion.es\/#website\"},\"primaryImageOfPage\":{\"@id\":\"https:\/\/elportillodecoracion.es\/tienda\/cabeza-de-jarron-siciliana-hombre\/#primaryimage\"},\"image\":{\"@id\":\"https:\/\/elportillodecoracion.es\/tienda\/cabeza-de-jarron-siciliana-hombre\/#primaryimage\"},\"thumbnailUrl\":\"https:\/\/elportillodecoracion.es\/wp-content\/uploads\/2025\/02\/vaso-testa-sicily-luilei2assh15-c1.jpg\",\"datePublished\":\"2025-02-25T09:47:44+00:00\",\"dateModified\":\"2025-11-24T21:49:08+00:00\",\"description\":\"Si eres amante de las piezas decorativas exclusivas, esta pieza es para ti. Arte en su m\u00e1xima expresi\u00f3n, dise\u00f1o \u00fanico y pintada a mano. Con esta pieza le dar\u00e1s a ese rinc\u00f3n un estilo inconfundible. . Medidas: 15 x 10 cm. . Color: multicolor.\",\"breadcrumb\":{\"@id\":\"https:\/\/elportillodecoracion.es\/tienda\/cabeza-de-jarron-siciliana-hombre\/#breadcrumb\"},\"inLanguage\":\"en-US\",\"potentialAction\":[{\"@type\":\"ReadAction\",\"target\":[\"https:\/\/elportillodecoracion.es\/tienda\/cabeza-de-jarron-siciliana-hombre\/\"]}]},{\"@type\":\"ImageObject\",\"inLanguage\":\"en-US\",\"@id\":\"https:\/\/elportillodecoracion.es\/tienda\/cabeza-de-jarron-siciliana-hombre\/#primaryimage\",\"url\":\"https:\/\/elportillodecoracion.es\/wp-content\/uploads\/2025\/02\/vaso-testa-sicily-luilei2assh15-c1.jpg\",\"contentUrl\":\"https:\/\/elportillodecoracion.es\/wp-content\/uploads\/2025\/02\/vaso-testa-sicily-luilei2assh15-c1.jpg\",\"width\":1100,\"height\":1100},{\"@type\":\"BreadcrumbList\",\"@id\":\"https:\/\/elportillodecoracion.es\/tienda\/cabeza-de-jarron-siciliana-hombre\/#breadcrumb\",\"itemListElement\":[{\"@type\":\"ListItem\",\"position\":1,\"name\":\"Portada\",\"item\":\"https:\/\/elportillodecoracion.es\/\"},{\"@type\":\"ListItem\",\"position\":2,\"name\":\"Tienda\",\"item\":\"https:\/\/elportillodecoracion.es\/tienda\/\"},{\"@type\":\"ListItem\",\"position\":3,\"name\":\"CABEZA DE JARRON SICILIANA HOMBRE\"}]},{\"@type\":\"WebSite\",\"@id\":\"https:\/\/elportillodecoracion.es\/#website\",\"url\":\"https:\/\/elportillodecoracion.es\/\",\"name\":\"El Portillo Decoraci\u00f3n\",\"description\":\"Muebles y Decoraci\u00f3n\",\"publisher\":{\"@id\":\"https:\/\/elportillodecoracion.es\/#organization\"},\"potentialAction\":[{\"@type\":\"SearchAction\",\"target\":{\"@type\":\"EntryPoint\",\"urlTemplate\":\"https:\/\/elportillodecoracion.es\/?s={search_term_string}\"},\"query-input\":{\"@type\":\"PropertyValueSpecification\",\"valueRequired\":true,\"valueName\":\"search_term_string\"}}],\"inLanguage\":\"en-US\"},{\"@type\":\"Organization\",\"@id\":\"https:\/\/elportillodecoracion.es\/#organization\",\"name\":\"El Portillo Decoraci\u00f3n\",\"url\":\"https:\/\/elportillodecoracion.es\/\",\"logo\":{\"@type\":\"ImageObject\",\"inLanguage\":\"en-US\",\"@id\":\"https:\/\/elportillodecoracion.es\/#\/schema\/logo\/image\/\",\"url\":\"https:\/\/elportillodecoracion.es\/wp-content\/uploads\/2018\/11\/El-Portillo_logo-300.jpg\",\"contentUrl\":\"https:\/\/elportillodecoracion.es\/wp-content\/uploads\/2018\/11\/El-Portillo_logo-300.jpg\",\"width\":350,\"height\":91,\"caption\":\"El Portillo Decoraci\u00f3n\"},\"image\":{\"@id\":\"https:\/\/elportillodecoracion.es\/#\/schema\/logo\/image\/\"}}]}<\/script>\n<meta property=\"product:price:amount\" content=\"25.90\" \/>\n<meta property=\"product:price:currency\" content=\"EUR\" \/>\n<meta property=\"og:availability\" content=\"instock\" \/>\n<meta property=\"product:availability\" content=\"instock\" \/>\n<meta property=\"product:retailer_item_id\" content=\"016822-1\" \/>\n<meta property=\"product:condition\" content=\"new\" \/>\n<!-- \/ Yoast SEO Premium plugin. -->","yoast_head_json":{"title":"CABEZA DE JARRON SICILIANA HOMBRE - El Portillo Decoraci\u00f3n","description":"Si eres amante de las piezas decorativas exclusivas, esta pieza es para ti. Arte en su m\u00e1xima expresi\u00f3n, dise\u00f1o \u00fanico y pintada a mano. Con esta pieza le dar\u00e1s a ese rinc\u00f3n un estilo inconfundible.  . Medidas: 15 x 10 cm.  . Color: multicolor.","robots":{"index":"index","follow":"follow","max-snippet":"max-snippet:-1","max-image-preview":"max-image-preview:large","max-video-preview":"max-video-preview:-1"},"canonical":"https:\/\/elportillodecoracion.es\/tienda\/cabeza-de-jarron-siciliana-hombre\/","og_locale":"en_US","og_type":"article","og_title":"CABEZA DE JARRON SICILIANA HOMBRE","og_description":"Si eres amante de las piezas decorativas exclusivas, esta pieza es para ti. Arte en su m\u00e1xima expresi\u00f3n, dise\u00f1o \u00fanico y pintada a mano. Con esta pieza le dar\u00e1s a ese rinc\u00f3n un estilo inconfundible.  . Medidas: 15 x 10 cm.  . Color: multicolor.","og_url":"https:\/\/elportillodecoracion.es\/tienda\/cabeza-de-jarron-siciliana-hombre\/","og_site_name":"El Portillo Decoraci\u00f3n","article_modified_time":"2025-11-24T21:49:08+00:00","og_image":[{"width":1100,"height":1100,"url":"https:\/\/elportillodecoracion.es\/wp-content\/uploads\/2025\/02\/vaso-testa-sicily-luilei2assh15-c1.jpg","type":"image\/jpeg"}],"twitter_card":"summary_large_image","twitter_misc":{"Price":"25,90&euro; IVA inc","Availability":"In stock"},"schema":{"@context":"https:\/\/schema.org","@graph":[{"@type":"WebPage","@id":"https:\/\/elportillodecoracion.es\/tienda\/cabeza-de-jarron-siciliana-hombre\/","url":"https:\/\/elportillodecoracion.es\/tienda\/cabeza-de-jarron-siciliana-hombre\/","name":"CABEZA DE JARRON SICILIANA HOMBRE - El Portillo Decoraci\u00f3n","isPartOf":{"@id":"https:\/\/elportillodecoracion.es\/#website"},"primaryImageOfPage":{"@id":"https:\/\/elportillodecoracion.es\/tienda\/cabeza-de-jarron-siciliana-hombre\/#primaryimage"},"image":{"@id":"https:\/\/elportillodecoracion.es\/tienda\/cabeza-de-jarron-siciliana-hombre\/#primaryimage"},"thumbnailUrl":"https:\/\/elportillodecoracion.es\/wp-content\/uploads\/2025\/02\/vaso-testa-sicily-luilei2assh15-c1.jpg","datePublished":"2025-02-25T09:47:44+00:00","dateModified":"2025-11-24T21:49:08+00:00","description":"Si eres amante de las piezas decorativas exclusivas, esta pieza es para ti. Arte en su m\u00e1xima expresi\u00f3n, dise\u00f1o \u00fanico y pintada a mano. Con esta pieza le dar\u00e1s a ese rinc\u00f3n un estilo inconfundible. . Medidas: 15 x 10 cm. . Color: multicolor.","breadcrumb":{"@id":"https:\/\/elportillodecoracion.es\/tienda\/cabeza-de-jarron-siciliana-hombre\/#breadcrumb"},"inLanguage":"en-US","potentialAction":[{"@type":"ReadAction","target":["https:\/\/elportillodecoracion.es\/tienda\/cabeza-de-jarron-siciliana-hombre\/"]}]},{"@type":"ImageObject","inLanguage":"en-US","@id":"https:\/\/elportillodecoracion.es\/tienda\/cabeza-de-jarron-siciliana-hombre\/#primaryimage","url":"https:\/\/elportillodecoracion.es\/wp-content\/uploads\/2025\/02\/vaso-testa-sicily-luilei2assh15-c1.jpg","contentUrl":"https:\/\/elportillodecoracion.es\/wp-content\/uploads\/2025\/02\/vaso-testa-sicily-luilei2assh15-c1.jpg","width":1100,"height":1100},{"@type":"BreadcrumbList","@id":"https:\/\/elportillodecoracion.es\/tienda\/cabeza-de-jarron-siciliana-hombre\/#breadcrumb","itemListElement":[{"@type":"ListItem","position":1,"name":"Portada","item":"https:\/\/elportillodecoracion.es\/"},{"@type":"ListItem","position":2,"name":"Tienda","item":"https:\/\/elportillodecoracion.es\/tienda\/"},{"@type":"ListItem","position":3,"name":"CABEZA DE JARRON SICILIANA HOMBRE"}]},{"@type":"WebSite","@id":"https:\/\/elportillodecoracion.es\/#website","url":"https:\/\/elportillodecoracion.es\/","name":"El Portillo Decoraci\u00f3n","description":"Muebles y Decoraci\u00f3n","publisher":{"@id":"https:\/\/elportillodecoracion.es\/#organization"},"potentialAction":[{"@type":"SearchAction","target":{"@type":"EntryPoint","urlTemplate":"https:\/\/elportillodecoracion.es\/?s={search_term_string}"},"query-input":{"@type":"PropertyValueSpecification","valueRequired":true,"valueName":"search_term_string"}}],"inLanguage":"en-US"},{"@type":"Organization","@id":"https:\/\/elportillodecoracion.es\/#organization","name":"El Portillo Decoraci\u00f3n","url":"https:\/\/elportillodecoracion.es\/","logo":{"@type":"ImageObject","inLanguage":"en-US","@id":"https:\/\/elportillodecoracion.es\/#\/schema\/logo\/image\/","url":"https:\/\/elportillodecoracion.es\/wp-content\/uploads\/2018\/11\/El-Portillo_logo-300.jpg","contentUrl":"https:\/\/elportillodecoracion.es\/wp-content\/uploads\/2018\/11\/El-Portillo_logo-300.jpg","width":350,"height":91,"caption":"El Portillo Decoraci\u00f3n"},"image":{"@id":"https:\/\/elportillodecoracion.es\/#\/schema\/logo\/image\/"}}]},"product_price_amount":"25.90","product_price_currency":"EUR","og_availability":"instock","product_availability":"instock","product_retailer_item_id":"016822-1","product_condition":"new"},"_links":{"self":[{"href":"https:\/\/elportillodecoracion.es\/en\/wp-json\/wp\/v2\/product\/23104","targetHints":{"allow":["GET"]}}],"collection":[{"href":"https:\/\/elportillodecoracion.es\/en\/wp-json\/wp\/v2\/product"}],"about":[{"href":"https:\/\/elportillodecoracion.es\/en\/wp-json\/wp\/v2\/types\/product"}],"replies":[{"embeddable":true,"href":"https:\/\/elportillodecoracion.es\/en\/wp-json\/wp\/v2\/comments?post=23104"}],"wp:featuredmedia":[{"embeddable":true,"href":"https:\/\/elportillodecoracion.es\/en\/wp-json\/wp\/v2\/media\/22713"}],"wp:attachment":[{"href":"https:\/\/elportillodecoracion.es\/en\/wp-json\/wp\/v2\/media?parent=23104"}],"wp:term":[{"taxonomy":"product_cat","embeddable":true,"href":"https:\/\/elportillodecoracion.es\/en\/wp-json\/wp\/v2\/product_cat?post=23104"},{"taxonomy":"product_tag","embeddable":true,"href":"https:\/\/elportillodecoracion.es\/en\/wp-json\/wp\/v2\/product_tag?post=23104"}],"curies":[{"name":"wp","href":"https:\/\/api.w.org\/{rel}","templated":true}]}}