{"id":23034,"date":"2025-02-22T17:52:43","date_gmt":"2025-02-22T16:52:43","guid":{"rendered":"https:\/\/elportillodecoracion.es\/?post_type=product&#038;p=23034"},"modified":"2025-02-22T18:33:15","modified_gmt":"2025-02-22T17:33:15","slug":"bandeja-medusa","status":"publish","type":"product","link":"https:\/\/elportillodecoracion.es\/en\/tienda\/bandeja-medusa\/","title":{"rendered":"BANDEJA MEDUSA"},"content":{"rendered":"","protected":false},"excerpt":{"rendered":"<p data-start=\"91\" data-end=\"172\">\u00a1Eleva la decoraci\u00f3n de tu hogar con nuestra bandeja de dise\u00f1o exclusivo VERSACE!<\/p>\n<p data-start=\"91\" data-end=\"172\">Transforma cualquier espacio con esta bandeja con asa colmillo en metacrilato, \u00fanica que puedes utilizar como centro de mesa que combina funcionalidad y estilo. Perfecta para decorar tu mesa, tu mueble bar o aparador, organizar tus objetos personales o como pieza central en tu sala de estar. \u00a1Un toque de arte en cada rinc\u00f3n! Con acabados que reflejan sofisticaci\u00f3n, ideal para aquellos que aman los detalles LUXURY. No es solo una bandeja cualquiera, es una declaraci\u00f3n de estilo.<\/p>\n<p data-start=\"91\" data-end=\"172\">. Medidas: 45 x 31 x 11 cm<\/p>\n<p data-start=\"91\" data-end=\"172\">. Material: MDF \/ PU \/ acr\u00edlico.<\/p>\n<p data-start=\"91\" data-end=\"172\">. Color: fondo azul cobalto, borde negro brillo<\/p>\n<p data-start=\"91\" data-end=\"172\">. Asa en forma del colmillo transparente y dorado.<\/p>\n<p data-start=\"91\" data-end=\"172\">\n","protected":false},"featured_media":23035,"comment_status":"open","ping_status":"closed","template":"","meta":{"_joinchat":[]},"product_cat":[840,710,825],"product_tag":[983],"class_list":{"0":"post-23034","1":"product","2":"type-product","3":"status-publish","4":"has-post-thumbnail","6":"product_cat-table-accessories","7":"product_cat-centerpieces","8":"product_cat-estilo-luxury-en","9":"product_tag-bandeja","11":"first","12":"instock","13":"taxable","14":"shipping-taxable","15":"purchasable","16":"product-type-simple"},"yoast_head":"<!-- This site is optimized with the Yoast SEO Premium plugin v23.0 (Yoast SEO v25.6) - https:\/\/yoast.com\/wordpress\/plugins\/seo\/ -->\n<title>BANDEJA MEDUSA - El Portillo Decoraci\u00f3n<\/title>\n<meta name=\"description\" content=\"\u00a1Eleva la decoraci\u00f3n de tu hogar con nuestra bandeja de dise\u00f1o exclusivo VERSACE! Transforma cualquier espacio con esta bandeja con asa colmillo en metacrilato, \u00fanica que puedes utilizar como centro de mesa que combina funcionalidad y estilo. Perfecta para decorar tu mesa, tu mueble bar o aparador, organizar tus objetos personales o como pieza central en tu sala de estar. \u00a1Un toque de arte en cada rinc\u00f3n! Con acabados que reflejan sofisticaci\u00f3n, ideal para aquellos que aman los detalles LUXURY. No es solo una bandeja cualquiera, es una declaraci\u00f3n de estilo. . Medidas: 45 x 31 x 11 cm . Material: MDF \/ PU \/ acr\u00edlico. . Color: fondo azul cobalto, borde negro brillo . Asa en forma del colmillo transparente y dorado.\" \/>\n<meta name=\"robots\" content=\"index, follow, max-snippet:-1, max-image-preview:large, max-video-preview:-1\" \/>\n<link rel=\"canonical\" href=\"https:\/\/elportillodecoracion.es\/tienda\/bandeja-medusa\/\" \/>\n<meta property=\"og:locale\" content=\"en_US\" \/>\n<meta property=\"og:type\" content=\"article\" \/>\n<meta property=\"og:title\" content=\"BANDEJA MEDUSA\" \/>\n<meta property=\"og:description\" content=\"\u00a1Eleva la decoraci\u00f3n de tu hogar con nuestra bandeja de dise\u00f1o exclusivo VERSACE! Transforma cualquier espacio con esta bandeja con asa colmillo en metacrilato, \u00fanica que puedes utilizar como centro de mesa que combina funcionalidad y estilo. Perfecta para decorar tu mesa, tu mueble bar o aparador, organizar tus objetos personales o como pieza central en tu sala de estar. \u00a1Un toque de arte en cada rinc\u00f3n! Con acabados que reflejan sofisticaci\u00f3n, ideal para aquellos que aman los detalles LUXURY. No es solo una bandeja cualquiera, es una declaraci\u00f3n de estilo. . Medidas: 45 x 31 x 11 cm . Material: MDF \/ PU \/ acr\u00edlico. . Color: fondo azul cobalto, borde negro brillo . Asa en forma del colmillo transparente y dorado.\" \/>\n<meta property=\"og:url\" content=\"https:\/\/elportillodecoracion.es\/tienda\/bandeja-medusa\/\" \/>\n<meta property=\"og:site_name\" content=\"El Portillo Decoraci\u00f3n\" \/>\n<meta property=\"article:modified_time\" content=\"2025-02-22T17:33:15+00:00\" \/>\n<meta property=\"og:image\" content=\"https:\/\/elportillodecoracion.es\/wp-content\/uploads\/2025\/02\/918025.jpg\" \/>\n\t<meta property=\"og:image:width\" content=\"1920\" \/>\n\t<meta property=\"og:image:height\" content=\"1280\" \/>\n\t<meta property=\"og:image:type\" content=\"image\/jpeg\" \/>\n<meta name=\"twitter:card\" content=\"summary_large_image\" \/>\n<meta name=\"twitter:label1\" content=\"Price\" \/>\n\t<meta name=\"twitter:data1\" content=\"229,00&euro; IVA inc\" \/>\n\t<meta name=\"twitter:label2\" content=\"Availability\" \/>\n\t<meta name=\"twitter:data2\" content=\"In stock\" \/>\n<script type=\"application\/ld+json\" class=\"yoast-schema-graph\">{\"@context\":\"https:\/\/schema.org\",\"@graph\":[{\"@type\":\"WebPage\",\"@id\":\"https:\/\/elportillodecoracion.es\/tienda\/bandeja-medusa\/\",\"url\":\"https:\/\/elportillodecoracion.es\/tienda\/bandeja-medusa\/\",\"name\":\"BANDEJA MEDUSA - El Portillo Decoraci\u00f3n\",\"isPartOf\":{\"@id\":\"https:\/\/elportillodecoracion.es\/#website\"},\"primaryImageOfPage\":{\"@id\":\"https:\/\/elportillodecoracion.es\/tienda\/bandeja-medusa\/#primaryimage\"},\"image\":{\"@id\":\"https:\/\/elportillodecoracion.es\/tienda\/bandeja-medusa\/#primaryimage\"},\"thumbnailUrl\":\"https:\/\/elportillodecoracion.es\/wp-content\/uploads\/2025\/02\/918025.jpg\",\"datePublished\":\"2025-02-22T16:52:43+00:00\",\"dateModified\":\"2025-02-22T17:33:15+00:00\",\"description\":\"\u00a1Eleva la decoraci\u00f3n de tu hogar con nuestra bandeja de dise\u00f1o exclusivo VERSACE! Transforma cualquier espacio con esta bandeja con asa colmillo en metacrilato, \u00fanica que puedes utilizar como centro de mesa que combina funcionalidad y estilo. Perfecta para decorar tu mesa, tu mueble bar o aparador, organizar tus objetos personales o como pieza central en tu sala de estar. \u00a1Un toque de arte en cada rinc\u00f3n! Con acabados que reflejan sofisticaci\u00f3n, ideal para aquellos que aman los detalles LUXURY. No es solo una bandeja cualquiera, es una declaraci\u00f3n de estilo. . Medidas: 45 x 31 x 11 cm . Material: MDF \/ PU \/ acr\u00edlico. . Color: fondo azul cobalto, borde negro brillo . Asa en forma del colmillo transparente y dorado.\",\"breadcrumb\":{\"@id\":\"https:\/\/elportillodecoracion.es\/tienda\/bandeja-medusa\/#breadcrumb\"},\"inLanguage\":\"en-US\",\"potentialAction\":[{\"@type\":\"ReadAction\",\"target\":[\"https:\/\/elportillodecoracion.es\/tienda\/bandeja-medusa\/\"]}]},{\"@type\":\"ImageObject\",\"inLanguage\":\"en-US\",\"@id\":\"https:\/\/elportillodecoracion.es\/tienda\/bandeja-medusa\/#primaryimage\",\"url\":\"https:\/\/elportillodecoracion.es\/wp-content\/uploads\/2025\/02\/918025.jpg\",\"contentUrl\":\"https:\/\/elportillodecoracion.es\/wp-content\/uploads\/2025\/02\/918025.jpg\",\"width\":1920,\"height\":1280},{\"@type\":\"BreadcrumbList\",\"@id\":\"https:\/\/elportillodecoracion.es\/tienda\/bandeja-medusa\/#breadcrumb\",\"itemListElement\":[{\"@type\":\"ListItem\",\"position\":1,\"name\":\"Portada\",\"item\":\"https:\/\/elportillodecoracion.es\/\"},{\"@type\":\"ListItem\",\"position\":2,\"name\":\"Tienda\",\"item\":\"https:\/\/elportillodecoracion.es\/tienda\/\"},{\"@type\":\"ListItem\",\"position\":3,\"name\":\"BANDEJA MEDUSA\"}]},{\"@type\":\"WebSite\",\"@id\":\"https:\/\/elportillodecoracion.es\/#website\",\"url\":\"https:\/\/elportillodecoracion.es\/\",\"name\":\"El Portillo Decoraci\u00f3n\",\"description\":\"Muebles y Decoraci\u00f3n\",\"publisher\":{\"@id\":\"https:\/\/elportillodecoracion.es\/#organization\"},\"potentialAction\":[{\"@type\":\"SearchAction\",\"target\":{\"@type\":\"EntryPoint\",\"urlTemplate\":\"https:\/\/elportillodecoracion.es\/?s={search_term_string}\"},\"query-input\":{\"@type\":\"PropertyValueSpecification\",\"valueRequired\":true,\"valueName\":\"search_term_string\"}}],\"inLanguage\":\"en-US\"},{\"@type\":\"Organization\",\"@id\":\"https:\/\/elportillodecoracion.es\/#organization\",\"name\":\"El Portillo Decoraci\u00f3n\",\"url\":\"https:\/\/elportillodecoracion.es\/\",\"logo\":{\"@type\":\"ImageObject\",\"inLanguage\":\"en-US\",\"@id\":\"https:\/\/elportillodecoracion.es\/#\/schema\/logo\/image\/\",\"url\":\"https:\/\/elportillodecoracion.es\/wp-content\/uploads\/2018\/11\/El-Portillo_logo-300.jpg\",\"contentUrl\":\"https:\/\/elportillodecoracion.es\/wp-content\/uploads\/2018\/11\/El-Portillo_logo-300.jpg\",\"width\":350,\"height\":91,\"caption\":\"El Portillo Decoraci\u00f3n\"},\"image\":{\"@id\":\"https:\/\/elportillodecoracion.es\/#\/schema\/logo\/image\/\"}}]}<\/script>\n<meta property=\"product:price:amount\" content=\"229.00\" \/>\n<meta property=\"product:price:currency\" content=\"EUR\" \/>\n<meta property=\"og:availability\" content=\"instock\" \/>\n<meta property=\"product:availability\" content=\"instock\" \/>\n<meta property=\"product:retailer_item_id\" content=\"918025\" \/>\n<meta property=\"product:condition\" content=\"new\" \/>\n<!-- \/ Yoast SEO Premium plugin. -->","yoast_head_json":{"title":"BANDEJA MEDUSA - El Portillo Decoraci\u00f3n","description":"\u00a1Eleva la decoraci\u00f3n de tu hogar con nuestra bandeja de dise\u00f1o exclusivo VERSACE! Transforma cualquier espacio con esta bandeja con asa colmillo en metacrilato, \u00fanica que puedes utilizar como centro de mesa que combina funcionalidad y estilo. Perfecta para decorar tu mesa, tu mueble bar o aparador, organizar tus objetos personales o como pieza central en tu sala de estar. \u00a1Un toque de arte en cada rinc\u00f3n! Con acabados que reflejan sofisticaci\u00f3n, ideal para aquellos que aman los detalles LUXURY. No es solo una bandeja cualquiera, es una declaraci\u00f3n de estilo. . Medidas: 45 x 31 x 11 cm . Material: MDF \/ PU \/ acr\u00edlico. . Color: fondo azul cobalto, borde negro brillo . Asa en forma del colmillo transparente y dorado.","robots":{"index":"index","follow":"follow","max-snippet":"max-snippet:-1","max-image-preview":"max-image-preview:large","max-video-preview":"max-video-preview:-1"},"canonical":"https:\/\/elportillodecoracion.es\/tienda\/bandeja-medusa\/","og_locale":"en_US","og_type":"article","og_title":"BANDEJA MEDUSA","og_description":"\u00a1Eleva la decoraci\u00f3n de tu hogar con nuestra bandeja de dise\u00f1o exclusivo VERSACE! Transforma cualquier espacio con esta bandeja con asa colmillo en metacrilato, \u00fanica que puedes utilizar como centro de mesa que combina funcionalidad y estilo. Perfecta para decorar tu mesa, tu mueble bar o aparador, organizar tus objetos personales o como pieza central en tu sala de estar. \u00a1Un toque de arte en cada rinc\u00f3n! Con acabados que reflejan sofisticaci\u00f3n, ideal para aquellos que aman los detalles LUXURY. No es solo una bandeja cualquiera, es una declaraci\u00f3n de estilo. . Medidas: 45 x 31 x 11 cm . Material: MDF \/ PU \/ acr\u00edlico. . Color: fondo azul cobalto, borde negro brillo . Asa en forma del colmillo transparente y dorado.","og_url":"https:\/\/elportillodecoracion.es\/tienda\/bandeja-medusa\/","og_site_name":"El Portillo Decoraci\u00f3n","article_modified_time":"2025-02-22T17:33:15+00:00","og_image":[{"width":1920,"height":1280,"url":"https:\/\/elportillodecoracion.es\/wp-content\/uploads\/2025\/02\/918025.jpg","type":"image\/jpeg"}],"twitter_card":"summary_large_image","twitter_misc":{"Price":"229,00&euro; IVA inc","Availability":"In stock"},"schema":{"@context":"https:\/\/schema.org","@graph":[{"@type":"WebPage","@id":"https:\/\/elportillodecoracion.es\/tienda\/bandeja-medusa\/","url":"https:\/\/elportillodecoracion.es\/tienda\/bandeja-medusa\/","name":"BANDEJA MEDUSA - El Portillo Decoraci\u00f3n","isPartOf":{"@id":"https:\/\/elportillodecoracion.es\/#website"},"primaryImageOfPage":{"@id":"https:\/\/elportillodecoracion.es\/tienda\/bandeja-medusa\/#primaryimage"},"image":{"@id":"https:\/\/elportillodecoracion.es\/tienda\/bandeja-medusa\/#primaryimage"},"thumbnailUrl":"https:\/\/elportillodecoracion.es\/wp-content\/uploads\/2025\/02\/918025.jpg","datePublished":"2025-02-22T16:52:43+00:00","dateModified":"2025-02-22T17:33:15+00:00","description":"\u00a1Eleva la decoraci\u00f3n de tu hogar con nuestra bandeja de dise\u00f1o exclusivo VERSACE! Transforma cualquier espacio con esta bandeja con asa colmillo en metacrilato, \u00fanica que puedes utilizar como centro de mesa que combina funcionalidad y estilo. Perfecta para decorar tu mesa, tu mueble bar o aparador, organizar tus objetos personales o como pieza central en tu sala de estar. \u00a1Un toque de arte en cada rinc\u00f3n! Con acabados que reflejan sofisticaci\u00f3n, ideal para aquellos que aman los detalles LUXURY. No es solo una bandeja cualquiera, es una declaraci\u00f3n de estilo. . Medidas: 45 x 31 x 11 cm . Material: MDF \/ PU \/ acr\u00edlico. . Color: fondo azul cobalto, borde negro brillo . Asa en forma del colmillo transparente y dorado.","breadcrumb":{"@id":"https:\/\/elportillodecoracion.es\/tienda\/bandeja-medusa\/#breadcrumb"},"inLanguage":"en-US","potentialAction":[{"@type":"ReadAction","target":["https:\/\/elportillodecoracion.es\/tienda\/bandeja-medusa\/"]}]},{"@type":"ImageObject","inLanguage":"en-US","@id":"https:\/\/elportillodecoracion.es\/tienda\/bandeja-medusa\/#primaryimage","url":"https:\/\/elportillodecoracion.es\/wp-content\/uploads\/2025\/02\/918025.jpg","contentUrl":"https:\/\/elportillodecoracion.es\/wp-content\/uploads\/2025\/02\/918025.jpg","width":1920,"height":1280},{"@type":"BreadcrumbList","@id":"https:\/\/elportillodecoracion.es\/tienda\/bandeja-medusa\/#breadcrumb","itemListElement":[{"@type":"ListItem","position":1,"name":"Portada","item":"https:\/\/elportillodecoracion.es\/"},{"@type":"ListItem","position":2,"name":"Tienda","item":"https:\/\/elportillodecoracion.es\/tienda\/"},{"@type":"ListItem","position":3,"name":"BANDEJA MEDUSA"}]},{"@type":"WebSite","@id":"https:\/\/elportillodecoracion.es\/#website","url":"https:\/\/elportillodecoracion.es\/","name":"El Portillo Decoraci\u00f3n","description":"Muebles y Decoraci\u00f3n","publisher":{"@id":"https:\/\/elportillodecoracion.es\/#organization"},"potentialAction":[{"@type":"SearchAction","target":{"@type":"EntryPoint","urlTemplate":"https:\/\/elportillodecoracion.es\/?s={search_term_string}"},"query-input":{"@type":"PropertyValueSpecification","valueRequired":true,"valueName":"search_term_string"}}],"inLanguage":"en-US"},{"@type":"Organization","@id":"https:\/\/elportillodecoracion.es\/#organization","name":"El Portillo Decoraci\u00f3n","url":"https:\/\/elportillodecoracion.es\/","logo":{"@type":"ImageObject","inLanguage":"en-US","@id":"https:\/\/elportillodecoracion.es\/#\/schema\/logo\/image\/","url":"https:\/\/elportillodecoracion.es\/wp-content\/uploads\/2018\/11\/El-Portillo_logo-300.jpg","contentUrl":"https:\/\/elportillodecoracion.es\/wp-content\/uploads\/2018\/11\/El-Portillo_logo-300.jpg","width":350,"height":91,"caption":"El Portillo Decoraci\u00f3n"},"image":{"@id":"https:\/\/elportillodecoracion.es\/#\/schema\/logo\/image\/"}}]},"product_price_amount":"229.00","product_price_currency":"EUR","og_availability":"instock","product_availability":"instock","product_retailer_item_id":"918025","product_condition":"new"},"_links":{"self":[{"href":"https:\/\/elportillodecoracion.es\/en\/wp-json\/wp\/v2\/product\/23034","targetHints":{"allow":["GET"]}}],"collection":[{"href":"https:\/\/elportillodecoracion.es\/en\/wp-json\/wp\/v2\/product"}],"about":[{"href":"https:\/\/elportillodecoracion.es\/en\/wp-json\/wp\/v2\/types\/product"}],"replies":[{"embeddable":true,"href":"https:\/\/elportillodecoracion.es\/en\/wp-json\/wp\/v2\/comments?post=23034"}],"wp:featuredmedia":[{"embeddable":true,"href":"https:\/\/elportillodecoracion.es\/en\/wp-json\/wp\/v2\/media\/23035"}],"wp:attachment":[{"href":"https:\/\/elportillodecoracion.es\/en\/wp-json\/wp\/v2\/media?parent=23034"}],"wp:term":[{"taxonomy":"product_cat","embeddable":true,"href":"https:\/\/elportillodecoracion.es\/en\/wp-json\/wp\/v2\/product_cat?post=23034"},{"taxonomy":"product_tag","embeddable":true,"href":"https:\/\/elportillodecoracion.es\/en\/wp-json\/wp\/v2\/product_tag?post=23034"}],"curies":[{"name":"wp","href":"https:\/\/api.w.org\/{rel}","templated":true}]}}