{"id":22509,"date":"2025-02-08T19:20:38","date_gmt":"2025-02-08T18:20:38","guid":{"rendered":"https:\/\/elportillodecoracion.es\/?post_type=product&#038;p=22509"},"modified":"2025-02-08T19:20:39","modified_gmt":"2025-02-08T18:20:39","slug":"vela-perfumada-cesta-azul","status":"publish","type":"product","link":"https:\/\/elportillodecoracion.es\/en\/tienda\/vela-perfumada-cesta-azul\/","title":{"rendered":"VELA PERFUMADA CESTA AZUL"},"content":{"rendered":"","protected":false},"excerpt":{"rendered":"<p>Nuestra vela arom\u00e1tica con aroma woody aurora, est\u00e1 acompa\u00f1ada por una hermosa cesta de colores vibrantes, perfecta para decorar cualquier rinc\u00f3n de tu hogar mientras disfrutas de una fragancia envolvente que calmar\u00e1 tus sentidos.<\/p>\n<p>Ideal para regalar o darte un momento de relajaci\u00f3n.<\/p>\n<p>. Medidas: 15, 5 cm alto, 12,5 cm ancho, 12, 5 cm largo.<\/p>\n<p>. Peso: 1, 45 kg<\/p>\n<p>. Material: parafina.<\/p>\n","protected":false},"featured_media":22510,"comment_status":"open","ping_status":"closed","template":"","meta":{"_joinchat":[]},"product_cat":[742],"product_tag":[932],"class_list":{"0":"post-22509","1":"product","2":"type-product","3":"status-publish","4":"has-post-thumbnail","6":"product_cat-candles-and-candle-holders","7":"product_tag-vela-aromatica","9":"first","10":"instock","11":"taxable","12":"shipping-taxable","13":"purchasable","14":"product-type-simple"},"yoast_head":"<!-- This site is optimized with the Yoast SEO Premium plugin v23.0 (Yoast SEO v25.6) - https:\/\/yoast.com\/wordpress\/plugins\/seo\/ -->\n<title>VELA PERFUMADA CESTA AZUL - El Portillo Decoraci\u00f3n<\/title>\n<meta name=\"description\" content=\"Nuestra vela arom\u00e1tica con aroma woody aurora, est\u00e1 acompa\u00f1ada por una hermosa cesta de colores vibrantes, perfecta para decorar cualquier rinc\u00f3n de tu hogar mientras disfrutas de una fragancia envolvente que calmar\u00e1 tus sentidos.  Ideal para regalar o darte un momento de relajaci\u00f3n.  . Medidas: 15, 5 cm alto, 12,5 cm ancho, 12, 5 cm largo.  . Peso: 1, 45 kg  . Material: parafina.\" \/>\n<meta name=\"robots\" content=\"index, follow, max-snippet:-1, max-image-preview:large, max-video-preview:-1\" \/>\n<link rel=\"canonical\" href=\"https:\/\/elportillodecoracion.es\/tienda\/vela-perfumada-cesta-azul\/\" \/>\n<meta property=\"og:locale\" content=\"en_US\" \/>\n<meta property=\"og:type\" content=\"article\" \/>\n<meta property=\"og:title\" content=\"VELA PERFUMADA CESTA AZUL\" \/>\n<meta property=\"og:description\" content=\"Nuestra vela arom\u00e1tica con aroma woody aurora, est\u00e1 acompa\u00f1ada por una hermosa cesta de colores vibrantes, perfecta para decorar cualquier rinc\u00f3n de tu hogar mientras disfrutas de una fragancia envolvente que calmar\u00e1 tus sentidos.  Ideal para regalar o darte un momento de relajaci\u00f3n.  . Medidas: 15, 5 cm alto, 12,5 cm ancho, 12, 5 cm largo.  . Peso: 1, 45 kg  . Material: parafina.\" \/>\n<meta property=\"og:url\" content=\"https:\/\/elportillodecoracion.es\/tienda\/vela-perfumada-cesta-azul\/\" \/>\n<meta property=\"og:site_name\" content=\"El Portillo Decoraci\u00f3n\" \/>\n<meta property=\"article:modified_time\" content=\"2025-02-08T18:20:39+00:00\" \/>\n<meta property=\"og:image\" content=\"https:\/\/elportillodecoracion.es\/wp-content\/uploads\/2025\/02\/40283.jpg\" \/>\n\t<meta property=\"og:image:width\" content=\"900\" \/>\n\t<meta property=\"og:image:height\" content=\"600\" \/>\n\t<meta property=\"og:image:type\" content=\"image\/jpeg\" \/>\n<meta name=\"twitter:card\" content=\"summary_large_image\" \/>\n<meta name=\"twitter:label1\" content=\"Price\" \/>\n\t<meta name=\"twitter:data1\" content=\"67,90&euro; IVA inc\" \/>\n\t<meta name=\"twitter:label2\" content=\"Availability\" \/>\n\t<meta name=\"twitter:data2\" content=\"In stock\" \/>\n<script type=\"application\/ld+json\" class=\"yoast-schema-graph\">{\"@context\":\"https:\/\/schema.org\",\"@graph\":[{\"@type\":\"WebPage\",\"@id\":\"https:\/\/elportillodecoracion.es\/tienda\/vela-perfumada-cesta-azul\/\",\"url\":\"https:\/\/elportillodecoracion.es\/tienda\/vela-perfumada-cesta-azul\/\",\"name\":\"VELA PERFUMADA CESTA AZUL - El Portillo Decoraci\u00f3n\",\"isPartOf\":{\"@id\":\"https:\/\/elportillodecoracion.es\/#website\"},\"primaryImageOfPage\":{\"@id\":\"https:\/\/elportillodecoracion.es\/tienda\/vela-perfumada-cesta-azul\/#primaryimage\"},\"image\":{\"@id\":\"https:\/\/elportillodecoracion.es\/tienda\/vela-perfumada-cesta-azul\/#primaryimage\"},\"thumbnailUrl\":\"https:\/\/elportillodecoracion.es\/wp-content\/uploads\/2025\/02\/40283.jpg\",\"datePublished\":\"2025-02-08T18:20:38+00:00\",\"dateModified\":\"2025-02-08T18:20:39+00:00\",\"description\":\"Nuestra vela arom\u00e1tica con aroma woody aurora, est\u00e1 acompa\u00f1ada por una hermosa cesta de colores vibrantes, perfecta para decorar cualquier rinc\u00f3n de tu hogar mientras disfrutas de una fragancia envolvente que calmar\u00e1 tus sentidos. Ideal para regalar o darte un momento de relajaci\u00f3n. . Medidas: 15, 5 cm alto, 12,5 cm ancho, 12, 5 cm largo. . Peso: 1, 45 kg . Material: parafina.\",\"breadcrumb\":{\"@id\":\"https:\/\/elportillodecoracion.es\/tienda\/vela-perfumada-cesta-azul\/#breadcrumb\"},\"inLanguage\":\"en-US\",\"potentialAction\":[{\"@type\":\"ReadAction\",\"target\":[\"https:\/\/elportillodecoracion.es\/tienda\/vela-perfumada-cesta-azul\/\"]}]},{\"@type\":\"ImageObject\",\"inLanguage\":\"en-US\",\"@id\":\"https:\/\/elportillodecoracion.es\/tienda\/vela-perfumada-cesta-azul\/#primaryimage\",\"url\":\"https:\/\/elportillodecoracion.es\/wp-content\/uploads\/2025\/02\/40283.jpg\",\"contentUrl\":\"https:\/\/elportillodecoracion.es\/wp-content\/uploads\/2025\/02\/40283.jpg\",\"width\":900,\"height\":600},{\"@type\":\"BreadcrumbList\",\"@id\":\"https:\/\/elportillodecoracion.es\/tienda\/vela-perfumada-cesta-azul\/#breadcrumb\",\"itemListElement\":[{\"@type\":\"ListItem\",\"position\":1,\"name\":\"Portada\",\"item\":\"https:\/\/elportillodecoracion.es\/\"},{\"@type\":\"ListItem\",\"position\":2,\"name\":\"Tienda\",\"item\":\"https:\/\/elportillodecoracion.es\/tienda\/\"},{\"@type\":\"ListItem\",\"position\":3,\"name\":\"VELA PERFUMADA CESTA AZUL\"}]},{\"@type\":\"WebSite\",\"@id\":\"https:\/\/elportillodecoracion.es\/#website\",\"url\":\"https:\/\/elportillodecoracion.es\/\",\"name\":\"El Portillo Decoraci\u00f3n\",\"description\":\"Muebles y Decoraci\u00f3n\",\"publisher\":{\"@id\":\"https:\/\/elportillodecoracion.es\/#organization\"},\"potentialAction\":[{\"@type\":\"SearchAction\",\"target\":{\"@type\":\"EntryPoint\",\"urlTemplate\":\"https:\/\/elportillodecoracion.es\/?s={search_term_string}\"},\"query-input\":{\"@type\":\"PropertyValueSpecification\",\"valueRequired\":true,\"valueName\":\"search_term_string\"}}],\"inLanguage\":\"en-US\"},{\"@type\":\"Organization\",\"@id\":\"https:\/\/elportillodecoracion.es\/#organization\",\"name\":\"El Portillo Decoraci\u00f3n\",\"url\":\"https:\/\/elportillodecoracion.es\/\",\"logo\":{\"@type\":\"ImageObject\",\"inLanguage\":\"en-US\",\"@id\":\"https:\/\/elportillodecoracion.es\/#\/schema\/logo\/image\/\",\"url\":\"https:\/\/elportillodecoracion.es\/wp-content\/uploads\/2018\/11\/El-Portillo_logo-300.jpg\",\"contentUrl\":\"https:\/\/elportillodecoracion.es\/wp-content\/uploads\/2018\/11\/El-Portillo_logo-300.jpg\",\"width\":350,\"height\":91,\"caption\":\"El Portillo Decoraci\u00f3n\"},\"image\":{\"@id\":\"https:\/\/elportillodecoracion.es\/#\/schema\/logo\/image\/\"}}]}<\/script>\n<meta property=\"product:price:amount\" content=\"67.90\" \/>\n<meta property=\"product:price:currency\" content=\"EUR\" \/>\n<meta property=\"og:availability\" content=\"instock\" \/>\n<meta property=\"product:availability\" content=\"instock\" \/>\n<meta property=\"product:retailer_item_id\" content=\"40283\" \/>\n<meta property=\"product:condition\" content=\"new\" \/>\n<!-- \/ Yoast SEO Premium plugin. -->","yoast_head_json":{"title":"VELA PERFUMADA CESTA AZUL - El Portillo Decoraci\u00f3n","description":"Nuestra vela arom\u00e1tica con aroma woody aurora, est\u00e1 acompa\u00f1ada por una hermosa cesta de colores vibrantes, perfecta para decorar cualquier rinc\u00f3n de tu hogar mientras disfrutas de una fragancia envolvente que calmar\u00e1 tus sentidos.  Ideal para regalar o darte un momento de relajaci\u00f3n.  . Medidas: 15, 5 cm alto, 12,5 cm ancho, 12, 5 cm largo.  . Peso: 1, 45 kg  . Material: parafina.","robots":{"index":"index","follow":"follow","max-snippet":"max-snippet:-1","max-image-preview":"max-image-preview:large","max-video-preview":"max-video-preview:-1"},"canonical":"https:\/\/elportillodecoracion.es\/tienda\/vela-perfumada-cesta-azul\/","og_locale":"en_US","og_type":"article","og_title":"VELA PERFUMADA CESTA AZUL","og_description":"Nuestra vela arom\u00e1tica con aroma woody aurora, est\u00e1 acompa\u00f1ada por una hermosa cesta de colores vibrantes, perfecta para decorar cualquier rinc\u00f3n de tu hogar mientras disfrutas de una fragancia envolvente que calmar\u00e1 tus sentidos.  Ideal para regalar o darte un momento de relajaci\u00f3n.  . Medidas: 15, 5 cm alto, 12,5 cm ancho, 12, 5 cm largo.  . Peso: 1, 45 kg  . Material: parafina.","og_url":"https:\/\/elportillodecoracion.es\/tienda\/vela-perfumada-cesta-azul\/","og_site_name":"El Portillo Decoraci\u00f3n","article_modified_time":"2025-02-08T18:20:39+00:00","og_image":[{"width":900,"height":600,"url":"https:\/\/elportillodecoracion.es\/wp-content\/uploads\/2025\/02\/40283.jpg","type":"image\/jpeg"}],"twitter_card":"summary_large_image","twitter_misc":{"Price":"67,90&euro; IVA inc","Availability":"In stock"},"schema":{"@context":"https:\/\/schema.org","@graph":[{"@type":"WebPage","@id":"https:\/\/elportillodecoracion.es\/tienda\/vela-perfumada-cesta-azul\/","url":"https:\/\/elportillodecoracion.es\/tienda\/vela-perfumada-cesta-azul\/","name":"VELA PERFUMADA CESTA AZUL - El Portillo Decoraci\u00f3n","isPartOf":{"@id":"https:\/\/elportillodecoracion.es\/#website"},"primaryImageOfPage":{"@id":"https:\/\/elportillodecoracion.es\/tienda\/vela-perfumada-cesta-azul\/#primaryimage"},"image":{"@id":"https:\/\/elportillodecoracion.es\/tienda\/vela-perfumada-cesta-azul\/#primaryimage"},"thumbnailUrl":"https:\/\/elportillodecoracion.es\/wp-content\/uploads\/2025\/02\/40283.jpg","datePublished":"2025-02-08T18:20:38+00:00","dateModified":"2025-02-08T18:20:39+00:00","description":"Nuestra vela arom\u00e1tica con aroma woody aurora, est\u00e1 acompa\u00f1ada por una hermosa cesta de colores vibrantes, perfecta para decorar cualquier rinc\u00f3n de tu hogar mientras disfrutas de una fragancia envolvente que calmar\u00e1 tus sentidos. Ideal para regalar o darte un momento de relajaci\u00f3n. . Medidas: 15, 5 cm alto, 12,5 cm ancho, 12, 5 cm largo. . Peso: 1, 45 kg . Material: parafina.","breadcrumb":{"@id":"https:\/\/elportillodecoracion.es\/tienda\/vela-perfumada-cesta-azul\/#breadcrumb"},"inLanguage":"en-US","potentialAction":[{"@type":"ReadAction","target":["https:\/\/elportillodecoracion.es\/tienda\/vela-perfumada-cesta-azul\/"]}]},{"@type":"ImageObject","inLanguage":"en-US","@id":"https:\/\/elportillodecoracion.es\/tienda\/vela-perfumada-cesta-azul\/#primaryimage","url":"https:\/\/elportillodecoracion.es\/wp-content\/uploads\/2025\/02\/40283.jpg","contentUrl":"https:\/\/elportillodecoracion.es\/wp-content\/uploads\/2025\/02\/40283.jpg","width":900,"height":600},{"@type":"BreadcrumbList","@id":"https:\/\/elportillodecoracion.es\/tienda\/vela-perfumada-cesta-azul\/#breadcrumb","itemListElement":[{"@type":"ListItem","position":1,"name":"Portada","item":"https:\/\/elportillodecoracion.es\/"},{"@type":"ListItem","position":2,"name":"Tienda","item":"https:\/\/elportillodecoracion.es\/tienda\/"},{"@type":"ListItem","position":3,"name":"VELA PERFUMADA CESTA AZUL"}]},{"@type":"WebSite","@id":"https:\/\/elportillodecoracion.es\/#website","url":"https:\/\/elportillodecoracion.es\/","name":"El Portillo Decoraci\u00f3n","description":"Muebles y Decoraci\u00f3n","publisher":{"@id":"https:\/\/elportillodecoracion.es\/#organization"},"potentialAction":[{"@type":"SearchAction","target":{"@type":"EntryPoint","urlTemplate":"https:\/\/elportillodecoracion.es\/?s={search_term_string}"},"query-input":{"@type":"PropertyValueSpecification","valueRequired":true,"valueName":"search_term_string"}}],"inLanguage":"en-US"},{"@type":"Organization","@id":"https:\/\/elportillodecoracion.es\/#organization","name":"El Portillo Decoraci\u00f3n","url":"https:\/\/elportillodecoracion.es\/","logo":{"@type":"ImageObject","inLanguage":"en-US","@id":"https:\/\/elportillodecoracion.es\/#\/schema\/logo\/image\/","url":"https:\/\/elportillodecoracion.es\/wp-content\/uploads\/2018\/11\/El-Portillo_logo-300.jpg","contentUrl":"https:\/\/elportillodecoracion.es\/wp-content\/uploads\/2018\/11\/El-Portillo_logo-300.jpg","width":350,"height":91,"caption":"El Portillo Decoraci\u00f3n"},"image":{"@id":"https:\/\/elportillodecoracion.es\/#\/schema\/logo\/image\/"}}]},"product_price_amount":"67.90","product_price_currency":"EUR","og_availability":"instock","product_availability":"instock","product_retailer_item_id":"40283","product_condition":"new"},"_links":{"self":[{"href":"https:\/\/elportillodecoracion.es\/en\/wp-json\/wp\/v2\/product\/22509","targetHints":{"allow":["GET"]}}],"collection":[{"href":"https:\/\/elportillodecoracion.es\/en\/wp-json\/wp\/v2\/product"}],"about":[{"href":"https:\/\/elportillodecoracion.es\/en\/wp-json\/wp\/v2\/types\/product"}],"replies":[{"embeddable":true,"href":"https:\/\/elportillodecoracion.es\/en\/wp-json\/wp\/v2\/comments?post=22509"}],"wp:featuredmedia":[{"embeddable":true,"href":"https:\/\/elportillodecoracion.es\/en\/wp-json\/wp\/v2\/media\/22510"}],"wp:attachment":[{"href":"https:\/\/elportillodecoracion.es\/en\/wp-json\/wp\/v2\/media?parent=22509"}],"wp:term":[{"taxonomy":"product_cat","embeddable":true,"href":"https:\/\/elportillodecoracion.es\/en\/wp-json\/wp\/v2\/product_cat?post=22509"},{"taxonomy":"product_tag","embeddable":true,"href":"https:\/\/elportillodecoracion.es\/en\/wp-json\/wp\/v2\/product_tag?post=22509"}],"curies":[{"name":"wp","href":"https:\/\/api.w.org\/{rel}","templated":true}]}}