{"id":18599,"date":"2024-07-16T20:27:46","date_gmt":"2024-07-16T18:27:46","guid":{"rendered":"https:\/\/elportillodecoracion.es\/?post_type=product&#038;p=18599"},"modified":"2024-11-28T19:09:59","modified_gmt":"2024-11-28T18:09:59","slug":"cojin-nudo-granate-35x35x25-cm","status":"publish","type":"product","link":"https:\/\/elportillodecoracion.es\/en\/tienda\/cojin-nudo-granate-35x35x25-cm\/","title":{"rendered":"COJ\u00cdN NUDO GRANATE 35x35x25 cm"},"content":{"rendered":"","protected":false},"excerpt":{"rendered":"<p>Con nuestro<strong> exclusivo coj\u00edn de nudo<\/strong> en <strong>color granate<\/strong> aportar\u00e1s<strong> elegancia y confort<\/strong> a tu hogar. Su <strong>acabado aterciopelado<\/strong>, adem\u00e1s de aportar una <strong>suavidad inigualable<\/strong>, a\u00f1ade un matiz de<strong> lujo<\/strong> a cualquier rinc\u00f3n.\u00a0 Ideal para sof\u00e1s, camas o sillas, este coj\u00edn es el complemento perfecto para realzar tu decoraci\u00f3n. Su dise\u00f1o \u00fanico y su vibrante color granate se integran perfectamente en <strong>ambientes modernos y cl\u00e1sicos.<\/strong><\/p>\n<p><strong>-Color: <\/strong>granate.<\/p>\n<p><strong>-Medidas:<\/strong> 35x35x25 cm.<\/p>\n","protected":false},"featured_media":18603,"comment_status":"open","ping_status":"closed","template":"","meta":{"_joinchat":[]},"product_cat":[740,825,738],"product_tag":[845],"class_list":{"0":"post-18599","1":"product","2":"type-product","3":"status-publish","4":"has-post-thumbnail","6":"product_cat-cushions","7":"product_cat-estilo-luxury-en","8":"product_cat-textile","9":"product_tag-terciopelo","11":"first","12":"outofstock","13":"taxable","14":"shipping-taxable","15":"purchasable","16":"product-type-simple"},"yoast_head":"<!-- This site is optimized with the Yoast SEO Premium plugin v23.0 (Yoast SEO v25.6) - https:\/\/yoast.com\/wordpress\/plugins\/seo\/ -->\n<title>COJ\u00cdN NUDO GRANATE 35x35x25 cm - El Portillo Decoraci\u00f3n<\/title>\n<meta name=\"description\" content=\"Con nuestro exclusivo coj\u00edn de nudo en color granate aportar\u00e1s elegancia y confort a tu hogar. Su acabado aterciopelado, adem\u00e1s de aportar una suavidad inigualable, a\u00f1ade un matiz de lujo a cualquier rinc\u00f3n.\u00a0 Ideal para sof\u00e1s, camas o sillas, este coj\u00edn es el complemento perfecto para realzar tu decoraci\u00f3n. Su dise\u00f1o \u00fanico y su vibrante color granate se integran perfectamente en ambientes modernos y cl\u00e1sicos.  -Color: granate.  -Medidas: 35x35x25 cm.\" \/>\n<meta name=\"robots\" content=\"index, follow, max-snippet:-1, max-image-preview:large, max-video-preview:-1\" \/>\n<link rel=\"canonical\" href=\"https:\/\/elportillodecoracion.es\/tienda\/cojin-nudo-granate-35x35x25-cm\/\" \/>\n<meta property=\"og:locale\" content=\"en_US\" \/>\n<meta property=\"og:type\" content=\"article\" \/>\n<meta property=\"og:title\" content=\"COJ\u00cdN NUDO GRANATE 35x35x25 cm\" \/>\n<meta property=\"og:description\" content=\"Con nuestro exclusivo coj\u00edn de nudo en color granate aportar\u00e1s elegancia y confort a tu hogar. Su acabado aterciopelado, adem\u00e1s de aportar una suavidad inigualable, a\u00f1ade un matiz de lujo a cualquier rinc\u00f3n.\u00a0 Ideal para sof\u00e1s, camas o sillas, este coj\u00edn es el complemento perfecto para realzar tu decoraci\u00f3n. Su dise\u00f1o \u00fanico y su vibrante color granate se integran perfectamente en ambientes modernos y cl\u00e1sicos.  -Color: granate.  -Medidas: 35x35x25 cm.\" \/>\n<meta property=\"og:url\" content=\"https:\/\/elportillodecoracion.es\/tienda\/cojin-nudo-granate-35x35x25-cm\/\" \/>\n<meta property=\"og:site_name\" content=\"El Portillo Decoraci\u00f3n\" \/>\n<meta property=\"article:modified_time\" content=\"2024-11-28T18:09:59+00:00\" \/>\n<meta property=\"og:image\" content=\"https:\/\/elportillodecoracion.es\/wp-content\/uploads\/2024\/07\/UTVK00011606.jpg\" \/>\n\t<meta property=\"og:image:width\" content=\"1080\" \/>\n\t<meta property=\"og:image:height\" content=\"1080\" \/>\n\t<meta property=\"og:image:type\" content=\"image\/jpeg\" \/>\n<meta name=\"twitter:card\" content=\"summary_large_image\" \/>\n<meta name=\"twitter:label1\" content=\"Price\" \/>\n\t<meta name=\"twitter:data1\" content=\"39,90&euro; IVA inc\" \/>\n\t<meta name=\"twitter:label2\" content=\"Availability\" \/>\n\t<meta name=\"twitter:data2\" content=\"Out of stock\" \/>\n<script type=\"application\/ld+json\" class=\"yoast-schema-graph\">{\"@context\":\"https:\/\/schema.org\",\"@graph\":[{\"@type\":\"WebPage\",\"@id\":\"https:\/\/elportillodecoracion.es\/tienda\/cojin-nudo-granate-35x35x25-cm\/\",\"url\":\"https:\/\/elportillodecoracion.es\/tienda\/cojin-nudo-granate-35x35x25-cm\/\",\"name\":\"COJ\u00cdN NUDO GRANATE 35x35x25 cm - El Portillo Decoraci\u00f3n\",\"isPartOf\":{\"@id\":\"https:\/\/elportillodecoracion.es\/#website\"},\"primaryImageOfPage\":{\"@id\":\"https:\/\/elportillodecoracion.es\/tienda\/cojin-nudo-granate-35x35x25-cm\/#primaryimage\"},\"image\":{\"@id\":\"https:\/\/elportillodecoracion.es\/tienda\/cojin-nudo-granate-35x35x25-cm\/#primaryimage\"},\"thumbnailUrl\":\"https:\/\/elportillodecoracion.es\/wp-content\/uploads\/2024\/07\/UTVK00011606.jpg\",\"datePublished\":\"2024-07-16T18:27:46+00:00\",\"dateModified\":\"2024-11-28T18:09:59+00:00\",\"description\":\"Con nuestro exclusivo coj\u00edn de nudo en color granate aportar\u00e1s elegancia y confort a tu hogar. Su acabado aterciopelado, adem\u00e1s de aportar una suavidad inigualable, a\u00f1ade un matiz de lujo a cualquier rinc\u00f3n.\u00a0 Ideal para sof\u00e1s, camas o sillas, este coj\u00edn es el complemento perfecto para realzar tu decoraci\u00f3n. Su dise\u00f1o \u00fanico y su vibrante color granate se integran perfectamente en ambientes modernos y cl\u00e1sicos. -Color: granate. -Medidas: 35x35x25 cm.\",\"breadcrumb\":{\"@id\":\"https:\/\/elportillodecoracion.es\/tienda\/cojin-nudo-granate-35x35x25-cm\/#breadcrumb\"},\"inLanguage\":\"en-US\",\"potentialAction\":[{\"@type\":\"ReadAction\",\"target\":[\"https:\/\/elportillodecoracion.es\/tienda\/cojin-nudo-granate-35x35x25-cm\/\"]}]},{\"@type\":\"ImageObject\",\"inLanguage\":\"en-US\",\"@id\":\"https:\/\/elportillodecoracion.es\/tienda\/cojin-nudo-granate-35x35x25-cm\/#primaryimage\",\"url\":\"https:\/\/elportillodecoracion.es\/wp-content\/uploads\/2024\/07\/UTVK00011606.jpg\",\"contentUrl\":\"https:\/\/elportillodecoracion.es\/wp-content\/uploads\/2024\/07\/UTVK00011606.jpg\",\"width\":1080,\"height\":1080},{\"@type\":\"BreadcrumbList\",\"@id\":\"https:\/\/elportillodecoracion.es\/tienda\/cojin-nudo-granate-35x35x25-cm\/#breadcrumb\",\"itemListElement\":[{\"@type\":\"ListItem\",\"position\":1,\"name\":\"Portada\",\"item\":\"https:\/\/elportillodecoracion.es\/\"},{\"@type\":\"ListItem\",\"position\":2,\"name\":\"Tienda\",\"item\":\"https:\/\/elportillodecoracion.es\/tienda\/\"},{\"@type\":\"ListItem\",\"position\":3,\"name\":\"COJ\u00cdN NUDO GRANATE 35x35x25 cm\"}]},{\"@type\":\"WebSite\",\"@id\":\"https:\/\/elportillodecoracion.es\/#website\",\"url\":\"https:\/\/elportillodecoracion.es\/\",\"name\":\"El Portillo Decoraci\u00f3n\",\"description\":\"Muebles y Decoraci\u00f3n\",\"publisher\":{\"@id\":\"https:\/\/elportillodecoracion.es\/#organization\"},\"potentialAction\":[{\"@type\":\"SearchAction\",\"target\":{\"@type\":\"EntryPoint\",\"urlTemplate\":\"https:\/\/elportillodecoracion.es\/?s={search_term_string}\"},\"query-input\":{\"@type\":\"PropertyValueSpecification\",\"valueRequired\":true,\"valueName\":\"search_term_string\"}}],\"inLanguage\":\"en-US\"},{\"@type\":\"Organization\",\"@id\":\"https:\/\/elportillodecoracion.es\/#organization\",\"name\":\"El Portillo Decoraci\u00f3n\",\"url\":\"https:\/\/elportillodecoracion.es\/\",\"logo\":{\"@type\":\"ImageObject\",\"inLanguage\":\"en-US\",\"@id\":\"https:\/\/elportillodecoracion.es\/#\/schema\/logo\/image\/\",\"url\":\"https:\/\/elportillodecoracion.es\/wp-content\/uploads\/2018\/11\/El-Portillo_logo-300.jpg\",\"contentUrl\":\"https:\/\/elportillodecoracion.es\/wp-content\/uploads\/2018\/11\/El-Portillo_logo-300.jpg\",\"width\":350,\"height\":91,\"caption\":\"El Portillo Decoraci\u00f3n\"},\"image\":{\"@id\":\"https:\/\/elportillodecoracion.es\/#\/schema\/logo\/image\/\"}}]}<\/script>\n<meta property=\"product:price:amount\" content=\"39.90\" \/>\n<meta property=\"product:price:currency\" content=\"EUR\" \/>\n<meta property=\"og:availability\" content=\"out of stock\" \/>\n<meta property=\"product:availability\" content=\"out of stock\" \/>\n<meta property=\"product:retailer_item_id\" content=\"961881\" \/>\n<meta property=\"product:condition\" content=\"new\" \/>\n<!-- \/ Yoast SEO Premium plugin. -->","yoast_head_json":{"title":"COJ\u00cdN NUDO GRANATE 35x35x25 cm - El Portillo Decoraci\u00f3n","description":"Con nuestro exclusivo coj\u00edn de nudo en color granate aportar\u00e1s elegancia y confort a tu hogar. Su acabado aterciopelado, adem\u00e1s de aportar una suavidad inigualable, a\u00f1ade un matiz de lujo a cualquier rinc\u00f3n.\u00a0 Ideal para sof\u00e1s, camas o sillas, este coj\u00edn es el complemento perfecto para realzar tu decoraci\u00f3n. Su dise\u00f1o \u00fanico y su vibrante color granate se integran perfectamente en ambientes modernos y cl\u00e1sicos.  -Color: granate.  -Medidas: 35x35x25 cm.","robots":{"index":"index","follow":"follow","max-snippet":"max-snippet:-1","max-image-preview":"max-image-preview:large","max-video-preview":"max-video-preview:-1"},"canonical":"https:\/\/elportillodecoracion.es\/tienda\/cojin-nudo-granate-35x35x25-cm\/","og_locale":"en_US","og_type":"article","og_title":"COJ\u00cdN NUDO GRANATE 35x35x25 cm","og_description":"Con nuestro exclusivo coj\u00edn de nudo en color granate aportar\u00e1s elegancia y confort a tu hogar. Su acabado aterciopelado, adem\u00e1s de aportar una suavidad inigualable, a\u00f1ade un matiz de lujo a cualquier rinc\u00f3n.\u00a0 Ideal para sof\u00e1s, camas o sillas, este coj\u00edn es el complemento perfecto para realzar tu decoraci\u00f3n. Su dise\u00f1o \u00fanico y su vibrante color granate se integran perfectamente en ambientes modernos y cl\u00e1sicos.  -Color: granate.  -Medidas: 35x35x25 cm.","og_url":"https:\/\/elportillodecoracion.es\/tienda\/cojin-nudo-granate-35x35x25-cm\/","og_site_name":"El Portillo Decoraci\u00f3n","article_modified_time":"2024-11-28T18:09:59+00:00","og_image":[{"width":1080,"height":1080,"url":"https:\/\/elportillodecoracion.es\/wp-content\/uploads\/2024\/07\/UTVK00011606.jpg","type":"image\/jpeg"}],"twitter_card":"summary_large_image","twitter_misc":{"Price":"39,90&euro; IVA inc","Availability":"Out of stock"},"schema":{"@context":"https:\/\/schema.org","@graph":[{"@type":"WebPage","@id":"https:\/\/elportillodecoracion.es\/tienda\/cojin-nudo-granate-35x35x25-cm\/","url":"https:\/\/elportillodecoracion.es\/tienda\/cojin-nudo-granate-35x35x25-cm\/","name":"COJ\u00cdN NUDO GRANATE 35x35x25 cm - El Portillo Decoraci\u00f3n","isPartOf":{"@id":"https:\/\/elportillodecoracion.es\/#website"},"primaryImageOfPage":{"@id":"https:\/\/elportillodecoracion.es\/tienda\/cojin-nudo-granate-35x35x25-cm\/#primaryimage"},"image":{"@id":"https:\/\/elportillodecoracion.es\/tienda\/cojin-nudo-granate-35x35x25-cm\/#primaryimage"},"thumbnailUrl":"https:\/\/elportillodecoracion.es\/wp-content\/uploads\/2024\/07\/UTVK00011606.jpg","datePublished":"2024-07-16T18:27:46+00:00","dateModified":"2024-11-28T18:09:59+00:00","description":"Con nuestro exclusivo coj\u00edn de nudo en color granate aportar\u00e1s elegancia y confort a tu hogar. Su acabado aterciopelado, adem\u00e1s de aportar una suavidad inigualable, a\u00f1ade un matiz de lujo a cualquier rinc\u00f3n.\u00a0 Ideal para sof\u00e1s, camas o sillas, este coj\u00edn es el complemento perfecto para realzar tu decoraci\u00f3n. Su dise\u00f1o \u00fanico y su vibrante color granate se integran perfectamente en ambientes modernos y cl\u00e1sicos. -Color: granate. -Medidas: 35x35x25 cm.","breadcrumb":{"@id":"https:\/\/elportillodecoracion.es\/tienda\/cojin-nudo-granate-35x35x25-cm\/#breadcrumb"},"inLanguage":"en-US","potentialAction":[{"@type":"ReadAction","target":["https:\/\/elportillodecoracion.es\/tienda\/cojin-nudo-granate-35x35x25-cm\/"]}]},{"@type":"ImageObject","inLanguage":"en-US","@id":"https:\/\/elportillodecoracion.es\/tienda\/cojin-nudo-granate-35x35x25-cm\/#primaryimage","url":"https:\/\/elportillodecoracion.es\/wp-content\/uploads\/2024\/07\/UTVK00011606.jpg","contentUrl":"https:\/\/elportillodecoracion.es\/wp-content\/uploads\/2024\/07\/UTVK00011606.jpg","width":1080,"height":1080},{"@type":"BreadcrumbList","@id":"https:\/\/elportillodecoracion.es\/tienda\/cojin-nudo-granate-35x35x25-cm\/#breadcrumb","itemListElement":[{"@type":"ListItem","position":1,"name":"Portada","item":"https:\/\/elportillodecoracion.es\/"},{"@type":"ListItem","position":2,"name":"Tienda","item":"https:\/\/elportillodecoracion.es\/tienda\/"},{"@type":"ListItem","position":3,"name":"COJ\u00cdN NUDO GRANATE 35x35x25 cm"}]},{"@type":"WebSite","@id":"https:\/\/elportillodecoracion.es\/#website","url":"https:\/\/elportillodecoracion.es\/","name":"El Portillo Decoraci\u00f3n","description":"Muebles y Decoraci\u00f3n","publisher":{"@id":"https:\/\/elportillodecoracion.es\/#organization"},"potentialAction":[{"@type":"SearchAction","target":{"@type":"EntryPoint","urlTemplate":"https:\/\/elportillodecoracion.es\/?s={search_term_string}"},"query-input":{"@type":"PropertyValueSpecification","valueRequired":true,"valueName":"search_term_string"}}],"inLanguage":"en-US"},{"@type":"Organization","@id":"https:\/\/elportillodecoracion.es\/#organization","name":"El Portillo Decoraci\u00f3n","url":"https:\/\/elportillodecoracion.es\/","logo":{"@type":"ImageObject","inLanguage":"en-US","@id":"https:\/\/elportillodecoracion.es\/#\/schema\/logo\/image\/","url":"https:\/\/elportillodecoracion.es\/wp-content\/uploads\/2018\/11\/El-Portillo_logo-300.jpg","contentUrl":"https:\/\/elportillodecoracion.es\/wp-content\/uploads\/2018\/11\/El-Portillo_logo-300.jpg","width":350,"height":91,"caption":"El Portillo Decoraci\u00f3n"},"image":{"@id":"https:\/\/elportillodecoracion.es\/#\/schema\/logo\/image\/"}}]},"product_price_amount":"39.90","product_price_currency":"EUR","og_availability":"out of stock","product_availability":"out of stock","product_retailer_item_id":"961881","product_condition":"new"},"_links":{"self":[{"href":"https:\/\/elportillodecoracion.es\/en\/wp-json\/wp\/v2\/product\/18599","targetHints":{"allow":["GET"]}}],"collection":[{"href":"https:\/\/elportillodecoracion.es\/en\/wp-json\/wp\/v2\/product"}],"about":[{"href":"https:\/\/elportillodecoracion.es\/en\/wp-json\/wp\/v2\/types\/product"}],"replies":[{"embeddable":true,"href":"https:\/\/elportillodecoracion.es\/en\/wp-json\/wp\/v2\/comments?post=18599"}],"wp:featuredmedia":[{"embeddable":true,"href":"https:\/\/elportillodecoracion.es\/en\/wp-json\/wp\/v2\/media\/18603"}],"wp:attachment":[{"href":"https:\/\/elportillodecoracion.es\/en\/wp-json\/wp\/v2\/media?parent=18599"}],"wp:term":[{"taxonomy":"product_cat","embeddable":true,"href":"https:\/\/elportillodecoracion.es\/en\/wp-json\/wp\/v2\/product_cat?post=18599"},{"taxonomy":"product_tag","embeddable":true,"href":"https:\/\/elportillodecoracion.es\/en\/wp-json\/wp\/v2\/product_tag?post=18599"}],"curies":[{"name":"wp","href":"https:\/\/api.w.org\/{rel}","templated":true}]}}