{"id":18553,"date":"2024-06-15T13:00:42","date_gmt":"2024-06-15T11:00:42","guid":{"rendered":"https:\/\/elportillodecoracion.es\/?post_type=product&#038;p=18553"},"modified":"2024-09-19T20:44:40","modified_gmt":"2024-09-19T18:44:40","slug":"plato-limon-verde-gres-273x273x3-cm","status":"publish","type":"product","link":"https:\/\/elportillodecoracion.es\/en\/tienda\/plato-limon-verde-gres-273x273x3-cm\/","title":{"rendered":"PLATO LIM\u00d3N VERDE GRES 27,3\u00d727,3\u00d73 cm"},"content":{"rendered":"","protected":false},"excerpt":{"rendered":"<p>\u00bfTe gusta cuidar cada detalle de tu hogar y sorprender a tus invitados? Este<strong> plato de lim\u00f3n verde<\/strong>, de las \u00faltimas\u00a0<strong>tendencias<\/strong>, es la pieza ideal para darle un\u00a0<strong>toque original, fresco,\u00a0 y divertido<\/strong>\u00a0a tus comidas y cenas. Podr\u00e1s combinarlo con el resto de la\u00a0<strong>vajilla<\/strong>\u00a0disponible en\u00a0<strong>lim\u00f3n y naranja<\/strong>\u00a0en nuestra tienda,\u00a0<strong>El Portillo Decoraci\u00f3n<\/strong>, creando una bonita composici\u00f3n de cuencos, bandejas, bol, jarras\u2026 que aportar\u00e1n<strong>\u00a0alegr\u00eda y colorido<\/strong>\u00a0y no dejar\u00e1n indiferentes a tus seres queridos.<\/p>\n<p><strong>-Material:<\/strong>\u00a0gres.<\/p>\n<p><strong>-Color:<\/strong> verde, amarillo y blanco.<\/p>\n<p><strong>-Material:<\/strong>\u00a027,3cm largo x 27,3cm ancho x 3cm alto.<\/p>\n","protected":false},"featured_media":18555,"comment_status":"open","ping_status":"closed","template":"","meta":{"_joinchat":[]},"product_cat":[840,837,839],"product_tag":[847],"class_list":{"0":"post-18553","1":"product","2":"type-product","3":"status-publish","4":"has-post-thumbnail","6":"product_cat-table-accessories","7":"product_cat-dinning-hall","8":"product_cat-crockery","9":"product_tag-gres","11":"first","12":"outofstock","13":"taxable","14":"shipping-taxable","15":"purchasable","16":"product-type-simple"},"yoast_head":"<!-- This site is optimized with the Yoast SEO Premium plugin v23.0 (Yoast SEO v25.6) - https:\/\/yoast.com\/wordpress\/plugins\/seo\/ -->\n<title>PLATO LIM\u00d3N VERDE GRES 27,3\u00d727,3\u00d73 cm - El Portillo Decoraci\u00f3n<\/title>\n<meta name=\"description\" content=\"\u00bfTe gusta cuidar cada detalle de tu hogar y sorprender a tus invitados? Este plato de lim\u00f3n verde, de las \u00faltimas\u00a0tendencias, es la pieza ideal para darle un\u00a0toque original, fresco,\u00a0 y divertido\u00a0a tus comidas y cenas. Podr\u00e1s combinarlo con el resto de la\u00a0vajilla\u00a0disponible en\u00a0lim\u00f3n y naranja\u00a0en nuestra tienda,\u00a0El Portillo Decoraci\u00f3n, creando una bonita composici\u00f3n de cuencos, bandejas, bol, jarras\u2026 que aportar\u00e1n\u00a0alegr\u00eda y colorido\u00a0y no dejar\u00e1n indiferentes a tus seres queridos.  -Material:\u00a0gres.  -Color: verde, amarillo y blanco.  -Material:\u00a027,3cm largo x 27,3cm ancho x 3cm alto.\" \/>\n<meta name=\"robots\" content=\"index, follow, max-snippet:-1, max-image-preview:large, max-video-preview:-1\" \/>\n<link rel=\"canonical\" href=\"https:\/\/elportillodecoracion.es\/tienda\/plato-limon-verde-gres-273x273x3-cm\/\" \/>\n<meta property=\"og:locale\" content=\"en_US\" \/>\n<meta property=\"og:type\" content=\"article\" \/>\n<meta property=\"og:title\" content=\"PLATO LIM\u00d3N VERDE GRES 27,3\u00d727,3\u00d73 cm\" \/>\n<meta property=\"og:description\" content=\"\u00bfTe gusta cuidar cada detalle de tu hogar y sorprender a tus invitados? Este plato de lim\u00f3n verde, de las \u00faltimas\u00a0tendencias, es la pieza ideal para darle un\u00a0toque original, fresco,\u00a0 y divertido\u00a0a tus comidas y cenas. Podr\u00e1s combinarlo con el resto de la\u00a0vajilla\u00a0disponible en\u00a0lim\u00f3n y naranja\u00a0en nuestra tienda,\u00a0El Portillo Decoraci\u00f3n, creando una bonita composici\u00f3n de cuencos, bandejas, bol, jarras\u2026 que aportar\u00e1n\u00a0alegr\u00eda y colorido\u00a0y no dejar\u00e1n indiferentes a tus seres queridos.  -Material:\u00a0gres.  -Color: verde, amarillo y blanco.  -Material:\u00a027,3cm largo x 27,3cm ancho x 3cm alto.\" \/>\n<meta property=\"og:url\" content=\"https:\/\/elportillodecoracion.es\/tienda\/plato-limon-verde-gres-273x273x3-cm\/\" \/>\n<meta property=\"og:site_name\" content=\"El Portillo Decoraci\u00f3n\" \/>\n<meta property=\"article:modified_time\" content=\"2024-09-19T18:44:40+00:00\" \/>\n<meta property=\"og:image\" content=\"https:\/\/elportillodecoracion.es\/wp-content\/uploads\/2024\/06\/PC-211820-4-e1718449153714.jpg\" \/>\n\t<meta property=\"og:image:width\" content=\"1023\" \/>\n\t<meta property=\"og:image:height\" content=\"1333\" \/>\n\t<meta property=\"og:image:type\" content=\"image\/jpeg\" \/>\n<meta name=\"twitter:card\" content=\"summary_large_image\" \/>\n<meta name=\"twitter:label1\" content=\"Price\" \/>\n\t<meta name=\"twitter:data1\" content=\"13,90&euro; IVA inc\" \/>\n\t<meta name=\"twitter:label2\" content=\"Availability\" \/>\n\t<meta name=\"twitter:data2\" content=\"Out of stock\" \/>\n<script type=\"application\/ld+json\" class=\"yoast-schema-graph\">{\"@context\":\"https:\/\/schema.org\",\"@graph\":[{\"@type\":\"WebPage\",\"@id\":\"https:\/\/elportillodecoracion.es\/tienda\/plato-limon-verde-gres-273x273x3-cm\/\",\"url\":\"https:\/\/elportillodecoracion.es\/tienda\/plato-limon-verde-gres-273x273x3-cm\/\",\"name\":\"PLATO LIM\u00d3N VERDE GRES 27,3\u00d727,3\u00d73 cm - El Portillo Decoraci\u00f3n\",\"isPartOf\":{\"@id\":\"https:\/\/elportillodecoracion.es\/#website\"},\"primaryImageOfPage\":{\"@id\":\"https:\/\/elportillodecoracion.es\/tienda\/plato-limon-verde-gres-273x273x3-cm\/#primaryimage\"},\"image\":{\"@id\":\"https:\/\/elportillodecoracion.es\/tienda\/plato-limon-verde-gres-273x273x3-cm\/#primaryimage\"},\"thumbnailUrl\":\"https:\/\/elportillodecoracion.es\/wp-content\/uploads\/2024\/06\/PC-211820-4-e1718449153714.jpg\",\"datePublished\":\"2024-06-15T11:00:42+00:00\",\"dateModified\":\"2024-09-19T18:44:40+00:00\",\"description\":\"\u00bfTe gusta cuidar cada detalle de tu hogar y sorprender a tus invitados? Este plato de lim\u00f3n verde, de las \u00faltimas\u00a0tendencias, es la pieza ideal para darle un\u00a0toque original, fresco,\u00a0 y divertido\u00a0a tus comidas y cenas. Podr\u00e1s combinarlo con el resto de la\u00a0vajilla\u00a0disponible en\u00a0lim\u00f3n y naranja\u00a0en nuestra tienda,\u00a0El Portillo Decoraci\u00f3n, creando una bonita composici\u00f3n de cuencos, bandejas, bol, jarras\u2026 que aportar\u00e1n\u00a0alegr\u00eda y colorido\u00a0y no dejar\u00e1n indiferentes a tus seres queridos. -Material:\u00a0gres. -Color: verde, amarillo y blanco. -Material:\u00a027,3cm largo x 27,3cm ancho x 3cm alto.\",\"breadcrumb\":{\"@id\":\"https:\/\/elportillodecoracion.es\/tienda\/plato-limon-verde-gres-273x273x3-cm\/#breadcrumb\"},\"inLanguage\":\"en-US\",\"potentialAction\":[{\"@type\":\"ReadAction\",\"target\":[\"https:\/\/elportillodecoracion.es\/tienda\/plato-limon-verde-gres-273x273x3-cm\/\"]}]},{\"@type\":\"ImageObject\",\"inLanguage\":\"en-US\",\"@id\":\"https:\/\/elportillodecoracion.es\/tienda\/plato-limon-verde-gres-273x273x3-cm\/#primaryimage\",\"url\":\"https:\/\/elportillodecoracion.es\/wp-content\/uploads\/2024\/06\/PC-211820-4-e1718449153714.jpg\",\"contentUrl\":\"https:\/\/elportillodecoracion.es\/wp-content\/uploads\/2024\/06\/PC-211820-4-e1718449153714.jpg\",\"width\":1023,\"height\":1333},{\"@type\":\"BreadcrumbList\",\"@id\":\"https:\/\/elportillodecoracion.es\/tienda\/plato-limon-verde-gres-273x273x3-cm\/#breadcrumb\",\"itemListElement\":[{\"@type\":\"ListItem\",\"position\":1,\"name\":\"Portada\",\"item\":\"https:\/\/elportillodecoracion.es\/\"},{\"@type\":\"ListItem\",\"position\":2,\"name\":\"Tienda\",\"item\":\"https:\/\/elportillodecoracion.es\/tienda\/\"},{\"@type\":\"ListItem\",\"position\":3,\"name\":\"PLATO LIM\u00d3N VERDE GRES 27,3\u00d727,3\u00d73 cm\"}]},{\"@type\":\"WebSite\",\"@id\":\"https:\/\/elportillodecoracion.es\/#website\",\"url\":\"https:\/\/elportillodecoracion.es\/\",\"name\":\"El Portillo Decoraci\u00f3n\",\"description\":\"Muebles y Decoraci\u00f3n\",\"publisher\":{\"@id\":\"https:\/\/elportillodecoracion.es\/#organization\"},\"potentialAction\":[{\"@type\":\"SearchAction\",\"target\":{\"@type\":\"EntryPoint\",\"urlTemplate\":\"https:\/\/elportillodecoracion.es\/?s={search_term_string}\"},\"query-input\":{\"@type\":\"PropertyValueSpecification\",\"valueRequired\":true,\"valueName\":\"search_term_string\"}}],\"inLanguage\":\"en-US\"},{\"@type\":\"Organization\",\"@id\":\"https:\/\/elportillodecoracion.es\/#organization\",\"name\":\"El Portillo Decoraci\u00f3n\",\"url\":\"https:\/\/elportillodecoracion.es\/\",\"logo\":{\"@type\":\"ImageObject\",\"inLanguage\":\"en-US\",\"@id\":\"https:\/\/elportillodecoracion.es\/#\/schema\/logo\/image\/\",\"url\":\"https:\/\/elportillodecoracion.es\/wp-content\/uploads\/2018\/11\/El-Portillo_logo-300.jpg\",\"contentUrl\":\"https:\/\/elportillodecoracion.es\/wp-content\/uploads\/2018\/11\/El-Portillo_logo-300.jpg\",\"width\":350,\"height\":91,\"caption\":\"El Portillo Decoraci\u00f3n\"},\"image\":{\"@id\":\"https:\/\/elportillodecoracion.es\/#\/schema\/logo\/image\/\"}}]}<\/script>\n<meta property=\"product:price:amount\" content=\"13.90\" \/>\n<meta property=\"product:price:currency\" content=\"EUR\" \/>\n<meta property=\"og:availability\" content=\"out of stock\" \/>\n<meta property=\"product:availability\" content=\"out of stock\" \/>\n<meta property=\"product:retailer_item_id\" content=\"211801\" \/>\n<meta property=\"product:condition\" content=\"new\" \/>\n<!-- \/ Yoast SEO Premium plugin. -->","yoast_head_json":{"title":"PLATO LIM\u00d3N VERDE GRES 27,3\u00d727,3\u00d73 cm - El Portillo Decoraci\u00f3n","description":"\u00bfTe gusta cuidar cada detalle de tu hogar y sorprender a tus invitados? Este plato de lim\u00f3n verde, de las \u00faltimas\u00a0tendencias, es la pieza ideal para darle un\u00a0toque original, fresco,\u00a0 y divertido\u00a0a tus comidas y cenas. Podr\u00e1s combinarlo con el resto de la\u00a0vajilla\u00a0disponible en\u00a0lim\u00f3n y naranja\u00a0en nuestra tienda,\u00a0El Portillo Decoraci\u00f3n, creando una bonita composici\u00f3n de cuencos, bandejas, bol, jarras\u2026 que aportar\u00e1n\u00a0alegr\u00eda y colorido\u00a0y no dejar\u00e1n indiferentes a tus seres queridos.  -Material:\u00a0gres.  -Color: verde, amarillo y blanco.  -Material:\u00a027,3cm largo x 27,3cm ancho x 3cm alto.","robots":{"index":"index","follow":"follow","max-snippet":"max-snippet:-1","max-image-preview":"max-image-preview:large","max-video-preview":"max-video-preview:-1"},"canonical":"https:\/\/elportillodecoracion.es\/tienda\/plato-limon-verde-gres-273x273x3-cm\/","og_locale":"en_US","og_type":"article","og_title":"PLATO LIM\u00d3N VERDE GRES 27,3\u00d727,3\u00d73 cm","og_description":"\u00bfTe gusta cuidar cada detalle de tu hogar y sorprender a tus invitados? Este plato de lim\u00f3n verde, de las \u00faltimas\u00a0tendencias, es la pieza ideal para darle un\u00a0toque original, fresco,\u00a0 y divertido\u00a0a tus comidas y cenas. Podr\u00e1s combinarlo con el resto de la\u00a0vajilla\u00a0disponible en\u00a0lim\u00f3n y naranja\u00a0en nuestra tienda,\u00a0El Portillo Decoraci\u00f3n, creando una bonita composici\u00f3n de cuencos, bandejas, bol, jarras\u2026 que aportar\u00e1n\u00a0alegr\u00eda y colorido\u00a0y no dejar\u00e1n indiferentes a tus seres queridos.  -Material:\u00a0gres.  -Color: verde, amarillo y blanco.  -Material:\u00a027,3cm largo x 27,3cm ancho x 3cm alto.","og_url":"https:\/\/elportillodecoracion.es\/tienda\/plato-limon-verde-gres-273x273x3-cm\/","og_site_name":"El Portillo Decoraci\u00f3n","article_modified_time":"2024-09-19T18:44:40+00:00","og_image":[{"width":1023,"height":1333,"url":"https:\/\/elportillodecoracion.es\/wp-content\/uploads\/2024\/06\/PC-211820-4-e1718449153714.jpg","type":"image\/jpeg"}],"twitter_card":"summary_large_image","twitter_misc":{"Price":"13,90&euro; IVA inc","Availability":"Out of stock"},"schema":{"@context":"https:\/\/schema.org","@graph":[{"@type":"WebPage","@id":"https:\/\/elportillodecoracion.es\/tienda\/plato-limon-verde-gres-273x273x3-cm\/","url":"https:\/\/elportillodecoracion.es\/tienda\/plato-limon-verde-gres-273x273x3-cm\/","name":"PLATO LIM\u00d3N VERDE GRES 27,3\u00d727,3\u00d73 cm - El Portillo Decoraci\u00f3n","isPartOf":{"@id":"https:\/\/elportillodecoracion.es\/#website"},"primaryImageOfPage":{"@id":"https:\/\/elportillodecoracion.es\/tienda\/plato-limon-verde-gres-273x273x3-cm\/#primaryimage"},"image":{"@id":"https:\/\/elportillodecoracion.es\/tienda\/plato-limon-verde-gres-273x273x3-cm\/#primaryimage"},"thumbnailUrl":"https:\/\/elportillodecoracion.es\/wp-content\/uploads\/2024\/06\/PC-211820-4-e1718449153714.jpg","datePublished":"2024-06-15T11:00:42+00:00","dateModified":"2024-09-19T18:44:40+00:00","description":"\u00bfTe gusta cuidar cada detalle de tu hogar y sorprender a tus invitados? Este plato de lim\u00f3n verde, de las \u00faltimas\u00a0tendencias, es la pieza ideal para darle un\u00a0toque original, fresco,\u00a0 y divertido\u00a0a tus comidas y cenas. Podr\u00e1s combinarlo con el resto de la\u00a0vajilla\u00a0disponible en\u00a0lim\u00f3n y naranja\u00a0en nuestra tienda,\u00a0El Portillo Decoraci\u00f3n, creando una bonita composici\u00f3n de cuencos, bandejas, bol, jarras\u2026 que aportar\u00e1n\u00a0alegr\u00eda y colorido\u00a0y no dejar\u00e1n indiferentes a tus seres queridos. -Material:\u00a0gres. -Color: verde, amarillo y blanco. -Material:\u00a027,3cm largo x 27,3cm ancho x 3cm alto.","breadcrumb":{"@id":"https:\/\/elportillodecoracion.es\/tienda\/plato-limon-verde-gres-273x273x3-cm\/#breadcrumb"},"inLanguage":"en-US","potentialAction":[{"@type":"ReadAction","target":["https:\/\/elportillodecoracion.es\/tienda\/plato-limon-verde-gres-273x273x3-cm\/"]}]},{"@type":"ImageObject","inLanguage":"en-US","@id":"https:\/\/elportillodecoracion.es\/tienda\/plato-limon-verde-gres-273x273x3-cm\/#primaryimage","url":"https:\/\/elportillodecoracion.es\/wp-content\/uploads\/2024\/06\/PC-211820-4-e1718449153714.jpg","contentUrl":"https:\/\/elportillodecoracion.es\/wp-content\/uploads\/2024\/06\/PC-211820-4-e1718449153714.jpg","width":1023,"height":1333},{"@type":"BreadcrumbList","@id":"https:\/\/elportillodecoracion.es\/tienda\/plato-limon-verde-gres-273x273x3-cm\/#breadcrumb","itemListElement":[{"@type":"ListItem","position":1,"name":"Portada","item":"https:\/\/elportillodecoracion.es\/"},{"@type":"ListItem","position":2,"name":"Tienda","item":"https:\/\/elportillodecoracion.es\/tienda\/"},{"@type":"ListItem","position":3,"name":"PLATO LIM\u00d3N VERDE GRES 27,3\u00d727,3\u00d73 cm"}]},{"@type":"WebSite","@id":"https:\/\/elportillodecoracion.es\/#website","url":"https:\/\/elportillodecoracion.es\/","name":"El Portillo Decoraci\u00f3n","description":"Muebles y Decoraci\u00f3n","publisher":{"@id":"https:\/\/elportillodecoracion.es\/#organization"},"potentialAction":[{"@type":"SearchAction","target":{"@type":"EntryPoint","urlTemplate":"https:\/\/elportillodecoracion.es\/?s={search_term_string}"},"query-input":{"@type":"PropertyValueSpecification","valueRequired":true,"valueName":"search_term_string"}}],"inLanguage":"en-US"},{"@type":"Organization","@id":"https:\/\/elportillodecoracion.es\/#organization","name":"El Portillo Decoraci\u00f3n","url":"https:\/\/elportillodecoracion.es\/","logo":{"@type":"ImageObject","inLanguage":"en-US","@id":"https:\/\/elportillodecoracion.es\/#\/schema\/logo\/image\/","url":"https:\/\/elportillodecoracion.es\/wp-content\/uploads\/2018\/11\/El-Portillo_logo-300.jpg","contentUrl":"https:\/\/elportillodecoracion.es\/wp-content\/uploads\/2018\/11\/El-Portillo_logo-300.jpg","width":350,"height":91,"caption":"El Portillo Decoraci\u00f3n"},"image":{"@id":"https:\/\/elportillodecoracion.es\/#\/schema\/logo\/image\/"}}]},"product_price_amount":"13.90","product_price_currency":"EUR","og_availability":"out of stock","product_availability":"out of stock","product_retailer_item_id":"211801","product_condition":"new"},"_links":{"self":[{"href":"https:\/\/elportillodecoracion.es\/en\/wp-json\/wp\/v2\/product\/18553","targetHints":{"allow":["GET"]}}],"collection":[{"href":"https:\/\/elportillodecoracion.es\/en\/wp-json\/wp\/v2\/product"}],"about":[{"href":"https:\/\/elportillodecoracion.es\/en\/wp-json\/wp\/v2\/types\/product"}],"replies":[{"embeddable":true,"href":"https:\/\/elportillodecoracion.es\/en\/wp-json\/wp\/v2\/comments?post=18553"}],"wp:featuredmedia":[{"embeddable":true,"href":"https:\/\/elportillodecoracion.es\/en\/wp-json\/wp\/v2\/media\/18555"}],"wp:attachment":[{"href":"https:\/\/elportillodecoracion.es\/en\/wp-json\/wp\/v2\/media?parent=18553"}],"wp:term":[{"taxonomy":"product_cat","embeddable":true,"href":"https:\/\/elportillodecoracion.es\/en\/wp-json\/wp\/v2\/product_cat?post=18553"},{"taxonomy":"product_tag","embeddable":true,"href":"https:\/\/elportillodecoracion.es\/en\/wp-json\/wp\/v2\/product_tag?post=18553"}],"curies":[{"name":"wp","href":"https:\/\/api.w.org\/{rel}","templated":true}]}}