{"id":18152,"date":"2024-03-09T18:56:24","date_gmt":"2024-03-09T17:56:24","guid":{"rendered":"https:\/\/elportillodecoracion.es\/?post_type=product&#038;p=18152"},"modified":"2024-03-09T18:56:25","modified_gmt":"2024-03-09T17:56:25","slug":"rama-pompon-dalia-rosa-65-cm","status":"publish","type":"product","link":"https:\/\/elportillodecoracion.es\/en\/tienda\/rama-pompon-dalia-rosa-65-cm\/","title":{"rendered":"RAMA POMP\u00d3N DALIA ROSA 65 cm"},"content":{"rendered":"","protected":false},"excerpt":{"rendered":"<p>La <strong>dalia rosa, <\/strong>de origen mexicano, es una fl<strong>or<\/strong> con un significado<strong> simb\u00f3lico \u00fanico<\/strong>, hace referencia al <strong>cari\u00f1o<\/strong>, al <strong>compromiso<\/strong>, al <strong>crecimiento personal<\/strong> y a la <strong>elegancia<\/strong>. Una <strong>composici\u00f3n floral<\/strong> de este tipo de flor dar\u00e1 vida a tus jarrones aportando <strong>colorido y alegr\u00eda<\/strong> a tu <strong>hogar, <\/strong>adem\u00e1s de embellecer tu decoraci\u00f3n. Su tallo flexible permite adaptar la rama a la longitud que necesites.<\/p>\n<p><strong>-Color:<\/strong> rosa.<\/p>\n<p><strong>-Medidas:<\/strong> 65 cm.<\/p>\n","protected":false},"featured_media":18154,"comment_status":"open","ping_status":"closed","template":"","meta":{"_joinchat":[]},"product_cat":[28],"product_tag":[],"class_list":{"0":"post-18152","1":"product","2":"type-product","3":"status-publish","4":"has-post-thumbnail","6":"product_cat-uncategorized","8":"first","9":"instock","10":"taxable","11":"shipping-taxable","12":"purchasable","13":"product-type-simple"},"yoast_head":"<!-- This site is optimized with the Yoast SEO Premium plugin v23.0 (Yoast SEO v25.6) - https:\/\/yoast.com\/wordpress\/plugins\/seo\/ -->\n<title>RAMA POMP\u00d3N DALIA ROSA 65 cm - El Portillo Decoraci\u00f3n<\/title>\n<meta name=\"description\" content=\"La dalia rosa, de origen mexicano, es una flor con un significado simb\u00f3lico \u00fanico, hace referencia al cari\u00f1o, al compromiso, al crecimiento personal y a la elegancia. Una composici\u00f3n floral de este tipo de flor dar\u00e1 vida a tus jarrones aportando colorido y alegr\u00eda a tu hogar, adem\u00e1s de embellecer tu decoraci\u00f3n. Su tallo flexible permite adaptar la rama a la longitud que necesites.  -Color: rosa.  -Medidas: 65 cm.\" \/>\n<meta name=\"robots\" content=\"index, follow, max-snippet:-1, max-image-preview:large, max-video-preview:-1\" \/>\n<link rel=\"canonical\" href=\"https:\/\/elportillodecoracion.es\/tienda\/rama-pompon-dalia-rosa-65-cm\/\" \/>\n<meta property=\"og:locale\" content=\"en_US\" \/>\n<meta property=\"og:type\" content=\"article\" \/>\n<meta property=\"og:title\" content=\"RAMA POMP\u00d3N DALIA ROSA 65 cm\" \/>\n<meta property=\"og:description\" content=\"La dalia rosa, de origen mexicano, es una flor con un significado simb\u00f3lico \u00fanico, hace referencia al cari\u00f1o, al compromiso, al crecimiento personal y a la elegancia. Una composici\u00f3n floral de este tipo de flor dar\u00e1 vida a tus jarrones aportando colorido y alegr\u00eda a tu hogar, adem\u00e1s de embellecer tu decoraci\u00f3n. Su tallo flexible permite adaptar la rama a la longitud que necesites.  -Color: rosa.  -Medidas: 65 cm.\" \/>\n<meta property=\"og:url\" content=\"https:\/\/elportillodecoracion.es\/tienda\/rama-pompon-dalia-rosa-65-cm\/\" \/>\n<meta property=\"og:site_name\" content=\"El Portillo Decoraci\u00f3n\" \/>\n<meta property=\"article:modified_time\" content=\"2024-03-09T17:56:25+00:00\" \/>\n<meta property=\"og:image\" content=\"https:\/\/elportillodecoracion.es\/wp-content\/uploads\/2024\/03\/dahlia-ponpon-bliss-ramo-x3-h65-c0.jpg\" \/>\n\t<meta property=\"og:image:width\" content=\"1100\" \/>\n\t<meta property=\"og:image:height\" content=\"1100\" \/>\n\t<meta property=\"og:image:type\" content=\"image\/jpeg\" \/>\n<meta name=\"twitter:card\" content=\"summary_large_image\" \/>\n<meta name=\"twitter:label1\" content=\"Price\" \/>\n\t<meta name=\"twitter:data1\" content=\"9,90&euro; IVA inc\" \/>\n\t<meta name=\"twitter:label2\" content=\"Availability\" \/>\n\t<meta name=\"twitter:data2\" content=\"In stock\" \/>\n<script type=\"application\/ld+json\" class=\"yoast-schema-graph\">{\"@context\":\"https:\/\/schema.org\",\"@graph\":[{\"@type\":\"WebPage\",\"@id\":\"https:\/\/elportillodecoracion.es\/tienda\/rama-pompon-dalia-rosa-65-cm\/\",\"url\":\"https:\/\/elportillodecoracion.es\/tienda\/rama-pompon-dalia-rosa-65-cm\/\",\"name\":\"RAMA POMP\u00d3N DALIA ROSA 65 cm - El Portillo Decoraci\u00f3n\",\"isPartOf\":{\"@id\":\"https:\/\/elportillodecoracion.es\/#website\"},\"primaryImageOfPage\":{\"@id\":\"https:\/\/elportillodecoracion.es\/tienda\/rama-pompon-dalia-rosa-65-cm\/#primaryimage\"},\"image\":{\"@id\":\"https:\/\/elportillodecoracion.es\/tienda\/rama-pompon-dalia-rosa-65-cm\/#primaryimage\"},\"thumbnailUrl\":\"https:\/\/elportillodecoracion.es\/wp-content\/uploads\/2024\/03\/dahlia-ponpon-bliss-ramo-x3-h65-c0.jpg\",\"datePublished\":\"2024-03-09T17:56:24+00:00\",\"dateModified\":\"2024-03-09T17:56:25+00:00\",\"description\":\"La dalia rosa, de origen mexicano, es una flor con un significado simb\u00f3lico \u00fanico, hace referencia al cari\u00f1o, al compromiso, al crecimiento personal y a la elegancia. Una composici\u00f3n floral de este tipo de flor dar\u00e1 vida a tus jarrones aportando colorido y alegr\u00eda a tu hogar, adem\u00e1s de embellecer tu decoraci\u00f3n. Su tallo flexible permite adaptar la rama a la longitud que necesites. -Color: rosa. -Medidas: 65 cm.\",\"breadcrumb\":{\"@id\":\"https:\/\/elportillodecoracion.es\/tienda\/rama-pompon-dalia-rosa-65-cm\/#breadcrumb\"},\"inLanguage\":\"en-US\",\"potentialAction\":[{\"@type\":\"ReadAction\",\"target\":[\"https:\/\/elportillodecoracion.es\/tienda\/rama-pompon-dalia-rosa-65-cm\/\"]}]},{\"@type\":\"ImageObject\",\"inLanguage\":\"en-US\",\"@id\":\"https:\/\/elportillodecoracion.es\/tienda\/rama-pompon-dalia-rosa-65-cm\/#primaryimage\",\"url\":\"https:\/\/elportillodecoracion.es\/wp-content\/uploads\/2024\/03\/dahlia-ponpon-bliss-ramo-x3-h65-c0.jpg\",\"contentUrl\":\"https:\/\/elportillodecoracion.es\/wp-content\/uploads\/2024\/03\/dahlia-ponpon-bliss-ramo-x3-h65-c0.jpg\",\"width\":1100,\"height\":1100},{\"@type\":\"BreadcrumbList\",\"@id\":\"https:\/\/elportillodecoracion.es\/tienda\/rama-pompon-dalia-rosa-65-cm\/#breadcrumb\",\"itemListElement\":[{\"@type\":\"ListItem\",\"position\":1,\"name\":\"Portada\",\"item\":\"https:\/\/elportillodecoracion.es\/\"},{\"@type\":\"ListItem\",\"position\":2,\"name\":\"Tienda\",\"item\":\"https:\/\/elportillodecoracion.es\/tienda\/\"},{\"@type\":\"ListItem\",\"position\":3,\"name\":\"RAMA POMP\u00d3N DALIA ROSA 65 cm\"}]},{\"@type\":\"WebSite\",\"@id\":\"https:\/\/elportillodecoracion.es\/#website\",\"url\":\"https:\/\/elportillodecoracion.es\/\",\"name\":\"El Portillo Decoraci\u00f3n\",\"description\":\"Muebles y Decoraci\u00f3n\",\"publisher\":{\"@id\":\"https:\/\/elportillodecoracion.es\/#organization\"},\"potentialAction\":[{\"@type\":\"SearchAction\",\"target\":{\"@type\":\"EntryPoint\",\"urlTemplate\":\"https:\/\/elportillodecoracion.es\/?s={search_term_string}\"},\"query-input\":{\"@type\":\"PropertyValueSpecification\",\"valueRequired\":true,\"valueName\":\"search_term_string\"}}],\"inLanguage\":\"en-US\"},{\"@type\":\"Organization\",\"@id\":\"https:\/\/elportillodecoracion.es\/#organization\",\"name\":\"El Portillo Decoraci\u00f3n\",\"url\":\"https:\/\/elportillodecoracion.es\/\",\"logo\":{\"@type\":\"ImageObject\",\"inLanguage\":\"en-US\",\"@id\":\"https:\/\/elportillodecoracion.es\/#\/schema\/logo\/image\/\",\"url\":\"https:\/\/elportillodecoracion.es\/wp-content\/uploads\/2018\/11\/El-Portillo_logo-300.jpg\",\"contentUrl\":\"https:\/\/elportillodecoracion.es\/wp-content\/uploads\/2018\/11\/El-Portillo_logo-300.jpg\",\"width\":350,\"height\":91,\"caption\":\"El Portillo Decoraci\u00f3n\"},\"image\":{\"@id\":\"https:\/\/elportillodecoracion.es\/#\/schema\/logo\/image\/\"}}]}<\/script>\n<meta property=\"product:price:amount\" content=\"9.90\" \/>\n<meta property=\"product:price:currency\" content=\"EUR\" \/>\n<meta property=\"og:availability\" content=\"instock\" \/>\n<meta property=\"product:availability\" content=\"instock\" \/>\n<meta property=\"product:retailer_item_id\" content=\"215475\" \/>\n<meta property=\"product:condition\" content=\"new\" \/>\n<!-- \/ Yoast SEO Premium plugin. -->","yoast_head_json":{"title":"RAMA POMP\u00d3N DALIA ROSA 65 cm - El Portillo Decoraci\u00f3n","description":"La dalia rosa, de origen mexicano, es una flor con un significado simb\u00f3lico \u00fanico, hace referencia al cari\u00f1o, al compromiso, al crecimiento personal y a la elegancia. Una composici\u00f3n floral de este tipo de flor dar\u00e1 vida a tus jarrones aportando colorido y alegr\u00eda a tu hogar, adem\u00e1s de embellecer tu decoraci\u00f3n. Su tallo flexible permite adaptar la rama a la longitud que necesites.  -Color: rosa.  -Medidas: 65 cm.","robots":{"index":"index","follow":"follow","max-snippet":"max-snippet:-1","max-image-preview":"max-image-preview:large","max-video-preview":"max-video-preview:-1"},"canonical":"https:\/\/elportillodecoracion.es\/tienda\/rama-pompon-dalia-rosa-65-cm\/","og_locale":"en_US","og_type":"article","og_title":"RAMA POMP\u00d3N DALIA ROSA 65 cm","og_description":"La dalia rosa, de origen mexicano, es una flor con un significado simb\u00f3lico \u00fanico, hace referencia al cari\u00f1o, al compromiso, al crecimiento personal y a la elegancia. Una composici\u00f3n floral de este tipo de flor dar\u00e1 vida a tus jarrones aportando colorido y alegr\u00eda a tu hogar, adem\u00e1s de embellecer tu decoraci\u00f3n. Su tallo flexible permite adaptar la rama a la longitud que necesites.  -Color: rosa.  -Medidas: 65 cm.","og_url":"https:\/\/elportillodecoracion.es\/tienda\/rama-pompon-dalia-rosa-65-cm\/","og_site_name":"El Portillo Decoraci\u00f3n","article_modified_time":"2024-03-09T17:56:25+00:00","og_image":[{"width":1100,"height":1100,"url":"https:\/\/elportillodecoracion.es\/wp-content\/uploads\/2024\/03\/dahlia-ponpon-bliss-ramo-x3-h65-c0.jpg","type":"image\/jpeg"}],"twitter_card":"summary_large_image","twitter_misc":{"Price":"9,90&euro; IVA inc","Availability":"In stock"},"schema":{"@context":"https:\/\/schema.org","@graph":[{"@type":"WebPage","@id":"https:\/\/elportillodecoracion.es\/tienda\/rama-pompon-dalia-rosa-65-cm\/","url":"https:\/\/elportillodecoracion.es\/tienda\/rama-pompon-dalia-rosa-65-cm\/","name":"RAMA POMP\u00d3N DALIA ROSA 65 cm - El Portillo Decoraci\u00f3n","isPartOf":{"@id":"https:\/\/elportillodecoracion.es\/#website"},"primaryImageOfPage":{"@id":"https:\/\/elportillodecoracion.es\/tienda\/rama-pompon-dalia-rosa-65-cm\/#primaryimage"},"image":{"@id":"https:\/\/elportillodecoracion.es\/tienda\/rama-pompon-dalia-rosa-65-cm\/#primaryimage"},"thumbnailUrl":"https:\/\/elportillodecoracion.es\/wp-content\/uploads\/2024\/03\/dahlia-ponpon-bliss-ramo-x3-h65-c0.jpg","datePublished":"2024-03-09T17:56:24+00:00","dateModified":"2024-03-09T17:56:25+00:00","description":"La dalia rosa, de origen mexicano, es una flor con un significado simb\u00f3lico \u00fanico, hace referencia al cari\u00f1o, al compromiso, al crecimiento personal y a la elegancia. Una composici\u00f3n floral de este tipo de flor dar\u00e1 vida a tus jarrones aportando colorido y alegr\u00eda a tu hogar, adem\u00e1s de embellecer tu decoraci\u00f3n. Su tallo flexible permite adaptar la rama a la longitud que necesites. -Color: rosa. -Medidas: 65 cm.","breadcrumb":{"@id":"https:\/\/elportillodecoracion.es\/tienda\/rama-pompon-dalia-rosa-65-cm\/#breadcrumb"},"inLanguage":"en-US","potentialAction":[{"@type":"ReadAction","target":["https:\/\/elportillodecoracion.es\/tienda\/rama-pompon-dalia-rosa-65-cm\/"]}]},{"@type":"ImageObject","inLanguage":"en-US","@id":"https:\/\/elportillodecoracion.es\/tienda\/rama-pompon-dalia-rosa-65-cm\/#primaryimage","url":"https:\/\/elportillodecoracion.es\/wp-content\/uploads\/2024\/03\/dahlia-ponpon-bliss-ramo-x3-h65-c0.jpg","contentUrl":"https:\/\/elportillodecoracion.es\/wp-content\/uploads\/2024\/03\/dahlia-ponpon-bliss-ramo-x3-h65-c0.jpg","width":1100,"height":1100},{"@type":"BreadcrumbList","@id":"https:\/\/elportillodecoracion.es\/tienda\/rama-pompon-dalia-rosa-65-cm\/#breadcrumb","itemListElement":[{"@type":"ListItem","position":1,"name":"Portada","item":"https:\/\/elportillodecoracion.es\/"},{"@type":"ListItem","position":2,"name":"Tienda","item":"https:\/\/elportillodecoracion.es\/tienda\/"},{"@type":"ListItem","position":3,"name":"RAMA POMP\u00d3N DALIA ROSA 65 cm"}]},{"@type":"WebSite","@id":"https:\/\/elportillodecoracion.es\/#website","url":"https:\/\/elportillodecoracion.es\/","name":"El Portillo Decoraci\u00f3n","description":"Muebles y Decoraci\u00f3n","publisher":{"@id":"https:\/\/elportillodecoracion.es\/#organization"},"potentialAction":[{"@type":"SearchAction","target":{"@type":"EntryPoint","urlTemplate":"https:\/\/elportillodecoracion.es\/?s={search_term_string}"},"query-input":{"@type":"PropertyValueSpecification","valueRequired":true,"valueName":"search_term_string"}}],"inLanguage":"en-US"},{"@type":"Organization","@id":"https:\/\/elportillodecoracion.es\/#organization","name":"El Portillo Decoraci\u00f3n","url":"https:\/\/elportillodecoracion.es\/","logo":{"@type":"ImageObject","inLanguage":"en-US","@id":"https:\/\/elportillodecoracion.es\/#\/schema\/logo\/image\/","url":"https:\/\/elportillodecoracion.es\/wp-content\/uploads\/2018\/11\/El-Portillo_logo-300.jpg","contentUrl":"https:\/\/elportillodecoracion.es\/wp-content\/uploads\/2018\/11\/El-Portillo_logo-300.jpg","width":350,"height":91,"caption":"El Portillo Decoraci\u00f3n"},"image":{"@id":"https:\/\/elportillodecoracion.es\/#\/schema\/logo\/image\/"}}]},"product_price_amount":"9.90","product_price_currency":"EUR","og_availability":"instock","product_availability":"instock","product_retailer_item_id":"215475","product_condition":"new"},"_links":{"self":[{"href":"https:\/\/elportillodecoracion.es\/en\/wp-json\/wp\/v2\/product\/18152","targetHints":{"allow":["GET"]}}],"collection":[{"href":"https:\/\/elportillodecoracion.es\/en\/wp-json\/wp\/v2\/product"}],"about":[{"href":"https:\/\/elportillodecoracion.es\/en\/wp-json\/wp\/v2\/types\/product"}],"replies":[{"embeddable":true,"href":"https:\/\/elportillodecoracion.es\/en\/wp-json\/wp\/v2\/comments?post=18152"}],"wp:featuredmedia":[{"embeddable":true,"href":"https:\/\/elportillodecoracion.es\/en\/wp-json\/wp\/v2\/media\/18154"}],"wp:attachment":[{"href":"https:\/\/elportillodecoracion.es\/en\/wp-json\/wp\/v2\/media?parent=18152"}],"wp:term":[{"taxonomy":"product_cat","embeddable":true,"href":"https:\/\/elportillodecoracion.es\/en\/wp-json\/wp\/v2\/product_cat?post=18152"},{"taxonomy":"product_tag","embeddable":true,"href":"https:\/\/elportillodecoracion.es\/en\/wp-json\/wp\/v2\/product_tag?post=18152"}],"curies":[{"name":"wp","href":"https:\/\/api.w.org\/{rel}","templated":true}]}}