{"id":18127,"date":"2024-03-09T17:35:03","date_gmt":"2024-03-09T16:35:03","guid":{"rendered":"https:\/\/elportillodecoracion.es\/?post_type=product&#038;p=18127"},"modified":"2025-11-20T20:12:25","modified_gmt":"2025-11-20T19:12:25","slug":"figura-elefante-blanco-grisaceo-35x21x35-cm","status":"publish","type":"product","link":"https:\/\/elportillodecoracion.es\/en\/tienda\/figura-elefante-blanco-grisaceo-35x21x35-cm\/","title":{"rendered":"FIGURA ELEFANTE BLANCO GRIS\u00c1CEO 35x21x35 cm"},"content":{"rendered":"","protected":false},"excerpt":{"rendered":"<p>Nuestra llamativa <strong>figura de elefante<\/strong> fabricada en <strong>madera y metal<\/strong> es una pieza \u00fanica que aportar\u00e1 <strong>elegancia e individualidad<\/strong> a la decoraci\u00f3n de tu hogar. Su color <strong>blanco gris\u00e1ceo<\/strong> con <strong>acabados envejecidos<\/strong> le da un toque realista, sin duda alguna es un accesorio decorativo ideal para combinarlo en <strong>ambientes ex\u00f3ticos<\/strong> dentro de un <strong>estilo moderno.\u00a0\u00a0<\/strong><\/p>\n<p><strong>-Material:<\/strong> madera y metal.<\/p>\n<p><strong>-Color:<\/strong> blanco gris\u00e1ceo envejecido.<\/p>\n<p><strong>-Medidas:<\/strong> 35x21x35 cm.<\/p>\n","protected":false},"featured_media":18129,"comment_status":"open","ping_status":"closed","template":"","meta":{"_joinchat":[]},"product_cat":[711,709],"product_tag":[915],"class_list":{"0":"post-18127","1":"product","2":"type-product","3":"status-publish","4":"has-post-thumbnail","6":"product_cat-figures","7":"product_cat-decorative-figures","8":"product_tag-metal-madera","10":"first","11":"instock","12":"taxable","13":"shipping-taxable","14":"purchasable","15":"product-type-simple"},"yoast_head":"<!-- This site is optimized with the Yoast SEO Premium plugin v23.0 (Yoast SEO v25.6) - https:\/\/yoast.com\/wordpress\/plugins\/seo\/ -->\n<title>FIGURA ELEFANTE BLANCO GRIS\u00c1CEO 35x21x35 cm - El Portillo Decoraci\u00f3n<\/title>\n<meta name=\"description\" content=\"Nuestra llamativa figura de elefante fabricada en madera y metal es una pieza \u00fanica que aportar\u00e1 elegancia e individualidad a la decoraci\u00f3n de tu hogar. Su color blanco gris\u00e1ceo con acabados envejecidos le da un toque realista, sin duda alguna es un accesorio decorativo ideal para combinarlo en ambientes ex\u00f3ticos dentro de un estilo moderno.\u00a0\u00a0  -Material: madera y metal.  -Color: blanco gris\u00e1ceo envejecido.  -Medidas: 35x21x35 cm.\" \/>\n<meta name=\"robots\" content=\"index, follow, max-snippet:-1, max-image-preview:large, max-video-preview:-1\" \/>\n<link rel=\"canonical\" href=\"https:\/\/elportillodecoracion.es\/tienda\/figura-elefante-blanco-grisaceo-35x21x35-cm\/\" \/>\n<meta property=\"og:locale\" content=\"en_US\" \/>\n<meta property=\"og:type\" content=\"article\" \/>\n<meta property=\"og:title\" content=\"FIGURA ELEFANTE BLANCO GRIS\u00c1CEO 35x21x35 cm\" \/>\n<meta property=\"og:description\" content=\"Nuestra llamativa figura de elefante fabricada en madera y metal es una pieza \u00fanica que aportar\u00e1 elegancia e individualidad a la decoraci\u00f3n de tu hogar. Su color blanco gris\u00e1ceo con acabados envejecidos le da un toque realista, sin duda alguna es un accesorio decorativo ideal para combinarlo en ambientes ex\u00f3ticos dentro de un estilo moderno.\u00a0\u00a0  -Material: madera y metal.  -Color: blanco gris\u00e1ceo envejecido.  -Medidas: 35x21x35 cm.\" \/>\n<meta property=\"og:url\" content=\"https:\/\/elportillodecoracion.es\/tienda\/figura-elefante-blanco-grisaceo-35x21x35-cm\/\" \/>\n<meta property=\"og:site_name\" content=\"El Portillo Decoraci\u00f3n\" \/>\n<meta property=\"article:modified_time\" content=\"2025-11-20T19:12:25+00:00\" \/>\n<meta property=\"og:image\" content=\"https:\/\/elportillodecoracion.es\/wp-content\/uploads\/2024\/03\/609797-01.webp\" \/>\n\t<meta property=\"og:image:width\" content=\"700\" \/>\n\t<meta property=\"og:image:height\" content=\"700\" \/>\n\t<meta property=\"og:image:type\" content=\"image\/webp\" \/>\n<meta name=\"twitter:card\" content=\"summary_large_image\" \/>\n<meta name=\"twitter:label1\" content=\"Price\" \/>\n\t<meta name=\"twitter:data1\" content=\"97,00&euro; IVA inc\" \/>\n\t<meta name=\"twitter:label2\" content=\"Availability\" \/>\n\t<meta name=\"twitter:data2\" content=\"In stock\" \/>\n<script type=\"application\/ld+json\" class=\"yoast-schema-graph\">{\"@context\":\"https:\/\/schema.org\",\"@graph\":[{\"@type\":\"WebPage\",\"@id\":\"https:\/\/elportillodecoracion.es\/tienda\/figura-elefante-blanco-grisaceo-35x21x35-cm\/\",\"url\":\"https:\/\/elportillodecoracion.es\/tienda\/figura-elefante-blanco-grisaceo-35x21x35-cm\/\",\"name\":\"FIGURA ELEFANTE BLANCO GRIS\u00c1CEO 35x21x35 cm - El Portillo Decoraci\u00f3n\",\"isPartOf\":{\"@id\":\"https:\/\/elportillodecoracion.es\/#website\"},\"primaryImageOfPage\":{\"@id\":\"https:\/\/elportillodecoracion.es\/tienda\/figura-elefante-blanco-grisaceo-35x21x35-cm\/#primaryimage\"},\"image\":{\"@id\":\"https:\/\/elportillodecoracion.es\/tienda\/figura-elefante-blanco-grisaceo-35x21x35-cm\/#primaryimage\"},\"thumbnailUrl\":\"https:\/\/elportillodecoracion.es\/wp-content\/uploads\/2024\/03\/609797-01.webp\",\"datePublished\":\"2024-03-09T16:35:03+00:00\",\"dateModified\":\"2025-11-20T19:12:25+00:00\",\"description\":\"Nuestra llamativa figura de elefante fabricada en madera y metal es una pieza \u00fanica que aportar\u00e1 elegancia e individualidad a la decoraci\u00f3n de tu hogar. Su color blanco gris\u00e1ceo con acabados envejecidos le da un toque realista, sin duda alguna es un accesorio decorativo ideal para combinarlo en ambientes ex\u00f3ticos dentro de un estilo moderno.\u00a0\u00a0 -Material: madera y metal. -Color: blanco gris\u00e1ceo envejecido. -Medidas: 35x21x35 cm.\",\"breadcrumb\":{\"@id\":\"https:\/\/elportillodecoracion.es\/tienda\/figura-elefante-blanco-grisaceo-35x21x35-cm\/#breadcrumb\"},\"inLanguage\":\"en-US\",\"potentialAction\":[{\"@type\":\"ReadAction\",\"target\":[\"https:\/\/elportillodecoracion.es\/tienda\/figura-elefante-blanco-grisaceo-35x21x35-cm\/\"]}]},{\"@type\":\"ImageObject\",\"inLanguage\":\"en-US\",\"@id\":\"https:\/\/elportillodecoracion.es\/tienda\/figura-elefante-blanco-grisaceo-35x21x35-cm\/#primaryimage\",\"url\":\"https:\/\/elportillodecoracion.es\/wp-content\/uploads\/2024\/03\/609797-01.webp\",\"contentUrl\":\"https:\/\/elportillodecoracion.es\/wp-content\/uploads\/2024\/03\/609797-01.webp\",\"width\":700,\"height\":700},{\"@type\":\"BreadcrumbList\",\"@id\":\"https:\/\/elportillodecoracion.es\/tienda\/figura-elefante-blanco-grisaceo-35x21x35-cm\/#breadcrumb\",\"itemListElement\":[{\"@type\":\"ListItem\",\"position\":1,\"name\":\"Portada\",\"item\":\"https:\/\/elportillodecoracion.es\/\"},{\"@type\":\"ListItem\",\"position\":2,\"name\":\"Tienda\",\"item\":\"https:\/\/elportillodecoracion.es\/tienda\/\"},{\"@type\":\"ListItem\",\"position\":3,\"name\":\"FIGURA ELEFANTE BLANCO GRIS\u00c1CEO 35x21x35 cm\"}]},{\"@type\":\"WebSite\",\"@id\":\"https:\/\/elportillodecoracion.es\/#website\",\"url\":\"https:\/\/elportillodecoracion.es\/\",\"name\":\"El Portillo Decoraci\u00f3n\",\"description\":\"Muebles y Decoraci\u00f3n\",\"publisher\":{\"@id\":\"https:\/\/elportillodecoracion.es\/#organization\"},\"potentialAction\":[{\"@type\":\"SearchAction\",\"target\":{\"@type\":\"EntryPoint\",\"urlTemplate\":\"https:\/\/elportillodecoracion.es\/?s={search_term_string}\"},\"query-input\":{\"@type\":\"PropertyValueSpecification\",\"valueRequired\":true,\"valueName\":\"search_term_string\"}}],\"inLanguage\":\"en-US\"},{\"@type\":\"Organization\",\"@id\":\"https:\/\/elportillodecoracion.es\/#organization\",\"name\":\"El Portillo Decoraci\u00f3n\",\"url\":\"https:\/\/elportillodecoracion.es\/\",\"logo\":{\"@type\":\"ImageObject\",\"inLanguage\":\"en-US\",\"@id\":\"https:\/\/elportillodecoracion.es\/#\/schema\/logo\/image\/\",\"url\":\"https:\/\/elportillodecoracion.es\/wp-content\/uploads\/2018\/11\/El-Portillo_logo-300.jpg\",\"contentUrl\":\"https:\/\/elportillodecoracion.es\/wp-content\/uploads\/2018\/11\/El-Portillo_logo-300.jpg\",\"width\":350,\"height\":91,\"caption\":\"El Portillo Decoraci\u00f3n\"},\"image\":{\"@id\":\"https:\/\/elportillodecoracion.es\/#\/schema\/logo\/image\/\"}}]}<\/script>\n<meta property=\"product:price:amount\" content=\"97.00\" \/>\n<meta property=\"product:price:currency\" content=\"EUR\" \/>\n<meta property=\"og:availability\" content=\"instock\" \/>\n<meta property=\"product:availability\" content=\"instock\" \/>\n<meta property=\"product:retailer_item_id\" content=\"609797\" \/>\n<meta property=\"product:condition\" content=\"new\" \/>\n<!-- \/ Yoast SEO Premium plugin. -->","yoast_head_json":{"title":"FIGURA ELEFANTE BLANCO GRIS\u00c1CEO 35x21x35 cm - El Portillo Decoraci\u00f3n","description":"Nuestra llamativa figura de elefante fabricada en madera y metal es una pieza \u00fanica que aportar\u00e1 elegancia e individualidad a la decoraci\u00f3n de tu hogar. Su color blanco gris\u00e1ceo con acabados envejecidos le da un toque realista, sin duda alguna es un accesorio decorativo ideal para combinarlo en ambientes ex\u00f3ticos dentro de un estilo moderno.\u00a0\u00a0  -Material: madera y metal.  -Color: blanco gris\u00e1ceo envejecido.  -Medidas: 35x21x35 cm.","robots":{"index":"index","follow":"follow","max-snippet":"max-snippet:-1","max-image-preview":"max-image-preview:large","max-video-preview":"max-video-preview:-1"},"canonical":"https:\/\/elportillodecoracion.es\/tienda\/figura-elefante-blanco-grisaceo-35x21x35-cm\/","og_locale":"en_US","og_type":"article","og_title":"FIGURA ELEFANTE BLANCO GRIS\u00c1CEO 35x21x35 cm","og_description":"Nuestra llamativa figura de elefante fabricada en madera y metal es una pieza \u00fanica que aportar\u00e1 elegancia e individualidad a la decoraci\u00f3n de tu hogar. Su color blanco gris\u00e1ceo con acabados envejecidos le da un toque realista, sin duda alguna es un accesorio decorativo ideal para combinarlo en ambientes ex\u00f3ticos dentro de un estilo moderno.\u00a0\u00a0  -Material: madera y metal.  -Color: blanco gris\u00e1ceo envejecido.  -Medidas: 35x21x35 cm.","og_url":"https:\/\/elportillodecoracion.es\/tienda\/figura-elefante-blanco-grisaceo-35x21x35-cm\/","og_site_name":"El Portillo Decoraci\u00f3n","article_modified_time":"2025-11-20T19:12:25+00:00","og_image":[{"width":700,"height":700,"url":"https:\/\/elportillodecoracion.es\/wp-content\/uploads\/2024\/03\/609797-01.webp","type":"image\/webp"}],"twitter_card":"summary_large_image","twitter_misc":{"Price":"97,00&euro; IVA inc","Availability":"In stock"},"schema":{"@context":"https:\/\/schema.org","@graph":[{"@type":"WebPage","@id":"https:\/\/elportillodecoracion.es\/tienda\/figura-elefante-blanco-grisaceo-35x21x35-cm\/","url":"https:\/\/elportillodecoracion.es\/tienda\/figura-elefante-blanco-grisaceo-35x21x35-cm\/","name":"FIGURA ELEFANTE BLANCO GRIS\u00c1CEO 35x21x35 cm - El Portillo Decoraci\u00f3n","isPartOf":{"@id":"https:\/\/elportillodecoracion.es\/#website"},"primaryImageOfPage":{"@id":"https:\/\/elportillodecoracion.es\/tienda\/figura-elefante-blanco-grisaceo-35x21x35-cm\/#primaryimage"},"image":{"@id":"https:\/\/elportillodecoracion.es\/tienda\/figura-elefante-blanco-grisaceo-35x21x35-cm\/#primaryimage"},"thumbnailUrl":"https:\/\/elportillodecoracion.es\/wp-content\/uploads\/2024\/03\/609797-01.webp","datePublished":"2024-03-09T16:35:03+00:00","dateModified":"2025-11-20T19:12:25+00:00","description":"Nuestra llamativa figura de elefante fabricada en madera y metal es una pieza \u00fanica que aportar\u00e1 elegancia e individualidad a la decoraci\u00f3n de tu hogar. Su color blanco gris\u00e1ceo con acabados envejecidos le da un toque realista, sin duda alguna es un accesorio decorativo ideal para combinarlo en ambientes ex\u00f3ticos dentro de un estilo moderno.\u00a0\u00a0 -Material: madera y metal. -Color: blanco gris\u00e1ceo envejecido. -Medidas: 35x21x35 cm.","breadcrumb":{"@id":"https:\/\/elportillodecoracion.es\/tienda\/figura-elefante-blanco-grisaceo-35x21x35-cm\/#breadcrumb"},"inLanguage":"en-US","potentialAction":[{"@type":"ReadAction","target":["https:\/\/elportillodecoracion.es\/tienda\/figura-elefante-blanco-grisaceo-35x21x35-cm\/"]}]},{"@type":"ImageObject","inLanguage":"en-US","@id":"https:\/\/elportillodecoracion.es\/tienda\/figura-elefante-blanco-grisaceo-35x21x35-cm\/#primaryimage","url":"https:\/\/elportillodecoracion.es\/wp-content\/uploads\/2024\/03\/609797-01.webp","contentUrl":"https:\/\/elportillodecoracion.es\/wp-content\/uploads\/2024\/03\/609797-01.webp","width":700,"height":700},{"@type":"BreadcrumbList","@id":"https:\/\/elportillodecoracion.es\/tienda\/figura-elefante-blanco-grisaceo-35x21x35-cm\/#breadcrumb","itemListElement":[{"@type":"ListItem","position":1,"name":"Portada","item":"https:\/\/elportillodecoracion.es\/"},{"@type":"ListItem","position":2,"name":"Tienda","item":"https:\/\/elportillodecoracion.es\/tienda\/"},{"@type":"ListItem","position":3,"name":"FIGURA ELEFANTE BLANCO GRIS\u00c1CEO 35x21x35 cm"}]},{"@type":"WebSite","@id":"https:\/\/elportillodecoracion.es\/#website","url":"https:\/\/elportillodecoracion.es\/","name":"El Portillo Decoraci\u00f3n","description":"Muebles y Decoraci\u00f3n","publisher":{"@id":"https:\/\/elportillodecoracion.es\/#organization"},"potentialAction":[{"@type":"SearchAction","target":{"@type":"EntryPoint","urlTemplate":"https:\/\/elportillodecoracion.es\/?s={search_term_string}"},"query-input":{"@type":"PropertyValueSpecification","valueRequired":true,"valueName":"search_term_string"}}],"inLanguage":"en-US"},{"@type":"Organization","@id":"https:\/\/elportillodecoracion.es\/#organization","name":"El Portillo Decoraci\u00f3n","url":"https:\/\/elportillodecoracion.es\/","logo":{"@type":"ImageObject","inLanguage":"en-US","@id":"https:\/\/elportillodecoracion.es\/#\/schema\/logo\/image\/","url":"https:\/\/elportillodecoracion.es\/wp-content\/uploads\/2018\/11\/El-Portillo_logo-300.jpg","contentUrl":"https:\/\/elportillodecoracion.es\/wp-content\/uploads\/2018\/11\/El-Portillo_logo-300.jpg","width":350,"height":91,"caption":"El Portillo Decoraci\u00f3n"},"image":{"@id":"https:\/\/elportillodecoracion.es\/#\/schema\/logo\/image\/"}}]},"product_price_amount":"97.00","product_price_currency":"EUR","og_availability":"instock","product_availability":"instock","product_retailer_item_id":"609797","product_condition":"new"},"_links":{"self":[{"href":"https:\/\/elportillodecoracion.es\/en\/wp-json\/wp\/v2\/product\/18127","targetHints":{"allow":["GET"]}}],"collection":[{"href":"https:\/\/elportillodecoracion.es\/en\/wp-json\/wp\/v2\/product"}],"about":[{"href":"https:\/\/elportillodecoracion.es\/en\/wp-json\/wp\/v2\/types\/product"}],"replies":[{"embeddable":true,"href":"https:\/\/elportillodecoracion.es\/en\/wp-json\/wp\/v2\/comments?post=18127"}],"wp:featuredmedia":[{"embeddable":true,"href":"https:\/\/elportillodecoracion.es\/en\/wp-json\/wp\/v2\/media\/18129"}],"wp:attachment":[{"href":"https:\/\/elportillodecoracion.es\/en\/wp-json\/wp\/v2\/media?parent=18127"}],"wp:term":[{"taxonomy":"product_cat","embeddable":true,"href":"https:\/\/elportillodecoracion.es\/en\/wp-json\/wp\/v2\/product_cat?post=18127"},{"taxonomy":"product_tag","embeddable":true,"href":"https:\/\/elportillodecoracion.es\/en\/wp-json\/wp\/v2\/product_tag?post=18127"}],"curies":[{"name":"wp","href":"https:\/\/api.w.org\/{rel}","templated":true}]}}