{"id":18071,"date":"2024-12-08T13:37:20","date_gmt":"2024-12-08T12:37:20","guid":{"rendered":"https:\/\/elportillodecoracion.es\/?post_type=product&#038;p=18071"},"modified":"2024-12-17T21:33:19","modified_gmt":"2024-12-17T20:33:19","slug":"cuadro-estilo-frida-kahlo-multicolor-80x4x120-cm","status":"publish","type":"product","link":"https:\/\/elportillodecoracion.es\/en\/tienda\/cuadro-estilo-frida-kahlo-multicolor-80x4x120-cm\/","title":{"rendered":"CUADRO ESTILO FRIDA KAHLO MULTICOLOR 80x4x120 cm"},"content":{"rendered":"","protected":false},"excerpt":{"rendered":"<p>Este maravilloso <strong>cuadro<\/strong> inspirado en el <strong>rostro de Frida Kahlo<\/strong> es sin duda alguna una pieza decorativa que <strong>embellecer\u00e1 tus paredes<\/strong> en todos los sentidos. Con su variedad de colores <strong>aportar\u00e1 alegr\u00eda y vitalidad<\/strong> a tu hogar, adem\u00e1s de destacar por la presencia de <strong>flores y animales<\/strong> que nos sumerge en un <strong>ambiente tranquilo y primaveral. <\/strong>El rostro de la mujer se diferencia por sus peque\u00f1as <strong>piedras de efecto cristal<\/strong> que simulan sus cejas, un <strong>toque distintivo con gran personalidad.<\/strong> Cuadro pintado a mano 80%.<\/p>\n<p><strong>-Material:<\/strong> lienzo pintado a mano 80%,<\/p>\n<p>-Marco: Dorado pintado a mano<\/p>\n<p><strong>-Color:<\/strong> multicolor.<\/p>\n<p><strong>-Medidas:<\/strong> 80x4x120 cm.<\/p>\n","protected":false},"featured_media":18073,"comment_status":"open","ping_status":"closed","template":"","meta":{"_joinchat":[]},"product_cat":[683,682],"product_tag":[821],"class_list":{"0":"post-18071","1":"product","2":"type-product","3":"status-publish","4":"has-post-thumbnail","6":"product_cat-tables-and-murals","7":"product_cat-wall-decoration","8":"product_tag-canvas","10":"first","11":"outofstock","12":"taxable","13":"shipping-taxable","14":"purchasable","15":"product-type-simple"},"yoast_head":"<!-- This site is optimized with the Yoast SEO Premium plugin v23.0 (Yoast SEO v25.6) - https:\/\/yoast.com\/wordpress\/plugins\/seo\/ -->\n<title>CUADRO ESTILO FRIDA KAHLO MULTICOLOR 80x4x120 cm - El Portillo Decoraci\u00f3n<\/title>\n<meta name=\"description\" content=\"Este maravilloso cuadro inspirado en el rostro de Frida Kahlo es sin duda alguna una pieza decorativa que embellecer\u00e1 tus paredes en todos los sentidos. Con su variedad de colores aportar\u00e1 alegr\u00eda y vitalidad a tu hogar, adem\u00e1s de destacar por la presencia de flores y animales que nos sumerge en un ambiente tranquilo y primaveral. El rostro de la mujer se diferencia por sus peque\u00f1as piedras de efecto cristal que simulan sus cejas, un toque distintivo con gran personalidad. Cuadro pintado a mano 80%.  -Material: lienzo pintado a mano 80%,  -Marco: Dorado pintado a mano  -Color: multicolor.  -Medidas: 80x4x120 cm.\" \/>\n<meta name=\"robots\" content=\"index, follow, max-snippet:-1, max-image-preview:large, max-video-preview:-1\" \/>\n<link rel=\"canonical\" href=\"https:\/\/elportillodecoracion.es\/tienda\/cuadro-estilo-frida-kahlo-multicolor-80x4x120-cm\/\" \/>\n<meta property=\"og:locale\" content=\"en_US\" \/>\n<meta property=\"og:type\" content=\"article\" \/>\n<meta property=\"og:title\" content=\"CUADRO ESTILO FRIDA KAHLO MULTICOLOR 80x4x120 cm\" \/>\n<meta property=\"og:description\" content=\"Este maravilloso cuadro inspirado en el rostro de Frida Kahlo es sin duda alguna una pieza decorativa que embellecer\u00e1 tus paredes en todos los sentidos. Con su variedad de colores aportar\u00e1 alegr\u00eda y vitalidad a tu hogar, adem\u00e1s de destacar por la presencia de flores y animales que nos sumerge en un ambiente tranquilo y primaveral. El rostro de la mujer se diferencia por sus peque\u00f1as piedras de efecto cristal que simulan sus cejas, un toque distintivo con gran personalidad. Cuadro pintado a mano 80%.  -Material: lienzo pintado a mano 80%,  -Marco: Dorado pintado a mano  -Color: multicolor.  -Medidas: 80x4x120 cm.\" \/>\n<meta property=\"og:url\" content=\"https:\/\/elportillodecoracion.es\/tienda\/cuadro-estilo-frida-kahlo-multicolor-80x4x120-cm\/\" \/>\n<meta property=\"og:site_name\" content=\"El Portillo Decoraci\u00f3n\" \/>\n<meta property=\"article:modified_time\" content=\"2024-12-17T20:33:19+00:00\" \/>\n<meta property=\"og:image\" content=\"https:\/\/elportillodecoracion.es\/wp-content\/uploads\/2024\/03\/308128.jpg\" \/>\n\t<meta property=\"og:image:width\" content=\"1280\" \/>\n\t<meta property=\"og:image:height\" content=\"1280\" \/>\n\t<meta property=\"og:image:type\" content=\"image\/jpeg\" \/>\n<meta name=\"twitter:card\" content=\"summary_large_image\" \/>\n<meta name=\"twitter:label1\" content=\"Price\" \/>\n\t<meta name=\"twitter:data1\" content=\"169,00&euro; IVA inc\" \/>\n\t<meta name=\"twitter:label2\" content=\"Availability\" \/>\n\t<meta name=\"twitter:data2\" content=\"Out of stock\" \/>\n<script type=\"application\/ld+json\" class=\"yoast-schema-graph\">{\"@context\":\"https:\/\/schema.org\",\"@graph\":[{\"@type\":\"WebPage\",\"@id\":\"https:\/\/elportillodecoracion.es\/tienda\/cuadro-estilo-frida-kahlo-multicolor-80x4x120-cm\/\",\"url\":\"https:\/\/elportillodecoracion.es\/tienda\/cuadro-estilo-frida-kahlo-multicolor-80x4x120-cm\/\",\"name\":\"CUADRO ESTILO FRIDA KAHLO MULTICOLOR 80x4x120 cm - El Portillo Decoraci\u00f3n\",\"isPartOf\":{\"@id\":\"https:\/\/elportillodecoracion.es\/#website\"},\"primaryImageOfPage\":{\"@id\":\"https:\/\/elportillodecoracion.es\/tienda\/cuadro-estilo-frida-kahlo-multicolor-80x4x120-cm\/#primaryimage\"},\"image\":{\"@id\":\"https:\/\/elportillodecoracion.es\/tienda\/cuadro-estilo-frida-kahlo-multicolor-80x4x120-cm\/#primaryimage\"},\"thumbnailUrl\":\"https:\/\/elportillodecoracion.es\/wp-content\/uploads\/2024\/03\/308128.jpg\",\"datePublished\":\"2024-12-08T12:37:20+00:00\",\"dateModified\":\"2024-12-17T20:33:19+00:00\",\"description\":\"Este maravilloso cuadro inspirado en el rostro de Frida Kahlo es sin duda alguna una pieza decorativa que embellecer\u00e1 tus paredes en todos los sentidos. Con su variedad de colores aportar\u00e1 alegr\u00eda y vitalidad a tu hogar, adem\u00e1s de destacar por la presencia de flores y animales que nos sumerge en un ambiente tranquilo y primaveral. El rostro de la mujer se diferencia por sus peque\u00f1as piedras de efecto cristal que simulan sus cejas, un toque distintivo con gran personalidad. Cuadro pintado a mano 80%. -Material: lienzo pintado a mano 80%, -Marco: Dorado pintado a mano -Color: multicolor. -Medidas: 80x4x120 cm.\",\"breadcrumb\":{\"@id\":\"https:\/\/elportillodecoracion.es\/tienda\/cuadro-estilo-frida-kahlo-multicolor-80x4x120-cm\/#breadcrumb\"},\"inLanguage\":\"en-US\",\"potentialAction\":[{\"@type\":\"ReadAction\",\"target\":[\"https:\/\/elportillodecoracion.es\/tienda\/cuadro-estilo-frida-kahlo-multicolor-80x4x120-cm\/\"]}]},{\"@type\":\"ImageObject\",\"inLanguage\":\"en-US\",\"@id\":\"https:\/\/elportillodecoracion.es\/tienda\/cuadro-estilo-frida-kahlo-multicolor-80x4x120-cm\/#primaryimage\",\"url\":\"https:\/\/elportillodecoracion.es\/wp-content\/uploads\/2024\/03\/308128.jpg\",\"contentUrl\":\"https:\/\/elportillodecoracion.es\/wp-content\/uploads\/2024\/03\/308128.jpg\",\"width\":1280,\"height\":1280},{\"@type\":\"BreadcrumbList\",\"@id\":\"https:\/\/elportillodecoracion.es\/tienda\/cuadro-estilo-frida-kahlo-multicolor-80x4x120-cm\/#breadcrumb\",\"itemListElement\":[{\"@type\":\"ListItem\",\"position\":1,\"name\":\"Portada\",\"item\":\"https:\/\/elportillodecoracion.es\/\"},{\"@type\":\"ListItem\",\"position\":2,\"name\":\"Tienda\",\"item\":\"https:\/\/elportillodecoracion.es\/tienda\/\"},{\"@type\":\"ListItem\",\"position\":3,\"name\":\"CUADRO ESTILO FRIDA KAHLO MULTICOLOR 80x4x120 cm\"}]},{\"@type\":\"WebSite\",\"@id\":\"https:\/\/elportillodecoracion.es\/#website\",\"url\":\"https:\/\/elportillodecoracion.es\/\",\"name\":\"El Portillo Decoraci\u00f3n\",\"description\":\"Muebles y Decoraci\u00f3n\",\"publisher\":{\"@id\":\"https:\/\/elportillodecoracion.es\/#organization\"},\"potentialAction\":[{\"@type\":\"SearchAction\",\"target\":{\"@type\":\"EntryPoint\",\"urlTemplate\":\"https:\/\/elportillodecoracion.es\/?s={search_term_string}\"},\"query-input\":{\"@type\":\"PropertyValueSpecification\",\"valueRequired\":true,\"valueName\":\"search_term_string\"}}],\"inLanguage\":\"en-US\"},{\"@type\":\"Organization\",\"@id\":\"https:\/\/elportillodecoracion.es\/#organization\",\"name\":\"El Portillo Decoraci\u00f3n\",\"url\":\"https:\/\/elportillodecoracion.es\/\",\"logo\":{\"@type\":\"ImageObject\",\"inLanguage\":\"en-US\",\"@id\":\"https:\/\/elportillodecoracion.es\/#\/schema\/logo\/image\/\",\"url\":\"https:\/\/elportillodecoracion.es\/wp-content\/uploads\/2018\/11\/El-Portillo_logo-300.jpg\",\"contentUrl\":\"https:\/\/elportillodecoracion.es\/wp-content\/uploads\/2018\/11\/El-Portillo_logo-300.jpg\",\"width\":350,\"height\":91,\"caption\":\"El Portillo Decoraci\u00f3n\"},\"image\":{\"@id\":\"https:\/\/elportillodecoracion.es\/#\/schema\/logo\/image\/\"}}]}<\/script>\n<meta property=\"product:price:amount\" content=\"169.00\" \/>\n<meta property=\"product:price:currency\" content=\"EUR\" \/>\n<meta property=\"og:availability\" content=\"out of stock\" \/>\n<meta property=\"product:availability\" content=\"out of stock\" \/>\n<meta property=\"product:retailer_item_id\" content=\"308128\" \/>\n<meta property=\"product:condition\" content=\"new\" \/>\n<!-- \/ Yoast SEO Premium plugin. -->","yoast_head_json":{"title":"CUADRO ESTILO FRIDA KAHLO MULTICOLOR 80x4x120 cm - El Portillo Decoraci\u00f3n","description":"Este maravilloso cuadro inspirado en el rostro de Frida Kahlo es sin duda alguna una pieza decorativa que embellecer\u00e1 tus paredes en todos los sentidos. Con su variedad de colores aportar\u00e1 alegr\u00eda y vitalidad a tu hogar, adem\u00e1s de destacar por la presencia de flores y animales que nos sumerge en un ambiente tranquilo y primaveral. El rostro de la mujer se diferencia por sus peque\u00f1as piedras de efecto cristal que simulan sus cejas, un toque distintivo con gran personalidad. Cuadro pintado a mano 80%.  -Material: lienzo pintado a mano 80%,  -Marco: Dorado pintado a mano  -Color: multicolor.  -Medidas: 80x4x120 cm.","robots":{"index":"index","follow":"follow","max-snippet":"max-snippet:-1","max-image-preview":"max-image-preview:large","max-video-preview":"max-video-preview:-1"},"canonical":"https:\/\/elportillodecoracion.es\/tienda\/cuadro-estilo-frida-kahlo-multicolor-80x4x120-cm\/","og_locale":"en_US","og_type":"article","og_title":"CUADRO ESTILO FRIDA KAHLO MULTICOLOR 80x4x120 cm","og_description":"Este maravilloso cuadro inspirado en el rostro de Frida Kahlo es sin duda alguna una pieza decorativa que embellecer\u00e1 tus paredes en todos los sentidos. Con su variedad de colores aportar\u00e1 alegr\u00eda y vitalidad a tu hogar, adem\u00e1s de destacar por la presencia de flores y animales que nos sumerge en un ambiente tranquilo y primaveral. El rostro de la mujer se diferencia por sus peque\u00f1as piedras de efecto cristal que simulan sus cejas, un toque distintivo con gran personalidad. Cuadro pintado a mano 80%.  -Material: lienzo pintado a mano 80%,  -Marco: Dorado pintado a mano  -Color: multicolor.  -Medidas: 80x4x120 cm.","og_url":"https:\/\/elportillodecoracion.es\/tienda\/cuadro-estilo-frida-kahlo-multicolor-80x4x120-cm\/","og_site_name":"El Portillo Decoraci\u00f3n","article_modified_time":"2024-12-17T20:33:19+00:00","og_image":[{"width":1280,"height":1280,"url":"https:\/\/elportillodecoracion.es\/wp-content\/uploads\/2024\/03\/308128.jpg","type":"image\/jpeg"}],"twitter_card":"summary_large_image","twitter_misc":{"Price":"169,00&euro; IVA inc","Availability":"Out of stock"},"schema":{"@context":"https:\/\/schema.org","@graph":[{"@type":"WebPage","@id":"https:\/\/elportillodecoracion.es\/tienda\/cuadro-estilo-frida-kahlo-multicolor-80x4x120-cm\/","url":"https:\/\/elportillodecoracion.es\/tienda\/cuadro-estilo-frida-kahlo-multicolor-80x4x120-cm\/","name":"CUADRO ESTILO FRIDA KAHLO MULTICOLOR 80x4x120 cm - El Portillo Decoraci\u00f3n","isPartOf":{"@id":"https:\/\/elportillodecoracion.es\/#website"},"primaryImageOfPage":{"@id":"https:\/\/elportillodecoracion.es\/tienda\/cuadro-estilo-frida-kahlo-multicolor-80x4x120-cm\/#primaryimage"},"image":{"@id":"https:\/\/elportillodecoracion.es\/tienda\/cuadro-estilo-frida-kahlo-multicolor-80x4x120-cm\/#primaryimage"},"thumbnailUrl":"https:\/\/elportillodecoracion.es\/wp-content\/uploads\/2024\/03\/308128.jpg","datePublished":"2024-12-08T12:37:20+00:00","dateModified":"2024-12-17T20:33:19+00:00","description":"Este maravilloso cuadro inspirado en el rostro de Frida Kahlo es sin duda alguna una pieza decorativa que embellecer\u00e1 tus paredes en todos los sentidos. Con su variedad de colores aportar\u00e1 alegr\u00eda y vitalidad a tu hogar, adem\u00e1s de destacar por la presencia de flores y animales que nos sumerge en un ambiente tranquilo y primaveral. El rostro de la mujer se diferencia por sus peque\u00f1as piedras de efecto cristal que simulan sus cejas, un toque distintivo con gran personalidad. Cuadro pintado a mano 80%. -Material: lienzo pintado a mano 80%, -Marco: Dorado pintado a mano -Color: multicolor. -Medidas: 80x4x120 cm.","breadcrumb":{"@id":"https:\/\/elportillodecoracion.es\/tienda\/cuadro-estilo-frida-kahlo-multicolor-80x4x120-cm\/#breadcrumb"},"inLanguage":"en-US","potentialAction":[{"@type":"ReadAction","target":["https:\/\/elportillodecoracion.es\/tienda\/cuadro-estilo-frida-kahlo-multicolor-80x4x120-cm\/"]}]},{"@type":"ImageObject","inLanguage":"en-US","@id":"https:\/\/elportillodecoracion.es\/tienda\/cuadro-estilo-frida-kahlo-multicolor-80x4x120-cm\/#primaryimage","url":"https:\/\/elportillodecoracion.es\/wp-content\/uploads\/2024\/03\/308128.jpg","contentUrl":"https:\/\/elportillodecoracion.es\/wp-content\/uploads\/2024\/03\/308128.jpg","width":1280,"height":1280},{"@type":"BreadcrumbList","@id":"https:\/\/elportillodecoracion.es\/tienda\/cuadro-estilo-frida-kahlo-multicolor-80x4x120-cm\/#breadcrumb","itemListElement":[{"@type":"ListItem","position":1,"name":"Portada","item":"https:\/\/elportillodecoracion.es\/"},{"@type":"ListItem","position":2,"name":"Tienda","item":"https:\/\/elportillodecoracion.es\/tienda\/"},{"@type":"ListItem","position":3,"name":"CUADRO ESTILO FRIDA KAHLO MULTICOLOR 80x4x120 cm"}]},{"@type":"WebSite","@id":"https:\/\/elportillodecoracion.es\/#website","url":"https:\/\/elportillodecoracion.es\/","name":"El Portillo Decoraci\u00f3n","description":"Muebles y Decoraci\u00f3n","publisher":{"@id":"https:\/\/elportillodecoracion.es\/#organization"},"potentialAction":[{"@type":"SearchAction","target":{"@type":"EntryPoint","urlTemplate":"https:\/\/elportillodecoracion.es\/?s={search_term_string}"},"query-input":{"@type":"PropertyValueSpecification","valueRequired":true,"valueName":"search_term_string"}}],"inLanguage":"en-US"},{"@type":"Organization","@id":"https:\/\/elportillodecoracion.es\/#organization","name":"El Portillo Decoraci\u00f3n","url":"https:\/\/elportillodecoracion.es\/","logo":{"@type":"ImageObject","inLanguage":"en-US","@id":"https:\/\/elportillodecoracion.es\/#\/schema\/logo\/image\/","url":"https:\/\/elportillodecoracion.es\/wp-content\/uploads\/2018\/11\/El-Portillo_logo-300.jpg","contentUrl":"https:\/\/elportillodecoracion.es\/wp-content\/uploads\/2018\/11\/El-Portillo_logo-300.jpg","width":350,"height":91,"caption":"El Portillo Decoraci\u00f3n"},"image":{"@id":"https:\/\/elportillodecoracion.es\/#\/schema\/logo\/image\/"}}]},"product_price_amount":"169.00","product_price_currency":"EUR","og_availability":"out of stock","product_availability":"out of stock","product_retailer_item_id":"308128","product_condition":"new"},"_links":{"self":[{"href":"https:\/\/elportillodecoracion.es\/en\/wp-json\/wp\/v2\/product\/18071","targetHints":{"allow":["GET"]}}],"collection":[{"href":"https:\/\/elportillodecoracion.es\/en\/wp-json\/wp\/v2\/product"}],"about":[{"href":"https:\/\/elportillodecoracion.es\/en\/wp-json\/wp\/v2\/types\/product"}],"replies":[{"embeddable":true,"href":"https:\/\/elportillodecoracion.es\/en\/wp-json\/wp\/v2\/comments?post=18071"}],"wp:featuredmedia":[{"embeddable":true,"href":"https:\/\/elportillodecoracion.es\/en\/wp-json\/wp\/v2\/media\/18073"}],"wp:attachment":[{"href":"https:\/\/elportillodecoracion.es\/en\/wp-json\/wp\/v2\/media?parent=18071"}],"wp:term":[{"taxonomy":"product_cat","embeddable":true,"href":"https:\/\/elportillodecoracion.es\/en\/wp-json\/wp\/v2\/product_cat?post=18071"},{"taxonomy":"product_tag","embeddable":true,"href":"https:\/\/elportillodecoracion.es\/en\/wp-json\/wp\/v2\/product_tag?post=18071"}],"curies":[{"name":"wp","href":"https:\/\/api.w.org\/{rel}","templated":true}]}}