{"id":18061,"date":"2024-03-04T13:53:54","date_gmt":"2024-03-04T12:53:54","guid":{"rendered":"https:\/\/elportillodecoracion.es\/?post_type=product&#038;p=18061"},"modified":"2024-03-04T13:53:55","modified_gmt":"2024-03-04T12:53:55","slug":"lampara-sobremesa-base-geometrica-amarilla-23x23x41-cm","status":"publish","type":"product","link":"https:\/\/elportillodecoracion.es\/en\/tienda\/lampara-sobremesa-base-geometrica-amarilla-23x23x41-cm\/","title":{"rendered":"L\u00c1MPARA SOBREMESA BASE GEOM\u00c9TRICA AMARILLA 23x23x41 cm"},"content":{"rendered":"","protected":false},"excerpt":{"rendered":"<p><strong>L\u00e1mpara<\/strong> de <strong>sobremesa<\/strong> que destaca por su original base con <strong>forma geom\u00e9trica<\/strong> en color <strong>amarillo<\/strong>, sencilla pero con un toque divertido que la convierte en la pieza ideal para aportar luz a tu sal\u00f3n, comedor o dormitorio. Su <strong>exclusivo dise\u00f1o<\/strong> y llamativo color amarillo la hace un accesorio f\u00e1cil de combinar en <strong>ambientes modernos y atrevidos<\/strong>.<\/p>\n<p><strong>-Material:<\/strong> poliresina.<\/p>\n<p><strong>-Medidas:<\/strong> 23x23x41 cm.<\/p>\n<p><strong>-Color:<\/strong> amarillo.<\/p>\n<p>-Bombilla E27 no incluida.<\/p>\n","protected":false},"featured_media":18063,"comment_status":"open","ping_status":"closed","template":"","meta":{"_joinchat":[]},"product_cat":[718,719],"product_tag":[708],"class_list":{"0":"post-18061","1":"product","2":"type-product","3":"status-publish","4":"has-post-thumbnail","6":"product_cat-lighting","7":"product_cat-table-lamps","8":"product_tag-polyresin","10":"first","11":"instock","12":"taxable","13":"shipping-taxable","14":"purchasable","15":"product-type-simple"},"yoast_head":"<!-- This site is optimized with the Yoast SEO Premium plugin v23.0 (Yoast SEO v25.6) - https:\/\/yoast.com\/wordpress\/plugins\/seo\/ -->\n<title>L\u00c1MPARA SOBREMESA BASE GEOM\u00c9TRICA AMARILLA 23x23x41 cm - El Portillo Decoraci\u00f3n<\/title>\n<meta name=\"description\" content=\"L\u00e1mpara de sobremesa que destaca por su original base con forma geom\u00e9trica en color amarillo, sencilla pero con un toque divertido que la convierte en la pieza ideal para aportar luz a tu sal\u00f3n, comedor o dormitorio. Su exclusivo dise\u00f1o y llamativo color amarillo la hace un accesorio f\u00e1cil de combinar en ambientes modernos y atrevidos.  -Material: poliresina.  -Medidas: 23x23x41 cm.  -Color: amarillo.  -Bombilla E27 no incluida.\" \/>\n<meta name=\"robots\" content=\"index, follow, max-snippet:-1, max-image-preview:large, max-video-preview:-1\" \/>\n<link rel=\"canonical\" href=\"https:\/\/elportillodecoracion.es\/tienda\/lampara-sobremesa-base-geometrica-amarilla-23x23x41-cm\/\" \/>\n<meta property=\"og:locale\" content=\"en_US\" \/>\n<meta property=\"og:type\" content=\"article\" \/>\n<meta property=\"og:title\" content=\"L\u00c1MPARA SOBREMESA BASE GEOM\u00c9TRICA AMARILLA 23x23x41 cm\" \/>\n<meta property=\"og:description\" content=\"L\u00e1mpara de sobremesa que destaca por su original base con forma geom\u00e9trica en color amarillo, sencilla pero con un toque divertido que la convierte en la pieza ideal para aportar luz a tu sal\u00f3n, comedor o dormitorio. Su exclusivo dise\u00f1o y llamativo color amarillo la hace un accesorio f\u00e1cil de combinar en ambientes modernos y atrevidos.  -Material: poliresina.  -Medidas: 23x23x41 cm.  -Color: amarillo.  -Bombilla E27 no incluida.\" \/>\n<meta property=\"og:url\" content=\"https:\/\/elportillodecoracion.es\/tienda\/lampara-sobremesa-base-geometrica-amarilla-23x23x41-cm\/\" \/>\n<meta property=\"og:site_name\" content=\"El Portillo Decoraci\u00f3n\" \/>\n<meta property=\"article:modified_time\" content=\"2024-03-04T12:53:55+00:00\" \/>\n<meta property=\"og:image\" content=\"https:\/\/elportillodecoracion.es\/wp-content\/uploads\/2024\/03\/046321-2.jpg\" \/>\n\t<meta property=\"og:image:width\" content=\"1920\" \/>\n\t<meta property=\"og:image:height\" content=\"1280\" \/>\n\t<meta property=\"og:image:type\" content=\"image\/jpeg\" \/>\n<meta name=\"twitter:card\" content=\"summary_large_image\" \/>\n<meta name=\"twitter:label1\" content=\"Price\" \/>\n\t<meta name=\"twitter:data1\" content=\"109,00&euro; IVA inc\" \/>\n\t<meta name=\"twitter:label2\" content=\"Availability\" \/>\n\t<meta name=\"twitter:data2\" content=\"In stock\" \/>\n<script type=\"application\/ld+json\" class=\"yoast-schema-graph\">{\"@context\":\"https:\/\/schema.org\",\"@graph\":[{\"@type\":\"WebPage\",\"@id\":\"https:\/\/elportillodecoracion.es\/tienda\/lampara-sobremesa-base-geometrica-amarilla-23x23x41-cm\/\",\"url\":\"https:\/\/elportillodecoracion.es\/tienda\/lampara-sobremesa-base-geometrica-amarilla-23x23x41-cm\/\",\"name\":\"L\u00c1MPARA SOBREMESA BASE GEOM\u00c9TRICA AMARILLA 23x23x41 cm - El Portillo Decoraci\u00f3n\",\"isPartOf\":{\"@id\":\"https:\/\/elportillodecoracion.es\/#website\"},\"primaryImageOfPage\":{\"@id\":\"https:\/\/elportillodecoracion.es\/tienda\/lampara-sobremesa-base-geometrica-amarilla-23x23x41-cm\/#primaryimage\"},\"image\":{\"@id\":\"https:\/\/elportillodecoracion.es\/tienda\/lampara-sobremesa-base-geometrica-amarilla-23x23x41-cm\/#primaryimage\"},\"thumbnailUrl\":\"https:\/\/elportillodecoracion.es\/wp-content\/uploads\/2024\/03\/046321-2.jpg\",\"datePublished\":\"2024-03-04T12:53:54+00:00\",\"dateModified\":\"2024-03-04T12:53:55+00:00\",\"description\":\"L\u00e1mpara de sobremesa que destaca por su original base con forma geom\u00e9trica en color amarillo, sencilla pero con un toque divertido que la convierte en la pieza ideal para aportar luz a tu sal\u00f3n, comedor o dormitorio. Su exclusivo dise\u00f1o y llamativo color amarillo la hace un accesorio f\u00e1cil de combinar en ambientes modernos y atrevidos. -Material: poliresina. -Medidas: 23x23x41 cm. -Color: amarillo. -Bombilla E27 no incluida.\",\"breadcrumb\":{\"@id\":\"https:\/\/elportillodecoracion.es\/tienda\/lampara-sobremesa-base-geometrica-amarilla-23x23x41-cm\/#breadcrumb\"},\"inLanguage\":\"en-US\",\"potentialAction\":[{\"@type\":\"ReadAction\",\"target\":[\"https:\/\/elportillodecoracion.es\/tienda\/lampara-sobremesa-base-geometrica-amarilla-23x23x41-cm\/\"]}]},{\"@type\":\"ImageObject\",\"inLanguage\":\"en-US\",\"@id\":\"https:\/\/elportillodecoracion.es\/tienda\/lampara-sobremesa-base-geometrica-amarilla-23x23x41-cm\/#primaryimage\",\"url\":\"https:\/\/elportillodecoracion.es\/wp-content\/uploads\/2024\/03\/046321-2.jpg\",\"contentUrl\":\"https:\/\/elportillodecoracion.es\/wp-content\/uploads\/2024\/03\/046321-2.jpg\",\"width\":1920,\"height\":1280},{\"@type\":\"BreadcrumbList\",\"@id\":\"https:\/\/elportillodecoracion.es\/tienda\/lampara-sobremesa-base-geometrica-amarilla-23x23x41-cm\/#breadcrumb\",\"itemListElement\":[{\"@type\":\"ListItem\",\"position\":1,\"name\":\"Portada\",\"item\":\"https:\/\/elportillodecoracion.es\/\"},{\"@type\":\"ListItem\",\"position\":2,\"name\":\"Tienda\",\"item\":\"https:\/\/elportillodecoracion.es\/tienda\/\"},{\"@type\":\"ListItem\",\"position\":3,\"name\":\"L\u00c1MPARA SOBREMESA BASE GEOM\u00c9TRICA AMARILLA 23x23x41 cm\"}]},{\"@type\":\"WebSite\",\"@id\":\"https:\/\/elportillodecoracion.es\/#website\",\"url\":\"https:\/\/elportillodecoracion.es\/\",\"name\":\"El Portillo Decoraci\u00f3n\",\"description\":\"Muebles y Decoraci\u00f3n\",\"publisher\":{\"@id\":\"https:\/\/elportillodecoracion.es\/#organization\"},\"potentialAction\":[{\"@type\":\"SearchAction\",\"target\":{\"@type\":\"EntryPoint\",\"urlTemplate\":\"https:\/\/elportillodecoracion.es\/?s={search_term_string}\"},\"query-input\":{\"@type\":\"PropertyValueSpecification\",\"valueRequired\":true,\"valueName\":\"search_term_string\"}}],\"inLanguage\":\"en-US\"},{\"@type\":\"Organization\",\"@id\":\"https:\/\/elportillodecoracion.es\/#organization\",\"name\":\"El Portillo Decoraci\u00f3n\",\"url\":\"https:\/\/elportillodecoracion.es\/\",\"logo\":{\"@type\":\"ImageObject\",\"inLanguage\":\"en-US\",\"@id\":\"https:\/\/elportillodecoracion.es\/#\/schema\/logo\/image\/\",\"url\":\"https:\/\/elportillodecoracion.es\/wp-content\/uploads\/2018\/11\/El-Portillo_logo-300.jpg\",\"contentUrl\":\"https:\/\/elportillodecoracion.es\/wp-content\/uploads\/2018\/11\/El-Portillo_logo-300.jpg\",\"width\":350,\"height\":91,\"caption\":\"El Portillo Decoraci\u00f3n\"},\"image\":{\"@id\":\"https:\/\/elportillodecoracion.es\/#\/schema\/logo\/image\/\"}}]}<\/script>\n<meta property=\"product:price:amount\" content=\"109.00\" \/>\n<meta property=\"product:price:currency\" content=\"EUR\" \/>\n<meta property=\"og:availability\" content=\"instock\" \/>\n<meta property=\"product:availability\" content=\"instock\" \/>\n<meta property=\"product:retailer_item_id\" content=\"046321\" \/>\n<meta property=\"product:condition\" content=\"new\" \/>\n<!-- \/ Yoast SEO Premium plugin. -->","yoast_head_json":{"title":"L\u00c1MPARA SOBREMESA BASE GEOM\u00c9TRICA AMARILLA 23x23x41 cm - El Portillo Decoraci\u00f3n","description":"L\u00e1mpara de sobremesa que destaca por su original base con forma geom\u00e9trica en color amarillo, sencilla pero con un toque divertido que la convierte en la pieza ideal para aportar luz a tu sal\u00f3n, comedor o dormitorio. Su exclusivo dise\u00f1o y llamativo color amarillo la hace un accesorio f\u00e1cil de combinar en ambientes modernos y atrevidos.  -Material: poliresina.  -Medidas: 23x23x41 cm.  -Color: amarillo.  -Bombilla E27 no incluida.","robots":{"index":"index","follow":"follow","max-snippet":"max-snippet:-1","max-image-preview":"max-image-preview:large","max-video-preview":"max-video-preview:-1"},"canonical":"https:\/\/elportillodecoracion.es\/tienda\/lampara-sobremesa-base-geometrica-amarilla-23x23x41-cm\/","og_locale":"en_US","og_type":"article","og_title":"L\u00c1MPARA SOBREMESA BASE GEOM\u00c9TRICA AMARILLA 23x23x41 cm","og_description":"L\u00e1mpara de sobremesa que destaca por su original base con forma geom\u00e9trica en color amarillo, sencilla pero con un toque divertido que la convierte en la pieza ideal para aportar luz a tu sal\u00f3n, comedor o dormitorio. Su exclusivo dise\u00f1o y llamativo color amarillo la hace un accesorio f\u00e1cil de combinar en ambientes modernos y atrevidos.  -Material: poliresina.  -Medidas: 23x23x41 cm.  -Color: amarillo.  -Bombilla E27 no incluida.","og_url":"https:\/\/elportillodecoracion.es\/tienda\/lampara-sobremesa-base-geometrica-amarilla-23x23x41-cm\/","og_site_name":"El Portillo Decoraci\u00f3n","article_modified_time":"2024-03-04T12:53:55+00:00","og_image":[{"width":1920,"height":1280,"url":"https:\/\/elportillodecoracion.es\/wp-content\/uploads\/2024\/03\/046321-2.jpg","type":"image\/jpeg"}],"twitter_card":"summary_large_image","twitter_misc":{"Price":"109,00&euro; IVA inc","Availability":"In stock"},"schema":{"@context":"https:\/\/schema.org","@graph":[{"@type":"WebPage","@id":"https:\/\/elportillodecoracion.es\/tienda\/lampara-sobremesa-base-geometrica-amarilla-23x23x41-cm\/","url":"https:\/\/elportillodecoracion.es\/tienda\/lampara-sobremesa-base-geometrica-amarilla-23x23x41-cm\/","name":"L\u00c1MPARA SOBREMESA BASE GEOM\u00c9TRICA AMARILLA 23x23x41 cm - El Portillo Decoraci\u00f3n","isPartOf":{"@id":"https:\/\/elportillodecoracion.es\/#website"},"primaryImageOfPage":{"@id":"https:\/\/elportillodecoracion.es\/tienda\/lampara-sobremesa-base-geometrica-amarilla-23x23x41-cm\/#primaryimage"},"image":{"@id":"https:\/\/elportillodecoracion.es\/tienda\/lampara-sobremesa-base-geometrica-amarilla-23x23x41-cm\/#primaryimage"},"thumbnailUrl":"https:\/\/elportillodecoracion.es\/wp-content\/uploads\/2024\/03\/046321-2.jpg","datePublished":"2024-03-04T12:53:54+00:00","dateModified":"2024-03-04T12:53:55+00:00","description":"L\u00e1mpara de sobremesa que destaca por su original base con forma geom\u00e9trica en color amarillo, sencilla pero con un toque divertido que la convierte en la pieza ideal para aportar luz a tu sal\u00f3n, comedor o dormitorio. Su exclusivo dise\u00f1o y llamativo color amarillo la hace un accesorio f\u00e1cil de combinar en ambientes modernos y atrevidos. -Material: poliresina. -Medidas: 23x23x41 cm. -Color: amarillo. -Bombilla E27 no incluida.","breadcrumb":{"@id":"https:\/\/elportillodecoracion.es\/tienda\/lampara-sobremesa-base-geometrica-amarilla-23x23x41-cm\/#breadcrumb"},"inLanguage":"en-US","potentialAction":[{"@type":"ReadAction","target":["https:\/\/elportillodecoracion.es\/tienda\/lampara-sobremesa-base-geometrica-amarilla-23x23x41-cm\/"]}]},{"@type":"ImageObject","inLanguage":"en-US","@id":"https:\/\/elportillodecoracion.es\/tienda\/lampara-sobremesa-base-geometrica-amarilla-23x23x41-cm\/#primaryimage","url":"https:\/\/elportillodecoracion.es\/wp-content\/uploads\/2024\/03\/046321-2.jpg","contentUrl":"https:\/\/elportillodecoracion.es\/wp-content\/uploads\/2024\/03\/046321-2.jpg","width":1920,"height":1280},{"@type":"BreadcrumbList","@id":"https:\/\/elportillodecoracion.es\/tienda\/lampara-sobremesa-base-geometrica-amarilla-23x23x41-cm\/#breadcrumb","itemListElement":[{"@type":"ListItem","position":1,"name":"Portada","item":"https:\/\/elportillodecoracion.es\/"},{"@type":"ListItem","position":2,"name":"Tienda","item":"https:\/\/elportillodecoracion.es\/tienda\/"},{"@type":"ListItem","position":3,"name":"L\u00c1MPARA SOBREMESA BASE GEOM\u00c9TRICA AMARILLA 23x23x41 cm"}]},{"@type":"WebSite","@id":"https:\/\/elportillodecoracion.es\/#website","url":"https:\/\/elportillodecoracion.es\/","name":"El Portillo Decoraci\u00f3n","description":"Muebles y Decoraci\u00f3n","publisher":{"@id":"https:\/\/elportillodecoracion.es\/#organization"},"potentialAction":[{"@type":"SearchAction","target":{"@type":"EntryPoint","urlTemplate":"https:\/\/elportillodecoracion.es\/?s={search_term_string}"},"query-input":{"@type":"PropertyValueSpecification","valueRequired":true,"valueName":"search_term_string"}}],"inLanguage":"en-US"},{"@type":"Organization","@id":"https:\/\/elportillodecoracion.es\/#organization","name":"El Portillo Decoraci\u00f3n","url":"https:\/\/elportillodecoracion.es\/","logo":{"@type":"ImageObject","inLanguage":"en-US","@id":"https:\/\/elportillodecoracion.es\/#\/schema\/logo\/image\/","url":"https:\/\/elportillodecoracion.es\/wp-content\/uploads\/2018\/11\/El-Portillo_logo-300.jpg","contentUrl":"https:\/\/elportillodecoracion.es\/wp-content\/uploads\/2018\/11\/El-Portillo_logo-300.jpg","width":350,"height":91,"caption":"El Portillo Decoraci\u00f3n"},"image":{"@id":"https:\/\/elportillodecoracion.es\/#\/schema\/logo\/image\/"}}]},"product_price_amount":"109.00","product_price_currency":"EUR","og_availability":"instock","product_availability":"instock","product_retailer_item_id":"046321","product_condition":"new"},"_links":{"self":[{"href":"https:\/\/elportillodecoracion.es\/en\/wp-json\/wp\/v2\/product\/18061","targetHints":{"allow":["GET"]}}],"collection":[{"href":"https:\/\/elportillodecoracion.es\/en\/wp-json\/wp\/v2\/product"}],"about":[{"href":"https:\/\/elportillodecoracion.es\/en\/wp-json\/wp\/v2\/types\/product"}],"replies":[{"embeddable":true,"href":"https:\/\/elportillodecoracion.es\/en\/wp-json\/wp\/v2\/comments?post=18061"}],"wp:featuredmedia":[{"embeddable":true,"href":"https:\/\/elportillodecoracion.es\/en\/wp-json\/wp\/v2\/media\/18063"}],"wp:attachment":[{"href":"https:\/\/elportillodecoracion.es\/en\/wp-json\/wp\/v2\/media?parent=18061"}],"wp:term":[{"taxonomy":"product_cat","embeddable":true,"href":"https:\/\/elportillodecoracion.es\/en\/wp-json\/wp\/v2\/product_cat?post=18061"},{"taxonomy":"product_tag","embeddable":true,"href":"https:\/\/elportillodecoracion.es\/en\/wp-json\/wp\/v2\/product_tag?post=18061"}],"curies":[{"name":"wp","href":"https:\/\/api.w.org\/{rel}","templated":true}]}}