{"id":17860,"date":"2023-12-31T12:13:04","date_gmt":"2023-12-31T11:13:04","guid":{"rendered":"https:\/\/elportillodecoracion.es\/?post_type=product&#038;p=17860"},"modified":"2025-11-24T23:23:56","modified_gmt":"2025-11-24T22:23:56","slug":"espejo-redondo-bolas-madera-545x45-cms","status":"publish","type":"product","link":"https:\/\/elportillodecoracion.es\/en\/tienda\/espejo-redondo-bolas-madera-545x45-cms\/","title":{"rendered":"ESPEJO REDONDO BOLAS MADERA 54,5&#215;4,5 cms."},"content":{"rendered":"","protected":false},"excerpt":{"rendered":"<p>Este <strong>espejo redondo<\/strong> con base de <strong>madera de mango<\/strong> en <strong>tonos blancos y marrones envejecidos<\/strong> es sin duda una pieza magn\u00edfica para <strong>vestir tus paredes<\/strong> <strong>de forma original y moderna.<\/strong> Su borde, cubierto por bolas de madera en color marr\u00f3n, aporta un <strong>toque natural<\/strong> a la decoraci\u00f3n de tu hogar y es combinable con diferentes ambientes decorativos.<\/p>\n<p><strong>-Material: <\/strong>madera de mango y MDF.<\/p>\n<p><strong>-Medidas: <\/strong>54,5&#215;4,5 cms.<\/p>\n<p><strong>-Color:<\/strong> marr\u00f3n.<\/p>\n","protected":false},"featured_media":17862,"comment_status":"open","ping_status":"closed","template":"","meta":{"_joinchat":[]},"product_cat":[682,684],"product_tag":[820,807],"class_list":{"0":"post-17860","1":"product","2":"type-product","3":"status-publish","4":"has-post-thumbnail","6":"product_cat-wall-decoration","7":"product_cat-mirrors","8":"product_tag-mirror","9":"product_tag-wood","11":"first","12":"outofstock","13":"taxable","14":"shipping-taxable","15":"purchasable","16":"product-type-simple"},"yoast_head":"<!-- This site is optimized with the Yoast SEO Premium plugin v23.0 (Yoast SEO v25.6) - https:\/\/yoast.com\/wordpress\/plugins\/seo\/ -->\n<title>ESPEJO REDONDO BOLAS MADERA 54,5x4,5 cms. - El Portillo Decoraci\u00f3n<\/title>\n<meta name=\"description\" content=\"Este espejo redondo con base de madera de mango en tonos blancos y marrones envejecidos es sin duda una pieza magn\u00edfica para vestir tus paredes de forma original y moderna. Su borde, cubierto por bolas de madera en color marr\u00f3n, aporta un toque natural a la decoraci\u00f3n de tu hogar y es combinable con diferentes ambientes decorativos.  -Material: madera de mango y MDF.  -Medidas: 54,5x4,5 cms.  -Color: marr\u00f3n.\" \/>\n<meta name=\"robots\" content=\"index, follow, max-snippet:-1, max-image-preview:large, max-video-preview:-1\" \/>\n<link rel=\"canonical\" href=\"https:\/\/elportillodecoracion.es\/tienda\/espejo-redondo-bolas-madera-545x45-cms\/\" \/>\n<meta property=\"og:locale\" content=\"en_US\" \/>\n<meta property=\"og:type\" content=\"article\" \/>\n<meta property=\"og:title\" content=\"ESPEJO REDONDO BOLAS MADERA 54,5x4,5 cms.\" \/>\n<meta property=\"og:description\" content=\"Este espejo redondo con base de madera de mango en tonos blancos y marrones envejecidos es sin duda una pieza magn\u00edfica para vestir tus paredes de forma original y moderna. Su borde, cubierto por bolas de madera en color marr\u00f3n, aporta un toque natural a la decoraci\u00f3n de tu hogar y es combinable con diferentes ambientes decorativos.  -Material: madera de mango y MDF.  -Medidas: 54,5x4,5 cms.  -Color: marr\u00f3n.\" \/>\n<meta property=\"og:url\" content=\"https:\/\/elportillodecoracion.es\/tienda\/espejo-redondo-bolas-madera-545x45-cms\/\" \/>\n<meta property=\"og:site_name\" content=\"El Portillo Decoraci\u00f3n\" \/>\n<meta property=\"article:modified_time\" content=\"2025-11-24T22:23:56+00:00\" \/>\n<meta property=\"og:image\" content=\"https:\/\/elportillodecoracion.es\/wp-content\/uploads\/2023\/12\/ES-208805.jpg\" \/>\n\t<meta property=\"og:image:width\" content=\"700\" \/>\n\t<meta property=\"og:image:height\" content=\"466\" \/>\n\t<meta property=\"og:image:type\" content=\"image\/jpeg\" \/>\n<meta name=\"twitter:card\" content=\"summary_large_image\" \/>\n<meta name=\"twitter:label1\" content=\"Price\" \/>\n\t<meta name=\"twitter:data1\" content=\"74,90&euro; IVA inc\" \/>\n\t<meta name=\"twitter:label2\" content=\"Availability\" \/>\n\t<meta name=\"twitter:data2\" content=\"Out of stock\" \/>\n<script type=\"application\/ld+json\" class=\"yoast-schema-graph\">{\"@context\":\"https:\/\/schema.org\",\"@graph\":[{\"@type\":\"WebPage\",\"@id\":\"https:\/\/elportillodecoracion.es\/tienda\/espejo-redondo-bolas-madera-545x45-cms\/\",\"url\":\"https:\/\/elportillodecoracion.es\/tienda\/espejo-redondo-bolas-madera-545x45-cms\/\",\"name\":\"ESPEJO REDONDO BOLAS MADERA 54,5x4,5 cms. - El Portillo Decoraci\u00f3n\",\"isPartOf\":{\"@id\":\"https:\/\/elportillodecoracion.es\/#website\"},\"primaryImageOfPage\":{\"@id\":\"https:\/\/elportillodecoracion.es\/tienda\/espejo-redondo-bolas-madera-545x45-cms\/#primaryimage\"},\"image\":{\"@id\":\"https:\/\/elportillodecoracion.es\/tienda\/espejo-redondo-bolas-madera-545x45-cms\/#primaryimage\"},\"thumbnailUrl\":\"https:\/\/elportillodecoracion.es\/wp-content\/uploads\/2023\/12\/ES-208805.jpg\",\"datePublished\":\"2023-12-31T11:13:04+00:00\",\"dateModified\":\"2025-11-24T22:23:56+00:00\",\"description\":\"Este espejo redondo con base de madera de mango en tonos blancos y marrones envejecidos es sin duda una pieza magn\u00edfica para vestir tus paredes de forma original y moderna. Su borde, cubierto por bolas de madera en color marr\u00f3n, aporta un toque natural a la decoraci\u00f3n de tu hogar y es combinable con diferentes ambientes decorativos. -Material: madera de mango y MDF. -Medidas: 54,5x4,5 cms. -Color: marr\u00f3n.\",\"breadcrumb\":{\"@id\":\"https:\/\/elportillodecoracion.es\/tienda\/espejo-redondo-bolas-madera-545x45-cms\/#breadcrumb\"},\"inLanguage\":\"en-US\",\"potentialAction\":[{\"@type\":\"ReadAction\",\"target\":[\"https:\/\/elportillodecoracion.es\/tienda\/espejo-redondo-bolas-madera-545x45-cms\/\"]}]},{\"@type\":\"ImageObject\",\"inLanguage\":\"en-US\",\"@id\":\"https:\/\/elportillodecoracion.es\/tienda\/espejo-redondo-bolas-madera-545x45-cms\/#primaryimage\",\"url\":\"https:\/\/elportillodecoracion.es\/wp-content\/uploads\/2023\/12\/ES-208805.jpg\",\"contentUrl\":\"https:\/\/elportillodecoracion.es\/wp-content\/uploads\/2023\/12\/ES-208805.jpg\",\"width\":700,\"height\":466},{\"@type\":\"BreadcrumbList\",\"@id\":\"https:\/\/elportillodecoracion.es\/tienda\/espejo-redondo-bolas-madera-545x45-cms\/#breadcrumb\",\"itemListElement\":[{\"@type\":\"ListItem\",\"position\":1,\"name\":\"Portada\",\"item\":\"https:\/\/elportillodecoracion.es\/\"},{\"@type\":\"ListItem\",\"position\":2,\"name\":\"Tienda\",\"item\":\"https:\/\/elportillodecoracion.es\/tienda\/\"},{\"@type\":\"ListItem\",\"position\":3,\"name\":\"ESPEJO REDONDO BOLAS MADERA 54,5&#215;4,5 cms.\"}]},{\"@type\":\"WebSite\",\"@id\":\"https:\/\/elportillodecoracion.es\/#website\",\"url\":\"https:\/\/elportillodecoracion.es\/\",\"name\":\"El Portillo Decoraci\u00f3n\",\"description\":\"Muebles y Decoraci\u00f3n\",\"publisher\":{\"@id\":\"https:\/\/elportillodecoracion.es\/#organization\"},\"potentialAction\":[{\"@type\":\"SearchAction\",\"target\":{\"@type\":\"EntryPoint\",\"urlTemplate\":\"https:\/\/elportillodecoracion.es\/?s={search_term_string}\"},\"query-input\":{\"@type\":\"PropertyValueSpecification\",\"valueRequired\":true,\"valueName\":\"search_term_string\"}}],\"inLanguage\":\"en-US\"},{\"@type\":\"Organization\",\"@id\":\"https:\/\/elportillodecoracion.es\/#organization\",\"name\":\"El Portillo Decoraci\u00f3n\",\"url\":\"https:\/\/elportillodecoracion.es\/\",\"logo\":{\"@type\":\"ImageObject\",\"inLanguage\":\"en-US\",\"@id\":\"https:\/\/elportillodecoracion.es\/#\/schema\/logo\/image\/\",\"url\":\"https:\/\/elportillodecoracion.es\/wp-content\/uploads\/2018\/11\/El-Portillo_logo-300.jpg\",\"contentUrl\":\"https:\/\/elportillodecoracion.es\/wp-content\/uploads\/2018\/11\/El-Portillo_logo-300.jpg\",\"width\":350,\"height\":91,\"caption\":\"El Portillo Decoraci\u00f3n\"},\"image\":{\"@id\":\"https:\/\/elportillodecoracion.es\/#\/schema\/logo\/image\/\"}}]}<\/script>\n<meta property=\"product:price:amount\" content=\"74.90\" \/>\n<meta property=\"product:price:currency\" content=\"EUR\" \/>\n<meta property=\"og:availability\" content=\"out of stock\" \/>\n<meta property=\"product:availability\" content=\"out of stock\" \/>\n<meta property=\"product:retailer_item_id\" content=\"208805\" \/>\n<meta property=\"product:condition\" content=\"new\" \/>\n<!-- \/ Yoast SEO Premium plugin. -->","yoast_head_json":{"title":"ESPEJO REDONDO BOLAS MADERA 54,5x4,5 cms. - El Portillo Decoraci\u00f3n","description":"Este espejo redondo con base de madera de mango en tonos blancos y marrones envejecidos es sin duda una pieza magn\u00edfica para vestir tus paredes de forma original y moderna. Su borde, cubierto por bolas de madera en color marr\u00f3n, aporta un toque natural a la decoraci\u00f3n de tu hogar y es combinable con diferentes ambientes decorativos.  -Material: madera de mango y MDF.  -Medidas: 54,5x4,5 cms.  -Color: marr\u00f3n.","robots":{"index":"index","follow":"follow","max-snippet":"max-snippet:-1","max-image-preview":"max-image-preview:large","max-video-preview":"max-video-preview:-1"},"canonical":"https:\/\/elportillodecoracion.es\/tienda\/espejo-redondo-bolas-madera-545x45-cms\/","og_locale":"en_US","og_type":"article","og_title":"ESPEJO REDONDO BOLAS MADERA 54,5x4,5 cms.","og_description":"Este espejo redondo con base de madera de mango en tonos blancos y marrones envejecidos es sin duda una pieza magn\u00edfica para vestir tus paredes de forma original y moderna. Su borde, cubierto por bolas de madera en color marr\u00f3n, aporta un toque natural a la decoraci\u00f3n de tu hogar y es combinable con diferentes ambientes decorativos.  -Material: madera de mango y MDF.  -Medidas: 54,5x4,5 cms.  -Color: marr\u00f3n.","og_url":"https:\/\/elportillodecoracion.es\/tienda\/espejo-redondo-bolas-madera-545x45-cms\/","og_site_name":"El Portillo Decoraci\u00f3n","article_modified_time":"2025-11-24T22:23:56+00:00","og_image":[{"width":700,"height":466,"url":"https:\/\/elportillodecoracion.es\/wp-content\/uploads\/2023\/12\/ES-208805.jpg","type":"image\/jpeg"}],"twitter_card":"summary_large_image","twitter_misc":{"Price":"74,90&euro; IVA inc","Availability":"Out of stock"},"schema":{"@context":"https:\/\/schema.org","@graph":[{"@type":"WebPage","@id":"https:\/\/elportillodecoracion.es\/tienda\/espejo-redondo-bolas-madera-545x45-cms\/","url":"https:\/\/elportillodecoracion.es\/tienda\/espejo-redondo-bolas-madera-545x45-cms\/","name":"ESPEJO REDONDO BOLAS MADERA 54,5x4,5 cms. - El Portillo Decoraci\u00f3n","isPartOf":{"@id":"https:\/\/elportillodecoracion.es\/#website"},"primaryImageOfPage":{"@id":"https:\/\/elportillodecoracion.es\/tienda\/espejo-redondo-bolas-madera-545x45-cms\/#primaryimage"},"image":{"@id":"https:\/\/elportillodecoracion.es\/tienda\/espejo-redondo-bolas-madera-545x45-cms\/#primaryimage"},"thumbnailUrl":"https:\/\/elportillodecoracion.es\/wp-content\/uploads\/2023\/12\/ES-208805.jpg","datePublished":"2023-12-31T11:13:04+00:00","dateModified":"2025-11-24T22:23:56+00:00","description":"Este espejo redondo con base de madera de mango en tonos blancos y marrones envejecidos es sin duda una pieza magn\u00edfica para vestir tus paredes de forma original y moderna. Su borde, cubierto por bolas de madera en color marr\u00f3n, aporta un toque natural a la decoraci\u00f3n de tu hogar y es combinable con diferentes ambientes decorativos. -Material: madera de mango y MDF. -Medidas: 54,5x4,5 cms. -Color: marr\u00f3n.","breadcrumb":{"@id":"https:\/\/elportillodecoracion.es\/tienda\/espejo-redondo-bolas-madera-545x45-cms\/#breadcrumb"},"inLanguage":"en-US","potentialAction":[{"@type":"ReadAction","target":["https:\/\/elportillodecoracion.es\/tienda\/espejo-redondo-bolas-madera-545x45-cms\/"]}]},{"@type":"ImageObject","inLanguage":"en-US","@id":"https:\/\/elportillodecoracion.es\/tienda\/espejo-redondo-bolas-madera-545x45-cms\/#primaryimage","url":"https:\/\/elportillodecoracion.es\/wp-content\/uploads\/2023\/12\/ES-208805.jpg","contentUrl":"https:\/\/elportillodecoracion.es\/wp-content\/uploads\/2023\/12\/ES-208805.jpg","width":700,"height":466},{"@type":"BreadcrumbList","@id":"https:\/\/elportillodecoracion.es\/tienda\/espejo-redondo-bolas-madera-545x45-cms\/#breadcrumb","itemListElement":[{"@type":"ListItem","position":1,"name":"Portada","item":"https:\/\/elportillodecoracion.es\/"},{"@type":"ListItem","position":2,"name":"Tienda","item":"https:\/\/elportillodecoracion.es\/tienda\/"},{"@type":"ListItem","position":3,"name":"ESPEJO REDONDO BOLAS MADERA 54,5&#215;4,5 cms."}]},{"@type":"WebSite","@id":"https:\/\/elportillodecoracion.es\/#website","url":"https:\/\/elportillodecoracion.es\/","name":"El Portillo Decoraci\u00f3n","description":"Muebles y Decoraci\u00f3n","publisher":{"@id":"https:\/\/elportillodecoracion.es\/#organization"},"potentialAction":[{"@type":"SearchAction","target":{"@type":"EntryPoint","urlTemplate":"https:\/\/elportillodecoracion.es\/?s={search_term_string}"},"query-input":{"@type":"PropertyValueSpecification","valueRequired":true,"valueName":"search_term_string"}}],"inLanguage":"en-US"},{"@type":"Organization","@id":"https:\/\/elportillodecoracion.es\/#organization","name":"El Portillo Decoraci\u00f3n","url":"https:\/\/elportillodecoracion.es\/","logo":{"@type":"ImageObject","inLanguage":"en-US","@id":"https:\/\/elportillodecoracion.es\/#\/schema\/logo\/image\/","url":"https:\/\/elportillodecoracion.es\/wp-content\/uploads\/2018\/11\/El-Portillo_logo-300.jpg","contentUrl":"https:\/\/elportillodecoracion.es\/wp-content\/uploads\/2018\/11\/El-Portillo_logo-300.jpg","width":350,"height":91,"caption":"El Portillo Decoraci\u00f3n"},"image":{"@id":"https:\/\/elportillodecoracion.es\/#\/schema\/logo\/image\/"}}]},"product_price_amount":"74.90","product_price_currency":"EUR","og_availability":"out of stock","product_availability":"out of stock","product_retailer_item_id":"208805","product_condition":"new"},"_links":{"self":[{"href":"https:\/\/elportillodecoracion.es\/en\/wp-json\/wp\/v2\/product\/17860","targetHints":{"allow":["GET"]}}],"collection":[{"href":"https:\/\/elportillodecoracion.es\/en\/wp-json\/wp\/v2\/product"}],"about":[{"href":"https:\/\/elportillodecoracion.es\/en\/wp-json\/wp\/v2\/types\/product"}],"replies":[{"embeddable":true,"href":"https:\/\/elportillodecoracion.es\/en\/wp-json\/wp\/v2\/comments?post=17860"}],"wp:featuredmedia":[{"embeddable":true,"href":"https:\/\/elportillodecoracion.es\/en\/wp-json\/wp\/v2\/media\/17862"}],"wp:attachment":[{"href":"https:\/\/elportillodecoracion.es\/en\/wp-json\/wp\/v2\/media?parent=17860"}],"wp:term":[{"taxonomy":"product_cat","embeddable":true,"href":"https:\/\/elportillodecoracion.es\/en\/wp-json\/wp\/v2\/product_cat?post=17860"},{"taxonomy":"product_tag","embeddable":true,"href":"https:\/\/elportillodecoracion.es\/en\/wp-json\/wp\/v2\/product_tag?post=17860"}],"curies":[{"name":"wp","href":"https:\/\/api.w.org\/{rel}","templated":true}]}}