{"id":17832,"date":"2025-01-27T18:34:53","date_gmt":"2025-01-27T17:34:53","guid":{"rendered":"https:\/\/elportillodecoracion.es\/?post_type=product&#038;p=17832"},"modified":"2026-01-22T19:23:49","modified_gmt":"2026-01-22T18:23:49","slug":"reloj-de-pared-helices-marron-755x8x75-cms","status":"publish","type":"product","link":"https:\/\/elportillodecoracion.es\/en\/tienda\/reloj-de-pared-helices-marron-755x8x75-cms\/","title":{"rendered":"RELOJ DE PARED HELICES MARR\u00d3N 75,5x8x75 cms."},"content":{"rendered":"","protected":false},"excerpt":{"rendered":"<p><strong>Original reloj de pared<\/strong> en forma de h\u00e9lice fabricado en <strong>metal de alta calidad en tono marr\u00f3n cobrizo<\/strong>. Su dise\u00f1o lo convierte en una pieza especial que dar\u00e1 a tus <strong>paredes elegancia y originalidad<\/strong>, adem\u00e1s, destaca por la combinaci\u00f3n de peque\u00f1os destellos en tonos envejecidos que aportar\u00e1 un toque a\u00fan m\u00e1s realista. Perfecto si quieres apostar por una <strong>decoraci\u00f3n m\u00e1s industrial<\/strong>, aunque tambi\u00e9n quedar\u00e1 ideal en <strong>ambientes m\u00e1s modernos.\u00a0<\/strong><\/p>\n<p><strong>-Medidas:<\/strong> 75,5x8x75 cms.<\/p>\n<p><strong>-Material:<\/strong> metal, PVC.<\/p>\n<p><strong>-Color:<\/strong> marr\u00f3n cobrizo.<\/p>\n","protected":false},"featured_media":17834,"comment_status":"open","ping_status":"closed","template":"","meta":{"_joinchat":[]},"product_cat":[682,685],"product_tag":[703],"class_list":{"0":"post-17832","1":"product","2":"type-product","3":"status-publish","4":"has-post-thumbnail","6":"product_cat-wall-decoration","7":"product_cat-wall-clocks","8":"product_tag-metal-en","10":"first","11":"instock","12":"sale","13":"taxable","14":"shipping-taxable","15":"purchasable","16":"product-type-simple"},"yoast_head":"<!-- This site is optimized with the Yoast SEO Premium plugin v23.0 (Yoast SEO v25.6) - https:\/\/yoast.com\/wordpress\/plugins\/seo\/ -->\n<title>RELOJ DE PARED HELICES MARR\u00d3N 75,5x8x75 cms. - El Portillo Decoraci\u00f3n<\/title>\n<meta name=\"description\" content=\"Original reloj de pared en forma de h\u00e9lice fabricado en metal de alta calidad en tono marr\u00f3n cobrizo. Su dise\u00f1o lo convierte en una pieza especial que dar\u00e1 a tus paredes elegancia y originalidad, adem\u00e1s, destaca por la combinaci\u00f3n de peque\u00f1os destellos en tonos envejecidos que aportar\u00e1 un toque a\u00fan m\u00e1s realista. Perfecto si quieres apostar por una decoraci\u00f3n m\u00e1s industrial, aunque tambi\u00e9n quedar\u00e1 ideal en ambientes m\u00e1s modernos.\u00a0  -Medidas: 75,5x8x75 cms.  -Material: metal, PVC.  -Color: marr\u00f3n cobrizo.\" \/>\n<meta name=\"robots\" content=\"index, follow, max-snippet:-1, max-image-preview:large, max-video-preview:-1\" \/>\n<link rel=\"canonical\" href=\"https:\/\/elportillodecoracion.es\/tienda\/reloj-de-pared-helices-marron-755x8x75-cms\/\" \/>\n<meta property=\"og:locale\" content=\"en_US\" \/>\n<meta property=\"og:type\" content=\"article\" \/>\n<meta property=\"og:title\" content=\"RELOJ DE PARED HELICES MARR\u00d3N 75,5x8x75 cms.\" \/>\n<meta property=\"og:description\" content=\"Original reloj de pared en forma de h\u00e9lice fabricado en metal de alta calidad en tono marr\u00f3n cobrizo. Su dise\u00f1o lo convierte en una pieza especial que dar\u00e1 a tus paredes elegancia y originalidad, adem\u00e1s, destaca por la combinaci\u00f3n de peque\u00f1os destellos en tonos envejecidos que aportar\u00e1 un toque a\u00fan m\u00e1s realista. Perfecto si quieres apostar por una decoraci\u00f3n m\u00e1s industrial, aunque tambi\u00e9n quedar\u00e1 ideal en ambientes m\u00e1s modernos.\u00a0  -Medidas: 75,5x8x75 cms.  -Material: metal, PVC.  -Color: marr\u00f3n cobrizo.\" \/>\n<meta property=\"og:url\" content=\"https:\/\/elportillodecoracion.es\/tienda\/reloj-de-pared-helices-marron-755x8x75-cms\/\" \/>\n<meta property=\"og:site_name\" content=\"El Portillo Decoraci\u00f3n\" \/>\n<meta property=\"article:modified_time\" content=\"2026-01-22T18:23:49+00:00\" \/>\n<meta property=\"og:image\" content=\"https:\/\/elportillodecoracion.es\/wp-content\/uploads\/2023\/12\/RE-209974.jpg\" \/>\n\t<meta property=\"og:image:width\" content=\"700\" \/>\n\t<meta property=\"og:image:height\" content=\"466\" \/>\n\t<meta property=\"og:image:type\" content=\"image\/jpeg\" \/>\n<meta name=\"twitter:card\" content=\"summary_large_image\" \/>\n<meta name=\"twitter:label1\" content=\"Price\" \/>\n\t<meta name=\"twitter:data1\" content=\"25,00&euro; IVA inc\" \/>\n\t<meta name=\"twitter:label2\" content=\"Availability\" \/>\n\t<meta name=\"twitter:data2\" content=\"In stock\" \/>\n<script type=\"application\/ld+json\" class=\"yoast-schema-graph\">{\"@context\":\"https:\/\/schema.org\",\"@graph\":[{\"@type\":\"WebPage\",\"@id\":\"https:\/\/elportillodecoracion.es\/tienda\/reloj-de-pared-helices-marron-755x8x75-cms\/\",\"url\":\"https:\/\/elportillodecoracion.es\/tienda\/reloj-de-pared-helices-marron-755x8x75-cms\/\",\"name\":\"RELOJ DE PARED HELICES MARR\u00d3N 75,5x8x75 cms. - El Portillo Decoraci\u00f3n\",\"isPartOf\":{\"@id\":\"https:\/\/elportillodecoracion.es\/#website\"},\"primaryImageOfPage\":{\"@id\":\"https:\/\/elportillodecoracion.es\/tienda\/reloj-de-pared-helices-marron-755x8x75-cms\/#primaryimage\"},\"image\":{\"@id\":\"https:\/\/elportillodecoracion.es\/tienda\/reloj-de-pared-helices-marron-755x8x75-cms\/#primaryimage\"},\"thumbnailUrl\":\"https:\/\/elportillodecoracion.es\/wp-content\/uploads\/2023\/12\/RE-209974.jpg\",\"datePublished\":\"2025-01-27T17:34:53+00:00\",\"dateModified\":\"2026-01-22T18:23:49+00:00\",\"description\":\"Original reloj de pared en forma de h\u00e9lice fabricado en metal de alta calidad en tono marr\u00f3n cobrizo. Su dise\u00f1o lo convierte en una pieza especial que dar\u00e1 a tus paredes elegancia y originalidad, adem\u00e1s, destaca por la combinaci\u00f3n de peque\u00f1os destellos en tonos envejecidos que aportar\u00e1 un toque a\u00fan m\u00e1s realista. Perfecto si quieres apostar por una decoraci\u00f3n m\u00e1s industrial, aunque tambi\u00e9n quedar\u00e1 ideal en ambientes m\u00e1s modernos.\u00a0 -Medidas: 75,5x8x75 cms. -Material: metal, PVC. -Color: marr\u00f3n cobrizo.\",\"breadcrumb\":{\"@id\":\"https:\/\/elportillodecoracion.es\/tienda\/reloj-de-pared-helices-marron-755x8x75-cms\/#breadcrumb\"},\"inLanguage\":\"en-US\",\"potentialAction\":[{\"@type\":\"ReadAction\",\"target\":[\"https:\/\/elportillodecoracion.es\/tienda\/reloj-de-pared-helices-marron-755x8x75-cms\/\"]}]},{\"@type\":\"ImageObject\",\"inLanguage\":\"en-US\",\"@id\":\"https:\/\/elportillodecoracion.es\/tienda\/reloj-de-pared-helices-marron-755x8x75-cms\/#primaryimage\",\"url\":\"https:\/\/elportillodecoracion.es\/wp-content\/uploads\/2023\/12\/RE-209974.jpg\",\"contentUrl\":\"https:\/\/elportillodecoracion.es\/wp-content\/uploads\/2023\/12\/RE-209974.jpg\",\"width\":700,\"height\":466},{\"@type\":\"BreadcrumbList\",\"@id\":\"https:\/\/elportillodecoracion.es\/tienda\/reloj-de-pared-helices-marron-755x8x75-cms\/#breadcrumb\",\"itemListElement\":[{\"@type\":\"ListItem\",\"position\":1,\"name\":\"Portada\",\"item\":\"https:\/\/elportillodecoracion.es\/\"},{\"@type\":\"ListItem\",\"position\":2,\"name\":\"Tienda\",\"item\":\"https:\/\/elportillodecoracion.es\/tienda\/\"},{\"@type\":\"ListItem\",\"position\":3,\"name\":\"RELOJ DE PARED HELICES MARR\u00d3N 75,5x8x75 cms.\"}]},{\"@type\":\"WebSite\",\"@id\":\"https:\/\/elportillodecoracion.es\/#website\",\"url\":\"https:\/\/elportillodecoracion.es\/\",\"name\":\"El Portillo Decoraci\u00f3n\",\"description\":\"Muebles y Decoraci\u00f3n\",\"publisher\":{\"@id\":\"https:\/\/elportillodecoracion.es\/#organization\"},\"potentialAction\":[{\"@type\":\"SearchAction\",\"target\":{\"@type\":\"EntryPoint\",\"urlTemplate\":\"https:\/\/elportillodecoracion.es\/?s={search_term_string}\"},\"query-input\":{\"@type\":\"PropertyValueSpecification\",\"valueRequired\":true,\"valueName\":\"search_term_string\"}}],\"inLanguage\":\"en-US\"},{\"@type\":\"Organization\",\"@id\":\"https:\/\/elportillodecoracion.es\/#organization\",\"name\":\"El Portillo Decoraci\u00f3n\",\"url\":\"https:\/\/elportillodecoracion.es\/\",\"logo\":{\"@type\":\"ImageObject\",\"inLanguage\":\"en-US\",\"@id\":\"https:\/\/elportillodecoracion.es\/#\/schema\/logo\/image\/\",\"url\":\"https:\/\/elportillodecoracion.es\/wp-content\/uploads\/2018\/11\/El-Portillo_logo-300.jpg\",\"contentUrl\":\"https:\/\/elportillodecoracion.es\/wp-content\/uploads\/2018\/11\/El-Portillo_logo-300.jpg\",\"width\":350,\"height\":91,\"caption\":\"El Portillo Decoraci\u00f3n\"},\"image\":{\"@id\":\"https:\/\/elportillodecoracion.es\/#\/schema\/logo\/image\/\"}}]}<\/script>\n<meta property=\"product:price:amount\" content=\"25.00\" \/>\n<meta property=\"product:price:currency\" content=\"EUR\" \/>\n<meta property=\"og:availability\" content=\"instock\" \/>\n<meta property=\"product:availability\" content=\"instock\" \/>\n<meta property=\"product:retailer_item_id\" content=\"209974\" \/>\n<meta property=\"product:condition\" content=\"new\" \/>\n<!-- \/ Yoast SEO Premium plugin. -->","yoast_head_json":{"title":"RELOJ DE PARED HELICES MARR\u00d3N 75,5x8x75 cms. - El Portillo Decoraci\u00f3n","description":"Original reloj de pared en forma de h\u00e9lice fabricado en metal de alta calidad en tono marr\u00f3n cobrizo. Su dise\u00f1o lo convierte en una pieza especial que dar\u00e1 a tus paredes elegancia y originalidad, adem\u00e1s, destaca por la combinaci\u00f3n de peque\u00f1os destellos en tonos envejecidos que aportar\u00e1 un toque a\u00fan m\u00e1s realista. Perfecto si quieres apostar por una decoraci\u00f3n m\u00e1s industrial, aunque tambi\u00e9n quedar\u00e1 ideal en ambientes m\u00e1s modernos.\u00a0  -Medidas: 75,5x8x75 cms.  -Material: metal, PVC.  -Color: marr\u00f3n cobrizo.","robots":{"index":"index","follow":"follow","max-snippet":"max-snippet:-1","max-image-preview":"max-image-preview:large","max-video-preview":"max-video-preview:-1"},"canonical":"https:\/\/elportillodecoracion.es\/tienda\/reloj-de-pared-helices-marron-755x8x75-cms\/","og_locale":"en_US","og_type":"article","og_title":"RELOJ DE PARED HELICES MARR\u00d3N 75,5x8x75 cms.","og_description":"Original reloj de pared en forma de h\u00e9lice fabricado en metal de alta calidad en tono marr\u00f3n cobrizo. Su dise\u00f1o lo convierte en una pieza especial que dar\u00e1 a tus paredes elegancia y originalidad, adem\u00e1s, destaca por la combinaci\u00f3n de peque\u00f1os destellos en tonos envejecidos que aportar\u00e1 un toque a\u00fan m\u00e1s realista. Perfecto si quieres apostar por una decoraci\u00f3n m\u00e1s industrial, aunque tambi\u00e9n quedar\u00e1 ideal en ambientes m\u00e1s modernos.\u00a0  -Medidas: 75,5x8x75 cms.  -Material: metal, PVC.  -Color: marr\u00f3n cobrizo.","og_url":"https:\/\/elportillodecoracion.es\/tienda\/reloj-de-pared-helices-marron-755x8x75-cms\/","og_site_name":"El Portillo Decoraci\u00f3n","article_modified_time":"2026-01-22T18:23:49+00:00","og_image":[{"width":700,"height":466,"url":"https:\/\/elportillodecoracion.es\/wp-content\/uploads\/2023\/12\/RE-209974.jpg","type":"image\/jpeg"}],"twitter_card":"summary_large_image","twitter_misc":{"Price":"25,00&euro; IVA inc","Availability":"In stock"},"schema":{"@context":"https:\/\/schema.org","@graph":[{"@type":"WebPage","@id":"https:\/\/elportillodecoracion.es\/tienda\/reloj-de-pared-helices-marron-755x8x75-cms\/","url":"https:\/\/elportillodecoracion.es\/tienda\/reloj-de-pared-helices-marron-755x8x75-cms\/","name":"RELOJ DE PARED HELICES MARR\u00d3N 75,5x8x75 cms. - El Portillo Decoraci\u00f3n","isPartOf":{"@id":"https:\/\/elportillodecoracion.es\/#website"},"primaryImageOfPage":{"@id":"https:\/\/elportillodecoracion.es\/tienda\/reloj-de-pared-helices-marron-755x8x75-cms\/#primaryimage"},"image":{"@id":"https:\/\/elportillodecoracion.es\/tienda\/reloj-de-pared-helices-marron-755x8x75-cms\/#primaryimage"},"thumbnailUrl":"https:\/\/elportillodecoracion.es\/wp-content\/uploads\/2023\/12\/RE-209974.jpg","datePublished":"2025-01-27T17:34:53+00:00","dateModified":"2026-01-22T18:23:49+00:00","description":"Original reloj de pared en forma de h\u00e9lice fabricado en metal de alta calidad en tono marr\u00f3n cobrizo. Su dise\u00f1o lo convierte en una pieza especial que dar\u00e1 a tus paredes elegancia y originalidad, adem\u00e1s, destaca por la combinaci\u00f3n de peque\u00f1os destellos en tonos envejecidos que aportar\u00e1 un toque a\u00fan m\u00e1s realista. Perfecto si quieres apostar por una decoraci\u00f3n m\u00e1s industrial, aunque tambi\u00e9n quedar\u00e1 ideal en ambientes m\u00e1s modernos.\u00a0 -Medidas: 75,5x8x75 cms. -Material: metal, PVC. -Color: marr\u00f3n cobrizo.","breadcrumb":{"@id":"https:\/\/elportillodecoracion.es\/tienda\/reloj-de-pared-helices-marron-755x8x75-cms\/#breadcrumb"},"inLanguage":"en-US","potentialAction":[{"@type":"ReadAction","target":["https:\/\/elportillodecoracion.es\/tienda\/reloj-de-pared-helices-marron-755x8x75-cms\/"]}]},{"@type":"ImageObject","inLanguage":"en-US","@id":"https:\/\/elportillodecoracion.es\/tienda\/reloj-de-pared-helices-marron-755x8x75-cms\/#primaryimage","url":"https:\/\/elportillodecoracion.es\/wp-content\/uploads\/2023\/12\/RE-209974.jpg","contentUrl":"https:\/\/elportillodecoracion.es\/wp-content\/uploads\/2023\/12\/RE-209974.jpg","width":700,"height":466},{"@type":"BreadcrumbList","@id":"https:\/\/elportillodecoracion.es\/tienda\/reloj-de-pared-helices-marron-755x8x75-cms\/#breadcrumb","itemListElement":[{"@type":"ListItem","position":1,"name":"Portada","item":"https:\/\/elportillodecoracion.es\/"},{"@type":"ListItem","position":2,"name":"Tienda","item":"https:\/\/elportillodecoracion.es\/tienda\/"},{"@type":"ListItem","position":3,"name":"RELOJ DE PARED HELICES MARR\u00d3N 75,5x8x75 cms."}]},{"@type":"WebSite","@id":"https:\/\/elportillodecoracion.es\/#website","url":"https:\/\/elportillodecoracion.es\/","name":"El Portillo Decoraci\u00f3n","description":"Muebles y Decoraci\u00f3n","publisher":{"@id":"https:\/\/elportillodecoracion.es\/#organization"},"potentialAction":[{"@type":"SearchAction","target":{"@type":"EntryPoint","urlTemplate":"https:\/\/elportillodecoracion.es\/?s={search_term_string}"},"query-input":{"@type":"PropertyValueSpecification","valueRequired":true,"valueName":"search_term_string"}}],"inLanguage":"en-US"},{"@type":"Organization","@id":"https:\/\/elportillodecoracion.es\/#organization","name":"El Portillo Decoraci\u00f3n","url":"https:\/\/elportillodecoracion.es\/","logo":{"@type":"ImageObject","inLanguage":"en-US","@id":"https:\/\/elportillodecoracion.es\/#\/schema\/logo\/image\/","url":"https:\/\/elportillodecoracion.es\/wp-content\/uploads\/2018\/11\/El-Portillo_logo-300.jpg","contentUrl":"https:\/\/elportillodecoracion.es\/wp-content\/uploads\/2018\/11\/El-Portillo_logo-300.jpg","width":350,"height":91,"caption":"El Portillo Decoraci\u00f3n"},"image":{"@id":"https:\/\/elportillodecoracion.es\/#\/schema\/logo\/image\/"}}]},"product_price_amount":"25.00","product_price_currency":"EUR","og_availability":"instock","product_availability":"instock","product_retailer_item_id":"209974","product_condition":"new"},"_links":{"self":[{"href":"https:\/\/elportillodecoracion.es\/en\/wp-json\/wp\/v2\/product\/17832","targetHints":{"allow":["GET"]}}],"collection":[{"href":"https:\/\/elportillodecoracion.es\/en\/wp-json\/wp\/v2\/product"}],"about":[{"href":"https:\/\/elportillodecoracion.es\/en\/wp-json\/wp\/v2\/types\/product"}],"replies":[{"embeddable":true,"href":"https:\/\/elportillodecoracion.es\/en\/wp-json\/wp\/v2\/comments?post=17832"}],"wp:featuredmedia":[{"embeddable":true,"href":"https:\/\/elportillodecoracion.es\/en\/wp-json\/wp\/v2\/media\/17834"}],"wp:attachment":[{"href":"https:\/\/elportillodecoracion.es\/en\/wp-json\/wp\/v2\/media?parent=17832"}],"wp:term":[{"taxonomy":"product_cat","embeddable":true,"href":"https:\/\/elportillodecoracion.es\/en\/wp-json\/wp\/v2\/product_cat?post=17832"},{"taxonomy":"product_tag","embeddable":true,"href":"https:\/\/elportillodecoracion.es\/en\/wp-json\/wp\/v2\/product_tag?post=17832"}],"curies":[{"name":"wp","href":"https:\/\/api.w.org\/{rel}","templated":true}]}}