{"id":17817,"date":"2023-12-27T12:57:31","date_gmt":"2023-12-27T11:57:31","guid":{"rendered":"https:\/\/elportillodecoracion.es\/?post_type=product&#038;p=17817"},"modified":"2024-09-19T20:44:38","modified_gmt":"2024-09-19T18:44:38","slug":"lampara-de-mesa-cristal-y-cuerda-28x28x45-cms","status":"publish","type":"product","link":"https:\/\/elportillodecoracion.es\/en\/tienda\/lampara-de-mesa-cristal-y-cuerda-28x28x45-cms\/","title":{"rendered":"L\u00c1MPARA DE MESA CRISTAL Y CUERDA 28x28x45 cms."},"content":{"rendered":"","protected":false},"excerpt":{"rendered":"<p>Apuesta por un <strong>estilo marinero y natural<\/strong> con nuestra<strong> l\u00e1mpara<\/strong> en forma de botijo cubierta por <strong>cuerdas <\/strong>entrelazadas entre s\u00ed, sin duda un elemento decorativo ideal para adentrarte en una <strong>decoraci\u00f3n costera y marinera<\/strong> propia de un <strong>ambiente tranquilo y c\u00e1lido.<\/strong><\/p>\n<p><strong>-Medidas:<\/strong> 28x28x45 cms.<\/p>\n<p><strong>-Material:<\/strong> cristal y cuerda.<\/p>\n<p><strong>-Color:<\/strong> marr\u00f3n y blanco.<\/p>\n<p><strong>-Longitud de cable:<\/strong> 180 cms.<\/p>\n<p>-Bombilla E27 no incluida.<\/p>\n","protected":false},"featured_media":17819,"comment_status":"open","ping_status":"closed","template":"","meta":{"_joinchat":[]},"product_cat":[718,719],"product_tag":[686,952],"class_list":{"0":"post-17817","1":"product","2":"type-product","3":"status-publish","4":"has-post-thumbnail","6":"product_cat-lighting","7":"product_cat-table-lamps","8":"product_tag-crystal","9":"product_tag-cuerda","11":"first","12":"instock","13":"taxable","14":"shipping-taxable","15":"purchasable","16":"product-type-simple"},"yoast_head":"<!-- This site is optimized with the Yoast SEO Premium plugin v23.0 (Yoast SEO v25.6) - https:\/\/yoast.com\/wordpress\/plugins\/seo\/ -->\n<title>L\u00c1MPARA DE MESA CRISTAL Y CUERDA 28x28x45 cms. - El Portillo Decoraci\u00f3n<\/title>\n<meta name=\"description\" content=\"Apuesta por un estilo marinero y natural con nuestra l\u00e1mpara en forma de botijo cubierta por cuerdas entrelazadas entre s\u00ed, sin duda un elemento decorativo ideal para adentrarte en una decoraci\u00f3n costera y marinera propia de un ambiente tranquilo y c\u00e1lido.  -Medidas: 28x28x45 cms.  -Material: cristal y cuerda.  -Color: marr\u00f3n y blanco.  -Longitud de cable: 180 cms.  -Bombilla E27 no incluida.\" \/>\n<meta name=\"robots\" content=\"index, follow, max-snippet:-1, max-image-preview:large, max-video-preview:-1\" \/>\n<link rel=\"canonical\" href=\"https:\/\/elportillodecoracion.es\/tienda\/lampara-de-mesa-cristal-y-cuerda-28x28x45-cms\/\" \/>\n<meta property=\"og:locale\" content=\"en_US\" \/>\n<meta property=\"og:type\" content=\"article\" \/>\n<meta property=\"og:title\" content=\"L\u00c1MPARA DE MESA CRISTAL Y CUERDA 28x28x45 cms.\" \/>\n<meta property=\"og:description\" content=\"Apuesta por un estilo marinero y natural con nuestra l\u00e1mpara en forma de botijo cubierta por cuerdas entrelazadas entre s\u00ed, sin duda un elemento decorativo ideal para adentrarte en una decoraci\u00f3n costera y marinera propia de un ambiente tranquilo y c\u00e1lido.  -Medidas: 28x28x45 cms.  -Material: cristal y cuerda.  -Color: marr\u00f3n y blanco.  -Longitud de cable: 180 cms.  -Bombilla E27 no incluida.\" \/>\n<meta property=\"og:url\" content=\"https:\/\/elportillodecoracion.es\/tienda\/lampara-de-mesa-cristal-y-cuerda-28x28x45-cms\/\" \/>\n<meta property=\"og:site_name\" content=\"El Portillo Decoraci\u00f3n\" \/>\n<meta property=\"article:modified_time\" content=\"2024-09-19T18:44:38+00:00\" \/>\n<meta property=\"og:image\" content=\"https:\/\/elportillodecoracion.es\/wp-content\/uploads\/2023\/12\/LA-209376-4.jpg\" \/>\n\t<meta property=\"og:image:width\" content=\"700\" \/>\n\t<meta property=\"og:image:height\" content=\"466\" \/>\n\t<meta property=\"og:image:type\" content=\"image\/jpeg\" \/>\n<meta name=\"twitter:card\" content=\"summary_large_image\" \/>\n<meta name=\"twitter:label1\" content=\"Price\" \/>\n\t<meta name=\"twitter:data1\" content=\"73,90&euro; IVA inc\" \/>\n\t<meta name=\"twitter:label2\" content=\"Availability\" \/>\n\t<meta name=\"twitter:data2\" content=\"In stock\" \/>\n<script type=\"application\/ld+json\" class=\"yoast-schema-graph\">{\"@context\":\"https:\/\/schema.org\",\"@graph\":[{\"@type\":\"WebPage\",\"@id\":\"https:\/\/elportillodecoracion.es\/tienda\/lampara-de-mesa-cristal-y-cuerda-28x28x45-cms\/\",\"url\":\"https:\/\/elportillodecoracion.es\/tienda\/lampara-de-mesa-cristal-y-cuerda-28x28x45-cms\/\",\"name\":\"L\u00c1MPARA DE MESA CRISTAL Y CUERDA 28x28x45 cms. - El Portillo Decoraci\u00f3n\",\"isPartOf\":{\"@id\":\"https:\/\/elportillodecoracion.es\/#website\"},\"primaryImageOfPage\":{\"@id\":\"https:\/\/elportillodecoracion.es\/tienda\/lampara-de-mesa-cristal-y-cuerda-28x28x45-cms\/#primaryimage\"},\"image\":{\"@id\":\"https:\/\/elportillodecoracion.es\/tienda\/lampara-de-mesa-cristal-y-cuerda-28x28x45-cms\/#primaryimage\"},\"thumbnailUrl\":\"https:\/\/elportillodecoracion.es\/wp-content\/uploads\/2023\/12\/LA-209376-4.jpg\",\"datePublished\":\"2023-12-27T11:57:31+00:00\",\"dateModified\":\"2024-09-19T18:44:38+00:00\",\"description\":\"Apuesta por un estilo marinero y natural con nuestra l\u00e1mpara en forma de botijo cubierta por cuerdas entrelazadas entre s\u00ed, sin duda un elemento decorativo ideal para adentrarte en una decoraci\u00f3n costera y marinera propia de un ambiente tranquilo y c\u00e1lido. -Medidas: 28x28x45 cms. -Material: cristal y cuerda. -Color: marr\u00f3n y blanco. -Longitud de cable: 180 cms. -Bombilla E27 no incluida.\",\"breadcrumb\":{\"@id\":\"https:\/\/elportillodecoracion.es\/tienda\/lampara-de-mesa-cristal-y-cuerda-28x28x45-cms\/#breadcrumb\"},\"inLanguage\":\"en-US\",\"potentialAction\":[{\"@type\":\"ReadAction\",\"target\":[\"https:\/\/elportillodecoracion.es\/tienda\/lampara-de-mesa-cristal-y-cuerda-28x28x45-cms\/\"]}]},{\"@type\":\"ImageObject\",\"inLanguage\":\"en-US\",\"@id\":\"https:\/\/elportillodecoracion.es\/tienda\/lampara-de-mesa-cristal-y-cuerda-28x28x45-cms\/#primaryimage\",\"url\":\"https:\/\/elportillodecoracion.es\/wp-content\/uploads\/2023\/12\/LA-209376-4.jpg\",\"contentUrl\":\"https:\/\/elportillodecoracion.es\/wp-content\/uploads\/2023\/12\/LA-209376-4.jpg\",\"width\":700,\"height\":466},{\"@type\":\"BreadcrumbList\",\"@id\":\"https:\/\/elportillodecoracion.es\/tienda\/lampara-de-mesa-cristal-y-cuerda-28x28x45-cms\/#breadcrumb\",\"itemListElement\":[{\"@type\":\"ListItem\",\"position\":1,\"name\":\"Portada\",\"item\":\"https:\/\/elportillodecoracion.es\/\"},{\"@type\":\"ListItem\",\"position\":2,\"name\":\"Tienda\",\"item\":\"https:\/\/elportillodecoracion.es\/tienda\/\"},{\"@type\":\"ListItem\",\"position\":3,\"name\":\"L\u00c1MPARA DE MESA CRISTAL Y CUERDA 28x28x45 cms.\"}]},{\"@type\":\"WebSite\",\"@id\":\"https:\/\/elportillodecoracion.es\/#website\",\"url\":\"https:\/\/elportillodecoracion.es\/\",\"name\":\"El Portillo Decoraci\u00f3n\",\"description\":\"Muebles y Decoraci\u00f3n\",\"publisher\":{\"@id\":\"https:\/\/elportillodecoracion.es\/#organization\"},\"potentialAction\":[{\"@type\":\"SearchAction\",\"target\":{\"@type\":\"EntryPoint\",\"urlTemplate\":\"https:\/\/elportillodecoracion.es\/?s={search_term_string}\"},\"query-input\":{\"@type\":\"PropertyValueSpecification\",\"valueRequired\":true,\"valueName\":\"search_term_string\"}}],\"inLanguage\":\"en-US\"},{\"@type\":\"Organization\",\"@id\":\"https:\/\/elportillodecoracion.es\/#organization\",\"name\":\"El Portillo Decoraci\u00f3n\",\"url\":\"https:\/\/elportillodecoracion.es\/\",\"logo\":{\"@type\":\"ImageObject\",\"inLanguage\":\"en-US\",\"@id\":\"https:\/\/elportillodecoracion.es\/#\/schema\/logo\/image\/\",\"url\":\"https:\/\/elportillodecoracion.es\/wp-content\/uploads\/2018\/11\/El-Portillo_logo-300.jpg\",\"contentUrl\":\"https:\/\/elportillodecoracion.es\/wp-content\/uploads\/2018\/11\/El-Portillo_logo-300.jpg\",\"width\":350,\"height\":91,\"caption\":\"El Portillo Decoraci\u00f3n\"},\"image\":{\"@id\":\"https:\/\/elportillodecoracion.es\/#\/schema\/logo\/image\/\"}}]}<\/script>\n<meta property=\"product:price:amount\" content=\"73.90\" \/>\n<meta property=\"product:price:currency\" content=\"EUR\" \/>\n<meta property=\"og:availability\" content=\"instock\" \/>\n<meta property=\"product:availability\" content=\"instock\" \/>\n<meta property=\"product:retailer_item_id\" content=\"209376\" \/>\n<meta property=\"product:condition\" content=\"new\" \/>\n<!-- \/ Yoast SEO Premium plugin. -->","yoast_head_json":{"title":"L\u00c1MPARA DE MESA CRISTAL Y CUERDA 28x28x45 cms. - El Portillo Decoraci\u00f3n","description":"Apuesta por un estilo marinero y natural con nuestra l\u00e1mpara en forma de botijo cubierta por cuerdas entrelazadas entre s\u00ed, sin duda un elemento decorativo ideal para adentrarte en una decoraci\u00f3n costera y marinera propia de un ambiente tranquilo y c\u00e1lido.  -Medidas: 28x28x45 cms.  -Material: cristal y cuerda.  -Color: marr\u00f3n y blanco.  -Longitud de cable: 180 cms.  -Bombilla E27 no incluida.","robots":{"index":"index","follow":"follow","max-snippet":"max-snippet:-1","max-image-preview":"max-image-preview:large","max-video-preview":"max-video-preview:-1"},"canonical":"https:\/\/elportillodecoracion.es\/tienda\/lampara-de-mesa-cristal-y-cuerda-28x28x45-cms\/","og_locale":"en_US","og_type":"article","og_title":"L\u00c1MPARA DE MESA CRISTAL Y CUERDA 28x28x45 cms.","og_description":"Apuesta por un estilo marinero y natural con nuestra l\u00e1mpara en forma de botijo cubierta por cuerdas entrelazadas entre s\u00ed, sin duda un elemento decorativo ideal para adentrarte en una decoraci\u00f3n costera y marinera propia de un ambiente tranquilo y c\u00e1lido.  -Medidas: 28x28x45 cms.  -Material: cristal y cuerda.  -Color: marr\u00f3n y blanco.  -Longitud de cable: 180 cms.  -Bombilla E27 no incluida.","og_url":"https:\/\/elportillodecoracion.es\/tienda\/lampara-de-mesa-cristal-y-cuerda-28x28x45-cms\/","og_site_name":"El Portillo Decoraci\u00f3n","article_modified_time":"2024-09-19T18:44:38+00:00","og_image":[{"width":700,"height":466,"url":"https:\/\/elportillodecoracion.es\/wp-content\/uploads\/2023\/12\/LA-209376-4.jpg","type":"image\/jpeg"}],"twitter_card":"summary_large_image","twitter_misc":{"Price":"73,90&euro; IVA inc","Availability":"In stock"},"schema":{"@context":"https:\/\/schema.org","@graph":[{"@type":"WebPage","@id":"https:\/\/elportillodecoracion.es\/tienda\/lampara-de-mesa-cristal-y-cuerda-28x28x45-cms\/","url":"https:\/\/elportillodecoracion.es\/tienda\/lampara-de-mesa-cristal-y-cuerda-28x28x45-cms\/","name":"L\u00c1MPARA DE MESA CRISTAL Y CUERDA 28x28x45 cms. - El Portillo Decoraci\u00f3n","isPartOf":{"@id":"https:\/\/elportillodecoracion.es\/#website"},"primaryImageOfPage":{"@id":"https:\/\/elportillodecoracion.es\/tienda\/lampara-de-mesa-cristal-y-cuerda-28x28x45-cms\/#primaryimage"},"image":{"@id":"https:\/\/elportillodecoracion.es\/tienda\/lampara-de-mesa-cristal-y-cuerda-28x28x45-cms\/#primaryimage"},"thumbnailUrl":"https:\/\/elportillodecoracion.es\/wp-content\/uploads\/2023\/12\/LA-209376-4.jpg","datePublished":"2023-12-27T11:57:31+00:00","dateModified":"2024-09-19T18:44:38+00:00","description":"Apuesta por un estilo marinero y natural con nuestra l\u00e1mpara en forma de botijo cubierta por cuerdas entrelazadas entre s\u00ed, sin duda un elemento decorativo ideal para adentrarte en una decoraci\u00f3n costera y marinera propia de un ambiente tranquilo y c\u00e1lido. -Medidas: 28x28x45 cms. -Material: cristal y cuerda. -Color: marr\u00f3n y blanco. -Longitud de cable: 180 cms. -Bombilla E27 no incluida.","breadcrumb":{"@id":"https:\/\/elportillodecoracion.es\/tienda\/lampara-de-mesa-cristal-y-cuerda-28x28x45-cms\/#breadcrumb"},"inLanguage":"en-US","potentialAction":[{"@type":"ReadAction","target":["https:\/\/elportillodecoracion.es\/tienda\/lampara-de-mesa-cristal-y-cuerda-28x28x45-cms\/"]}]},{"@type":"ImageObject","inLanguage":"en-US","@id":"https:\/\/elportillodecoracion.es\/tienda\/lampara-de-mesa-cristal-y-cuerda-28x28x45-cms\/#primaryimage","url":"https:\/\/elportillodecoracion.es\/wp-content\/uploads\/2023\/12\/LA-209376-4.jpg","contentUrl":"https:\/\/elportillodecoracion.es\/wp-content\/uploads\/2023\/12\/LA-209376-4.jpg","width":700,"height":466},{"@type":"BreadcrumbList","@id":"https:\/\/elportillodecoracion.es\/tienda\/lampara-de-mesa-cristal-y-cuerda-28x28x45-cms\/#breadcrumb","itemListElement":[{"@type":"ListItem","position":1,"name":"Portada","item":"https:\/\/elportillodecoracion.es\/"},{"@type":"ListItem","position":2,"name":"Tienda","item":"https:\/\/elportillodecoracion.es\/tienda\/"},{"@type":"ListItem","position":3,"name":"L\u00c1MPARA DE MESA CRISTAL Y CUERDA 28x28x45 cms."}]},{"@type":"WebSite","@id":"https:\/\/elportillodecoracion.es\/#website","url":"https:\/\/elportillodecoracion.es\/","name":"El Portillo Decoraci\u00f3n","description":"Muebles y Decoraci\u00f3n","publisher":{"@id":"https:\/\/elportillodecoracion.es\/#organization"},"potentialAction":[{"@type":"SearchAction","target":{"@type":"EntryPoint","urlTemplate":"https:\/\/elportillodecoracion.es\/?s={search_term_string}"},"query-input":{"@type":"PropertyValueSpecification","valueRequired":true,"valueName":"search_term_string"}}],"inLanguage":"en-US"},{"@type":"Organization","@id":"https:\/\/elportillodecoracion.es\/#organization","name":"El Portillo Decoraci\u00f3n","url":"https:\/\/elportillodecoracion.es\/","logo":{"@type":"ImageObject","inLanguage":"en-US","@id":"https:\/\/elportillodecoracion.es\/#\/schema\/logo\/image\/","url":"https:\/\/elportillodecoracion.es\/wp-content\/uploads\/2018\/11\/El-Portillo_logo-300.jpg","contentUrl":"https:\/\/elportillodecoracion.es\/wp-content\/uploads\/2018\/11\/El-Portillo_logo-300.jpg","width":350,"height":91,"caption":"El Portillo Decoraci\u00f3n"},"image":{"@id":"https:\/\/elportillodecoracion.es\/#\/schema\/logo\/image\/"}}]},"product_price_amount":"73.90","product_price_currency":"EUR","og_availability":"instock","product_availability":"instock","product_retailer_item_id":"209376","product_condition":"new"},"_links":{"self":[{"href":"https:\/\/elportillodecoracion.es\/en\/wp-json\/wp\/v2\/product\/17817","targetHints":{"allow":["GET"]}}],"collection":[{"href":"https:\/\/elportillodecoracion.es\/en\/wp-json\/wp\/v2\/product"}],"about":[{"href":"https:\/\/elportillodecoracion.es\/en\/wp-json\/wp\/v2\/types\/product"}],"replies":[{"embeddable":true,"href":"https:\/\/elportillodecoracion.es\/en\/wp-json\/wp\/v2\/comments?post=17817"}],"wp:featuredmedia":[{"embeddable":true,"href":"https:\/\/elportillodecoracion.es\/en\/wp-json\/wp\/v2\/media\/17819"}],"wp:attachment":[{"href":"https:\/\/elportillodecoracion.es\/en\/wp-json\/wp\/v2\/media?parent=17817"}],"wp:term":[{"taxonomy":"product_cat","embeddable":true,"href":"https:\/\/elportillodecoracion.es\/en\/wp-json\/wp\/v2\/product_cat?post=17817"},{"taxonomy":"product_tag","embeddable":true,"href":"https:\/\/elportillodecoracion.es\/en\/wp-json\/wp\/v2\/product_tag?post=17817"}],"curies":[{"name":"wp","href":"https:\/\/api.w.org\/{rel}","templated":true}]}}