{"id":17625,"date":"2023-10-19T13:00:40","date_gmt":"2023-10-19T11:00:40","guid":{"rendered":"https:\/\/elportillodecoracion.es\/?post_type=product&#038;p=17625"},"modified":"2025-11-24T23:08:35","modified_gmt":"2025-11-24T22:08:35","slug":"cuadro-tigre-con-gafas-100x4x100-cm","status":"publish","type":"product","link":"https:\/\/elportillodecoracion.es\/en\/tienda\/cuadro-tigre-con-gafas-100x4x100-cm\/","title":{"rendered":"CUADRO TIGRE CON GAFAS 100x4x100 cm."},"content":{"rendered":"","protected":false},"excerpt":{"rendered":"<p>En <strong>El Portillo Decoraci\u00f3n<\/strong> nos encanta incluir animales salvajes para decorar nuestros rincones. Este magn\u00edfico cuadro pintado en lienzo destaca por su atractiva imagen del tigre con gafas Fashion, d\u00e1ndole un estilo y personalidad arrolladora al espacio en el que quieras colocarlo, en tu sal\u00f3n, recibidor, oficina\u2026 en cualquier lugar quedar\u00e1 ideal y ser\u00e1 el centro de atenci\u00f3n de todos tus invitados. Con esta pieza transformar\u00e1s y dar\u00e1s vida a tus paredes marcando un estilo elegante, atrevido y moderno.<\/p>\n<div id=\"tab-description\" class=\"woocommerce-Tabs-panel woocommerce-Tabs-panel--description panel entry-content wc-tab\" role=\"tabpanel\" aria-labelledby=\"tab-title-description\">\n<p>Material: lienzo 80% pintado a mano con marco PS.<\/p>\n<p>Medidas: 100x4x100 cm.<\/p>\n<p>Color: multicolor, marco negro.<\/p>\n<\/div>\n","protected":false},"featured_media":17627,"comment_status":"open","ping_status":"closed","template":"","meta":{"_joinchat":[]},"product_cat":[737,683,682],"product_tag":[],"class_list":{"0":"post-17625","1":"product","2":"type-product","3":"status-publish","4":"has-post-thumbnail","6":"product_cat-wild-africa","7":"product_cat-tables-and-murals","8":"product_cat-wall-decoration","9":"product_shipping_class-shipping-accessories","11":"first","12":"outofstock","13":"taxable","14":"shipping-taxable","15":"purchasable","16":"product-type-simple"},"yoast_head":"<!-- This site is optimized with the Yoast SEO Premium plugin v23.0 (Yoast SEO v25.6) - https:\/\/yoast.com\/wordpress\/plugins\/seo\/ -->\n<title>CUADRO TIGRE CON GAFAS 100x4x100 cm. - El Portillo Decoraci\u00f3n<\/title>\n<meta name=\"description\" content=\"En El Portillo Decoraci\u00f3n nos encanta incluir animales salvajes para decorar nuestros rincones. Este magn\u00edfico cuadro pintado en lienzo destaca por su atractiva imagen del tigre con gafas Fashion, d\u00e1ndole un estilo y personalidad arrolladora al espacio en el que quieras colocarlo, en tu sal\u00f3n, recibidor, oficina\u2026 en cualquier lugar quedar\u00e1 ideal y ser\u00e1 el centro de atenci\u00f3n de todos tus invitados. Con esta pieza transformar\u00e1s y dar\u00e1s vida a tus paredes marcando un estilo elegante, atrevido y moderno.   Material: lienzo 80% pintado a mano con marco PS.  Medidas: 100x4x100 cm.  Color: multicolor, marco negro.\" \/>\n<meta name=\"robots\" content=\"index, follow, max-snippet:-1, max-image-preview:large, max-video-preview:-1\" \/>\n<link rel=\"canonical\" href=\"https:\/\/elportillodecoracion.es\/tienda\/cuadro-tigre-con-gafas-100x4x100-cm\/\" \/>\n<meta property=\"og:locale\" content=\"en_US\" \/>\n<meta property=\"og:type\" content=\"article\" \/>\n<meta property=\"og:title\" content=\"CUADRO TIGRE CON GAFAS 100x4x100 cm.\" \/>\n<meta property=\"og:description\" content=\"En El Portillo Decoraci\u00f3n nos encanta incluir animales salvajes para decorar nuestros rincones. Este magn\u00edfico cuadro pintado en lienzo destaca por su atractiva imagen del tigre con gafas Fashion, d\u00e1ndole un estilo y personalidad arrolladora al espacio en el que quieras colocarlo, en tu sal\u00f3n, recibidor, oficina\u2026 en cualquier lugar quedar\u00e1 ideal y ser\u00e1 el centro de atenci\u00f3n de todos tus invitados. Con esta pieza transformar\u00e1s y dar\u00e1s vida a tus paredes marcando un estilo elegante, atrevido y moderno.   Material: lienzo 80% pintado a mano con marco PS.  Medidas: 100x4x100 cm.  Color: multicolor, marco negro.\" \/>\n<meta property=\"og:url\" content=\"https:\/\/elportillodecoracion.es\/tienda\/cuadro-tigre-con-gafas-100x4x100-cm\/\" \/>\n<meta property=\"og:site_name\" content=\"El Portillo Decoraci\u00f3n\" \/>\n<meta property=\"article:modified_time\" content=\"2025-11-24T22:08:35+00:00\" \/>\n<meta property=\"og:image\" content=\"https:\/\/elportillodecoracion.es\/wp-content\/uploads\/2023\/10\/308236-2.jpg\" \/>\n\t<meta property=\"og:image:width\" content=\"966\" \/>\n\t<meta property=\"og:image:height\" content=\"1280\" \/>\n\t<meta property=\"og:image:type\" content=\"image\/jpeg\" \/>\n<meta name=\"twitter:card\" content=\"summary_large_image\" \/>\n<meta name=\"twitter:label1\" content=\"Price\" \/>\n\t<meta name=\"twitter:data1\" content=\"149,00&euro; IVA inc\" \/>\n\t<meta name=\"twitter:label2\" content=\"Availability\" \/>\n\t<meta name=\"twitter:data2\" content=\"Out of stock\" \/>\n<script type=\"application\/ld+json\" class=\"yoast-schema-graph\">{\"@context\":\"https:\/\/schema.org\",\"@graph\":[{\"@type\":\"WebPage\",\"@id\":\"https:\/\/elportillodecoracion.es\/tienda\/cuadro-tigre-con-gafas-100x4x100-cm\/\",\"url\":\"https:\/\/elportillodecoracion.es\/tienda\/cuadro-tigre-con-gafas-100x4x100-cm\/\",\"name\":\"CUADRO TIGRE CON GAFAS 100x4x100 cm. - El Portillo Decoraci\u00f3n\",\"isPartOf\":{\"@id\":\"https:\/\/elportillodecoracion.es\/#website\"},\"primaryImageOfPage\":{\"@id\":\"https:\/\/elportillodecoracion.es\/tienda\/cuadro-tigre-con-gafas-100x4x100-cm\/#primaryimage\"},\"image\":{\"@id\":\"https:\/\/elportillodecoracion.es\/tienda\/cuadro-tigre-con-gafas-100x4x100-cm\/#primaryimage\"},\"thumbnailUrl\":\"https:\/\/elportillodecoracion.es\/wp-content\/uploads\/2023\/10\/308236-2.jpg\",\"datePublished\":\"2023-10-19T11:00:40+00:00\",\"dateModified\":\"2025-11-24T22:08:35+00:00\",\"description\":\"En El Portillo Decoraci\u00f3n nos encanta incluir animales salvajes para decorar nuestros rincones. Este magn\u00edfico cuadro pintado en lienzo destaca por su atractiva imagen del tigre con gafas Fashion, d\u00e1ndole un estilo y personalidad arrolladora al espacio en el que quieras colocarlo, en tu sal\u00f3n, recibidor, oficina\u2026 en cualquier lugar quedar\u00e1 ideal y ser\u00e1 el centro de atenci\u00f3n de todos tus invitados. Con esta pieza transformar\u00e1s y dar\u00e1s vida a tus paredes marcando un estilo elegante, atrevido y moderno. Material: lienzo 80% pintado a mano con marco PS. Medidas: 100x4x100 cm. Color: multicolor, marco negro.\",\"breadcrumb\":{\"@id\":\"https:\/\/elportillodecoracion.es\/tienda\/cuadro-tigre-con-gafas-100x4x100-cm\/#breadcrumb\"},\"inLanguage\":\"en-US\",\"potentialAction\":[{\"@type\":\"ReadAction\",\"target\":[\"https:\/\/elportillodecoracion.es\/tienda\/cuadro-tigre-con-gafas-100x4x100-cm\/\"]}]},{\"@type\":\"ImageObject\",\"inLanguage\":\"en-US\",\"@id\":\"https:\/\/elportillodecoracion.es\/tienda\/cuadro-tigre-con-gafas-100x4x100-cm\/#primaryimage\",\"url\":\"https:\/\/elportillodecoracion.es\/wp-content\/uploads\/2023\/10\/308236-2.jpg\",\"contentUrl\":\"https:\/\/elportillodecoracion.es\/wp-content\/uploads\/2023\/10\/308236-2.jpg\",\"width\":966,\"height\":1280},{\"@type\":\"BreadcrumbList\",\"@id\":\"https:\/\/elportillodecoracion.es\/tienda\/cuadro-tigre-con-gafas-100x4x100-cm\/#breadcrumb\",\"itemListElement\":[{\"@type\":\"ListItem\",\"position\":1,\"name\":\"Portada\",\"item\":\"https:\/\/elportillodecoracion.es\/\"},{\"@type\":\"ListItem\",\"position\":2,\"name\":\"Tienda\",\"item\":\"https:\/\/elportillodecoracion.es\/tienda\/\"},{\"@type\":\"ListItem\",\"position\":3,\"name\":\"CUADRO TIGRE CON GAFAS 100x4x100 cm.\"}]},{\"@type\":\"WebSite\",\"@id\":\"https:\/\/elportillodecoracion.es\/#website\",\"url\":\"https:\/\/elportillodecoracion.es\/\",\"name\":\"El Portillo Decoraci\u00f3n\",\"description\":\"Muebles y Decoraci\u00f3n\",\"publisher\":{\"@id\":\"https:\/\/elportillodecoracion.es\/#organization\"},\"potentialAction\":[{\"@type\":\"SearchAction\",\"target\":{\"@type\":\"EntryPoint\",\"urlTemplate\":\"https:\/\/elportillodecoracion.es\/?s={search_term_string}\"},\"query-input\":{\"@type\":\"PropertyValueSpecification\",\"valueRequired\":true,\"valueName\":\"search_term_string\"}}],\"inLanguage\":\"en-US\"},{\"@type\":\"Organization\",\"@id\":\"https:\/\/elportillodecoracion.es\/#organization\",\"name\":\"El Portillo Decoraci\u00f3n\",\"url\":\"https:\/\/elportillodecoracion.es\/\",\"logo\":{\"@type\":\"ImageObject\",\"inLanguage\":\"en-US\",\"@id\":\"https:\/\/elportillodecoracion.es\/#\/schema\/logo\/image\/\",\"url\":\"https:\/\/elportillodecoracion.es\/wp-content\/uploads\/2018\/11\/El-Portillo_logo-300.jpg\",\"contentUrl\":\"https:\/\/elportillodecoracion.es\/wp-content\/uploads\/2018\/11\/El-Portillo_logo-300.jpg\",\"width\":350,\"height\":91,\"caption\":\"El Portillo Decoraci\u00f3n\"},\"image\":{\"@id\":\"https:\/\/elportillodecoracion.es\/#\/schema\/logo\/image\/\"}}]}<\/script>\n<meta property=\"product:price:amount\" content=\"149.00\" \/>\n<meta property=\"product:price:currency\" content=\"EUR\" \/>\n<meta property=\"og:availability\" content=\"out of stock\" \/>\n<meta property=\"product:availability\" content=\"out of stock\" \/>\n<meta property=\"product:retailer_item_id\" content=\"308237\" \/>\n<meta property=\"product:condition\" content=\"new\" \/>\n<!-- \/ Yoast SEO Premium plugin. -->","yoast_head_json":{"title":"CUADRO TIGRE CON GAFAS 100x4x100 cm. - El Portillo Decoraci\u00f3n","description":"En El Portillo Decoraci\u00f3n nos encanta incluir animales salvajes para decorar nuestros rincones. Este magn\u00edfico cuadro pintado en lienzo destaca por su atractiva imagen del tigre con gafas Fashion, d\u00e1ndole un estilo y personalidad arrolladora al espacio en el que quieras colocarlo, en tu sal\u00f3n, recibidor, oficina\u2026 en cualquier lugar quedar\u00e1 ideal y ser\u00e1 el centro de atenci\u00f3n de todos tus invitados. Con esta pieza transformar\u00e1s y dar\u00e1s vida a tus paredes marcando un estilo elegante, atrevido y moderno.   Material: lienzo 80% pintado a mano con marco PS.  Medidas: 100x4x100 cm.  Color: multicolor, marco negro.","robots":{"index":"index","follow":"follow","max-snippet":"max-snippet:-1","max-image-preview":"max-image-preview:large","max-video-preview":"max-video-preview:-1"},"canonical":"https:\/\/elportillodecoracion.es\/tienda\/cuadro-tigre-con-gafas-100x4x100-cm\/","og_locale":"en_US","og_type":"article","og_title":"CUADRO TIGRE CON GAFAS 100x4x100 cm.","og_description":"En El Portillo Decoraci\u00f3n nos encanta incluir animales salvajes para decorar nuestros rincones. Este magn\u00edfico cuadro pintado en lienzo destaca por su atractiva imagen del tigre con gafas Fashion, d\u00e1ndole un estilo y personalidad arrolladora al espacio en el que quieras colocarlo, en tu sal\u00f3n, recibidor, oficina\u2026 en cualquier lugar quedar\u00e1 ideal y ser\u00e1 el centro de atenci\u00f3n de todos tus invitados. Con esta pieza transformar\u00e1s y dar\u00e1s vida a tus paredes marcando un estilo elegante, atrevido y moderno.   Material: lienzo 80% pintado a mano con marco PS.  Medidas: 100x4x100 cm.  Color: multicolor, marco negro.","og_url":"https:\/\/elportillodecoracion.es\/tienda\/cuadro-tigre-con-gafas-100x4x100-cm\/","og_site_name":"El Portillo Decoraci\u00f3n","article_modified_time":"2025-11-24T22:08:35+00:00","og_image":[{"width":966,"height":1280,"url":"https:\/\/elportillodecoracion.es\/wp-content\/uploads\/2023\/10\/308236-2.jpg","type":"image\/jpeg"}],"twitter_card":"summary_large_image","twitter_misc":{"Price":"149,00&euro; IVA inc","Availability":"Out of stock"},"schema":{"@context":"https:\/\/schema.org","@graph":[{"@type":"WebPage","@id":"https:\/\/elportillodecoracion.es\/tienda\/cuadro-tigre-con-gafas-100x4x100-cm\/","url":"https:\/\/elportillodecoracion.es\/tienda\/cuadro-tigre-con-gafas-100x4x100-cm\/","name":"CUADRO TIGRE CON GAFAS 100x4x100 cm. - El Portillo Decoraci\u00f3n","isPartOf":{"@id":"https:\/\/elportillodecoracion.es\/#website"},"primaryImageOfPage":{"@id":"https:\/\/elportillodecoracion.es\/tienda\/cuadro-tigre-con-gafas-100x4x100-cm\/#primaryimage"},"image":{"@id":"https:\/\/elportillodecoracion.es\/tienda\/cuadro-tigre-con-gafas-100x4x100-cm\/#primaryimage"},"thumbnailUrl":"https:\/\/elportillodecoracion.es\/wp-content\/uploads\/2023\/10\/308236-2.jpg","datePublished":"2023-10-19T11:00:40+00:00","dateModified":"2025-11-24T22:08:35+00:00","description":"En El Portillo Decoraci\u00f3n nos encanta incluir animales salvajes para decorar nuestros rincones. Este magn\u00edfico cuadro pintado en lienzo destaca por su atractiva imagen del tigre con gafas Fashion, d\u00e1ndole un estilo y personalidad arrolladora al espacio en el que quieras colocarlo, en tu sal\u00f3n, recibidor, oficina\u2026 en cualquier lugar quedar\u00e1 ideal y ser\u00e1 el centro de atenci\u00f3n de todos tus invitados. Con esta pieza transformar\u00e1s y dar\u00e1s vida a tus paredes marcando un estilo elegante, atrevido y moderno. Material: lienzo 80% pintado a mano con marco PS. Medidas: 100x4x100 cm. Color: multicolor, marco negro.","breadcrumb":{"@id":"https:\/\/elportillodecoracion.es\/tienda\/cuadro-tigre-con-gafas-100x4x100-cm\/#breadcrumb"},"inLanguage":"en-US","potentialAction":[{"@type":"ReadAction","target":["https:\/\/elportillodecoracion.es\/tienda\/cuadro-tigre-con-gafas-100x4x100-cm\/"]}]},{"@type":"ImageObject","inLanguage":"en-US","@id":"https:\/\/elportillodecoracion.es\/tienda\/cuadro-tigre-con-gafas-100x4x100-cm\/#primaryimage","url":"https:\/\/elportillodecoracion.es\/wp-content\/uploads\/2023\/10\/308236-2.jpg","contentUrl":"https:\/\/elportillodecoracion.es\/wp-content\/uploads\/2023\/10\/308236-2.jpg","width":966,"height":1280},{"@type":"BreadcrumbList","@id":"https:\/\/elportillodecoracion.es\/tienda\/cuadro-tigre-con-gafas-100x4x100-cm\/#breadcrumb","itemListElement":[{"@type":"ListItem","position":1,"name":"Portada","item":"https:\/\/elportillodecoracion.es\/"},{"@type":"ListItem","position":2,"name":"Tienda","item":"https:\/\/elportillodecoracion.es\/tienda\/"},{"@type":"ListItem","position":3,"name":"CUADRO TIGRE CON GAFAS 100x4x100 cm."}]},{"@type":"WebSite","@id":"https:\/\/elportillodecoracion.es\/#website","url":"https:\/\/elportillodecoracion.es\/","name":"El Portillo Decoraci\u00f3n","description":"Muebles y Decoraci\u00f3n","publisher":{"@id":"https:\/\/elportillodecoracion.es\/#organization"},"potentialAction":[{"@type":"SearchAction","target":{"@type":"EntryPoint","urlTemplate":"https:\/\/elportillodecoracion.es\/?s={search_term_string}"},"query-input":{"@type":"PropertyValueSpecification","valueRequired":true,"valueName":"search_term_string"}}],"inLanguage":"en-US"},{"@type":"Organization","@id":"https:\/\/elportillodecoracion.es\/#organization","name":"El Portillo Decoraci\u00f3n","url":"https:\/\/elportillodecoracion.es\/","logo":{"@type":"ImageObject","inLanguage":"en-US","@id":"https:\/\/elportillodecoracion.es\/#\/schema\/logo\/image\/","url":"https:\/\/elportillodecoracion.es\/wp-content\/uploads\/2018\/11\/El-Portillo_logo-300.jpg","contentUrl":"https:\/\/elportillodecoracion.es\/wp-content\/uploads\/2018\/11\/El-Portillo_logo-300.jpg","width":350,"height":91,"caption":"El Portillo Decoraci\u00f3n"},"image":{"@id":"https:\/\/elportillodecoracion.es\/#\/schema\/logo\/image\/"}}]},"product_price_amount":"149.00","product_price_currency":"EUR","og_availability":"out of stock","product_availability":"out of stock","product_retailer_item_id":"308237","product_condition":"new"},"_links":{"self":[{"href":"https:\/\/elportillodecoracion.es\/en\/wp-json\/wp\/v2\/product\/17625","targetHints":{"allow":["GET"]}}],"collection":[{"href":"https:\/\/elportillodecoracion.es\/en\/wp-json\/wp\/v2\/product"}],"about":[{"href":"https:\/\/elportillodecoracion.es\/en\/wp-json\/wp\/v2\/types\/product"}],"replies":[{"embeddable":true,"href":"https:\/\/elportillodecoracion.es\/en\/wp-json\/wp\/v2\/comments?post=17625"}],"wp:featuredmedia":[{"embeddable":true,"href":"https:\/\/elportillodecoracion.es\/en\/wp-json\/wp\/v2\/media\/17627"}],"wp:attachment":[{"href":"https:\/\/elportillodecoracion.es\/en\/wp-json\/wp\/v2\/media?parent=17625"}],"wp:term":[{"taxonomy":"product_cat","embeddable":true,"href":"https:\/\/elportillodecoracion.es\/en\/wp-json\/wp\/v2\/product_cat?post=17625"},{"taxonomy":"product_tag","embeddable":true,"href":"https:\/\/elportillodecoracion.es\/en\/wp-json\/wp\/v2\/product_tag?post=17625"}],"curies":[{"name":"wp","href":"https:\/\/api.w.org\/{rel}","templated":true}]}}