{"id":17380,"date":"2023-07-29T20:16:26","date_gmt":"2023-07-29T18:16:26","guid":{"rendered":"https:\/\/elportillodecoracion.es\/?post_type=product&#038;p=17380"},"modified":"2024-05-22T20:32:13","modified_gmt":"2024-05-22T18:32:13","slug":"lampara-sobremesa-verde-negro-24x24x34-cms","status":"publish","type":"product","link":"https:\/\/elportillodecoracion.es\/en\/tienda\/lampara-sobremesa-verde-negro-24x24x34-cms\/","title":{"rendered":"L\u00c1MPARA SOBREMESA VERDE NEGRO 24x24x34 cms."},"content":{"rendered":"<p>Esta bonita l\u00e1mpara de mesa aportar\u00e1 a tu hogar un toque sencillo a la vez que elegante, una pieza original con la que conseguir\u00e1s una luminosidad perfecta en momentos de calma y tranquilidad. Su base de color negro con acabados grises es de gres, material de gran calidad y durabilidad. Pantalla de poli\u00e9ster de tonos blancos y gris\u00e1ceos.<\/p>\n","protected":false},"excerpt":{"rendered":"<p>Esta bonita l\u00e1mpara de mesa aportar\u00e1 a tu hogar un toque sencillo a la vez que elegante, una pieza original con la que conseguir\u00e1s una luminosidad perfecta en momentos de calma y tranquilidad. Su base de color negro con acabados grises es de gres, material de gran calidad y durabilidad. Pantalla de poli\u00e9ster de tonos [&hellip;]<\/p>\n","protected":false},"featured_media":17382,"comment_status":"open","ping_status":"closed","template":"","meta":{"_joinchat":[]},"product_cat":[718,719],"product_tag":[847,875],"class_list":{"0":"post-17380","1":"product","2":"type-product","3":"status-publish","4":"has-post-thumbnail","6":"product_cat-lighting","7":"product_cat-table-lamps","8":"product_tag-gres","9":"product_tag-polyester","11":"first","12":"instock","13":"taxable","14":"shipping-taxable","15":"purchasable","16":"product-type-simple"},"yoast_head":"<!-- This site is optimized with the Yoast SEO Premium plugin v23.0 (Yoast SEO v25.6) - https:\/\/yoast.com\/wordpress\/plugins\/seo\/ -->\n<title>L\u00c1MPARA SOBREMESA VERDE NEGRO 24x24x34 cms. - El Portillo Decoraci\u00f3n<\/title>\n<meta name=\"robots\" content=\"index, follow, max-snippet:-1, max-image-preview:large, max-video-preview:-1\" \/>\n<link rel=\"canonical\" href=\"https:\/\/elportillodecoracion.es\/tienda\/lampara-sobremesa-verde-negro-24x24x34-cms\/\" \/>\n<meta property=\"og:locale\" content=\"en_US\" \/>\n<meta property=\"og:type\" content=\"article\" \/>\n<meta property=\"og:title\" content=\"L\u00c1MPARA SOBREMESA VERDE NEGRO 24x24x34 cms.\" \/>\n<meta property=\"og:url\" content=\"https:\/\/elportillodecoracion.es\/tienda\/lampara-sobremesa-verde-negro-24x24x34-cms\/\" \/>\n<meta property=\"og:site_name\" content=\"El Portillo Decoraci\u00f3n\" \/>\n<meta property=\"article:modified_time\" content=\"2024-05-22T18:32:13+00:00\" \/>\n<meta property=\"og:image\" content=\"https:\/\/elportillodecoracion.es\/wp-content\/uploads\/2023\/07\/LA-204368-3-1-e1690654378255.jpg\" \/>\n\t<meta property=\"og:image:width\" content=\"388\" \/>\n\t<meta property=\"og:image:height\" content=\"465\" \/>\n\t<meta property=\"og:image:type\" content=\"image\/jpeg\" \/>\n<meta name=\"twitter:card\" content=\"summary_large_image\" \/>\n<meta name=\"twitter:label1\" content=\"Price\" \/>\n\t<meta name=\"twitter:data1\" content=\"39,90&euro; IVA inc\" \/>\n\t<meta name=\"twitter:label2\" content=\"Availability\" \/>\n\t<meta name=\"twitter:data2\" content=\"In stock\" \/>\n<script type=\"application\/ld+json\" class=\"yoast-schema-graph\">{\"@context\":\"https:\/\/schema.org\",\"@graph\":[{\"@type\":\"WebPage\",\"@id\":\"https:\/\/elportillodecoracion.es\/tienda\/lampara-sobremesa-verde-negro-24x24x34-cms\/\",\"url\":\"https:\/\/elportillodecoracion.es\/tienda\/lampara-sobremesa-verde-negro-24x24x34-cms\/\",\"name\":\"L\u00c1MPARA SOBREMESA VERDE NEGRO 24x24x34 cms. - El Portillo Decoraci\u00f3n\",\"isPartOf\":{\"@id\":\"https:\/\/elportillodecoracion.es\/#website\"},\"primaryImageOfPage\":{\"@id\":\"https:\/\/elportillodecoracion.es\/tienda\/lampara-sobremesa-verde-negro-24x24x34-cms\/#primaryimage\"},\"image\":{\"@id\":\"https:\/\/elportillodecoracion.es\/tienda\/lampara-sobremesa-verde-negro-24x24x34-cms\/#primaryimage\"},\"thumbnailUrl\":\"https:\/\/elportillodecoracion.es\/wp-content\/uploads\/2023\/07\/LA-204368-3-1-e1690654378255.jpg\",\"datePublished\":\"2023-07-29T18:16:26+00:00\",\"dateModified\":\"2024-05-22T18:32:13+00:00\",\"breadcrumb\":{\"@id\":\"https:\/\/elportillodecoracion.es\/tienda\/lampara-sobremesa-verde-negro-24x24x34-cms\/#breadcrumb\"},\"inLanguage\":\"en-US\",\"potentialAction\":[{\"@type\":\"ReadAction\",\"target\":[\"https:\/\/elportillodecoracion.es\/tienda\/lampara-sobremesa-verde-negro-24x24x34-cms\/\"]}]},{\"@type\":\"ImageObject\",\"inLanguage\":\"en-US\",\"@id\":\"https:\/\/elportillodecoracion.es\/tienda\/lampara-sobremesa-verde-negro-24x24x34-cms\/#primaryimage\",\"url\":\"https:\/\/elportillodecoracion.es\/wp-content\/uploads\/2023\/07\/LA-204368-3-1-e1690654378255.jpg\",\"contentUrl\":\"https:\/\/elportillodecoracion.es\/wp-content\/uploads\/2023\/07\/LA-204368-3-1-e1690654378255.jpg\",\"width\":388,\"height\":465},{\"@type\":\"BreadcrumbList\",\"@id\":\"https:\/\/elportillodecoracion.es\/tienda\/lampara-sobremesa-verde-negro-24x24x34-cms\/#breadcrumb\",\"itemListElement\":[{\"@type\":\"ListItem\",\"position\":1,\"name\":\"Portada\",\"item\":\"https:\/\/elportillodecoracion.es\/\"},{\"@type\":\"ListItem\",\"position\":2,\"name\":\"Tienda\",\"item\":\"https:\/\/elportillodecoracion.es\/tienda\/\"},{\"@type\":\"ListItem\",\"position\":3,\"name\":\"L\u00c1MPARA SOBREMESA VERDE NEGRO 24x24x34 cms.\"}]},{\"@type\":\"WebSite\",\"@id\":\"https:\/\/elportillodecoracion.es\/#website\",\"url\":\"https:\/\/elportillodecoracion.es\/\",\"name\":\"El Portillo Decoraci\u00f3n\",\"description\":\"Muebles y Decoraci\u00f3n\",\"publisher\":{\"@id\":\"https:\/\/elportillodecoracion.es\/#organization\"},\"potentialAction\":[{\"@type\":\"SearchAction\",\"target\":{\"@type\":\"EntryPoint\",\"urlTemplate\":\"https:\/\/elportillodecoracion.es\/?s={search_term_string}\"},\"query-input\":{\"@type\":\"PropertyValueSpecification\",\"valueRequired\":true,\"valueName\":\"search_term_string\"}}],\"inLanguage\":\"en-US\"},{\"@type\":\"Organization\",\"@id\":\"https:\/\/elportillodecoracion.es\/#organization\",\"name\":\"El Portillo Decoraci\u00f3n\",\"url\":\"https:\/\/elportillodecoracion.es\/\",\"logo\":{\"@type\":\"ImageObject\",\"inLanguage\":\"en-US\",\"@id\":\"https:\/\/elportillodecoracion.es\/#\/schema\/logo\/image\/\",\"url\":\"https:\/\/elportillodecoracion.es\/wp-content\/uploads\/2018\/11\/El-Portillo_logo-300.jpg\",\"contentUrl\":\"https:\/\/elportillodecoracion.es\/wp-content\/uploads\/2018\/11\/El-Portillo_logo-300.jpg\",\"width\":350,\"height\":91,\"caption\":\"El Portillo Decoraci\u00f3n\"},\"image\":{\"@id\":\"https:\/\/elportillodecoracion.es\/#\/schema\/logo\/image\/\"}}]}<\/script>\n<meta property=\"product:price:amount\" content=\"39.90\" \/>\n<meta property=\"product:price:currency\" content=\"EUR\" \/>\n<meta property=\"og:availability\" content=\"instock\" \/>\n<meta property=\"product:availability\" content=\"instock\" \/>\n<meta property=\"product:retailer_item_id\" content=\"204369\" \/>\n<meta property=\"product:condition\" content=\"new\" \/>\n<!-- \/ Yoast SEO Premium plugin. -->","yoast_head_json":{"title":"L\u00c1MPARA SOBREMESA VERDE NEGRO 24x24x34 cms. - El Portillo Decoraci\u00f3n","robots":{"index":"index","follow":"follow","max-snippet":"max-snippet:-1","max-image-preview":"max-image-preview:large","max-video-preview":"max-video-preview:-1"},"canonical":"https:\/\/elportillodecoracion.es\/tienda\/lampara-sobremesa-verde-negro-24x24x34-cms\/","og_locale":"en_US","og_type":"article","og_title":"L\u00c1MPARA SOBREMESA VERDE NEGRO 24x24x34 cms.","og_url":"https:\/\/elportillodecoracion.es\/tienda\/lampara-sobremesa-verde-negro-24x24x34-cms\/","og_site_name":"El Portillo Decoraci\u00f3n","article_modified_time":"2024-05-22T18:32:13+00:00","og_image":[{"width":388,"height":465,"url":"https:\/\/elportillodecoracion.es\/wp-content\/uploads\/2023\/07\/LA-204368-3-1-e1690654378255.jpg","type":"image\/jpeg"}],"twitter_card":"summary_large_image","twitter_misc":{"Price":"39,90&euro; IVA inc","Availability":"In stock"},"schema":{"@context":"https:\/\/schema.org","@graph":[{"@type":"WebPage","@id":"https:\/\/elportillodecoracion.es\/tienda\/lampara-sobremesa-verde-negro-24x24x34-cms\/","url":"https:\/\/elportillodecoracion.es\/tienda\/lampara-sobremesa-verde-negro-24x24x34-cms\/","name":"L\u00c1MPARA SOBREMESA VERDE NEGRO 24x24x34 cms. - El Portillo Decoraci\u00f3n","isPartOf":{"@id":"https:\/\/elportillodecoracion.es\/#website"},"primaryImageOfPage":{"@id":"https:\/\/elportillodecoracion.es\/tienda\/lampara-sobremesa-verde-negro-24x24x34-cms\/#primaryimage"},"image":{"@id":"https:\/\/elportillodecoracion.es\/tienda\/lampara-sobremesa-verde-negro-24x24x34-cms\/#primaryimage"},"thumbnailUrl":"https:\/\/elportillodecoracion.es\/wp-content\/uploads\/2023\/07\/LA-204368-3-1-e1690654378255.jpg","datePublished":"2023-07-29T18:16:26+00:00","dateModified":"2024-05-22T18:32:13+00:00","breadcrumb":{"@id":"https:\/\/elportillodecoracion.es\/tienda\/lampara-sobremesa-verde-negro-24x24x34-cms\/#breadcrumb"},"inLanguage":"en-US","potentialAction":[{"@type":"ReadAction","target":["https:\/\/elportillodecoracion.es\/tienda\/lampara-sobremesa-verde-negro-24x24x34-cms\/"]}]},{"@type":"ImageObject","inLanguage":"en-US","@id":"https:\/\/elportillodecoracion.es\/tienda\/lampara-sobremesa-verde-negro-24x24x34-cms\/#primaryimage","url":"https:\/\/elportillodecoracion.es\/wp-content\/uploads\/2023\/07\/LA-204368-3-1-e1690654378255.jpg","contentUrl":"https:\/\/elportillodecoracion.es\/wp-content\/uploads\/2023\/07\/LA-204368-3-1-e1690654378255.jpg","width":388,"height":465},{"@type":"BreadcrumbList","@id":"https:\/\/elportillodecoracion.es\/tienda\/lampara-sobremesa-verde-negro-24x24x34-cms\/#breadcrumb","itemListElement":[{"@type":"ListItem","position":1,"name":"Portada","item":"https:\/\/elportillodecoracion.es\/"},{"@type":"ListItem","position":2,"name":"Tienda","item":"https:\/\/elportillodecoracion.es\/tienda\/"},{"@type":"ListItem","position":3,"name":"L\u00c1MPARA SOBREMESA VERDE NEGRO 24x24x34 cms."}]},{"@type":"WebSite","@id":"https:\/\/elportillodecoracion.es\/#website","url":"https:\/\/elportillodecoracion.es\/","name":"El Portillo Decoraci\u00f3n","description":"Muebles y Decoraci\u00f3n","publisher":{"@id":"https:\/\/elportillodecoracion.es\/#organization"},"potentialAction":[{"@type":"SearchAction","target":{"@type":"EntryPoint","urlTemplate":"https:\/\/elportillodecoracion.es\/?s={search_term_string}"},"query-input":{"@type":"PropertyValueSpecification","valueRequired":true,"valueName":"search_term_string"}}],"inLanguage":"en-US"},{"@type":"Organization","@id":"https:\/\/elportillodecoracion.es\/#organization","name":"El Portillo Decoraci\u00f3n","url":"https:\/\/elportillodecoracion.es\/","logo":{"@type":"ImageObject","inLanguage":"en-US","@id":"https:\/\/elportillodecoracion.es\/#\/schema\/logo\/image\/","url":"https:\/\/elportillodecoracion.es\/wp-content\/uploads\/2018\/11\/El-Portillo_logo-300.jpg","contentUrl":"https:\/\/elportillodecoracion.es\/wp-content\/uploads\/2018\/11\/El-Portillo_logo-300.jpg","width":350,"height":91,"caption":"El Portillo Decoraci\u00f3n"},"image":{"@id":"https:\/\/elportillodecoracion.es\/#\/schema\/logo\/image\/"}}]},"product_price_amount":"39.90","product_price_currency":"EUR","og_availability":"instock","product_availability":"instock","product_retailer_item_id":"204369","product_condition":"new"},"_links":{"self":[{"href":"https:\/\/elportillodecoracion.es\/en\/wp-json\/wp\/v2\/product\/17380","targetHints":{"allow":["GET"]}}],"collection":[{"href":"https:\/\/elportillodecoracion.es\/en\/wp-json\/wp\/v2\/product"}],"about":[{"href":"https:\/\/elportillodecoracion.es\/en\/wp-json\/wp\/v2\/types\/product"}],"replies":[{"embeddable":true,"href":"https:\/\/elportillodecoracion.es\/en\/wp-json\/wp\/v2\/comments?post=17380"}],"wp:featuredmedia":[{"embeddable":true,"href":"https:\/\/elportillodecoracion.es\/en\/wp-json\/wp\/v2\/media\/17382"}],"wp:attachment":[{"href":"https:\/\/elportillodecoracion.es\/en\/wp-json\/wp\/v2\/media?parent=17380"}],"wp:term":[{"taxonomy":"product_cat","embeddable":true,"href":"https:\/\/elportillodecoracion.es\/en\/wp-json\/wp\/v2\/product_cat?post=17380"},{"taxonomy":"product_tag","embeddable":true,"href":"https:\/\/elportillodecoracion.es\/en\/wp-json\/wp\/v2\/product_tag?post=17380"}],"curies":[{"name":"wp","href":"https:\/\/api.w.org\/{rel}","templated":true}]}}