{"id":17119,"date":"2023-04-15T17:57:06","date_gmt":"2023-04-15T15:57:06","guid":{"rendered":"https:\/\/elportillodecoracion.es\/?post_type=product&#038;p=17119"},"modified":"2024-04-16T13:05:27","modified_gmt":"2024-04-16T11:05:27","slug":"bandeja-decorativa-circular-azul-turquesa-4x50x50-cm","status":"publish","type":"product","link":"https:\/\/elportillodecoracion.es\/en\/tienda\/bandeja-decorativa-circular-azul-turquesa-4x50x50-cm\/","title":{"rendered":"BANDEJA DECORATIVA CIRCULAR AZUL TURQUESA 4x50x50 cm."},"content":{"rendered":"<p>Una bandeja original en forma circular perfecta para complementar la decoraci\u00f3n de la mesa principal de tu hogar. La puedes utilizar tambi\u00e9n en tus reuniones con amigos y convertirte en el mejor anfitri\u00f3n, o simplemente como accesorio decorativo, colocando velas, plantas, figuras peque\u00f1as&#8230; Destaca por su bonito color azul turquesa, que aportar\u00e1 sensaci\u00f3n de tranquilidad, sosiego y calma a tu hogar, y por sus dibujos con relieve en tonos blancos formando figuras similares al mandala. Puedes combinarlas con el resto de accesorios turquesas de nuestra colecci\u00f3n.<\/p>\n<ul>\n<li><strong>Material:<\/strong> metal.<\/li>\n<li><strong>Medidas:<\/strong> 4cm alto x 50cm largo x 50cm ancho.<\/li>\n<li><strong>Color:<\/strong> azul turquesa.<\/li>\n<li><strong>Peso:<\/strong> 0.87 kg.<\/li>\n<\/ul>\n","protected":false},"excerpt":{"rendered":"<p>Una bandeja original en forma circular perfecta para complementar la decoraci\u00f3n de la mesa principal de tu hogar. La puedes utilizar tambi\u00e9n en tus reuniones con amigos y convertirte en el mejor anfitri\u00f3n, o simplemente como accesorio decorativo, colocando velas, plantas, figuras peque\u00f1as&#8230; Destaca por su bonito color azul turquesa, que aportar\u00e1 sensaci\u00f3n de tranquilidad, [&hellip;]<\/p>\n","protected":false},"featured_media":17120,"comment_status":"open","ping_status":"closed","template":"","meta":{"_joinchat":[]},"product_cat":[840,710,837],"product_tag":[703],"class_list":{"0":"post-17119","1":"product","2":"type-product","3":"status-publish","4":"has-post-thumbnail","6":"product_cat-table-accessories","7":"product_cat-centerpieces","8":"product_cat-dinning-hall","9":"product_tag-metal-en","11":"first","12":"outofstock","13":"taxable","14":"shipping-taxable","15":"purchasable","16":"product-type-simple"},"yoast_head":"<!-- This site is optimized with the Yoast SEO Premium plugin v23.0 (Yoast SEO v25.6) - https:\/\/yoast.com\/wordpress\/plugins\/seo\/ -->\n<title>BANDEJA DECORATIVA CIRCULAR AZUL TURQUESA 4x50x50 cm. - El Portillo Decoraci\u00f3n<\/title>\n<meta name=\"robots\" content=\"index, follow, max-snippet:-1, max-image-preview:large, max-video-preview:-1\" \/>\n<link rel=\"canonical\" href=\"https:\/\/elportillodecoracion.es\/tienda\/bandeja-decorativa-circular-azul-turquesa-4x50x50-cm\/\" \/>\n<meta property=\"og:locale\" content=\"en_US\" \/>\n<meta property=\"og:type\" content=\"article\" \/>\n<meta property=\"og:title\" content=\"BANDEJA DECORATIVA CIRCULAR AZUL TURQUESA 4x50x50 cm.\" \/>\n<meta property=\"og:url\" content=\"https:\/\/elportillodecoracion.es\/tienda\/bandeja-decorativa-circular-azul-turquesa-4x50x50-cm\/\" \/>\n<meta property=\"og:site_name\" content=\"El Portillo Decoraci\u00f3n\" \/>\n<meta property=\"article:modified_time\" content=\"2024-04-16T11:05:27+00:00\" \/>\n<meta property=\"og:image\" content=\"https:\/\/elportillodecoracion.es\/wp-content\/uploads\/2023\/04\/30159.jpg\" \/>\n\t<meta property=\"og:image:width\" content=\"900\" \/>\n\t<meta property=\"og:image:height\" content=\"600\" \/>\n\t<meta property=\"og:image:type\" content=\"image\/jpeg\" \/>\n<meta name=\"twitter:card\" content=\"summary_large_image\" \/>\n<meta name=\"twitter:label1\" content=\"Price\" \/>\n\t<meta name=\"twitter:data1\" content=\"49,90&euro; IVA inc\" \/>\n\t<meta name=\"twitter:label2\" content=\"Availability\" \/>\n\t<meta name=\"twitter:data2\" content=\"Out of stock\" \/>\n<script type=\"application\/ld+json\" class=\"yoast-schema-graph\">{\"@context\":\"https:\/\/schema.org\",\"@graph\":[{\"@type\":\"WebPage\",\"@id\":\"https:\/\/elportillodecoracion.es\/tienda\/bandeja-decorativa-circular-azul-turquesa-4x50x50-cm\/\",\"url\":\"https:\/\/elportillodecoracion.es\/tienda\/bandeja-decorativa-circular-azul-turquesa-4x50x50-cm\/\",\"name\":\"BANDEJA DECORATIVA CIRCULAR AZUL TURQUESA 4x50x50 cm. - El Portillo Decoraci\u00f3n\",\"isPartOf\":{\"@id\":\"https:\/\/elportillodecoracion.es\/#website\"},\"primaryImageOfPage\":{\"@id\":\"https:\/\/elportillodecoracion.es\/tienda\/bandeja-decorativa-circular-azul-turquesa-4x50x50-cm\/#primaryimage\"},\"image\":{\"@id\":\"https:\/\/elportillodecoracion.es\/tienda\/bandeja-decorativa-circular-azul-turquesa-4x50x50-cm\/#primaryimage\"},\"thumbnailUrl\":\"https:\/\/elportillodecoracion.es\/wp-content\/uploads\/2023\/04\/30159.jpg\",\"datePublished\":\"2023-04-15T15:57:06+00:00\",\"dateModified\":\"2024-04-16T11:05:27+00:00\",\"breadcrumb\":{\"@id\":\"https:\/\/elportillodecoracion.es\/tienda\/bandeja-decorativa-circular-azul-turquesa-4x50x50-cm\/#breadcrumb\"},\"inLanguage\":\"en-US\",\"potentialAction\":[{\"@type\":\"ReadAction\",\"target\":[\"https:\/\/elportillodecoracion.es\/tienda\/bandeja-decorativa-circular-azul-turquesa-4x50x50-cm\/\"]}]},{\"@type\":\"ImageObject\",\"inLanguage\":\"en-US\",\"@id\":\"https:\/\/elportillodecoracion.es\/tienda\/bandeja-decorativa-circular-azul-turquesa-4x50x50-cm\/#primaryimage\",\"url\":\"https:\/\/elportillodecoracion.es\/wp-content\/uploads\/2023\/04\/30159.jpg\",\"contentUrl\":\"https:\/\/elportillodecoracion.es\/wp-content\/uploads\/2023\/04\/30159.jpg\",\"width\":900,\"height\":600},{\"@type\":\"BreadcrumbList\",\"@id\":\"https:\/\/elportillodecoracion.es\/tienda\/bandeja-decorativa-circular-azul-turquesa-4x50x50-cm\/#breadcrumb\",\"itemListElement\":[{\"@type\":\"ListItem\",\"position\":1,\"name\":\"Portada\",\"item\":\"https:\/\/elportillodecoracion.es\/\"},{\"@type\":\"ListItem\",\"position\":2,\"name\":\"Tienda\",\"item\":\"https:\/\/elportillodecoracion.es\/tienda\/\"},{\"@type\":\"ListItem\",\"position\":3,\"name\":\"BANDEJA DECORATIVA CIRCULAR AZUL TURQUESA 4x50x50 cm.\"}]},{\"@type\":\"WebSite\",\"@id\":\"https:\/\/elportillodecoracion.es\/#website\",\"url\":\"https:\/\/elportillodecoracion.es\/\",\"name\":\"El Portillo Decoraci\u00f3n\",\"description\":\"Muebles y Decoraci\u00f3n\",\"publisher\":{\"@id\":\"https:\/\/elportillodecoracion.es\/#organization\"},\"potentialAction\":[{\"@type\":\"SearchAction\",\"target\":{\"@type\":\"EntryPoint\",\"urlTemplate\":\"https:\/\/elportillodecoracion.es\/?s={search_term_string}\"},\"query-input\":{\"@type\":\"PropertyValueSpecification\",\"valueRequired\":true,\"valueName\":\"search_term_string\"}}],\"inLanguage\":\"en-US\"},{\"@type\":\"Organization\",\"@id\":\"https:\/\/elportillodecoracion.es\/#organization\",\"name\":\"El Portillo Decoraci\u00f3n\",\"url\":\"https:\/\/elportillodecoracion.es\/\",\"logo\":{\"@type\":\"ImageObject\",\"inLanguage\":\"en-US\",\"@id\":\"https:\/\/elportillodecoracion.es\/#\/schema\/logo\/image\/\",\"url\":\"https:\/\/elportillodecoracion.es\/wp-content\/uploads\/2018\/11\/El-Portillo_logo-300.jpg\",\"contentUrl\":\"https:\/\/elportillodecoracion.es\/wp-content\/uploads\/2018\/11\/El-Portillo_logo-300.jpg\",\"width\":350,\"height\":91,\"caption\":\"El Portillo Decoraci\u00f3n\"},\"image\":{\"@id\":\"https:\/\/elportillodecoracion.es\/#\/schema\/logo\/image\/\"}}]}<\/script>\n<meta property=\"product:price:amount\" content=\"49.90\" \/>\n<meta property=\"product:price:currency\" content=\"EUR\" \/>\n<meta property=\"og:availability\" content=\"out of stock\" \/>\n<meta property=\"product:availability\" content=\"out of stock\" \/>\n<meta property=\"product:retailer_item_id\" content=\"30159\" \/>\n<meta property=\"product:condition\" content=\"new\" \/>\n<!-- \/ Yoast SEO Premium plugin. -->","yoast_head_json":{"title":"BANDEJA DECORATIVA CIRCULAR AZUL TURQUESA 4x50x50 cm. - El Portillo Decoraci\u00f3n","robots":{"index":"index","follow":"follow","max-snippet":"max-snippet:-1","max-image-preview":"max-image-preview:large","max-video-preview":"max-video-preview:-1"},"canonical":"https:\/\/elportillodecoracion.es\/tienda\/bandeja-decorativa-circular-azul-turquesa-4x50x50-cm\/","og_locale":"en_US","og_type":"article","og_title":"BANDEJA DECORATIVA CIRCULAR AZUL TURQUESA 4x50x50 cm.","og_url":"https:\/\/elportillodecoracion.es\/tienda\/bandeja-decorativa-circular-azul-turquesa-4x50x50-cm\/","og_site_name":"El Portillo Decoraci\u00f3n","article_modified_time":"2024-04-16T11:05:27+00:00","og_image":[{"width":900,"height":600,"url":"https:\/\/elportillodecoracion.es\/wp-content\/uploads\/2023\/04\/30159.jpg","type":"image\/jpeg"}],"twitter_card":"summary_large_image","twitter_misc":{"Price":"49,90&euro; IVA inc","Availability":"Out of stock"},"schema":{"@context":"https:\/\/schema.org","@graph":[{"@type":"WebPage","@id":"https:\/\/elportillodecoracion.es\/tienda\/bandeja-decorativa-circular-azul-turquesa-4x50x50-cm\/","url":"https:\/\/elportillodecoracion.es\/tienda\/bandeja-decorativa-circular-azul-turquesa-4x50x50-cm\/","name":"BANDEJA DECORATIVA CIRCULAR AZUL TURQUESA 4x50x50 cm. - El Portillo Decoraci\u00f3n","isPartOf":{"@id":"https:\/\/elportillodecoracion.es\/#website"},"primaryImageOfPage":{"@id":"https:\/\/elportillodecoracion.es\/tienda\/bandeja-decorativa-circular-azul-turquesa-4x50x50-cm\/#primaryimage"},"image":{"@id":"https:\/\/elportillodecoracion.es\/tienda\/bandeja-decorativa-circular-azul-turquesa-4x50x50-cm\/#primaryimage"},"thumbnailUrl":"https:\/\/elportillodecoracion.es\/wp-content\/uploads\/2023\/04\/30159.jpg","datePublished":"2023-04-15T15:57:06+00:00","dateModified":"2024-04-16T11:05:27+00:00","breadcrumb":{"@id":"https:\/\/elportillodecoracion.es\/tienda\/bandeja-decorativa-circular-azul-turquesa-4x50x50-cm\/#breadcrumb"},"inLanguage":"en-US","potentialAction":[{"@type":"ReadAction","target":["https:\/\/elportillodecoracion.es\/tienda\/bandeja-decorativa-circular-azul-turquesa-4x50x50-cm\/"]}]},{"@type":"ImageObject","inLanguage":"en-US","@id":"https:\/\/elportillodecoracion.es\/tienda\/bandeja-decorativa-circular-azul-turquesa-4x50x50-cm\/#primaryimage","url":"https:\/\/elportillodecoracion.es\/wp-content\/uploads\/2023\/04\/30159.jpg","contentUrl":"https:\/\/elportillodecoracion.es\/wp-content\/uploads\/2023\/04\/30159.jpg","width":900,"height":600},{"@type":"BreadcrumbList","@id":"https:\/\/elportillodecoracion.es\/tienda\/bandeja-decorativa-circular-azul-turquesa-4x50x50-cm\/#breadcrumb","itemListElement":[{"@type":"ListItem","position":1,"name":"Portada","item":"https:\/\/elportillodecoracion.es\/"},{"@type":"ListItem","position":2,"name":"Tienda","item":"https:\/\/elportillodecoracion.es\/tienda\/"},{"@type":"ListItem","position":3,"name":"BANDEJA DECORATIVA CIRCULAR AZUL TURQUESA 4x50x50 cm."}]},{"@type":"WebSite","@id":"https:\/\/elportillodecoracion.es\/#website","url":"https:\/\/elportillodecoracion.es\/","name":"El Portillo Decoraci\u00f3n","description":"Muebles y Decoraci\u00f3n","publisher":{"@id":"https:\/\/elportillodecoracion.es\/#organization"},"potentialAction":[{"@type":"SearchAction","target":{"@type":"EntryPoint","urlTemplate":"https:\/\/elportillodecoracion.es\/?s={search_term_string}"},"query-input":{"@type":"PropertyValueSpecification","valueRequired":true,"valueName":"search_term_string"}}],"inLanguage":"en-US"},{"@type":"Organization","@id":"https:\/\/elportillodecoracion.es\/#organization","name":"El Portillo Decoraci\u00f3n","url":"https:\/\/elportillodecoracion.es\/","logo":{"@type":"ImageObject","inLanguage":"en-US","@id":"https:\/\/elportillodecoracion.es\/#\/schema\/logo\/image\/","url":"https:\/\/elportillodecoracion.es\/wp-content\/uploads\/2018\/11\/El-Portillo_logo-300.jpg","contentUrl":"https:\/\/elportillodecoracion.es\/wp-content\/uploads\/2018\/11\/El-Portillo_logo-300.jpg","width":350,"height":91,"caption":"El Portillo Decoraci\u00f3n"},"image":{"@id":"https:\/\/elportillodecoracion.es\/#\/schema\/logo\/image\/"}}]},"product_price_amount":"49.90","product_price_currency":"EUR","og_availability":"out of stock","product_availability":"out of stock","product_retailer_item_id":"30159","product_condition":"new"},"_links":{"self":[{"href":"https:\/\/elportillodecoracion.es\/en\/wp-json\/wp\/v2\/product\/17119","targetHints":{"allow":["GET"]}}],"collection":[{"href":"https:\/\/elportillodecoracion.es\/en\/wp-json\/wp\/v2\/product"}],"about":[{"href":"https:\/\/elportillodecoracion.es\/en\/wp-json\/wp\/v2\/types\/product"}],"replies":[{"embeddable":true,"href":"https:\/\/elportillodecoracion.es\/en\/wp-json\/wp\/v2\/comments?post=17119"}],"wp:featuredmedia":[{"embeddable":true,"href":"https:\/\/elportillodecoracion.es\/en\/wp-json\/wp\/v2\/media\/17120"}],"wp:attachment":[{"href":"https:\/\/elportillodecoracion.es\/en\/wp-json\/wp\/v2\/media?parent=17119"}],"wp:term":[{"taxonomy":"product_cat","embeddable":true,"href":"https:\/\/elportillodecoracion.es\/en\/wp-json\/wp\/v2\/product_cat?post=17119"},{"taxonomy":"product_tag","embeddable":true,"href":"https:\/\/elportillodecoracion.es\/en\/wp-json\/wp\/v2\/product_tag?post=17119"}],"curies":[{"name":"wp","href":"https:\/\/api.w.org\/{rel}","templated":true}]}}