{"id":17109,"date":"2023-04-08T13:49:18","date_gmt":"2023-04-08T11:49:18","guid":{"rendered":"https:\/\/elportillodecoracion.es\/?post_type=product&#038;p=17109"},"modified":"2025-11-24T22:49:08","modified_gmt":"2025-11-24T21:49:08","slug":"flor-boca-de-leon-naranja-amarillo-h95","status":"publish","type":"product","link":"https:\/\/elportillodecoracion.es\/en\/tienda\/flor-boca-de-leon-naranja-amarillo-h95\/","title":{"rendered":"FLOR BOCA DE LE\u00d3N NARANJA\/AMARILLO H95"},"content":{"rendered":"<p>Aporta colorido a tus jarrones con estas bonitas <strong>flores de boca de le\u00f3n<\/strong>, caracter\u00edsticas de la <strong>primavera<\/strong> e ideales para ambientar la decoraci\u00f3n de tu hogar con los colores t\u00edpicos de esta estaci\u00f3n: <strong>amarillo y naranja.<\/strong> Se caracterizan por sus vivas flores agrupadas en racimos, y podemos apreciar en ellas diferentes tonos de color dentro de la gama del naranja y del amarillo.<\/p>\n<ul>\n<li>Medidas: 95 cm.<\/li>\n<\/ul>\n","protected":false},"excerpt":{"rendered":"<p>Aporta colorido a tus jarrones con estas bonitas flores de boca de le\u00f3n, caracter\u00edsticas de la primavera e ideales para ambientar la decoraci\u00f3n de tu hogar con los colores t\u00edpicos de esta estaci\u00f3n: amarillo y naranja. Se caracterizan por sus vivas flores agrupadas en racimos, y podemos apreciar en ellas diferentes tonos de color dentro [&hellip;]<\/p>\n","protected":false},"featured_media":17110,"comment_status":"open","ping_status":"closed","template":"","meta":{"_joinchat":[]},"product_cat":[715,714],"product_tag":[],"class_list":{"0":"post-17109","1":"product","2":"type-product","3":"status-publish","4":"has-post-thumbnail","6":"product_cat-flower-arrangements","7":"product_cat-flowers-and-vases","9":"first","10":"outofstock","11":"taxable","12":"shipping-taxable","13":"purchasable","14":"product-type-simple"},"yoast_head":"<!-- This site is optimized with the Yoast SEO Premium plugin v23.0 (Yoast SEO v25.6) - https:\/\/yoast.com\/wordpress\/plugins\/seo\/ -->\n<title>FLOR BOCA DE LE\u00d3N NARANJA\/AMARILLO H95 - El Portillo Decoraci\u00f3n<\/title>\n<meta name=\"robots\" content=\"index, follow, max-snippet:-1, max-image-preview:large, max-video-preview:-1\" \/>\n<link rel=\"canonical\" href=\"https:\/\/elportillodecoracion.es\/tienda\/flor-boca-de-leon-naranja-amarillo-h95\/\" \/>\n<meta property=\"og:locale\" content=\"en_US\" \/>\n<meta property=\"og:type\" content=\"article\" \/>\n<meta property=\"og:title\" content=\"FLOR BOCA DE LE\u00d3N NARANJA\/AMARILLO H95\" \/>\n<meta property=\"og:url\" content=\"https:\/\/elportillodecoracion.es\/tienda\/flor-boca-de-leon-naranja-amarillo-h95\/\" \/>\n<meta property=\"og:site_name\" content=\"El Portillo Decoraci\u00f3n\" \/>\n<meta property=\"article:modified_time\" content=\"2025-11-24T21:49:08+00:00\" \/>\n<meta property=\"og:image\" content=\"https:\/\/elportillodecoracion.es\/wp-content\/uploads\/2023\/04\/21574626-e1680953988182.jpg\" \/>\n\t<meta property=\"og:image:width\" content=\"985\" \/>\n\t<meta property=\"og:image:height\" content=\"1280\" \/>\n\t<meta property=\"og:image:type\" content=\"image\/jpeg\" \/>\n<meta name=\"twitter:card\" content=\"summary_large_image\" \/>\n<meta name=\"twitter:label1\" content=\"Price\" \/>\n\t<meta name=\"twitter:data1\" content=\"12,90&euro; IVA inc\" \/>\n\t<meta name=\"twitter:label2\" content=\"Availability\" \/>\n\t<meta name=\"twitter:data2\" content=\"Out of stock\" \/>\n<script type=\"application\/ld+json\" class=\"yoast-schema-graph\">{\"@context\":\"https:\/\/schema.org\",\"@graph\":[{\"@type\":\"WebPage\",\"@id\":\"https:\/\/elportillodecoracion.es\/tienda\/flor-boca-de-leon-naranja-amarillo-h95\/\",\"url\":\"https:\/\/elportillodecoracion.es\/tienda\/flor-boca-de-leon-naranja-amarillo-h95\/\",\"name\":\"FLOR BOCA DE LE\u00d3N NARANJA\/AMARILLO H95 - El Portillo Decoraci\u00f3n\",\"isPartOf\":{\"@id\":\"https:\/\/elportillodecoracion.es\/#website\"},\"primaryImageOfPage\":{\"@id\":\"https:\/\/elportillodecoracion.es\/tienda\/flor-boca-de-leon-naranja-amarillo-h95\/#primaryimage\"},\"image\":{\"@id\":\"https:\/\/elportillodecoracion.es\/tienda\/flor-boca-de-leon-naranja-amarillo-h95\/#primaryimage\"},\"thumbnailUrl\":\"https:\/\/elportillodecoracion.es\/wp-content\/uploads\/2023\/04\/21574626-e1680953988182.jpg\",\"datePublished\":\"2023-04-08T11:49:18+00:00\",\"dateModified\":\"2025-11-24T21:49:08+00:00\",\"breadcrumb\":{\"@id\":\"https:\/\/elportillodecoracion.es\/tienda\/flor-boca-de-leon-naranja-amarillo-h95\/#breadcrumb\"},\"inLanguage\":\"en-US\",\"potentialAction\":[{\"@type\":\"ReadAction\",\"target\":[\"https:\/\/elportillodecoracion.es\/tienda\/flor-boca-de-leon-naranja-amarillo-h95\/\"]}]},{\"@type\":\"ImageObject\",\"inLanguage\":\"en-US\",\"@id\":\"https:\/\/elportillodecoracion.es\/tienda\/flor-boca-de-leon-naranja-amarillo-h95\/#primaryimage\",\"url\":\"https:\/\/elportillodecoracion.es\/wp-content\/uploads\/2023\/04\/21574626-e1680953988182.jpg\",\"contentUrl\":\"https:\/\/elportillodecoracion.es\/wp-content\/uploads\/2023\/04\/21574626-e1680953988182.jpg\",\"width\":985,\"height\":1280},{\"@type\":\"BreadcrumbList\",\"@id\":\"https:\/\/elportillodecoracion.es\/tienda\/flor-boca-de-leon-naranja-amarillo-h95\/#breadcrumb\",\"itemListElement\":[{\"@type\":\"ListItem\",\"position\":1,\"name\":\"Portada\",\"item\":\"https:\/\/elportillodecoracion.es\/\"},{\"@type\":\"ListItem\",\"position\":2,\"name\":\"Tienda\",\"item\":\"https:\/\/elportillodecoracion.es\/tienda\/\"},{\"@type\":\"ListItem\",\"position\":3,\"name\":\"FLOR BOCA DE LE\u00d3N NARANJA\/AMARILLO H95\"}]},{\"@type\":\"WebSite\",\"@id\":\"https:\/\/elportillodecoracion.es\/#website\",\"url\":\"https:\/\/elportillodecoracion.es\/\",\"name\":\"El Portillo Decoraci\u00f3n\",\"description\":\"Muebles y Decoraci\u00f3n\",\"publisher\":{\"@id\":\"https:\/\/elportillodecoracion.es\/#organization\"},\"potentialAction\":[{\"@type\":\"SearchAction\",\"target\":{\"@type\":\"EntryPoint\",\"urlTemplate\":\"https:\/\/elportillodecoracion.es\/?s={search_term_string}\"},\"query-input\":{\"@type\":\"PropertyValueSpecification\",\"valueRequired\":true,\"valueName\":\"search_term_string\"}}],\"inLanguage\":\"en-US\"},{\"@type\":\"Organization\",\"@id\":\"https:\/\/elportillodecoracion.es\/#organization\",\"name\":\"El Portillo Decoraci\u00f3n\",\"url\":\"https:\/\/elportillodecoracion.es\/\",\"logo\":{\"@type\":\"ImageObject\",\"inLanguage\":\"en-US\",\"@id\":\"https:\/\/elportillodecoracion.es\/#\/schema\/logo\/image\/\",\"url\":\"https:\/\/elportillodecoracion.es\/wp-content\/uploads\/2018\/11\/El-Portillo_logo-300.jpg\",\"contentUrl\":\"https:\/\/elportillodecoracion.es\/wp-content\/uploads\/2018\/11\/El-Portillo_logo-300.jpg\",\"width\":350,\"height\":91,\"caption\":\"El Portillo Decoraci\u00f3n\"},\"image\":{\"@id\":\"https:\/\/elportillodecoracion.es\/#\/schema\/logo\/image\/\"}}]}<\/script>\n<meta property=\"product:price:amount\" content=\"12.90\" \/>\n<meta property=\"product:price:currency\" content=\"EUR\" \/>\n<meta property=\"og:availability\" content=\"out of stock\" \/>\n<meta property=\"product:availability\" content=\"out of stock\" \/>\n<meta property=\"product:retailer_item_id\" content=\"215746\" \/>\n<meta property=\"product:condition\" content=\"new\" \/>\n<!-- \/ Yoast SEO Premium plugin. -->","yoast_head_json":{"title":"FLOR BOCA DE LE\u00d3N NARANJA\/AMARILLO H95 - El Portillo Decoraci\u00f3n","robots":{"index":"index","follow":"follow","max-snippet":"max-snippet:-1","max-image-preview":"max-image-preview:large","max-video-preview":"max-video-preview:-1"},"canonical":"https:\/\/elportillodecoracion.es\/tienda\/flor-boca-de-leon-naranja-amarillo-h95\/","og_locale":"en_US","og_type":"article","og_title":"FLOR BOCA DE LE\u00d3N NARANJA\/AMARILLO H95","og_url":"https:\/\/elportillodecoracion.es\/tienda\/flor-boca-de-leon-naranja-amarillo-h95\/","og_site_name":"El Portillo Decoraci\u00f3n","article_modified_time":"2025-11-24T21:49:08+00:00","og_image":[{"width":985,"height":1280,"url":"https:\/\/elportillodecoracion.es\/wp-content\/uploads\/2023\/04\/21574626-e1680953988182.jpg","type":"image\/jpeg"}],"twitter_card":"summary_large_image","twitter_misc":{"Price":"12,90&euro; IVA inc","Availability":"Out of stock"},"schema":{"@context":"https:\/\/schema.org","@graph":[{"@type":"WebPage","@id":"https:\/\/elportillodecoracion.es\/tienda\/flor-boca-de-leon-naranja-amarillo-h95\/","url":"https:\/\/elportillodecoracion.es\/tienda\/flor-boca-de-leon-naranja-amarillo-h95\/","name":"FLOR BOCA DE LE\u00d3N NARANJA\/AMARILLO H95 - El Portillo Decoraci\u00f3n","isPartOf":{"@id":"https:\/\/elportillodecoracion.es\/#website"},"primaryImageOfPage":{"@id":"https:\/\/elportillodecoracion.es\/tienda\/flor-boca-de-leon-naranja-amarillo-h95\/#primaryimage"},"image":{"@id":"https:\/\/elportillodecoracion.es\/tienda\/flor-boca-de-leon-naranja-amarillo-h95\/#primaryimage"},"thumbnailUrl":"https:\/\/elportillodecoracion.es\/wp-content\/uploads\/2023\/04\/21574626-e1680953988182.jpg","datePublished":"2023-04-08T11:49:18+00:00","dateModified":"2025-11-24T21:49:08+00:00","breadcrumb":{"@id":"https:\/\/elportillodecoracion.es\/tienda\/flor-boca-de-leon-naranja-amarillo-h95\/#breadcrumb"},"inLanguage":"en-US","potentialAction":[{"@type":"ReadAction","target":["https:\/\/elportillodecoracion.es\/tienda\/flor-boca-de-leon-naranja-amarillo-h95\/"]}]},{"@type":"ImageObject","inLanguage":"en-US","@id":"https:\/\/elportillodecoracion.es\/tienda\/flor-boca-de-leon-naranja-amarillo-h95\/#primaryimage","url":"https:\/\/elportillodecoracion.es\/wp-content\/uploads\/2023\/04\/21574626-e1680953988182.jpg","contentUrl":"https:\/\/elportillodecoracion.es\/wp-content\/uploads\/2023\/04\/21574626-e1680953988182.jpg","width":985,"height":1280},{"@type":"BreadcrumbList","@id":"https:\/\/elportillodecoracion.es\/tienda\/flor-boca-de-leon-naranja-amarillo-h95\/#breadcrumb","itemListElement":[{"@type":"ListItem","position":1,"name":"Portada","item":"https:\/\/elportillodecoracion.es\/"},{"@type":"ListItem","position":2,"name":"Tienda","item":"https:\/\/elportillodecoracion.es\/tienda\/"},{"@type":"ListItem","position":3,"name":"FLOR BOCA DE LE\u00d3N NARANJA\/AMARILLO H95"}]},{"@type":"WebSite","@id":"https:\/\/elportillodecoracion.es\/#website","url":"https:\/\/elportillodecoracion.es\/","name":"El Portillo Decoraci\u00f3n","description":"Muebles y Decoraci\u00f3n","publisher":{"@id":"https:\/\/elportillodecoracion.es\/#organization"},"potentialAction":[{"@type":"SearchAction","target":{"@type":"EntryPoint","urlTemplate":"https:\/\/elportillodecoracion.es\/?s={search_term_string}"},"query-input":{"@type":"PropertyValueSpecification","valueRequired":true,"valueName":"search_term_string"}}],"inLanguage":"en-US"},{"@type":"Organization","@id":"https:\/\/elportillodecoracion.es\/#organization","name":"El Portillo Decoraci\u00f3n","url":"https:\/\/elportillodecoracion.es\/","logo":{"@type":"ImageObject","inLanguage":"en-US","@id":"https:\/\/elportillodecoracion.es\/#\/schema\/logo\/image\/","url":"https:\/\/elportillodecoracion.es\/wp-content\/uploads\/2018\/11\/El-Portillo_logo-300.jpg","contentUrl":"https:\/\/elportillodecoracion.es\/wp-content\/uploads\/2018\/11\/El-Portillo_logo-300.jpg","width":350,"height":91,"caption":"El Portillo Decoraci\u00f3n"},"image":{"@id":"https:\/\/elportillodecoracion.es\/#\/schema\/logo\/image\/"}}]},"product_price_amount":"12.90","product_price_currency":"EUR","og_availability":"out of stock","product_availability":"out of stock","product_retailer_item_id":"215746","product_condition":"new"},"_links":{"self":[{"href":"https:\/\/elportillodecoracion.es\/en\/wp-json\/wp\/v2\/product\/17109","targetHints":{"allow":["GET"]}}],"collection":[{"href":"https:\/\/elportillodecoracion.es\/en\/wp-json\/wp\/v2\/product"}],"about":[{"href":"https:\/\/elportillodecoracion.es\/en\/wp-json\/wp\/v2\/types\/product"}],"replies":[{"embeddable":true,"href":"https:\/\/elportillodecoracion.es\/en\/wp-json\/wp\/v2\/comments?post=17109"}],"wp:featuredmedia":[{"embeddable":true,"href":"https:\/\/elportillodecoracion.es\/en\/wp-json\/wp\/v2\/media\/17110"}],"wp:attachment":[{"href":"https:\/\/elportillodecoracion.es\/en\/wp-json\/wp\/v2\/media?parent=17109"}],"wp:term":[{"taxonomy":"product_cat","embeddable":true,"href":"https:\/\/elportillodecoracion.es\/en\/wp-json\/wp\/v2\/product_cat?post=17109"},{"taxonomy":"product_tag","embeddable":true,"href":"https:\/\/elportillodecoracion.es\/en\/wp-json\/wp\/v2\/product_tag?post=17109"}],"curies":[{"name":"wp","href":"https:\/\/api.w.org\/{rel}","templated":true}]}}