{"id":16719,"date":"2023-02-11T14:07:23","date_gmt":"2023-02-11T13:07:23","guid":{"rendered":"https:\/\/elportillodecoracion.es\/?post_type=product&#038;p=16719"},"modified":"2024-04-18T20:01:01","modified_gmt":"2024-04-18T18:01:01","slug":"caja-decorativa-frida-kahlo-20x12x8cm","status":"publish","type":"product","link":"https:\/\/elportillodecoracion.es\/en\/tienda\/caja-decorativa-frida-kahlo-20x12x8cm\/","title":{"rendered":"CAJA DECORATIVA FRIDA KAHLO 20x12x8cm."},"content":{"rendered":"<p>Nuestra caja<strong> Frida Kahlo<\/strong> es perfecta tanto para nuestra vista como para mantener una buena organizaci\u00f3n. Combina por todos los lados de la caja su rostro con diversos motivos decorativos florales llenos de color, un rasgo caracter\u00edstico que aporta a la decoraci\u00f3n un <strong>estilo atrevido y libre.<\/strong> Con esta caja dar\u00e1s un toque especial y sorprender\u00e1 en tu sal\u00f3n, dormitorio o en cualquier otro lugar donde tambi\u00e9n te servir\u00e1 para guardar tus objetos. La puedes combinar con nuestra caja Frida Kahlo m\u00e1s grande, ambas cajas colocadas juntas quedar\u00e1n ideales.<\/p>\n<ul>\n<li>Material: Resina y MDF.<\/li>\n<li>Medidas: 20x12x8 cm.<\/li>\n<li>Color: Multicolor.<\/li>\n<\/ul>\n","protected":false},"excerpt":{"rendered":"<p>Nuestra caja Frida Kahlo es perfecta tanto para nuestra vista como para mantener una buena organizaci\u00f3n. Combina por todos los lados de la caja su rostro con diversos motivos decorativos florales llenos de color, un rasgo caracter\u00edstico que aporta a la decoraci\u00f3n un estilo atrevido y libre. Con esta caja dar\u00e1s un toque especial y [&hellip;]<\/p>\n","protected":false},"featured_media":16722,"comment_status":"open","ping_status":"closed","template":"","meta":{"_joinchat":[]},"product_cat":[840,836,709],"product_tag":[692],"class_list":{"0":"post-16719","1":"product","2":"type-product","3":"status-publish","4":"has-post-thumbnail","6":"product_cat-table-accessories","7":"product_cat-boxes","8":"product_cat-decorative-figures","9":"product_tag-resin-decoration","11":"first","12":"outofstock","13":"taxable","14":"shipping-taxable","15":"purchasable","16":"product-type-simple"},"yoast_head":"<!-- This site is optimized with the Yoast SEO Premium plugin v23.0 (Yoast SEO v25.6) - https:\/\/yoast.com\/wordpress\/plugins\/seo\/ -->\n<title>CAJA DECORATIVA FRIDA KAHLO 20x12x8cm. - El Portillo Decoraci\u00f3n<\/title>\n<meta name=\"robots\" content=\"index, follow, max-snippet:-1, max-image-preview:large, max-video-preview:-1\" \/>\n<link rel=\"canonical\" href=\"https:\/\/elportillodecoracion.es\/tienda\/caja-decorativa-frida-kahlo-20x12x8cm\/\" \/>\n<meta property=\"og:locale\" content=\"en_US\" \/>\n<meta property=\"og:type\" content=\"article\" \/>\n<meta property=\"og:title\" content=\"CAJA DECORATIVA FRIDA KAHLO 20x12x8cm.\" \/>\n<meta property=\"og:url\" content=\"https:\/\/elportillodecoracion.es\/tienda\/caja-decorativa-frida-kahlo-20x12x8cm\/\" \/>\n<meta property=\"og:site_name\" content=\"El Portillo Decoraci\u00f3n\" \/>\n<meta property=\"article:modified_time\" content=\"2024-04-18T18:01:01+00:00\" \/>\n<meta property=\"og:image\" content=\"https:\/\/elportillodecoracion.es\/wp-content\/uploads\/2023\/02\/358020.jpg\" \/>\n\t<meta property=\"og:image:width\" content=\"1920\" \/>\n\t<meta property=\"og:image:height\" content=\"1280\" \/>\n\t<meta property=\"og:image:type\" content=\"image\/jpeg\" \/>\n<meta name=\"twitter:card\" content=\"summary_large_image\" \/>\n<meta name=\"twitter:label1\" content=\"Price\" \/>\n\t<meta name=\"twitter:data1\" content=\"25,90&euro; IVA inc\" \/>\n\t<meta name=\"twitter:label2\" content=\"Availability\" \/>\n\t<meta name=\"twitter:data2\" content=\"Out of stock\" \/>\n<script type=\"application\/ld+json\" class=\"yoast-schema-graph\">{\"@context\":\"https:\/\/schema.org\",\"@graph\":[{\"@type\":\"WebPage\",\"@id\":\"https:\/\/elportillodecoracion.es\/tienda\/caja-decorativa-frida-kahlo-20x12x8cm\/\",\"url\":\"https:\/\/elportillodecoracion.es\/tienda\/caja-decorativa-frida-kahlo-20x12x8cm\/\",\"name\":\"CAJA DECORATIVA FRIDA KAHLO 20x12x8cm. - El Portillo Decoraci\u00f3n\",\"isPartOf\":{\"@id\":\"https:\/\/elportillodecoracion.es\/#website\"},\"primaryImageOfPage\":{\"@id\":\"https:\/\/elportillodecoracion.es\/tienda\/caja-decorativa-frida-kahlo-20x12x8cm\/#primaryimage\"},\"image\":{\"@id\":\"https:\/\/elportillodecoracion.es\/tienda\/caja-decorativa-frida-kahlo-20x12x8cm\/#primaryimage\"},\"thumbnailUrl\":\"https:\/\/elportillodecoracion.es\/wp-content\/uploads\/2023\/02\/358020.jpg\",\"datePublished\":\"2023-02-11T13:07:23+00:00\",\"dateModified\":\"2024-04-18T18:01:01+00:00\",\"breadcrumb\":{\"@id\":\"https:\/\/elportillodecoracion.es\/tienda\/caja-decorativa-frida-kahlo-20x12x8cm\/#breadcrumb\"},\"inLanguage\":\"en-US\",\"potentialAction\":[{\"@type\":\"ReadAction\",\"target\":[\"https:\/\/elportillodecoracion.es\/tienda\/caja-decorativa-frida-kahlo-20x12x8cm\/\"]}]},{\"@type\":\"ImageObject\",\"inLanguage\":\"en-US\",\"@id\":\"https:\/\/elportillodecoracion.es\/tienda\/caja-decorativa-frida-kahlo-20x12x8cm\/#primaryimage\",\"url\":\"https:\/\/elportillodecoracion.es\/wp-content\/uploads\/2023\/02\/358020.jpg\",\"contentUrl\":\"https:\/\/elportillodecoracion.es\/wp-content\/uploads\/2023\/02\/358020.jpg\",\"width\":1920,\"height\":1280},{\"@type\":\"BreadcrumbList\",\"@id\":\"https:\/\/elportillodecoracion.es\/tienda\/caja-decorativa-frida-kahlo-20x12x8cm\/#breadcrumb\",\"itemListElement\":[{\"@type\":\"ListItem\",\"position\":1,\"name\":\"Portada\",\"item\":\"https:\/\/elportillodecoracion.es\/\"},{\"@type\":\"ListItem\",\"position\":2,\"name\":\"Tienda\",\"item\":\"https:\/\/elportillodecoracion.es\/tienda\/\"},{\"@type\":\"ListItem\",\"position\":3,\"name\":\"CAJA DECORATIVA FRIDA KAHLO 20x12x8cm.\"}]},{\"@type\":\"WebSite\",\"@id\":\"https:\/\/elportillodecoracion.es\/#website\",\"url\":\"https:\/\/elportillodecoracion.es\/\",\"name\":\"El Portillo Decoraci\u00f3n\",\"description\":\"Muebles y Decoraci\u00f3n\",\"publisher\":{\"@id\":\"https:\/\/elportillodecoracion.es\/#organization\"},\"potentialAction\":[{\"@type\":\"SearchAction\",\"target\":{\"@type\":\"EntryPoint\",\"urlTemplate\":\"https:\/\/elportillodecoracion.es\/?s={search_term_string}\"},\"query-input\":{\"@type\":\"PropertyValueSpecification\",\"valueRequired\":true,\"valueName\":\"search_term_string\"}}],\"inLanguage\":\"en-US\"},{\"@type\":\"Organization\",\"@id\":\"https:\/\/elportillodecoracion.es\/#organization\",\"name\":\"El Portillo Decoraci\u00f3n\",\"url\":\"https:\/\/elportillodecoracion.es\/\",\"logo\":{\"@type\":\"ImageObject\",\"inLanguage\":\"en-US\",\"@id\":\"https:\/\/elportillodecoracion.es\/#\/schema\/logo\/image\/\",\"url\":\"https:\/\/elportillodecoracion.es\/wp-content\/uploads\/2018\/11\/El-Portillo_logo-300.jpg\",\"contentUrl\":\"https:\/\/elportillodecoracion.es\/wp-content\/uploads\/2018\/11\/El-Portillo_logo-300.jpg\",\"width\":350,\"height\":91,\"caption\":\"El Portillo Decoraci\u00f3n\"},\"image\":{\"@id\":\"https:\/\/elportillodecoracion.es\/#\/schema\/logo\/image\/\"}}]}<\/script>\n<meta property=\"product:price:amount\" content=\"25.90\" \/>\n<meta property=\"product:price:currency\" content=\"EUR\" \/>\n<meta property=\"og:availability\" content=\"out of stock\" \/>\n<meta property=\"product:availability\" content=\"out of stock\" \/>\n<meta property=\"product:retailer_item_id\" content=\"358021\" \/>\n<meta property=\"product:condition\" content=\"new\" \/>\n<!-- \/ Yoast SEO Premium plugin. -->","yoast_head_json":{"title":"CAJA DECORATIVA FRIDA KAHLO 20x12x8cm. - El Portillo Decoraci\u00f3n","robots":{"index":"index","follow":"follow","max-snippet":"max-snippet:-1","max-image-preview":"max-image-preview:large","max-video-preview":"max-video-preview:-1"},"canonical":"https:\/\/elportillodecoracion.es\/tienda\/caja-decorativa-frida-kahlo-20x12x8cm\/","og_locale":"en_US","og_type":"article","og_title":"CAJA DECORATIVA FRIDA KAHLO 20x12x8cm.","og_url":"https:\/\/elportillodecoracion.es\/tienda\/caja-decorativa-frida-kahlo-20x12x8cm\/","og_site_name":"El Portillo Decoraci\u00f3n","article_modified_time":"2024-04-18T18:01:01+00:00","og_image":[{"width":1920,"height":1280,"url":"https:\/\/elportillodecoracion.es\/wp-content\/uploads\/2023\/02\/358020.jpg","type":"image\/jpeg"}],"twitter_card":"summary_large_image","twitter_misc":{"Price":"25,90&euro; IVA inc","Availability":"Out of stock"},"schema":{"@context":"https:\/\/schema.org","@graph":[{"@type":"WebPage","@id":"https:\/\/elportillodecoracion.es\/tienda\/caja-decorativa-frida-kahlo-20x12x8cm\/","url":"https:\/\/elportillodecoracion.es\/tienda\/caja-decorativa-frida-kahlo-20x12x8cm\/","name":"CAJA DECORATIVA FRIDA KAHLO 20x12x8cm. - El Portillo Decoraci\u00f3n","isPartOf":{"@id":"https:\/\/elportillodecoracion.es\/#website"},"primaryImageOfPage":{"@id":"https:\/\/elportillodecoracion.es\/tienda\/caja-decorativa-frida-kahlo-20x12x8cm\/#primaryimage"},"image":{"@id":"https:\/\/elportillodecoracion.es\/tienda\/caja-decorativa-frida-kahlo-20x12x8cm\/#primaryimage"},"thumbnailUrl":"https:\/\/elportillodecoracion.es\/wp-content\/uploads\/2023\/02\/358020.jpg","datePublished":"2023-02-11T13:07:23+00:00","dateModified":"2024-04-18T18:01:01+00:00","breadcrumb":{"@id":"https:\/\/elportillodecoracion.es\/tienda\/caja-decorativa-frida-kahlo-20x12x8cm\/#breadcrumb"},"inLanguage":"en-US","potentialAction":[{"@type":"ReadAction","target":["https:\/\/elportillodecoracion.es\/tienda\/caja-decorativa-frida-kahlo-20x12x8cm\/"]}]},{"@type":"ImageObject","inLanguage":"en-US","@id":"https:\/\/elportillodecoracion.es\/tienda\/caja-decorativa-frida-kahlo-20x12x8cm\/#primaryimage","url":"https:\/\/elportillodecoracion.es\/wp-content\/uploads\/2023\/02\/358020.jpg","contentUrl":"https:\/\/elportillodecoracion.es\/wp-content\/uploads\/2023\/02\/358020.jpg","width":1920,"height":1280},{"@type":"BreadcrumbList","@id":"https:\/\/elportillodecoracion.es\/tienda\/caja-decorativa-frida-kahlo-20x12x8cm\/#breadcrumb","itemListElement":[{"@type":"ListItem","position":1,"name":"Portada","item":"https:\/\/elportillodecoracion.es\/"},{"@type":"ListItem","position":2,"name":"Tienda","item":"https:\/\/elportillodecoracion.es\/tienda\/"},{"@type":"ListItem","position":3,"name":"CAJA DECORATIVA FRIDA KAHLO 20x12x8cm."}]},{"@type":"WebSite","@id":"https:\/\/elportillodecoracion.es\/#website","url":"https:\/\/elportillodecoracion.es\/","name":"El Portillo Decoraci\u00f3n","description":"Muebles y Decoraci\u00f3n","publisher":{"@id":"https:\/\/elportillodecoracion.es\/#organization"},"potentialAction":[{"@type":"SearchAction","target":{"@type":"EntryPoint","urlTemplate":"https:\/\/elportillodecoracion.es\/?s={search_term_string}"},"query-input":{"@type":"PropertyValueSpecification","valueRequired":true,"valueName":"search_term_string"}}],"inLanguage":"en-US"},{"@type":"Organization","@id":"https:\/\/elportillodecoracion.es\/#organization","name":"El Portillo Decoraci\u00f3n","url":"https:\/\/elportillodecoracion.es\/","logo":{"@type":"ImageObject","inLanguage":"en-US","@id":"https:\/\/elportillodecoracion.es\/#\/schema\/logo\/image\/","url":"https:\/\/elportillodecoracion.es\/wp-content\/uploads\/2018\/11\/El-Portillo_logo-300.jpg","contentUrl":"https:\/\/elportillodecoracion.es\/wp-content\/uploads\/2018\/11\/El-Portillo_logo-300.jpg","width":350,"height":91,"caption":"El Portillo Decoraci\u00f3n"},"image":{"@id":"https:\/\/elportillodecoracion.es\/#\/schema\/logo\/image\/"}}]},"product_price_amount":"25.90","product_price_currency":"EUR","og_availability":"out of stock","product_availability":"out of stock","product_retailer_item_id":"358021","product_condition":"new"},"_links":{"self":[{"href":"https:\/\/elportillodecoracion.es\/en\/wp-json\/wp\/v2\/product\/16719","targetHints":{"allow":["GET"]}}],"collection":[{"href":"https:\/\/elportillodecoracion.es\/en\/wp-json\/wp\/v2\/product"}],"about":[{"href":"https:\/\/elportillodecoracion.es\/en\/wp-json\/wp\/v2\/types\/product"}],"replies":[{"embeddable":true,"href":"https:\/\/elportillodecoracion.es\/en\/wp-json\/wp\/v2\/comments?post=16719"}],"wp:featuredmedia":[{"embeddable":true,"href":"https:\/\/elportillodecoracion.es\/en\/wp-json\/wp\/v2\/media\/16722"}],"wp:attachment":[{"href":"https:\/\/elportillodecoracion.es\/en\/wp-json\/wp\/v2\/media?parent=16719"}],"wp:term":[{"taxonomy":"product_cat","embeddable":true,"href":"https:\/\/elportillodecoracion.es\/en\/wp-json\/wp\/v2\/product_cat?post=16719"},{"taxonomy":"product_tag","embeddable":true,"href":"https:\/\/elportillodecoracion.es\/en\/wp-json\/wp\/v2\/product_tag?post=16719"}],"curies":[{"name":"wp","href":"https:\/\/api.w.org\/{rel}","templated":true}]}}