{"id":16696,"date":"2023-02-18T18:21:04","date_gmt":"2023-02-18T17:21:04","guid":{"rendered":"https:\/\/elportillodecoracion.es\/?post_type=product&#038;p=16696"},"modified":"2023-11-15T20:57:55","modified_gmt":"2023-11-15T19:57:55","slug":"jarron-blanco-ceramica-con-base-de-8-lados-29cm","status":"publish","type":"product","link":"https:\/\/elportillodecoracion.es\/en\/tienda\/jarron-blanco-ceramica-con-base-de-8-lados-29cm\/","title":{"rendered":"JARR\u00d3N BLANCO CER\u00c1MICA CON BASE DE 8 LADOS 29cm"},"content":{"rendered":"<p>Embellece tus flores con este bonito jarr\u00f3n blanco hecho de cer\u00e1mica. Su forma bipiramidal con base de 8 lados lo convierte en una pieza sencilla pero elegante perfecta para realzar la decoraci\u00f3n de tu interior. Su color blanco transmite claridad, pureza y tranquilidad, combinaci\u00f3n ideal para a\u00f1adir energ\u00eda a tu hogar combin\u00e1ndolo con una bonita composici\u00f3n floral. Su cuello estrecho es perfecto para ramos de un \u00fanico tallo.<\/p>\n<ul>\n<li>Material: cer\u00e1mica.<\/li>\n<li>Medidas: 29 cm alto x 16 cm di\u00e1metro. Cuello: 5,5cm.<\/li>\n<li>Color: blanco.<\/li>\n<\/ul>\n<p>&nbsp;<\/p>\n","protected":false},"excerpt":{"rendered":"<p>Embellece tus flores con este bonito jarr\u00f3n blanco hecho de cer\u00e1mica. Su forma bipiramidal con base de 8 lados lo convierte en una pieza sencilla pero elegante perfecta para realzar la decoraci\u00f3n de tu interior. Su color blanco transmite claridad, pureza y tranquilidad, combinaci\u00f3n ideal para a\u00f1adir energ\u00eda a tu hogar combin\u00e1ndolo con una bonita [&hellip;]<\/p>\n","protected":false},"featured_media":16729,"comment_status":"open","ping_status":"closed","template":"","meta":{"_joinchat":[]},"product_cat":[716,714,712,28],"product_tag":[802],"class_list":{"0":"post-16696","1":"product","2":"type-product","3":"status-publish","4":"has-post-thumbnail","6":"product_cat-flower-vases","7":"product_cat-flowers-and-vases","8":"product_cat-vases-decorative-figures","9":"product_cat-uncategorized","10":"product_tag-ceramics","12":"first","13":"outofstock","14":"taxable","15":"shipping-taxable","16":"purchasable","17":"product-type-simple"},"yoast_head":"<!-- This site is optimized with the Yoast SEO Premium plugin v23.0 (Yoast SEO v25.6) - https:\/\/yoast.com\/wordpress\/plugins\/seo\/ -->\n<title>JARR\u00d3N BLANCO CER\u00c1MICA CON BASE DE 8 LADOS 29cm - El Portillo Decoraci\u00f3n<\/title>\n<meta name=\"robots\" content=\"index, follow, max-snippet:-1, max-image-preview:large, max-video-preview:-1\" \/>\n<link rel=\"canonical\" href=\"https:\/\/elportillodecoracion.es\/tienda\/jarron-blanco-ceramica-con-base-de-8-lados-29cm\/\" \/>\n<meta property=\"og:locale\" content=\"en_US\" \/>\n<meta property=\"og:type\" content=\"article\" \/>\n<meta property=\"og:title\" content=\"JARR\u00d3N BLANCO CER\u00c1MICA CON BASE DE 8 LADOS 29cm\" \/>\n<meta property=\"og:url\" content=\"https:\/\/elportillodecoracion.es\/tienda\/jarron-blanco-ceramica-con-base-de-8-lados-29cm\/\" \/>\n<meta property=\"og:site_name\" content=\"El Portillo Decoraci\u00f3n\" \/>\n<meta property=\"article:modified_time\" content=\"2023-11-15T19:57:55+00:00\" \/>\n<meta property=\"og:image\" content=\"https:\/\/elportillodecoracion.es\/wp-content\/uploads\/2023\/02\/01441510-e1676744894626.jpg\" \/>\n\t<meta property=\"og:image:width\" content=\"960\" \/>\n\t<meta property=\"og:image:height\" content=\"1280\" \/>\n\t<meta property=\"og:image:type\" content=\"image\/jpeg\" \/>\n<meta name=\"twitter:card\" content=\"summary_large_image\" \/>\n<meta name=\"twitter:label1\" content=\"Price\" \/>\n\t<meta name=\"twitter:data1\" content=\"39,90&euro; IVA inc\" \/>\n\t<meta name=\"twitter:label2\" content=\"Availability\" \/>\n\t<meta name=\"twitter:data2\" content=\"Out of stock\" \/>\n<script type=\"application\/ld+json\" class=\"yoast-schema-graph\">{\"@context\":\"https:\/\/schema.org\",\"@graph\":[{\"@type\":\"WebPage\",\"@id\":\"https:\/\/elportillodecoracion.es\/tienda\/jarron-blanco-ceramica-con-base-de-8-lados-29cm\/\",\"url\":\"https:\/\/elportillodecoracion.es\/tienda\/jarron-blanco-ceramica-con-base-de-8-lados-29cm\/\",\"name\":\"JARR\u00d3N BLANCO CER\u00c1MICA CON BASE DE 8 LADOS 29cm - El Portillo Decoraci\u00f3n\",\"isPartOf\":{\"@id\":\"https:\/\/elportillodecoracion.es\/#website\"},\"primaryImageOfPage\":{\"@id\":\"https:\/\/elportillodecoracion.es\/tienda\/jarron-blanco-ceramica-con-base-de-8-lados-29cm\/#primaryimage\"},\"image\":{\"@id\":\"https:\/\/elportillodecoracion.es\/tienda\/jarron-blanco-ceramica-con-base-de-8-lados-29cm\/#primaryimage\"},\"thumbnailUrl\":\"https:\/\/elportillodecoracion.es\/wp-content\/uploads\/2023\/02\/01441510-e1676744894626.jpg\",\"datePublished\":\"2023-02-18T17:21:04+00:00\",\"dateModified\":\"2023-11-15T19:57:55+00:00\",\"breadcrumb\":{\"@id\":\"https:\/\/elportillodecoracion.es\/tienda\/jarron-blanco-ceramica-con-base-de-8-lados-29cm\/#breadcrumb\"},\"inLanguage\":\"en-US\",\"potentialAction\":[{\"@type\":\"ReadAction\",\"target\":[\"https:\/\/elportillodecoracion.es\/tienda\/jarron-blanco-ceramica-con-base-de-8-lados-29cm\/\"]}]},{\"@type\":\"ImageObject\",\"inLanguage\":\"en-US\",\"@id\":\"https:\/\/elportillodecoracion.es\/tienda\/jarron-blanco-ceramica-con-base-de-8-lados-29cm\/#primaryimage\",\"url\":\"https:\/\/elportillodecoracion.es\/wp-content\/uploads\/2023\/02\/01441510-e1676744894626.jpg\",\"contentUrl\":\"https:\/\/elportillodecoracion.es\/wp-content\/uploads\/2023\/02\/01441510-e1676744894626.jpg\",\"width\":960,\"height\":1280},{\"@type\":\"BreadcrumbList\",\"@id\":\"https:\/\/elportillodecoracion.es\/tienda\/jarron-blanco-ceramica-con-base-de-8-lados-29cm\/#breadcrumb\",\"itemListElement\":[{\"@type\":\"ListItem\",\"position\":1,\"name\":\"Portada\",\"item\":\"https:\/\/elportillodecoracion.es\/\"},{\"@type\":\"ListItem\",\"position\":2,\"name\":\"Tienda\",\"item\":\"https:\/\/elportillodecoracion.es\/tienda\/\"},{\"@type\":\"ListItem\",\"position\":3,\"name\":\"JARR\u00d3N BLANCO CER\u00c1MICA CON BASE DE 8 LADOS 29cm\"}]},{\"@type\":\"WebSite\",\"@id\":\"https:\/\/elportillodecoracion.es\/#website\",\"url\":\"https:\/\/elportillodecoracion.es\/\",\"name\":\"El Portillo Decoraci\u00f3n\",\"description\":\"Muebles y Decoraci\u00f3n\",\"publisher\":{\"@id\":\"https:\/\/elportillodecoracion.es\/#organization\"},\"potentialAction\":[{\"@type\":\"SearchAction\",\"target\":{\"@type\":\"EntryPoint\",\"urlTemplate\":\"https:\/\/elportillodecoracion.es\/?s={search_term_string}\"},\"query-input\":{\"@type\":\"PropertyValueSpecification\",\"valueRequired\":true,\"valueName\":\"search_term_string\"}}],\"inLanguage\":\"en-US\"},{\"@type\":\"Organization\",\"@id\":\"https:\/\/elportillodecoracion.es\/#organization\",\"name\":\"El Portillo Decoraci\u00f3n\",\"url\":\"https:\/\/elportillodecoracion.es\/\",\"logo\":{\"@type\":\"ImageObject\",\"inLanguage\":\"en-US\",\"@id\":\"https:\/\/elportillodecoracion.es\/#\/schema\/logo\/image\/\",\"url\":\"https:\/\/elportillodecoracion.es\/wp-content\/uploads\/2018\/11\/El-Portillo_logo-300.jpg\",\"contentUrl\":\"https:\/\/elportillodecoracion.es\/wp-content\/uploads\/2018\/11\/El-Portillo_logo-300.jpg\",\"width\":350,\"height\":91,\"caption\":\"El Portillo Decoraci\u00f3n\"},\"image\":{\"@id\":\"https:\/\/elportillodecoracion.es\/#\/schema\/logo\/image\/\"}}]}<\/script>\n<meta property=\"product:price:amount\" content=\"39.90\" \/>\n<meta property=\"product:price:currency\" content=\"EUR\" \/>\n<meta property=\"og:availability\" content=\"out of stock\" \/>\n<meta property=\"product:availability\" content=\"out of stock\" \/>\n<meta property=\"product:retailer_item_id\" content=\"014415\" \/>\n<meta property=\"product:condition\" content=\"new\" \/>\n<!-- \/ Yoast SEO Premium plugin. -->","yoast_head_json":{"title":"JARR\u00d3N BLANCO CER\u00c1MICA CON BASE DE 8 LADOS 29cm - El Portillo Decoraci\u00f3n","robots":{"index":"index","follow":"follow","max-snippet":"max-snippet:-1","max-image-preview":"max-image-preview:large","max-video-preview":"max-video-preview:-1"},"canonical":"https:\/\/elportillodecoracion.es\/tienda\/jarron-blanco-ceramica-con-base-de-8-lados-29cm\/","og_locale":"en_US","og_type":"article","og_title":"JARR\u00d3N BLANCO CER\u00c1MICA CON BASE DE 8 LADOS 29cm","og_url":"https:\/\/elportillodecoracion.es\/tienda\/jarron-blanco-ceramica-con-base-de-8-lados-29cm\/","og_site_name":"El Portillo Decoraci\u00f3n","article_modified_time":"2023-11-15T19:57:55+00:00","og_image":[{"width":960,"height":1280,"url":"https:\/\/elportillodecoracion.es\/wp-content\/uploads\/2023\/02\/01441510-e1676744894626.jpg","type":"image\/jpeg"}],"twitter_card":"summary_large_image","twitter_misc":{"Price":"39,90&euro; IVA inc","Availability":"Out of stock"},"schema":{"@context":"https:\/\/schema.org","@graph":[{"@type":"WebPage","@id":"https:\/\/elportillodecoracion.es\/tienda\/jarron-blanco-ceramica-con-base-de-8-lados-29cm\/","url":"https:\/\/elportillodecoracion.es\/tienda\/jarron-blanco-ceramica-con-base-de-8-lados-29cm\/","name":"JARR\u00d3N BLANCO CER\u00c1MICA CON BASE DE 8 LADOS 29cm - El Portillo Decoraci\u00f3n","isPartOf":{"@id":"https:\/\/elportillodecoracion.es\/#website"},"primaryImageOfPage":{"@id":"https:\/\/elportillodecoracion.es\/tienda\/jarron-blanco-ceramica-con-base-de-8-lados-29cm\/#primaryimage"},"image":{"@id":"https:\/\/elportillodecoracion.es\/tienda\/jarron-blanco-ceramica-con-base-de-8-lados-29cm\/#primaryimage"},"thumbnailUrl":"https:\/\/elportillodecoracion.es\/wp-content\/uploads\/2023\/02\/01441510-e1676744894626.jpg","datePublished":"2023-02-18T17:21:04+00:00","dateModified":"2023-11-15T19:57:55+00:00","breadcrumb":{"@id":"https:\/\/elportillodecoracion.es\/tienda\/jarron-blanco-ceramica-con-base-de-8-lados-29cm\/#breadcrumb"},"inLanguage":"en-US","potentialAction":[{"@type":"ReadAction","target":["https:\/\/elportillodecoracion.es\/tienda\/jarron-blanco-ceramica-con-base-de-8-lados-29cm\/"]}]},{"@type":"ImageObject","inLanguage":"en-US","@id":"https:\/\/elportillodecoracion.es\/tienda\/jarron-blanco-ceramica-con-base-de-8-lados-29cm\/#primaryimage","url":"https:\/\/elportillodecoracion.es\/wp-content\/uploads\/2023\/02\/01441510-e1676744894626.jpg","contentUrl":"https:\/\/elportillodecoracion.es\/wp-content\/uploads\/2023\/02\/01441510-e1676744894626.jpg","width":960,"height":1280},{"@type":"BreadcrumbList","@id":"https:\/\/elportillodecoracion.es\/tienda\/jarron-blanco-ceramica-con-base-de-8-lados-29cm\/#breadcrumb","itemListElement":[{"@type":"ListItem","position":1,"name":"Portada","item":"https:\/\/elportillodecoracion.es\/"},{"@type":"ListItem","position":2,"name":"Tienda","item":"https:\/\/elportillodecoracion.es\/tienda\/"},{"@type":"ListItem","position":3,"name":"JARR\u00d3N BLANCO CER\u00c1MICA CON BASE DE 8 LADOS 29cm"}]},{"@type":"WebSite","@id":"https:\/\/elportillodecoracion.es\/#website","url":"https:\/\/elportillodecoracion.es\/","name":"El Portillo Decoraci\u00f3n","description":"Muebles y Decoraci\u00f3n","publisher":{"@id":"https:\/\/elportillodecoracion.es\/#organization"},"potentialAction":[{"@type":"SearchAction","target":{"@type":"EntryPoint","urlTemplate":"https:\/\/elportillodecoracion.es\/?s={search_term_string}"},"query-input":{"@type":"PropertyValueSpecification","valueRequired":true,"valueName":"search_term_string"}}],"inLanguage":"en-US"},{"@type":"Organization","@id":"https:\/\/elportillodecoracion.es\/#organization","name":"El Portillo Decoraci\u00f3n","url":"https:\/\/elportillodecoracion.es\/","logo":{"@type":"ImageObject","inLanguage":"en-US","@id":"https:\/\/elportillodecoracion.es\/#\/schema\/logo\/image\/","url":"https:\/\/elportillodecoracion.es\/wp-content\/uploads\/2018\/11\/El-Portillo_logo-300.jpg","contentUrl":"https:\/\/elportillodecoracion.es\/wp-content\/uploads\/2018\/11\/El-Portillo_logo-300.jpg","width":350,"height":91,"caption":"El Portillo Decoraci\u00f3n"},"image":{"@id":"https:\/\/elportillodecoracion.es\/#\/schema\/logo\/image\/"}}]},"product_price_amount":"39.90","product_price_currency":"EUR","og_availability":"out of stock","product_availability":"out of stock","product_retailer_item_id":"014415","product_condition":"new"},"_links":{"self":[{"href":"https:\/\/elportillodecoracion.es\/en\/wp-json\/wp\/v2\/product\/16696","targetHints":{"allow":["GET"]}}],"collection":[{"href":"https:\/\/elportillodecoracion.es\/en\/wp-json\/wp\/v2\/product"}],"about":[{"href":"https:\/\/elportillodecoracion.es\/en\/wp-json\/wp\/v2\/types\/product"}],"replies":[{"embeddable":true,"href":"https:\/\/elportillodecoracion.es\/en\/wp-json\/wp\/v2\/comments?post=16696"}],"wp:featuredmedia":[{"embeddable":true,"href":"https:\/\/elportillodecoracion.es\/en\/wp-json\/wp\/v2\/media\/16729"}],"wp:attachment":[{"href":"https:\/\/elportillodecoracion.es\/en\/wp-json\/wp\/v2\/media?parent=16696"}],"wp:term":[{"taxonomy":"product_cat","embeddable":true,"href":"https:\/\/elportillodecoracion.es\/en\/wp-json\/wp\/v2\/product_cat?post=16696"},{"taxonomy":"product_tag","embeddable":true,"href":"https:\/\/elportillodecoracion.es\/en\/wp-json\/wp\/v2\/product_tag?post=16696"}],"curies":[{"name":"wp","href":"https:\/\/api.w.org\/{rel}","templated":true}]}}