{"id":16460,"date":"2022-11-21T20:59:12","date_gmt":"2022-11-21T19:59:12","guid":{"rendered":"https:\/\/elportillodecoracion.es\/?post_type=product&#038;p=16460"},"modified":"2025-01-03T18:59:56","modified_gmt":"2025-01-03T17:59:56","slug":"manta-estampado-print-leopardo-marfil-130x170-cms","status":"publish","type":"product","link":"https:\/\/elportillodecoracion.es\/en\/tienda\/manta-estampado-print-leopardo-marfil-130x170-cms\/","title":{"rendered":"MANTA ESTAMPADO PRINT LEOPARDO MARFIL 130X170 cms."},"content":{"rendered":"<p>A\u00f1ade un toque salvaje a tu hogar con la <b>manta estampado print de leopardo s\u00edmil de piel sint\u00e9tica. <\/b><\/p>\n<p>Suave y c\u00e1lida, esta <strong>manta para sof\u00e1 o para decorar a los pies de tu cama<\/strong> te ayudar\u00e1 a crear un rinc\u00f3n c\u00e1lido y acogedor en tu casa.<\/p>\n<ul class=\"pl-0 list-unstyled\" data-v-0f3d1897=\"\">\n<li data-v-0f3d1897=\"\"><span data-v-0f3d1897=\"\">Medidas (cm): <\/span><span data-v-0f3d1897=\"\">130X170X2<\/span><\/li>\n<li data-v-0f3d1897=\"\">Peso (kg): 1,7 gr<\/li>\n<li data-v-0f3d1897=\"\">Material principal: Poli\u00e9ster<\/li>\n<\/ul>\n","protected":false},"excerpt":{"rendered":"<p>A\u00f1ade un toque salvaje a tu hogar con la manta estampado print de leopardo s\u00edmil de piel sint\u00e9tica. Suave y c\u00e1lida, esta manta para sof\u00e1 o para decorar a los pies de tu cama te ayudar\u00e1 a crear un rinc\u00f3n c\u00e1lido y acogedor en tu casa. Medidas (cm): 130X170X2 Peso (kg): 1,7 gr Material principal: [&hellip;]<\/p>\n","protected":false},"featured_media":16461,"comment_status":"open","ping_status":"closed","template":"","meta":{"_joinchat":[]},"product_cat":[732,741,738],"product_tag":[875],"class_list":{"0":"post-16460","1":"product","2":"type-product","3":"status-publish","4":"has-post-thumbnail","6":"product_cat-animal-print","7":"product_cat-blankets","8":"product_cat-textile","9":"product_tag-polyester","11":"first","12":"instock","13":"taxable","14":"shipping-taxable","15":"purchasable","16":"product-type-simple"},"yoast_head":"<!-- This site is optimized with the Yoast SEO Premium plugin v23.0 (Yoast SEO v25.6) - https:\/\/yoast.com\/wordpress\/plugins\/seo\/ -->\n<title>MANTA ESTAMPADO PRINT LEOPARDO MARFIL 130X170 cms. - El Portillo Decoraci\u00f3n<\/title>\n<meta name=\"robots\" content=\"index, follow, max-snippet:-1, max-image-preview:large, max-video-preview:-1\" \/>\n<link rel=\"canonical\" href=\"https:\/\/elportillodecoracion.es\/tienda\/manta-estampado-print-leopardo-marfil-130x170-cms\/\" \/>\n<meta property=\"og:locale\" content=\"en_US\" \/>\n<meta property=\"og:type\" content=\"article\" \/>\n<meta property=\"og:title\" content=\"MANTA ESTAMPADO PRINT LEOPARDO MARFIL 130X170 cms.\" \/>\n<meta property=\"og:url\" content=\"https:\/\/elportillodecoracion.es\/tienda\/manta-estampado-print-leopardo-marfil-130x170-cms\/\" \/>\n<meta property=\"og:site_name\" content=\"El Portillo Decoraci\u00f3n\" \/>\n<meta property=\"article:modified_time\" content=\"2025-01-03T17:59:56+00:00\" \/>\n<meta property=\"og:image\" content=\"https:\/\/elportillodecoracion.es\/wp-content\/uploads\/2022\/11\/manta-salvaje.jpg\" \/>\n\t<meta property=\"og:image:width\" content=\"700\" \/>\n\t<meta property=\"og:image:height\" content=\"467\" \/>\n\t<meta property=\"og:image:type\" content=\"image\/jpeg\" \/>\n<meta name=\"twitter:card\" content=\"summary_large_image\" \/>\n<meta name=\"twitter:label1\" content=\"Price\" \/>\n\t<meta name=\"twitter:data1\" content=\"45,90&euro; IVA inc\" \/>\n\t<meta name=\"twitter:label2\" content=\"Availability\" \/>\n\t<meta name=\"twitter:data2\" content=\"In stock\" \/>\n<script type=\"application\/ld+json\" class=\"yoast-schema-graph\">{\"@context\":\"https:\/\/schema.org\",\"@graph\":[{\"@type\":\"WebPage\",\"@id\":\"https:\/\/elportillodecoracion.es\/tienda\/manta-estampado-print-leopardo-marfil-130x170-cms\/\",\"url\":\"https:\/\/elportillodecoracion.es\/tienda\/manta-estampado-print-leopardo-marfil-130x170-cms\/\",\"name\":\"MANTA ESTAMPADO PRINT LEOPARDO MARFIL 130X170 cms. - El Portillo Decoraci\u00f3n\",\"isPartOf\":{\"@id\":\"https:\/\/elportillodecoracion.es\/#website\"},\"primaryImageOfPage\":{\"@id\":\"https:\/\/elportillodecoracion.es\/tienda\/manta-estampado-print-leopardo-marfil-130x170-cms\/#primaryimage\"},\"image\":{\"@id\":\"https:\/\/elportillodecoracion.es\/tienda\/manta-estampado-print-leopardo-marfil-130x170-cms\/#primaryimage\"},\"thumbnailUrl\":\"https:\/\/elportillodecoracion.es\/wp-content\/uploads\/2022\/11\/manta-salvaje.jpg\",\"datePublished\":\"2022-11-21T19:59:12+00:00\",\"dateModified\":\"2025-01-03T17:59:56+00:00\",\"breadcrumb\":{\"@id\":\"https:\/\/elportillodecoracion.es\/tienda\/manta-estampado-print-leopardo-marfil-130x170-cms\/#breadcrumb\"},\"inLanguage\":\"en-US\",\"potentialAction\":[{\"@type\":\"ReadAction\",\"target\":[\"https:\/\/elportillodecoracion.es\/tienda\/manta-estampado-print-leopardo-marfil-130x170-cms\/\"]}]},{\"@type\":\"ImageObject\",\"inLanguage\":\"en-US\",\"@id\":\"https:\/\/elportillodecoracion.es\/tienda\/manta-estampado-print-leopardo-marfil-130x170-cms\/#primaryimage\",\"url\":\"https:\/\/elportillodecoracion.es\/wp-content\/uploads\/2022\/11\/manta-salvaje.jpg\",\"contentUrl\":\"https:\/\/elportillodecoracion.es\/wp-content\/uploads\/2022\/11\/manta-salvaje.jpg\",\"width\":700,\"height\":467},{\"@type\":\"BreadcrumbList\",\"@id\":\"https:\/\/elportillodecoracion.es\/tienda\/manta-estampado-print-leopardo-marfil-130x170-cms\/#breadcrumb\",\"itemListElement\":[{\"@type\":\"ListItem\",\"position\":1,\"name\":\"Portada\",\"item\":\"https:\/\/elportillodecoracion.es\/\"},{\"@type\":\"ListItem\",\"position\":2,\"name\":\"Tienda\",\"item\":\"https:\/\/elportillodecoracion.es\/tienda\/\"},{\"@type\":\"ListItem\",\"position\":3,\"name\":\"MANTA ESTAMPADO PRINT LEOPARDO MARFIL 130X170 cms.\"}]},{\"@type\":\"WebSite\",\"@id\":\"https:\/\/elportillodecoracion.es\/#website\",\"url\":\"https:\/\/elportillodecoracion.es\/\",\"name\":\"El Portillo Decoraci\u00f3n\",\"description\":\"Muebles y Decoraci\u00f3n\",\"publisher\":{\"@id\":\"https:\/\/elportillodecoracion.es\/#organization\"},\"potentialAction\":[{\"@type\":\"SearchAction\",\"target\":{\"@type\":\"EntryPoint\",\"urlTemplate\":\"https:\/\/elportillodecoracion.es\/?s={search_term_string}\"},\"query-input\":{\"@type\":\"PropertyValueSpecification\",\"valueRequired\":true,\"valueName\":\"search_term_string\"}}],\"inLanguage\":\"en-US\"},{\"@type\":\"Organization\",\"@id\":\"https:\/\/elportillodecoracion.es\/#organization\",\"name\":\"El Portillo Decoraci\u00f3n\",\"url\":\"https:\/\/elportillodecoracion.es\/\",\"logo\":{\"@type\":\"ImageObject\",\"inLanguage\":\"en-US\",\"@id\":\"https:\/\/elportillodecoracion.es\/#\/schema\/logo\/image\/\",\"url\":\"https:\/\/elportillodecoracion.es\/wp-content\/uploads\/2018\/11\/El-Portillo_logo-300.jpg\",\"contentUrl\":\"https:\/\/elportillodecoracion.es\/wp-content\/uploads\/2018\/11\/El-Portillo_logo-300.jpg\",\"width\":350,\"height\":91,\"caption\":\"El Portillo Decoraci\u00f3n\"},\"image\":{\"@id\":\"https:\/\/elportillodecoracion.es\/#\/schema\/logo\/image\/\"}}]}<\/script>\n<meta property=\"product:price:amount\" content=\"45.90\" \/>\n<meta property=\"product:price:currency\" content=\"EUR\" \/>\n<meta property=\"og:availability\" content=\"instock\" \/>\n<meta property=\"product:availability\" content=\"instock\" \/>\n<meta property=\"product:retailer_item_id\" content=\"186040\" \/>\n<meta property=\"product:condition\" content=\"new\" \/>\n<!-- \/ Yoast SEO Premium plugin. -->","yoast_head_json":{"title":"MANTA ESTAMPADO PRINT LEOPARDO MARFIL 130X170 cms. - El Portillo Decoraci\u00f3n","robots":{"index":"index","follow":"follow","max-snippet":"max-snippet:-1","max-image-preview":"max-image-preview:large","max-video-preview":"max-video-preview:-1"},"canonical":"https:\/\/elportillodecoracion.es\/tienda\/manta-estampado-print-leopardo-marfil-130x170-cms\/","og_locale":"en_US","og_type":"article","og_title":"MANTA ESTAMPADO PRINT LEOPARDO MARFIL 130X170 cms.","og_url":"https:\/\/elportillodecoracion.es\/tienda\/manta-estampado-print-leopardo-marfil-130x170-cms\/","og_site_name":"El Portillo Decoraci\u00f3n","article_modified_time":"2025-01-03T17:59:56+00:00","og_image":[{"width":700,"height":467,"url":"https:\/\/elportillodecoracion.es\/wp-content\/uploads\/2022\/11\/manta-salvaje.jpg","type":"image\/jpeg"}],"twitter_card":"summary_large_image","twitter_misc":{"Price":"45,90&euro; IVA inc","Availability":"In stock"},"schema":{"@context":"https:\/\/schema.org","@graph":[{"@type":"WebPage","@id":"https:\/\/elportillodecoracion.es\/tienda\/manta-estampado-print-leopardo-marfil-130x170-cms\/","url":"https:\/\/elportillodecoracion.es\/tienda\/manta-estampado-print-leopardo-marfil-130x170-cms\/","name":"MANTA ESTAMPADO PRINT LEOPARDO MARFIL 130X170 cms. - El Portillo Decoraci\u00f3n","isPartOf":{"@id":"https:\/\/elportillodecoracion.es\/#website"},"primaryImageOfPage":{"@id":"https:\/\/elportillodecoracion.es\/tienda\/manta-estampado-print-leopardo-marfil-130x170-cms\/#primaryimage"},"image":{"@id":"https:\/\/elportillodecoracion.es\/tienda\/manta-estampado-print-leopardo-marfil-130x170-cms\/#primaryimage"},"thumbnailUrl":"https:\/\/elportillodecoracion.es\/wp-content\/uploads\/2022\/11\/manta-salvaje.jpg","datePublished":"2022-11-21T19:59:12+00:00","dateModified":"2025-01-03T17:59:56+00:00","breadcrumb":{"@id":"https:\/\/elportillodecoracion.es\/tienda\/manta-estampado-print-leopardo-marfil-130x170-cms\/#breadcrumb"},"inLanguage":"en-US","potentialAction":[{"@type":"ReadAction","target":["https:\/\/elportillodecoracion.es\/tienda\/manta-estampado-print-leopardo-marfil-130x170-cms\/"]}]},{"@type":"ImageObject","inLanguage":"en-US","@id":"https:\/\/elportillodecoracion.es\/tienda\/manta-estampado-print-leopardo-marfil-130x170-cms\/#primaryimage","url":"https:\/\/elportillodecoracion.es\/wp-content\/uploads\/2022\/11\/manta-salvaje.jpg","contentUrl":"https:\/\/elportillodecoracion.es\/wp-content\/uploads\/2022\/11\/manta-salvaje.jpg","width":700,"height":467},{"@type":"BreadcrumbList","@id":"https:\/\/elportillodecoracion.es\/tienda\/manta-estampado-print-leopardo-marfil-130x170-cms\/#breadcrumb","itemListElement":[{"@type":"ListItem","position":1,"name":"Portada","item":"https:\/\/elportillodecoracion.es\/"},{"@type":"ListItem","position":2,"name":"Tienda","item":"https:\/\/elportillodecoracion.es\/tienda\/"},{"@type":"ListItem","position":3,"name":"MANTA ESTAMPADO PRINT LEOPARDO MARFIL 130X170 cms."}]},{"@type":"WebSite","@id":"https:\/\/elportillodecoracion.es\/#website","url":"https:\/\/elportillodecoracion.es\/","name":"El Portillo Decoraci\u00f3n","description":"Muebles y Decoraci\u00f3n","publisher":{"@id":"https:\/\/elportillodecoracion.es\/#organization"},"potentialAction":[{"@type":"SearchAction","target":{"@type":"EntryPoint","urlTemplate":"https:\/\/elportillodecoracion.es\/?s={search_term_string}"},"query-input":{"@type":"PropertyValueSpecification","valueRequired":true,"valueName":"search_term_string"}}],"inLanguage":"en-US"},{"@type":"Organization","@id":"https:\/\/elportillodecoracion.es\/#organization","name":"El Portillo Decoraci\u00f3n","url":"https:\/\/elportillodecoracion.es\/","logo":{"@type":"ImageObject","inLanguage":"en-US","@id":"https:\/\/elportillodecoracion.es\/#\/schema\/logo\/image\/","url":"https:\/\/elportillodecoracion.es\/wp-content\/uploads\/2018\/11\/El-Portillo_logo-300.jpg","contentUrl":"https:\/\/elportillodecoracion.es\/wp-content\/uploads\/2018\/11\/El-Portillo_logo-300.jpg","width":350,"height":91,"caption":"El Portillo Decoraci\u00f3n"},"image":{"@id":"https:\/\/elportillodecoracion.es\/#\/schema\/logo\/image\/"}}]},"product_price_amount":"45.90","product_price_currency":"EUR","og_availability":"instock","product_availability":"instock","product_retailer_item_id":"186040","product_condition":"new"},"_links":{"self":[{"href":"https:\/\/elportillodecoracion.es\/en\/wp-json\/wp\/v2\/product\/16460","targetHints":{"allow":["GET"]}}],"collection":[{"href":"https:\/\/elportillodecoracion.es\/en\/wp-json\/wp\/v2\/product"}],"about":[{"href":"https:\/\/elportillodecoracion.es\/en\/wp-json\/wp\/v2\/types\/product"}],"replies":[{"embeddable":true,"href":"https:\/\/elportillodecoracion.es\/en\/wp-json\/wp\/v2\/comments?post=16460"}],"wp:featuredmedia":[{"embeddable":true,"href":"https:\/\/elportillodecoracion.es\/en\/wp-json\/wp\/v2\/media\/16461"}],"wp:attachment":[{"href":"https:\/\/elportillodecoracion.es\/en\/wp-json\/wp\/v2\/media?parent=16460"}],"wp:term":[{"taxonomy":"product_cat","embeddable":true,"href":"https:\/\/elportillodecoracion.es\/en\/wp-json\/wp\/v2\/product_cat?post=16460"},{"taxonomy":"product_tag","embeddable":true,"href":"https:\/\/elportillodecoracion.es\/en\/wp-json\/wp\/v2\/product_tag?post=16460"}],"curies":[{"name":"wp","href":"https:\/\/api.w.org\/{rel}","templated":true}]}}