{"id":16183,"date":"2024-09-04T11:35:14","date_gmt":"2024-09-04T09:35:14","guid":{"rendered":"https:\/\/elportillodecoracion.es\/?post_type=product&#038;p=16183"},"modified":"2025-04-23T13:40:26","modified_gmt":"2025-04-23T11:40:26","slug":"cojin-de-tigre-con-gafas-reversible-45cms","status":"publish","type":"product","link":"https:\/\/elportillodecoracion.es\/en\/tienda\/cojin-de-tigre-con-gafas-reversible-45cms\/","title":{"rendered":"COJIN DE TIGRE CON GAFAS REVERSIBLE 45cms"},"content":{"rendered":"","protected":false},"excerpt":{"rendered":"<p>Esta coj\u00edn es una maravilla en estampado de tigre y le\u00f3n con gafas Fashions, la trasera en colores zig zag para combinarlos entre s\u00ed, es el accesorio decorativo perfecto para conseguir confort y tendencia en toda tu casa. \u00a0Renueva tu decoraci\u00f3n con estas im\u00e1genes salvajemente divertidas, nuestros <strong>cojines<\/strong> \u00a0de El Portillo decoraci\u00f3n hacen que te encante tu casa\u00a0 y ofrecen m\u00faltiples opciones de formas, colores y estilos.<\/p>\n<p><strong>Material:<\/strong> terciopelo<\/p>\n<p><strong>Medidas:<\/strong> 45&#215;45 cm<\/p>\n<p><strong>Contiene Relleno:<\/strong> 100% poli\u00e9ster &#8211; 350gr.<\/p>\n<p>Cierre con cremallera &#8211; envasados al vac\u00edo.<\/p>\n<p><strong>Instrucciones de lavado:<\/strong> * lavar a mano, m\u00e1ximo 30\u00baC * planchar a temperatura media de 110\u00baC * no utilizar secadora * no lej\u00eda * no limpiar enseco.<\/p>\n","protected":false},"featured_media":16185,"comment_status":"open","ping_status":"closed","template":"","meta":{"_joinchat":[]},"product_cat":[732,740,738,985],"product_tag":[875,845],"class_list":{"0":"post-16183","1":"product","2":"type-product","3":"status-publish","4":"has-post-thumbnail","6":"product_cat-animal-print","7":"product_cat-cushions","8":"product_cat-textile","9":"product_cat-top-ventas","10":"product_tag-polyester","11":"product_tag-terciopelo","13":"first","14":"instock","15":"taxable","16":"shipping-taxable","17":"purchasable","18":"product-type-simple"},"yoast_head":"<!-- This site is optimized with the Yoast SEO Premium plugin v23.0 (Yoast SEO v25.6) - https:\/\/yoast.com\/wordpress\/plugins\/seo\/ -->\n<title>COJIN DE TIGRE CON GAFAS REVERSIBLE 45cms - El Portillo Decoraci\u00f3n<\/title>\n<meta name=\"description\" content=\"Esta coj\u00edn es una maravilla en estampado de tigre y le\u00f3n con gafas Fashions, la trasera en colores zig zag para combinarlos entre s\u00ed, es el accesorio decorativo perfecto para conseguir confort y tendencia en toda tu casa. \u00a0Renueva tu decoraci\u00f3n con estas im\u00e1genes salvajemente divertidas, nuestros cojines \u00a0de El Portillo decoraci\u00f3n hacen que te encante tu casa\u00a0 y ofrecen m\u00faltiples opciones de formas, colores y estilos.  Material: terciopelo  Medidas: 45x45 cm  Contiene Relleno: 100% poli\u00e9ster - 350gr.  Cierre con cremallera - envasados al vac\u00edo.  Instrucciones de lavado: * lavar a mano, m\u00e1ximo 30\u00baC * planchar a temperatura media de 110\u00baC * no utilizar secadora * no lej\u00eda * no limpiar enseco.\" \/>\n<meta name=\"robots\" content=\"index, follow, max-snippet:-1, max-image-preview:large, max-video-preview:-1\" \/>\n<link rel=\"canonical\" href=\"https:\/\/elportillodecoracion.es\/tienda\/cojin-de-tigre-con-gafas-reversible-45cms\/\" \/>\n<meta property=\"og:locale\" content=\"en_US\" \/>\n<meta property=\"og:type\" content=\"article\" \/>\n<meta property=\"og:title\" content=\"COJIN DE TIGRE CON GAFAS REVERSIBLE 45cms\" \/>\n<meta property=\"og:description\" content=\"Esta coj\u00edn es una maravilla en estampado de tigre y le\u00f3n con gafas Fashions, la trasera en colores zig zag para combinarlos entre s\u00ed, es el accesorio decorativo perfecto para conseguir confort y tendencia en toda tu casa. \u00a0Renueva tu decoraci\u00f3n con estas im\u00e1genes salvajemente divertidas, nuestros cojines \u00a0de El Portillo decoraci\u00f3n hacen que te encante tu casa\u00a0 y ofrecen m\u00faltiples opciones de formas, colores y estilos.  Material: terciopelo  Medidas: 45x45 cm  Contiene Relleno: 100% poli\u00e9ster - 350gr.  Cierre con cremallera - envasados al vac\u00edo.  Instrucciones de lavado: * lavar a mano, m\u00e1ximo 30\u00baC * planchar a temperatura media de 110\u00baC * no utilizar secadora * no lej\u00eda * no limpiar enseco.\" \/>\n<meta property=\"og:url\" content=\"https:\/\/elportillodecoracion.es\/tienda\/cojin-de-tigre-con-gafas-reversible-45cms\/\" \/>\n<meta property=\"og:site_name\" content=\"El Portillo Decoraci\u00f3n\" \/>\n<meta property=\"article:modified_time\" content=\"2025-04-23T11:40:26+00:00\" \/>\n<meta property=\"og:image\" content=\"https:\/\/elportillodecoracion.es\/wp-content\/uploads\/2022\/11\/cojin-tigre.jpg\" \/>\n\t<meta property=\"og:image:width\" content=\"1920\" \/>\n\t<meta property=\"og:image:height\" content=\"1280\" \/>\n\t<meta property=\"og:image:type\" content=\"image\/jpeg\" \/>\n<meta name=\"twitter:card\" content=\"summary_large_image\" \/>\n<meta name=\"twitter:label1\" content=\"Price\" \/>\n\t<meta name=\"twitter:data1\" content=\"34,90&euro; IVA inc\" \/>\n\t<meta name=\"twitter:label2\" content=\"Availability\" \/>\n\t<meta name=\"twitter:data2\" content=\"In stock\" \/>\n<script type=\"application\/ld+json\" class=\"yoast-schema-graph\">{\"@context\":\"https:\/\/schema.org\",\"@graph\":[{\"@type\":\"WebPage\",\"@id\":\"https:\/\/elportillodecoracion.es\/tienda\/cojin-de-tigre-con-gafas-reversible-45cms\/\",\"url\":\"https:\/\/elportillodecoracion.es\/tienda\/cojin-de-tigre-con-gafas-reversible-45cms\/\",\"name\":\"COJIN DE TIGRE CON GAFAS REVERSIBLE 45cms - El Portillo Decoraci\u00f3n\",\"isPartOf\":{\"@id\":\"https:\/\/elportillodecoracion.es\/#website\"},\"primaryImageOfPage\":{\"@id\":\"https:\/\/elportillodecoracion.es\/tienda\/cojin-de-tigre-con-gafas-reversible-45cms\/#primaryimage\"},\"image\":{\"@id\":\"https:\/\/elportillodecoracion.es\/tienda\/cojin-de-tigre-con-gafas-reversible-45cms\/#primaryimage\"},\"thumbnailUrl\":\"https:\/\/elportillodecoracion.es\/wp-content\/uploads\/2022\/11\/cojin-tigre.jpg\",\"datePublished\":\"2024-09-04T09:35:14+00:00\",\"dateModified\":\"2025-04-23T11:40:26+00:00\",\"description\":\"Esta coj\u00edn es una maravilla en estampado de tigre y le\u00f3n con gafas Fashions, la trasera en colores zig zag para combinarlos entre s\u00ed, es el accesorio decorativo perfecto para conseguir confort y tendencia en toda tu casa. \u00a0Renueva tu decoraci\u00f3n con estas im\u00e1genes salvajemente divertidas, nuestros cojines \u00a0de El Portillo decoraci\u00f3n hacen que te encante tu casa\u00a0 y ofrecen m\u00faltiples opciones de formas, colores y estilos. Material: terciopelo Medidas: 45x45 cm Contiene Relleno: 100% poli\u00e9ster - 350gr. Cierre con cremallera - envasados al vac\u00edo. Instrucciones de lavado: * lavar a mano, m\u00e1ximo 30\u00baC * planchar a temperatura media de 110\u00baC * no utilizar secadora * no lej\u00eda * no limpiar enseco.\",\"breadcrumb\":{\"@id\":\"https:\/\/elportillodecoracion.es\/tienda\/cojin-de-tigre-con-gafas-reversible-45cms\/#breadcrumb\"},\"inLanguage\":\"en-US\",\"potentialAction\":[{\"@type\":\"ReadAction\",\"target\":[\"https:\/\/elportillodecoracion.es\/tienda\/cojin-de-tigre-con-gafas-reversible-45cms\/\"]}]},{\"@type\":\"ImageObject\",\"inLanguage\":\"en-US\",\"@id\":\"https:\/\/elportillodecoracion.es\/tienda\/cojin-de-tigre-con-gafas-reversible-45cms\/#primaryimage\",\"url\":\"https:\/\/elportillodecoracion.es\/wp-content\/uploads\/2022\/11\/cojin-tigre.jpg\",\"contentUrl\":\"https:\/\/elportillodecoracion.es\/wp-content\/uploads\/2022\/11\/cojin-tigre.jpg\",\"width\":1920,\"height\":1280},{\"@type\":\"BreadcrumbList\",\"@id\":\"https:\/\/elportillodecoracion.es\/tienda\/cojin-de-tigre-con-gafas-reversible-45cms\/#breadcrumb\",\"itemListElement\":[{\"@type\":\"ListItem\",\"position\":1,\"name\":\"Portada\",\"item\":\"https:\/\/elportillodecoracion.es\/\"},{\"@type\":\"ListItem\",\"position\":2,\"name\":\"Tienda\",\"item\":\"https:\/\/elportillodecoracion.es\/tienda\/\"},{\"@type\":\"ListItem\",\"position\":3,\"name\":\"COJIN DE TIGRE CON GAFAS REVERSIBLE 45cms\"}]},{\"@type\":\"WebSite\",\"@id\":\"https:\/\/elportillodecoracion.es\/#website\",\"url\":\"https:\/\/elportillodecoracion.es\/\",\"name\":\"El Portillo Decoraci\u00f3n\",\"description\":\"Muebles y Decoraci\u00f3n\",\"publisher\":{\"@id\":\"https:\/\/elportillodecoracion.es\/#organization\"},\"potentialAction\":[{\"@type\":\"SearchAction\",\"target\":{\"@type\":\"EntryPoint\",\"urlTemplate\":\"https:\/\/elportillodecoracion.es\/?s={search_term_string}\"},\"query-input\":{\"@type\":\"PropertyValueSpecification\",\"valueRequired\":true,\"valueName\":\"search_term_string\"}}],\"inLanguage\":\"en-US\"},{\"@type\":\"Organization\",\"@id\":\"https:\/\/elportillodecoracion.es\/#organization\",\"name\":\"El Portillo Decoraci\u00f3n\",\"url\":\"https:\/\/elportillodecoracion.es\/\",\"logo\":{\"@type\":\"ImageObject\",\"inLanguage\":\"en-US\",\"@id\":\"https:\/\/elportillodecoracion.es\/#\/schema\/logo\/image\/\",\"url\":\"https:\/\/elportillodecoracion.es\/wp-content\/uploads\/2018\/11\/El-Portillo_logo-300.jpg\",\"contentUrl\":\"https:\/\/elportillodecoracion.es\/wp-content\/uploads\/2018\/11\/El-Portillo_logo-300.jpg\",\"width\":350,\"height\":91,\"caption\":\"El Portillo Decoraci\u00f3n\"},\"image\":{\"@id\":\"https:\/\/elportillodecoracion.es\/#\/schema\/logo\/image\/\"}}]}<\/script>\n<meta property=\"product:price:amount\" content=\"34.90\" \/>\n<meta property=\"product:price:currency\" content=\"EUR\" \/>\n<meta property=\"og:availability\" content=\"instock\" \/>\n<meta property=\"product:availability\" content=\"instock\" \/>\n<meta property=\"product:retailer_item_id\" content=\"67859\" \/>\n<meta property=\"product:condition\" content=\"new\" \/>\n<!-- \/ Yoast SEO Premium plugin. -->","yoast_head_json":{"title":"COJIN DE TIGRE CON GAFAS REVERSIBLE 45cms - El Portillo Decoraci\u00f3n","description":"Esta coj\u00edn es una maravilla en estampado de tigre y le\u00f3n con gafas Fashions, la trasera en colores zig zag para combinarlos entre s\u00ed, es el accesorio decorativo perfecto para conseguir confort y tendencia en toda tu casa. \u00a0Renueva tu decoraci\u00f3n con estas im\u00e1genes salvajemente divertidas, nuestros cojines \u00a0de El Portillo decoraci\u00f3n hacen que te encante tu casa\u00a0 y ofrecen m\u00faltiples opciones de formas, colores y estilos.  Material: terciopelo  Medidas: 45x45 cm  Contiene Relleno: 100% poli\u00e9ster - 350gr.  Cierre con cremallera - envasados al vac\u00edo.  Instrucciones de lavado: * lavar a mano, m\u00e1ximo 30\u00baC * planchar a temperatura media de 110\u00baC * no utilizar secadora * no lej\u00eda * no limpiar enseco.","robots":{"index":"index","follow":"follow","max-snippet":"max-snippet:-1","max-image-preview":"max-image-preview:large","max-video-preview":"max-video-preview:-1"},"canonical":"https:\/\/elportillodecoracion.es\/tienda\/cojin-de-tigre-con-gafas-reversible-45cms\/","og_locale":"en_US","og_type":"article","og_title":"COJIN DE TIGRE CON GAFAS REVERSIBLE 45cms","og_description":"Esta coj\u00edn es una maravilla en estampado de tigre y le\u00f3n con gafas Fashions, la trasera en colores zig zag para combinarlos entre s\u00ed, es el accesorio decorativo perfecto para conseguir confort y tendencia en toda tu casa. \u00a0Renueva tu decoraci\u00f3n con estas im\u00e1genes salvajemente divertidas, nuestros cojines \u00a0de El Portillo decoraci\u00f3n hacen que te encante tu casa\u00a0 y ofrecen m\u00faltiples opciones de formas, colores y estilos.  Material: terciopelo  Medidas: 45x45 cm  Contiene Relleno: 100% poli\u00e9ster - 350gr.  Cierre con cremallera - envasados al vac\u00edo.  Instrucciones de lavado: * lavar a mano, m\u00e1ximo 30\u00baC * planchar a temperatura media de 110\u00baC * no utilizar secadora * no lej\u00eda * no limpiar enseco.","og_url":"https:\/\/elportillodecoracion.es\/tienda\/cojin-de-tigre-con-gafas-reversible-45cms\/","og_site_name":"El Portillo Decoraci\u00f3n","article_modified_time":"2025-04-23T11:40:26+00:00","og_image":[{"width":1920,"height":1280,"url":"https:\/\/elportillodecoracion.es\/wp-content\/uploads\/2022\/11\/cojin-tigre.jpg","type":"image\/jpeg"}],"twitter_card":"summary_large_image","twitter_misc":{"Price":"34,90&euro; IVA inc","Availability":"In stock"},"schema":{"@context":"https:\/\/schema.org","@graph":[{"@type":"WebPage","@id":"https:\/\/elportillodecoracion.es\/tienda\/cojin-de-tigre-con-gafas-reversible-45cms\/","url":"https:\/\/elportillodecoracion.es\/tienda\/cojin-de-tigre-con-gafas-reversible-45cms\/","name":"COJIN DE TIGRE CON GAFAS REVERSIBLE 45cms - El Portillo Decoraci\u00f3n","isPartOf":{"@id":"https:\/\/elportillodecoracion.es\/#website"},"primaryImageOfPage":{"@id":"https:\/\/elportillodecoracion.es\/tienda\/cojin-de-tigre-con-gafas-reversible-45cms\/#primaryimage"},"image":{"@id":"https:\/\/elportillodecoracion.es\/tienda\/cojin-de-tigre-con-gafas-reversible-45cms\/#primaryimage"},"thumbnailUrl":"https:\/\/elportillodecoracion.es\/wp-content\/uploads\/2022\/11\/cojin-tigre.jpg","datePublished":"2024-09-04T09:35:14+00:00","dateModified":"2025-04-23T11:40:26+00:00","description":"Esta coj\u00edn es una maravilla en estampado de tigre y le\u00f3n con gafas Fashions, la trasera en colores zig zag para combinarlos entre s\u00ed, es el accesorio decorativo perfecto para conseguir confort y tendencia en toda tu casa. \u00a0Renueva tu decoraci\u00f3n con estas im\u00e1genes salvajemente divertidas, nuestros cojines \u00a0de El Portillo decoraci\u00f3n hacen que te encante tu casa\u00a0 y ofrecen m\u00faltiples opciones de formas, colores y estilos. Material: terciopelo Medidas: 45x45 cm Contiene Relleno: 100% poli\u00e9ster - 350gr. Cierre con cremallera - envasados al vac\u00edo. Instrucciones de lavado: * lavar a mano, m\u00e1ximo 30\u00baC * planchar a temperatura media de 110\u00baC * no utilizar secadora * no lej\u00eda * no limpiar enseco.","breadcrumb":{"@id":"https:\/\/elportillodecoracion.es\/tienda\/cojin-de-tigre-con-gafas-reversible-45cms\/#breadcrumb"},"inLanguage":"en-US","potentialAction":[{"@type":"ReadAction","target":["https:\/\/elportillodecoracion.es\/tienda\/cojin-de-tigre-con-gafas-reversible-45cms\/"]}]},{"@type":"ImageObject","inLanguage":"en-US","@id":"https:\/\/elportillodecoracion.es\/tienda\/cojin-de-tigre-con-gafas-reversible-45cms\/#primaryimage","url":"https:\/\/elportillodecoracion.es\/wp-content\/uploads\/2022\/11\/cojin-tigre.jpg","contentUrl":"https:\/\/elportillodecoracion.es\/wp-content\/uploads\/2022\/11\/cojin-tigre.jpg","width":1920,"height":1280},{"@type":"BreadcrumbList","@id":"https:\/\/elportillodecoracion.es\/tienda\/cojin-de-tigre-con-gafas-reversible-45cms\/#breadcrumb","itemListElement":[{"@type":"ListItem","position":1,"name":"Portada","item":"https:\/\/elportillodecoracion.es\/"},{"@type":"ListItem","position":2,"name":"Tienda","item":"https:\/\/elportillodecoracion.es\/tienda\/"},{"@type":"ListItem","position":3,"name":"COJIN DE TIGRE CON GAFAS REVERSIBLE 45cms"}]},{"@type":"WebSite","@id":"https:\/\/elportillodecoracion.es\/#website","url":"https:\/\/elportillodecoracion.es\/","name":"El Portillo Decoraci\u00f3n","description":"Muebles y Decoraci\u00f3n","publisher":{"@id":"https:\/\/elportillodecoracion.es\/#organization"},"potentialAction":[{"@type":"SearchAction","target":{"@type":"EntryPoint","urlTemplate":"https:\/\/elportillodecoracion.es\/?s={search_term_string}"},"query-input":{"@type":"PropertyValueSpecification","valueRequired":true,"valueName":"search_term_string"}}],"inLanguage":"en-US"},{"@type":"Organization","@id":"https:\/\/elportillodecoracion.es\/#organization","name":"El Portillo Decoraci\u00f3n","url":"https:\/\/elportillodecoracion.es\/","logo":{"@type":"ImageObject","inLanguage":"en-US","@id":"https:\/\/elportillodecoracion.es\/#\/schema\/logo\/image\/","url":"https:\/\/elportillodecoracion.es\/wp-content\/uploads\/2018\/11\/El-Portillo_logo-300.jpg","contentUrl":"https:\/\/elportillodecoracion.es\/wp-content\/uploads\/2018\/11\/El-Portillo_logo-300.jpg","width":350,"height":91,"caption":"El Portillo Decoraci\u00f3n"},"image":{"@id":"https:\/\/elportillodecoracion.es\/#\/schema\/logo\/image\/"}}]},"product_price_amount":"34.90","product_price_currency":"EUR","og_availability":"instock","product_availability":"instock","product_retailer_item_id":"67859","product_condition":"new"},"_links":{"self":[{"href":"https:\/\/elportillodecoracion.es\/en\/wp-json\/wp\/v2\/product\/16183","targetHints":{"allow":["GET"]}}],"collection":[{"href":"https:\/\/elportillodecoracion.es\/en\/wp-json\/wp\/v2\/product"}],"about":[{"href":"https:\/\/elportillodecoracion.es\/en\/wp-json\/wp\/v2\/types\/product"}],"replies":[{"embeddable":true,"href":"https:\/\/elportillodecoracion.es\/en\/wp-json\/wp\/v2\/comments?post=16183"}],"wp:featuredmedia":[{"embeddable":true,"href":"https:\/\/elportillodecoracion.es\/en\/wp-json\/wp\/v2\/media\/16185"}],"wp:attachment":[{"href":"https:\/\/elportillodecoracion.es\/en\/wp-json\/wp\/v2\/media?parent=16183"}],"wp:term":[{"taxonomy":"product_cat","embeddable":true,"href":"https:\/\/elportillodecoracion.es\/en\/wp-json\/wp\/v2\/product_cat?post=16183"},{"taxonomy":"product_tag","embeddable":true,"href":"https:\/\/elportillodecoracion.es\/en\/wp-json\/wp\/v2\/product_tag?post=16183"}],"curies":[{"name":"wp","href":"https:\/\/api.w.org\/{rel}","templated":true}]}}