{"id":15982,"date":"2022-08-12T19:59:56","date_gmt":"2022-08-12T17:59:56","guid":{"rendered":"https:\/\/elportillodecoracion.es\/?post_type=product&#038;p=15982"},"modified":"2024-04-16T13:44:23","modified_gmt":"2024-04-16T11:44:23","slug":"lampara-de-sobremesa-pantalla-blanca-42x42x70","status":"publish","type":"product","link":"https:\/\/elportillodecoracion.es\/en\/tienda\/lampara-de-sobremesa-pantalla-blanca-42x42x70\/","title":{"rendered":"LAMPARA DE SOBREMESA PANTALLA BLANCA 42x42x70"},"content":{"rendered":"","protected":false},"excerpt":{"rendered":"<p>L\u00e1mpara de sobremesa con una \u00e9tnica base de cemento pintado a mano y pantalla de lino blanco, unido mediante una elegante estructura de metal.<\/p>\n<p>la Bonita base cer\u00e1mica hecha a mano en acabados geom\u00e9tricos de tonos blancos y marrones, dar\u00e1 un espectacular toque salvaje africano a tu decoraci\u00f3n.<\/p>\n<p>Medidas:<\/p>\n<p>Alto: 70 cm<\/p>\n<p>Di\u00e1metro: 42 cm<\/p>\n<p>Materiales: Cemento, Lino y Metal.<\/p>\n","protected":false},"featured_media":16068,"comment_status":"open","ping_status":"closed","template":"","meta":{"_joinchat":[]},"product_cat":[737,719],"product_tag":[855,905,703],"class_list":{"0":"post-15982","1":"product","2":"type-product","3":"status-publish","4":"has-post-thumbnail","6":"product_cat-wild-africa","7":"product_cat-table-lamps","8":"product_tag-cemento","9":"product_tag-lino","10":"product_tag-metal-en","12":"first","13":"outofstock","14":"taxable","15":"shipping-taxable","16":"purchasable","17":"product-type-simple"},"yoast_head":"<!-- This site is optimized with the Yoast SEO Premium plugin v23.0 (Yoast SEO v25.6) - https:\/\/yoast.com\/wordpress\/plugins\/seo\/ -->\n<title>LAMPARA DE SOBREMESA PANTALLA BLANCA 42x42x70 - El Portillo Decoraci\u00f3n<\/title>\n<meta name=\"description\" content=\"L\u00e1mpara de sobremesa con una \u00e9tnica base de cemento pintado a mano y pantalla de lino blanco, unido mediante una elegante estructura de metal.  la Bonita base cer\u00e1mica hecha a mano en acabados geom\u00e9tricos de tonos blancos y marrones, dar\u00e1 un espectacular toque salvaje africano a tu decoraci\u00f3n.  Medidas:  Alto: 70 cm  Di\u00e1metro: 42 cm  Materiales: Cemento, Lino y Metal.\" \/>\n<meta name=\"robots\" content=\"index, follow, max-snippet:-1, max-image-preview:large, max-video-preview:-1\" \/>\n<link rel=\"canonical\" href=\"https:\/\/elportillodecoracion.es\/tienda\/lampara-de-sobremesa-pantalla-blanca-42x42x70\/\" \/>\n<meta property=\"og:locale\" content=\"en_US\" \/>\n<meta property=\"og:type\" content=\"article\" \/>\n<meta property=\"og:title\" content=\"LAMPARA DE SOBREMESA PANTALLA BLANCA 42x42x70\" \/>\n<meta property=\"og:description\" content=\"L\u00e1mpara de sobremesa con una \u00e9tnica base de cemento pintado a mano y pantalla de lino blanco, unido mediante una elegante estructura de metal.  la Bonita base cer\u00e1mica hecha a mano en acabados geom\u00e9tricos de tonos blancos y marrones, dar\u00e1 un espectacular toque salvaje africano a tu decoraci\u00f3n.  Medidas:  Alto: 70 cm  Di\u00e1metro: 42 cm  Materiales: Cemento, Lino y Metal.\" \/>\n<meta property=\"og:url\" content=\"https:\/\/elportillodecoracion.es\/tienda\/lampara-de-sobremesa-pantalla-blanca-42x42x70\/\" \/>\n<meta property=\"og:site_name\" content=\"El Portillo Decoraci\u00f3n\" \/>\n<meta property=\"article:modified_time\" content=\"2024-04-16T11:44:23+00:00\" \/>\n<meta property=\"og:image\" content=\"https:\/\/elportillodecoracion.es\/wp-content\/uploads\/2022\/08\/Project-4.jpg\" \/>\n\t<meta property=\"og:image:width\" content=\"1080\" \/>\n\t<meta property=\"og:image:height\" content=\"1080\" \/>\n\t<meta property=\"og:image:type\" content=\"image\/jpeg\" \/>\n<meta name=\"twitter:card\" content=\"summary_large_image\" \/>\n<meta name=\"twitter:label1\" content=\"Price\" \/>\n\t<meta name=\"twitter:data1\" content=\"124,90&euro; IVA inc\" \/>\n\t<meta name=\"twitter:label2\" content=\"Availability\" \/>\n\t<meta name=\"twitter:data2\" content=\"Out of stock\" \/>\n<script type=\"application\/ld+json\" class=\"yoast-schema-graph\">{\"@context\":\"https:\/\/schema.org\",\"@graph\":[{\"@type\":\"WebPage\",\"@id\":\"https:\/\/elportillodecoracion.es\/tienda\/lampara-de-sobremesa-pantalla-blanca-42x42x70\/\",\"url\":\"https:\/\/elportillodecoracion.es\/tienda\/lampara-de-sobremesa-pantalla-blanca-42x42x70\/\",\"name\":\"LAMPARA DE SOBREMESA PANTALLA BLANCA 42x42x70 - El Portillo Decoraci\u00f3n\",\"isPartOf\":{\"@id\":\"https:\/\/elportillodecoracion.es\/#website\"},\"primaryImageOfPage\":{\"@id\":\"https:\/\/elportillodecoracion.es\/tienda\/lampara-de-sobremesa-pantalla-blanca-42x42x70\/#primaryimage\"},\"image\":{\"@id\":\"https:\/\/elportillodecoracion.es\/tienda\/lampara-de-sobremesa-pantalla-blanca-42x42x70\/#primaryimage\"},\"thumbnailUrl\":\"https:\/\/elportillodecoracion.es\/wp-content\/uploads\/2022\/08\/Project-4.jpg\",\"datePublished\":\"2022-08-12T17:59:56+00:00\",\"dateModified\":\"2024-04-16T11:44:23+00:00\",\"description\":\"L\u00e1mpara de sobremesa con una \u00e9tnica base de cemento pintado a mano y pantalla de lino blanco, unido mediante una elegante estructura de metal. la Bonita base cer\u00e1mica hecha a mano en acabados geom\u00e9tricos de tonos blancos y marrones, dar\u00e1 un espectacular toque salvaje africano a tu decoraci\u00f3n. Medidas: Alto: 70 cm Di\u00e1metro: 42 cm Materiales: Cemento, Lino y Metal.\",\"breadcrumb\":{\"@id\":\"https:\/\/elportillodecoracion.es\/tienda\/lampara-de-sobremesa-pantalla-blanca-42x42x70\/#breadcrumb\"},\"inLanguage\":\"en-US\",\"potentialAction\":[{\"@type\":\"ReadAction\",\"target\":[\"https:\/\/elportillodecoracion.es\/tienda\/lampara-de-sobremesa-pantalla-blanca-42x42x70\/\"]}]},{\"@type\":\"ImageObject\",\"inLanguage\":\"en-US\",\"@id\":\"https:\/\/elportillodecoracion.es\/tienda\/lampara-de-sobremesa-pantalla-blanca-42x42x70\/#primaryimage\",\"url\":\"https:\/\/elportillodecoracion.es\/wp-content\/uploads\/2022\/08\/Project-4.jpg\",\"contentUrl\":\"https:\/\/elportillodecoracion.es\/wp-content\/uploads\/2022\/08\/Project-4.jpg\",\"width\":1080,\"height\":1080},{\"@type\":\"BreadcrumbList\",\"@id\":\"https:\/\/elportillodecoracion.es\/tienda\/lampara-de-sobremesa-pantalla-blanca-42x42x70\/#breadcrumb\",\"itemListElement\":[{\"@type\":\"ListItem\",\"position\":1,\"name\":\"Portada\",\"item\":\"https:\/\/elportillodecoracion.es\/\"},{\"@type\":\"ListItem\",\"position\":2,\"name\":\"Tienda\",\"item\":\"https:\/\/elportillodecoracion.es\/tienda\/\"},{\"@type\":\"ListItem\",\"position\":3,\"name\":\"LAMPARA DE SOBREMESA PANTALLA BLANCA 42x42x70\"}]},{\"@type\":\"WebSite\",\"@id\":\"https:\/\/elportillodecoracion.es\/#website\",\"url\":\"https:\/\/elportillodecoracion.es\/\",\"name\":\"El Portillo Decoraci\u00f3n\",\"description\":\"Muebles y Decoraci\u00f3n\",\"publisher\":{\"@id\":\"https:\/\/elportillodecoracion.es\/#organization\"},\"potentialAction\":[{\"@type\":\"SearchAction\",\"target\":{\"@type\":\"EntryPoint\",\"urlTemplate\":\"https:\/\/elportillodecoracion.es\/?s={search_term_string}\"},\"query-input\":{\"@type\":\"PropertyValueSpecification\",\"valueRequired\":true,\"valueName\":\"search_term_string\"}}],\"inLanguage\":\"en-US\"},{\"@type\":\"Organization\",\"@id\":\"https:\/\/elportillodecoracion.es\/#organization\",\"name\":\"El Portillo Decoraci\u00f3n\",\"url\":\"https:\/\/elportillodecoracion.es\/\",\"logo\":{\"@type\":\"ImageObject\",\"inLanguage\":\"en-US\",\"@id\":\"https:\/\/elportillodecoracion.es\/#\/schema\/logo\/image\/\",\"url\":\"https:\/\/elportillodecoracion.es\/wp-content\/uploads\/2018\/11\/El-Portillo_logo-300.jpg\",\"contentUrl\":\"https:\/\/elportillodecoracion.es\/wp-content\/uploads\/2018\/11\/El-Portillo_logo-300.jpg\",\"width\":350,\"height\":91,\"caption\":\"El Portillo Decoraci\u00f3n\"},\"image\":{\"@id\":\"https:\/\/elportillodecoracion.es\/#\/schema\/logo\/image\/\"}}]}<\/script>\n<meta property=\"product:price:amount\" content=\"124.90\" \/>\n<meta property=\"product:price:currency\" content=\"EUR\" \/>\n<meta property=\"og:availability\" content=\"out of stock\" \/>\n<meta property=\"product:availability\" content=\"out of stock\" \/>\n<meta property=\"product:retailer_item_id\" content=\"625002\" \/>\n<meta property=\"product:condition\" content=\"new\" \/>\n<!-- \/ Yoast SEO Premium plugin. -->","yoast_head_json":{"title":"LAMPARA DE SOBREMESA PANTALLA BLANCA 42x42x70 - El Portillo Decoraci\u00f3n","description":"L\u00e1mpara de sobremesa con una \u00e9tnica base de cemento pintado a mano y pantalla de lino blanco, unido mediante una elegante estructura de metal.  la Bonita base cer\u00e1mica hecha a mano en acabados geom\u00e9tricos de tonos blancos y marrones, dar\u00e1 un espectacular toque salvaje africano a tu decoraci\u00f3n.  Medidas:  Alto: 70 cm  Di\u00e1metro: 42 cm  Materiales: Cemento, Lino y Metal.","robots":{"index":"index","follow":"follow","max-snippet":"max-snippet:-1","max-image-preview":"max-image-preview:large","max-video-preview":"max-video-preview:-1"},"canonical":"https:\/\/elportillodecoracion.es\/tienda\/lampara-de-sobremesa-pantalla-blanca-42x42x70\/","og_locale":"en_US","og_type":"article","og_title":"LAMPARA DE SOBREMESA PANTALLA BLANCA 42x42x70","og_description":"L\u00e1mpara de sobremesa con una \u00e9tnica base de cemento pintado a mano y pantalla de lino blanco, unido mediante una elegante estructura de metal.  la Bonita base cer\u00e1mica hecha a mano en acabados geom\u00e9tricos de tonos blancos y marrones, dar\u00e1 un espectacular toque salvaje africano a tu decoraci\u00f3n.  Medidas:  Alto: 70 cm  Di\u00e1metro: 42 cm  Materiales: Cemento, Lino y Metal.","og_url":"https:\/\/elportillodecoracion.es\/tienda\/lampara-de-sobremesa-pantalla-blanca-42x42x70\/","og_site_name":"El Portillo Decoraci\u00f3n","article_modified_time":"2024-04-16T11:44:23+00:00","og_image":[{"width":1080,"height":1080,"url":"https:\/\/elportillodecoracion.es\/wp-content\/uploads\/2022\/08\/Project-4.jpg","type":"image\/jpeg"}],"twitter_card":"summary_large_image","twitter_misc":{"Price":"124,90&euro; IVA inc","Availability":"Out of stock"},"schema":{"@context":"https:\/\/schema.org","@graph":[{"@type":"WebPage","@id":"https:\/\/elportillodecoracion.es\/tienda\/lampara-de-sobremesa-pantalla-blanca-42x42x70\/","url":"https:\/\/elportillodecoracion.es\/tienda\/lampara-de-sobremesa-pantalla-blanca-42x42x70\/","name":"LAMPARA DE SOBREMESA PANTALLA BLANCA 42x42x70 - El Portillo Decoraci\u00f3n","isPartOf":{"@id":"https:\/\/elportillodecoracion.es\/#website"},"primaryImageOfPage":{"@id":"https:\/\/elportillodecoracion.es\/tienda\/lampara-de-sobremesa-pantalla-blanca-42x42x70\/#primaryimage"},"image":{"@id":"https:\/\/elportillodecoracion.es\/tienda\/lampara-de-sobremesa-pantalla-blanca-42x42x70\/#primaryimage"},"thumbnailUrl":"https:\/\/elportillodecoracion.es\/wp-content\/uploads\/2022\/08\/Project-4.jpg","datePublished":"2022-08-12T17:59:56+00:00","dateModified":"2024-04-16T11:44:23+00:00","description":"L\u00e1mpara de sobremesa con una \u00e9tnica base de cemento pintado a mano y pantalla de lino blanco, unido mediante una elegante estructura de metal. la Bonita base cer\u00e1mica hecha a mano en acabados geom\u00e9tricos de tonos blancos y marrones, dar\u00e1 un espectacular toque salvaje africano a tu decoraci\u00f3n. Medidas: Alto: 70 cm Di\u00e1metro: 42 cm Materiales: Cemento, Lino y Metal.","breadcrumb":{"@id":"https:\/\/elportillodecoracion.es\/tienda\/lampara-de-sobremesa-pantalla-blanca-42x42x70\/#breadcrumb"},"inLanguage":"en-US","potentialAction":[{"@type":"ReadAction","target":["https:\/\/elportillodecoracion.es\/tienda\/lampara-de-sobremesa-pantalla-blanca-42x42x70\/"]}]},{"@type":"ImageObject","inLanguage":"en-US","@id":"https:\/\/elportillodecoracion.es\/tienda\/lampara-de-sobremesa-pantalla-blanca-42x42x70\/#primaryimage","url":"https:\/\/elportillodecoracion.es\/wp-content\/uploads\/2022\/08\/Project-4.jpg","contentUrl":"https:\/\/elportillodecoracion.es\/wp-content\/uploads\/2022\/08\/Project-4.jpg","width":1080,"height":1080},{"@type":"BreadcrumbList","@id":"https:\/\/elportillodecoracion.es\/tienda\/lampara-de-sobremesa-pantalla-blanca-42x42x70\/#breadcrumb","itemListElement":[{"@type":"ListItem","position":1,"name":"Portada","item":"https:\/\/elportillodecoracion.es\/"},{"@type":"ListItem","position":2,"name":"Tienda","item":"https:\/\/elportillodecoracion.es\/tienda\/"},{"@type":"ListItem","position":3,"name":"LAMPARA DE SOBREMESA PANTALLA BLANCA 42x42x70"}]},{"@type":"WebSite","@id":"https:\/\/elportillodecoracion.es\/#website","url":"https:\/\/elportillodecoracion.es\/","name":"El Portillo Decoraci\u00f3n","description":"Muebles y Decoraci\u00f3n","publisher":{"@id":"https:\/\/elportillodecoracion.es\/#organization"},"potentialAction":[{"@type":"SearchAction","target":{"@type":"EntryPoint","urlTemplate":"https:\/\/elportillodecoracion.es\/?s={search_term_string}"},"query-input":{"@type":"PropertyValueSpecification","valueRequired":true,"valueName":"search_term_string"}}],"inLanguage":"en-US"},{"@type":"Organization","@id":"https:\/\/elportillodecoracion.es\/#organization","name":"El Portillo Decoraci\u00f3n","url":"https:\/\/elportillodecoracion.es\/","logo":{"@type":"ImageObject","inLanguage":"en-US","@id":"https:\/\/elportillodecoracion.es\/#\/schema\/logo\/image\/","url":"https:\/\/elportillodecoracion.es\/wp-content\/uploads\/2018\/11\/El-Portillo_logo-300.jpg","contentUrl":"https:\/\/elportillodecoracion.es\/wp-content\/uploads\/2018\/11\/El-Portillo_logo-300.jpg","width":350,"height":91,"caption":"El Portillo Decoraci\u00f3n"},"image":{"@id":"https:\/\/elportillodecoracion.es\/#\/schema\/logo\/image\/"}}]},"product_price_amount":"124.90","product_price_currency":"EUR","og_availability":"out of stock","product_availability":"out of stock","product_retailer_item_id":"625002","product_condition":"new"},"_links":{"self":[{"href":"https:\/\/elportillodecoracion.es\/en\/wp-json\/wp\/v2\/product\/15982","targetHints":{"allow":["GET"]}}],"collection":[{"href":"https:\/\/elportillodecoracion.es\/en\/wp-json\/wp\/v2\/product"}],"about":[{"href":"https:\/\/elportillodecoracion.es\/en\/wp-json\/wp\/v2\/types\/product"}],"replies":[{"embeddable":true,"href":"https:\/\/elportillodecoracion.es\/en\/wp-json\/wp\/v2\/comments?post=15982"}],"wp:featuredmedia":[{"embeddable":true,"href":"https:\/\/elportillodecoracion.es\/en\/wp-json\/wp\/v2\/media\/16068"}],"wp:attachment":[{"href":"https:\/\/elportillodecoracion.es\/en\/wp-json\/wp\/v2\/media?parent=15982"}],"wp:term":[{"taxonomy":"product_cat","embeddable":true,"href":"https:\/\/elportillodecoracion.es\/en\/wp-json\/wp\/v2\/product_cat?post=15982"},{"taxonomy":"product_tag","embeddable":true,"href":"https:\/\/elportillodecoracion.es\/en\/wp-json\/wp\/v2\/product_tag?post=15982"}],"curies":[{"name":"wp","href":"https:\/\/api.w.org\/{rel}","templated":true}]}}