{"id":15615,"date":"2021-12-21T21:19:34","date_gmt":"2021-12-21T20:19:34","guid":{"rendered":"https:\/\/elportillodecoracion.es\/?post_type=product&#038;p=15615"},"modified":"2022-11-15T13:14:59","modified_gmt":"2022-11-15T12:14:59","slug":"lampara-techo-fibra-natural-35x35x26","status":"publish","type":"product","link":"https:\/\/elportillodecoracion.es\/en\/tienda\/lampara-techo-fibra-natural-35x35x26\/","title":{"rendered":"L\u00c1MPARA TECHO FIBRA NATURAL 35X35X26"},"content":{"rendered":"","protected":false},"excerpt":{"rendered":"<p><strong>L\u00e1mpara<\/strong> de <strong>techo<\/strong> con forma geom\u00e9trica fabricada en <strong>fibra natural<\/strong> sobre una estructura met\u00e1lica, pensada no solo para iluminar sino para aportar calidez creando un ambiente perfecto.<\/p>\n<p>Medidas: 35 cm. x 35 cm. x 26 cm.<\/p>\n","protected":false},"featured_media":15616,"comment_status":"open","ping_status":"closed","template":"","meta":{"_joinchat":[]},"product_cat":[718,721],"product_tag":[],"class_list":{"0":"post-15615","1":"product","2":"type-product","3":"status-publish","4":"has-post-thumbnail","6":"product_cat-lighting","7":"product_cat-ceiling-lamps-en","9":"first","10":"outofstock","11":"taxable","12":"shipping-taxable","13":"purchasable","14":"product-type-simple"},"yoast_head":"<!-- This site is optimized with the Yoast SEO Premium plugin v23.0 (Yoast SEO v25.6) - https:\/\/yoast.com\/wordpress\/plugins\/seo\/ -->\n<title>L\u00c1MPARA TECHO FIBRA NATURAL 35X35X26 - El Portillo Decoraci\u00f3n<\/title>\n<meta name=\"description\" content=\"L\u00e1mpara de techo con forma geom\u00e9trica fabricada en fibra natural sobre una estructura met\u00e1lica. Aportar\u00e1 calidez creando un ambiente perfecto.\u00a0\" \/>\n<meta name=\"robots\" content=\"index, follow, max-snippet:-1, max-image-preview:large, max-video-preview:-1\" \/>\n<link rel=\"canonical\" href=\"https:\/\/elportillodecoracion.es\/tienda\/lampara-techo-fibra-natural-35x35x26\/\" \/>\n<meta property=\"og:locale\" content=\"en_US\" \/>\n<meta property=\"og:type\" content=\"article\" \/>\n<meta property=\"og:title\" content=\"L\u00c1MPARA TECHO FIBRA NATURAL 35X35X26\" \/>\n<meta property=\"og:description\" content=\"L\u00e1mpara de techo con forma geom\u00e9trica fabricada en fibra natural sobre una estructura met\u00e1lica. Aportar\u00e1 calidez creando un ambiente perfecto.\u00a0\" \/>\n<meta property=\"og:url\" content=\"https:\/\/elportillodecoracion.es\/tienda\/lampara-techo-fibra-natural-35x35x26\/\" \/>\n<meta property=\"og:site_name\" content=\"El Portillo Decoraci\u00f3n\" \/>\n<meta property=\"article:modified_time\" content=\"2022-11-15T12:14:59+00:00\" \/>\n<meta property=\"og:image\" content=\"https:\/\/elportillodecoracion.es\/wp-content\/uploads\/2021\/12\/108777.jpeg\" \/>\n\t<meta property=\"og:image:width\" content=\"700\" \/>\n\t<meta property=\"og:image:height\" content=\"700\" \/>\n\t<meta property=\"og:image:type\" content=\"image\/jpeg\" \/>\n<meta name=\"twitter:card\" content=\"summary_large_image\" \/>\n<meta name=\"twitter:label1\" content=\"Price\" \/>\n\t<meta name=\"twitter:data1\" content=\"59,00&euro; IVA inc\" \/>\n\t<meta name=\"twitter:label2\" content=\"Availability\" \/>\n\t<meta name=\"twitter:data2\" content=\"Out of stock\" \/>\n<script type=\"application\/ld+json\" class=\"yoast-schema-graph\">{\"@context\":\"https:\/\/schema.org\",\"@graph\":[{\"@type\":\"WebPage\",\"@id\":\"https:\/\/elportillodecoracion.es\/tienda\/lampara-techo-fibra-natural-35x35x26\/\",\"url\":\"https:\/\/elportillodecoracion.es\/tienda\/lampara-techo-fibra-natural-35x35x26\/\",\"name\":\"L\u00c1MPARA TECHO FIBRA NATURAL 35X35X26 - El Portillo Decoraci\u00f3n\",\"isPartOf\":{\"@id\":\"https:\/\/elportillodecoracion.es\/#website\"},\"primaryImageOfPage\":{\"@id\":\"https:\/\/elportillodecoracion.es\/tienda\/lampara-techo-fibra-natural-35x35x26\/#primaryimage\"},\"image\":{\"@id\":\"https:\/\/elportillodecoracion.es\/tienda\/lampara-techo-fibra-natural-35x35x26\/#primaryimage\"},\"thumbnailUrl\":\"https:\/\/elportillodecoracion.es\/wp-content\/uploads\/2021\/12\/108777.jpeg\",\"datePublished\":\"2021-12-21T20:19:34+00:00\",\"dateModified\":\"2022-11-15T12:14:59+00:00\",\"description\":\"L\u00e1mpara de techo con forma geom\u00e9trica fabricada en fibra natural sobre una estructura met\u00e1lica. Aportar\u00e1 calidez creando un ambiente perfecto.\u00a0\",\"breadcrumb\":{\"@id\":\"https:\/\/elportillodecoracion.es\/tienda\/lampara-techo-fibra-natural-35x35x26\/#breadcrumb\"},\"inLanguage\":\"en-US\",\"potentialAction\":[{\"@type\":\"ReadAction\",\"target\":[\"https:\/\/elportillodecoracion.es\/tienda\/lampara-techo-fibra-natural-35x35x26\/\"]}]},{\"@type\":\"ImageObject\",\"inLanguage\":\"en-US\",\"@id\":\"https:\/\/elportillodecoracion.es\/tienda\/lampara-techo-fibra-natural-35x35x26\/#primaryimage\",\"url\":\"https:\/\/elportillodecoracion.es\/wp-content\/uploads\/2021\/12\/108777.jpeg\",\"contentUrl\":\"https:\/\/elportillodecoracion.es\/wp-content\/uploads\/2021\/12\/108777.jpeg\",\"width\":700,\"height\":700},{\"@type\":\"BreadcrumbList\",\"@id\":\"https:\/\/elportillodecoracion.es\/tienda\/lampara-techo-fibra-natural-35x35x26\/#breadcrumb\",\"itemListElement\":[{\"@type\":\"ListItem\",\"position\":1,\"name\":\"Portada\",\"item\":\"https:\/\/elportillodecoracion.es\/\"},{\"@type\":\"ListItem\",\"position\":2,\"name\":\"Tienda\",\"item\":\"https:\/\/elportillodecoracion.es\/tienda\/\"},{\"@type\":\"ListItem\",\"position\":3,\"name\":\"L\u00c1MPARA TECHO FIBRA NATURAL 35X35X26\"}]},{\"@type\":\"WebSite\",\"@id\":\"https:\/\/elportillodecoracion.es\/#website\",\"url\":\"https:\/\/elportillodecoracion.es\/\",\"name\":\"El Portillo Decoraci\u00f3n\",\"description\":\"Muebles y Decoraci\u00f3n\",\"publisher\":{\"@id\":\"https:\/\/elportillodecoracion.es\/#organization\"},\"potentialAction\":[{\"@type\":\"SearchAction\",\"target\":{\"@type\":\"EntryPoint\",\"urlTemplate\":\"https:\/\/elportillodecoracion.es\/?s={search_term_string}\"},\"query-input\":{\"@type\":\"PropertyValueSpecification\",\"valueRequired\":true,\"valueName\":\"search_term_string\"}}],\"inLanguage\":\"en-US\"},{\"@type\":\"Organization\",\"@id\":\"https:\/\/elportillodecoracion.es\/#organization\",\"name\":\"El Portillo Decoraci\u00f3n\",\"url\":\"https:\/\/elportillodecoracion.es\/\",\"logo\":{\"@type\":\"ImageObject\",\"inLanguage\":\"en-US\",\"@id\":\"https:\/\/elportillodecoracion.es\/#\/schema\/logo\/image\/\",\"url\":\"https:\/\/elportillodecoracion.es\/wp-content\/uploads\/2018\/11\/El-Portillo_logo-300.jpg\",\"contentUrl\":\"https:\/\/elportillodecoracion.es\/wp-content\/uploads\/2018\/11\/El-Portillo_logo-300.jpg\",\"width\":350,\"height\":91,\"caption\":\"El Portillo Decoraci\u00f3n\"},\"image\":{\"@id\":\"https:\/\/elportillodecoracion.es\/#\/schema\/logo\/image\/\"}}]}<\/script>\n<meta property=\"product:price:amount\" content=\"59.00\" \/>\n<meta property=\"product:price:currency\" content=\"EUR\" \/>\n<meta property=\"og:availability\" content=\"out of stock\" \/>\n<meta property=\"product:availability\" content=\"out of stock\" \/>\n<meta property=\"product:retailer_item_id\" content=\"108777\" \/>\n<meta property=\"product:condition\" content=\"new\" \/>\n<!-- \/ Yoast SEO Premium plugin. -->","yoast_head_json":{"title":"L\u00c1MPARA TECHO FIBRA NATURAL 35X35X26 - El Portillo Decoraci\u00f3n","description":"L\u00e1mpara de techo con forma geom\u00e9trica fabricada en fibra natural sobre una estructura met\u00e1lica. Aportar\u00e1 calidez creando un ambiente perfecto.\u00a0","robots":{"index":"index","follow":"follow","max-snippet":"max-snippet:-1","max-image-preview":"max-image-preview:large","max-video-preview":"max-video-preview:-1"},"canonical":"https:\/\/elportillodecoracion.es\/tienda\/lampara-techo-fibra-natural-35x35x26\/","og_locale":"en_US","og_type":"article","og_title":"L\u00c1MPARA TECHO FIBRA NATURAL 35X35X26","og_description":"L\u00e1mpara de techo con forma geom\u00e9trica fabricada en fibra natural sobre una estructura met\u00e1lica. Aportar\u00e1 calidez creando un ambiente perfecto.\u00a0","og_url":"https:\/\/elportillodecoracion.es\/tienda\/lampara-techo-fibra-natural-35x35x26\/","og_site_name":"El Portillo Decoraci\u00f3n","article_modified_time":"2022-11-15T12:14:59+00:00","og_image":[{"width":700,"height":700,"url":"https:\/\/elportillodecoracion.es\/wp-content\/uploads\/2021\/12\/108777.jpeg","type":"image\/jpeg"}],"twitter_card":"summary_large_image","twitter_misc":{"Price":"59,00&euro; IVA inc","Availability":"Out of stock"},"schema":{"@context":"https:\/\/schema.org","@graph":[{"@type":"WebPage","@id":"https:\/\/elportillodecoracion.es\/tienda\/lampara-techo-fibra-natural-35x35x26\/","url":"https:\/\/elportillodecoracion.es\/tienda\/lampara-techo-fibra-natural-35x35x26\/","name":"L\u00c1MPARA TECHO FIBRA NATURAL 35X35X26 - El Portillo Decoraci\u00f3n","isPartOf":{"@id":"https:\/\/elportillodecoracion.es\/#website"},"primaryImageOfPage":{"@id":"https:\/\/elportillodecoracion.es\/tienda\/lampara-techo-fibra-natural-35x35x26\/#primaryimage"},"image":{"@id":"https:\/\/elportillodecoracion.es\/tienda\/lampara-techo-fibra-natural-35x35x26\/#primaryimage"},"thumbnailUrl":"https:\/\/elportillodecoracion.es\/wp-content\/uploads\/2021\/12\/108777.jpeg","datePublished":"2021-12-21T20:19:34+00:00","dateModified":"2022-11-15T12:14:59+00:00","description":"L\u00e1mpara de techo con forma geom\u00e9trica fabricada en fibra natural sobre una estructura met\u00e1lica. Aportar\u00e1 calidez creando un ambiente perfecto.\u00a0","breadcrumb":{"@id":"https:\/\/elportillodecoracion.es\/tienda\/lampara-techo-fibra-natural-35x35x26\/#breadcrumb"},"inLanguage":"en-US","potentialAction":[{"@type":"ReadAction","target":["https:\/\/elportillodecoracion.es\/tienda\/lampara-techo-fibra-natural-35x35x26\/"]}]},{"@type":"ImageObject","inLanguage":"en-US","@id":"https:\/\/elportillodecoracion.es\/tienda\/lampara-techo-fibra-natural-35x35x26\/#primaryimage","url":"https:\/\/elportillodecoracion.es\/wp-content\/uploads\/2021\/12\/108777.jpeg","contentUrl":"https:\/\/elportillodecoracion.es\/wp-content\/uploads\/2021\/12\/108777.jpeg","width":700,"height":700},{"@type":"BreadcrumbList","@id":"https:\/\/elportillodecoracion.es\/tienda\/lampara-techo-fibra-natural-35x35x26\/#breadcrumb","itemListElement":[{"@type":"ListItem","position":1,"name":"Portada","item":"https:\/\/elportillodecoracion.es\/"},{"@type":"ListItem","position":2,"name":"Tienda","item":"https:\/\/elportillodecoracion.es\/tienda\/"},{"@type":"ListItem","position":3,"name":"L\u00c1MPARA TECHO FIBRA NATURAL 35X35X26"}]},{"@type":"WebSite","@id":"https:\/\/elportillodecoracion.es\/#website","url":"https:\/\/elportillodecoracion.es\/","name":"El Portillo Decoraci\u00f3n","description":"Muebles y Decoraci\u00f3n","publisher":{"@id":"https:\/\/elportillodecoracion.es\/#organization"},"potentialAction":[{"@type":"SearchAction","target":{"@type":"EntryPoint","urlTemplate":"https:\/\/elportillodecoracion.es\/?s={search_term_string}"},"query-input":{"@type":"PropertyValueSpecification","valueRequired":true,"valueName":"search_term_string"}}],"inLanguage":"en-US"},{"@type":"Organization","@id":"https:\/\/elportillodecoracion.es\/#organization","name":"El Portillo Decoraci\u00f3n","url":"https:\/\/elportillodecoracion.es\/","logo":{"@type":"ImageObject","inLanguage":"en-US","@id":"https:\/\/elportillodecoracion.es\/#\/schema\/logo\/image\/","url":"https:\/\/elportillodecoracion.es\/wp-content\/uploads\/2018\/11\/El-Portillo_logo-300.jpg","contentUrl":"https:\/\/elportillodecoracion.es\/wp-content\/uploads\/2018\/11\/El-Portillo_logo-300.jpg","width":350,"height":91,"caption":"El Portillo Decoraci\u00f3n"},"image":{"@id":"https:\/\/elportillodecoracion.es\/#\/schema\/logo\/image\/"}}]},"product_price_amount":"59.00","product_price_currency":"EUR","og_availability":"out of stock","product_availability":"out of stock","product_retailer_item_id":"108777","product_condition":"new"},"_links":{"self":[{"href":"https:\/\/elportillodecoracion.es\/en\/wp-json\/wp\/v2\/product\/15615","targetHints":{"allow":["GET"]}}],"collection":[{"href":"https:\/\/elportillodecoracion.es\/en\/wp-json\/wp\/v2\/product"}],"about":[{"href":"https:\/\/elportillodecoracion.es\/en\/wp-json\/wp\/v2\/types\/product"}],"replies":[{"embeddable":true,"href":"https:\/\/elportillodecoracion.es\/en\/wp-json\/wp\/v2\/comments?post=15615"}],"wp:featuredmedia":[{"embeddable":true,"href":"https:\/\/elportillodecoracion.es\/en\/wp-json\/wp\/v2\/media\/15616"}],"wp:attachment":[{"href":"https:\/\/elportillodecoracion.es\/en\/wp-json\/wp\/v2\/media?parent=15615"}],"wp:term":[{"taxonomy":"product_cat","embeddable":true,"href":"https:\/\/elportillodecoracion.es\/en\/wp-json\/wp\/v2\/product_cat?post=15615"},{"taxonomy":"product_tag","embeddable":true,"href":"https:\/\/elportillodecoracion.es\/en\/wp-json\/wp\/v2\/product_tag?post=15615"}],"curies":[{"name":"wp","href":"https:\/\/api.w.org\/{rel}","templated":true}]}}