{"id":15549,"date":"2021-12-17T19:46:22","date_gmt":"2021-12-17T18:46:22","guid":{"rendered":"https:\/\/elportillodecoracion.es\/?post_type=product&#038;p=15549"},"modified":"2022-11-18T20:58:42","modified_gmt":"2022-11-18T19:58:42","slug":"figura-elefante-resina-plata-27x13x24-cm","status":"publish","type":"product","link":"https:\/\/elportillodecoracion.es\/en\/tienda\/figura-elefante-resina-plata-27x13x24-cm\/","title":{"rendered":"FIGURA ELEFANTE PLATA 27X13X24 CM"},"content":{"rendered":"","protected":false},"excerpt":{"rendered":"<p>Si te gusta la <strong>decoraci\u00f3n<\/strong> con matices ex\u00f3ticos seguro que querr\u00e1s integrar en tu decoraci\u00f3n este <strong>elefante<\/strong> de <strong>resina<\/strong> en color plateado y disfrutar al m\u00e1ximo de las opciones decorativas que ofrece.<\/p>\n<p>Medidas: 27 cm. x 13 cm. x 24 cm.<\/p>\n","protected":false},"featured_media":15550,"comment_status":"open","ping_status":"closed","template":"","meta":{"_joinchat":[]},"product_cat":[711,709],"product_tag":[],"class_list":{"0":"post-15549","1":"product","2":"type-product","3":"status-publish","4":"has-post-thumbnail","6":"product_cat-figures","7":"product_cat-decorative-figures","9":"first","10":"outofstock","11":"taxable","12":"shipping-taxable","13":"purchasable","14":"product-type-simple"},"yoast_head":"<!-- This site is optimized with the Yoast SEO Premium plugin v23.0 (Yoast SEO v25.6) - https:\/\/yoast.com\/wordpress\/plugins\/seo\/ -->\n<title>FIGURA ELEFANTE PLATA 27X13X24 CM - El Portillo Decoraci\u00f3n<\/title>\n<meta name=\"description\" content=\"Si te gusta la decoraci\u00f3n con matices ex\u00f3ticos querr\u00e1s integrar en tu decoraci\u00f3n este elefante de resina en color plateado.\" \/>\n<meta name=\"robots\" content=\"index, follow, max-snippet:-1, max-image-preview:large, max-video-preview:-1\" \/>\n<link rel=\"canonical\" href=\"https:\/\/elportillodecoracion.es\/tienda\/figura-elefante-resina-plata-27x13x24-cm\/\" \/>\n<meta property=\"og:locale\" content=\"en_US\" \/>\n<meta property=\"og:type\" content=\"article\" \/>\n<meta property=\"og:title\" content=\"FIGURA ELEFANTE PLATA 27X13X24 CM\" \/>\n<meta property=\"og:description\" content=\"Si te gusta la decoraci\u00f3n con matices ex\u00f3ticos querr\u00e1s integrar en tu decoraci\u00f3n este elefante de resina en color plateado.\" \/>\n<meta property=\"og:url\" content=\"https:\/\/elportillodecoracion.es\/tienda\/figura-elefante-resina-plata-27x13x24-cm\/\" \/>\n<meta property=\"og:site_name\" content=\"El Portillo Decoraci\u00f3n\" \/>\n<meta property=\"article:modified_time\" content=\"2022-11-18T19:58:42+00:00\" \/>\n<meta property=\"og:image\" content=\"https:\/\/elportillodecoracion.es\/wp-content\/uploads\/2021\/12\/521-133-134.jpg\" \/>\n\t<meta property=\"og:image:width\" content=\"879\" \/>\n\t<meta property=\"og:image:height\" content=\"1200\" \/>\n\t<meta property=\"og:image:type\" content=\"image\/jpeg\" \/>\n<meta name=\"twitter:card\" content=\"summary_large_image\" \/>\n<meta name=\"twitter:label1\" content=\"Price\" \/>\n\t<meta name=\"twitter:data1\" content=\"52,90&euro; IVA inc\" \/>\n\t<meta name=\"twitter:label2\" content=\"Availability\" \/>\n\t<meta name=\"twitter:data2\" content=\"Out of stock\" \/>\n<script type=\"application\/ld+json\" class=\"yoast-schema-graph\">{\"@context\":\"https:\/\/schema.org\",\"@graph\":[{\"@type\":\"WebPage\",\"@id\":\"https:\/\/elportillodecoracion.es\/tienda\/figura-elefante-resina-plata-27x13x24-cm\/\",\"url\":\"https:\/\/elportillodecoracion.es\/tienda\/figura-elefante-resina-plata-27x13x24-cm\/\",\"name\":\"FIGURA ELEFANTE PLATA 27X13X24 CM - El Portillo Decoraci\u00f3n\",\"isPartOf\":{\"@id\":\"https:\/\/elportillodecoracion.es\/#website\"},\"primaryImageOfPage\":{\"@id\":\"https:\/\/elportillodecoracion.es\/tienda\/figura-elefante-resina-plata-27x13x24-cm\/#primaryimage\"},\"image\":{\"@id\":\"https:\/\/elportillodecoracion.es\/tienda\/figura-elefante-resina-plata-27x13x24-cm\/#primaryimage\"},\"thumbnailUrl\":\"https:\/\/elportillodecoracion.es\/wp-content\/uploads\/2021\/12\/521-133-134.jpg\",\"datePublished\":\"2021-12-17T18:46:22+00:00\",\"dateModified\":\"2022-11-18T19:58:42+00:00\",\"description\":\"Si te gusta la decoraci\u00f3n con matices ex\u00f3ticos querr\u00e1s integrar en tu decoraci\u00f3n este elefante de resina en color plateado.\",\"breadcrumb\":{\"@id\":\"https:\/\/elportillodecoracion.es\/tienda\/figura-elefante-resina-plata-27x13x24-cm\/#breadcrumb\"},\"inLanguage\":\"en-US\",\"potentialAction\":[{\"@type\":\"ReadAction\",\"target\":[\"https:\/\/elportillodecoracion.es\/tienda\/figura-elefante-resina-plata-27x13x24-cm\/\"]}]},{\"@type\":\"ImageObject\",\"inLanguage\":\"en-US\",\"@id\":\"https:\/\/elportillodecoracion.es\/tienda\/figura-elefante-resina-plata-27x13x24-cm\/#primaryimage\",\"url\":\"https:\/\/elportillodecoracion.es\/wp-content\/uploads\/2021\/12\/521-133-134.jpg\",\"contentUrl\":\"https:\/\/elportillodecoracion.es\/wp-content\/uploads\/2021\/12\/521-133-134.jpg\",\"width\":879,\"height\":1200},{\"@type\":\"BreadcrumbList\",\"@id\":\"https:\/\/elportillodecoracion.es\/tienda\/figura-elefante-resina-plata-27x13x24-cm\/#breadcrumb\",\"itemListElement\":[{\"@type\":\"ListItem\",\"position\":1,\"name\":\"Portada\",\"item\":\"https:\/\/elportillodecoracion.es\/\"},{\"@type\":\"ListItem\",\"position\":2,\"name\":\"Tienda\",\"item\":\"https:\/\/elportillodecoracion.es\/tienda\/\"},{\"@type\":\"ListItem\",\"position\":3,\"name\":\"FIGURA ELEFANTE PLATA 27X13X24 CM\"}]},{\"@type\":\"WebSite\",\"@id\":\"https:\/\/elportillodecoracion.es\/#website\",\"url\":\"https:\/\/elportillodecoracion.es\/\",\"name\":\"El Portillo Decoraci\u00f3n\",\"description\":\"Muebles y Decoraci\u00f3n\",\"publisher\":{\"@id\":\"https:\/\/elportillodecoracion.es\/#organization\"},\"potentialAction\":[{\"@type\":\"SearchAction\",\"target\":{\"@type\":\"EntryPoint\",\"urlTemplate\":\"https:\/\/elportillodecoracion.es\/?s={search_term_string}\"},\"query-input\":{\"@type\":\"PropertyValueSpecification\",\"valueRequired\":true,\"valueName\":\"search_term_string\"}}],\"inLanguage\":\"en-US\"},{\"@type\":\"Organization\",\"@id\":\"https:\/\/elportillodecoracion.es\/#organization\",\"name\":\"El Portillo Decoraci\u00f3n\",\"url\":\"https:\/\/elportillodecoracion.es\/\",\"logo\":{\"@type\":\"ImageObject\",\"inLanguage\":\"en-US\",\"@id\":\"https:\/\/elportillodecoracion.es\/#\/schema\/logo\/image\/\",\"url\":\"https:\/\/elportillodecoracion.es\/wp-content\/uploads\/2018\/11\/El-Portillo_logo-300.jpg\",\"contentUrl\":\"https:\/\/elportillodecoracion.es\/wp-content\/uploads\/2018\/11\/El-Portillo_logo-300.jpg\",\"width\":350,\"height\":91,\"caption\":\"El Portillo Decoraci\u00f3n\"},\"image\":{\"@id\":\"https:\/\/elportillodecoracion.es\/#\/schema\/logo\/image\/\"}}]}<\/script>\n<meta property=\"product:price:amount\" content=\"52.90\" \/>\n<meta property=\"product:price:currency\" content=\"EUR\" \/>\n<meta property=\"og:availability\" content=\"out of stock\" \/>\n<meta property=\"product:availability\" content=\"out of stock\" \/>\n<meta property=\"product:retailer_item_id\" content=\"521-134\" \/>\n<meta property=\"product:condition\" content=\"new\" \/>\n<!-- \/ Yoast SEO Premium plugin. -->","yoast_head_json":{"title":"FIGURA ELEFANTE PLATA 27X13X24 CM - El Portillo Decoraci\u00f3n","description":"Si te gusta la decoraci\u00f3n con matices ex\u00f3ticos querr\u00e1s integrar en tu decoraci\u00f3n este elefante de resina en color plateado.","robots":{"index":"index","follow":"follow","max-snippet":"max-snippet:-1","max-image-preview":"max-image-preview:large","max-video-preview":"max-video-preview:-1"},"canonical":"https:\/\/elportillodecoracion.es\/tienda\/figura-elefante-resina-plata-27x13x24-cm\/","og_locale":"en_US","og_type":"article","og_title":"FIGURA ELEFANTE PLATA 27X13X24 CM","og_description":"Si te gusta la decoraci\u00f3n con matices ex\u00f3ticos querr\u00e1s integrar en tu decoraci\u00f3n este elefante de resina en color plateado.","og_url":"https:\/\/elportillodecoracion.es\/tienda\/figura-elefante-resina-plata-27x13x24-cm\/","og_site_name":"El Portillo Decoraci\u00f3n","article_modified_time":"2022-11-18T19:58:42+00:00","og_image":[{"width":879,"height":1200,"url":"https:\/\/elportillodecoracion.es\/wp-content\/uploads\/2021\/12\/521-133-134.jpg","type":"image\/jpeg"}],"twitter_card":"summary_large_image","twitter_misc":{"Price":"52,90&euro; IVA inc","Availability":"Out of stock"},"schema":{"@context":"https:\/\/schema.org","@graph":[{"@type":"WebPage","@id":"https:\/\/elportillodecoracion.es\/tienda\/figura-elefante-resina-plata-27x13x24-cm\/","url":"https:\/\/elportillodecoracion.es\/tienda\/figura-elefante-resina-plata-27x13x24-cm\/","name":"FIGURA ELEFANTE PLATA 27X13X24 CM - El Portillo Decoraci\u00f3n","isPartOf":{"@id":"https:\/\/elportillodecoracion.es\/#website"},"primaryImageOfPage":{"@id":"https:\/\/elportillodecoracion.es\/tienda\/figura-elefante-resina-plata-27x13x24-cm\/#primaryimage"},"image":{"@id":"https:\/\/elportillodecoracion.es\/tienda\/figura-elefante-resina-plata-27x13x24-cm\/#primaryimage"},"thumbnailUrl":"https:\/\/elportillodecoracion.es\/wp-content\/uploads\/2021\/12\/521-133-134.jpg","datePublished":"2021-12-17T18:46:22+00:00","dateModified":"2022-11-18T19:58:42+00:00","description":"Si te gusta la decoraci\u00f3n con matices ex\u00f3ticos querr\u00e1s integrar en tu decoraci\u00f3n este elefante de resina en color plateado.","breadcrumb":{"@id":"https:\/\/elportillodecoracion.es\/tienda\/figura-elefante-resina-plata-27x13x24-cm\/#breadcrumb"},"inLanguage":"en-US","potentialAction":[{"@type":"ReadAction","target":["https:\/\/elportillodecoracion.es\/tienda\/figura-elefante-resina-plata-27x13x24-cm\/"]}]},{"@type":"ImageObject","inLanguage":"en-US","@id":"https:\/\/elportillodecoracion.es\/tienda\/figura-elefante-resina-plata-27x13x24-cm\/#primaryimage","url":"https:\/\/elportillodecoracion.es\/wp-content\/uploads\/2021\/12\/521-133-134.jpg","contentUrl":"https:\/\/elportillodecoracion.es\/wp-content\/uploads\/2021\/12\/521-133-134.jpg","width":879,"height":1200},{"@type":"BreadcrumbList","@id":"https:\/\/elportillodecoracion.es\/tienda\/figura-elefante-resina-plata-27x13x24-cm\/#breadcrumb","itemListElement":[{"@type":"ListItem","position":1,"name":"Portada","item":"https:\/\/elportillodecoracion.es\/"},{"@type":"ListItem","position":2,"name":"Tienda","item":"https:\/\/elportillodecoracion.es\/tienda\/"},{"@type":"ListItem","position":3,"name":"FIGURA ELEFANTE PLATA 27X13X24 CM"}]},{"@type":"WebSite","@id":"https:\/\/elportillodecoracion.es\/#website","url":"https:\/\/elportillodecoracion.es\/","name":"El Portillo Decoraci\u00f3n","description":"Muebles y Decoraci\u00f3n","publisher":{"@id":"https:\/\/elportillodecoracion.es\/#organization"},"potentialAction":[{"@type":"SearchAction","target":{"@type":"EntryPoint","urlTemplate":"https:\/\/elportillodecoracion.es\/?s={search_term_string}"},"query-input":{"@type":"PropertyValueSpecification","valueRequired":true,"valueName":"search_term_string"}}],"inLanguage":"en-US"},{"@type":"Organization","@id":"https:\/\/elportillodecoracion.es\/#organization","name":"El Portillo Decoraci\u00f3n","url":"https:\/\/elportillodecoracion.es\/","logo":{"@type":"ImageObject","inLanguage":"en-US","@id":"https:\/\/elportillodecoracion.es\/#\/schema\/logo\/image\/","url":"https:\/\/elportillodecoracion.es\/wp-content\/uploads\/2018\/11\/El-Portillo_logo-300.jpg","contentUrl":"https:\/\/elportillodecoracion.es\/wp-content\/uploads\/2018\/11\/El-Portillo_logo-300.jpg","width":350,"height":91,"caption":"El Portillo Decoraci\u00f3n"},"image":{"@id":"https:\/\/elportillodecoracion.es\/#\/schema\/logo\/image\/"}}]},"product_price_amount":"52.90","product_price_currency":"EUR","og_availability":"out of stock","product_availability":"out of stock","product_retailer_item_id":"521-134","product_condition":"new"},"_links":{"self":[{"href":"https:\/\/elportillodecoracion.es\/en\/wp-json\/wp\/v2\/product\/15549","targetHints":{"allow":["GET"]}}],"collection":[{"href":"https:\/\/elportillodecoracion.es\/en\/wp-json\/wp\/v2\/product"}],"about":[{"href":"https:\/\/elportillodecoracion.es\/en\/wp-json\/wp\/v2\/types\/product"}],"replies":[{"embeddable":true,"href":"https:\/\/elportillodecoracion.es\/en\/wp-json\/wp\/v2\/comments?post=15549"}],"wp:featuredmedia":[{"embeddable":true,"href":"https:\/\/elportillodecoracion.es\/en\/wp-json\/wp\/v2\/media\/15550"}],"wp:attachment":[{"href":"https:\/\/elportillodecoracion.es\/en\/wp-json\/wp\/v2\/media?parent=15549"}],"wp:term":[{"taxonomy":"product_cat","embeddable":true,"href":"https:\/\/elportillodecoracion.es\/en\/wp-json\/wp\/v2\/product_cat?post=15549"},{"taxonomy":"product_tag","embeddable":true,"href":"https:\/\/elportillodecoracion.es\/en\/wp-json\/wp\/v2\/product_tag?post=15549"}],"curies":[{"name":"wp","href":"https:\/\/api.w.org\/{rel}","templated":true}]}}