{"id":15477,"date":"2021-12-14T12:27:13","date_gmt":"2021-12-14T11:27:13","guid":{"rendered":"https:\/\/elportillodecoracion.es\/?post_type=product&#038;p=15477"},"modified":"2025-10-21T14:35:25","modified_gmt":"2025-10-21T12:35:25","slug":"colgante-navidad-cilindro-rosa-y-dorado-h13-d8","status":"publish","type":"product","link":"https:\/\/elportillodecoracion.es\/en\/tienda\/colgante-navidad-cilindro-rosa-y-dorado-h13-d8\/","title":{"rendered":"COLGANTE NAVIDAD CILINDRO ROSA Y DORADO H13 D8"},"content":{"rendered":"","protected":false},"excerpt":{"rendered":"<p>Este a\u00f1o decora tu <strong>\u00e1rbol<\/strong> de<strong> Navidad<\/strong> con piezas llenas de originalidad, como este precioso <strong>colgante<\/strong> cil\u00edndrico en rosa y dorado, que a\u00f1adir\u00e1 un toque de brillo muy especial a la decoraci\u00f3n navide\u00f1a.<\/p>\n<p>Medidas: 13 cm de altura y 8 cm. de di\u00e1metro.<\/p>\n","protected":false},"featured_media":15478,"comment_status":"open","ping_status":"closed","template":"","meta":{"_joinchat":[]},"product_cat":[681],"product_tag":[],"class_list":{"0":"post-15477","1":"product","2":"type-product","3":"status-publish","4":"has-post-thumbnail","6":"product_cat-christmas-decoration","8":"first","9":"outofstock","10":"taxable","11":"shipping-taxable","12":"purchasable","13":"product-type-simple"},"yoast_head":"<!-- This site is optimized with the Yoast SEO Premium plugin v23.0 (Yoast SEO v25.6) - https:\/\/yoast.com\/wordpress\/plugins\/seo\/ -->\n<title>COLGANTE NAVIDAD CILINDRO ROSA Y DORADO H13 D8 - El Portillo Decoraci\u00f3n<\/title>\n<meta name=\"description\" content=\"Este a\u00f1o decora tu \u00e1rbol de Navidad con piezas llenas de originalidad, que a\u00f1adir\u00e1 un toque de brillo muy especial a la decoraci\u00f3n navide\u00f1a.\" \/>\n<meta name=\"robots\" content=\"index, follow, max-snippet:-1, max-image-preview:large, max-video-preview:-1\" \/>\n<link rel=\"canonical\" href=\"https:\/\/elportillodecoracion.es\/tienda\/colgante-navidad-cilindro-rosa-y-dorado-h13-d8\/\" \/>\n<meta property=\"og:locale\" content=\"en_US\" \/>\n<meta property=\"og:type\" content=\"article\" \/>\n<meta property=\"og:title\" content=\"COLGANTE NAVIDAD CILINDRO ROSA Y DORADO H13 D8\" \/>\n<meta property=\"og:description\" content=\"Este a\u00f1o decora tu \u00e1rbol de Navidad con piezas llenas de originalidad, que a\u00f1adir\u00e1 un toque de brillo muy especial a la decoraci\u00f3n navide\u00f1a.\" \/>\n<meta property=\"og:url\" content=\"https:\/\/elportillodecoracion.es\/tienda\/colgante-navidad-cilindro-rosa-y-dorado-h13-d8\/\" \/>\n<meta property=\"og:site_name\" content=\"El Portillo Decoraci\u00f3n\" \/>\n<meta property=\"article:modified_time\" content=\"2025-10-21T12:35:25+00:00\" \/>\n<meta property=\"og:image\" content=\"https:\/\/elportillodecoracion.es\/wp-content\/uploads\/2021\/12\/68414450.jpg\" \/>\n\t<meta property=\"og:image:width\" content=\"1280\" \/>\n\t<meta property=\"og:image:height\" content=\"1280\" \/>\n\t<meta property=\"og:image:type\" content=\"image\/jpeg\" \/>\n<meta name=\"twitter:card\" content=\"summary_large_image\" \/>\n<meta name=\"twitter:label1\" content=\"Price\" \/>\n\t<meta name=\"twitter:data1\" content=\"19,90&euro; IVA inc\" \/>\n\t<meta name=\"twitter:label2\" content=\"Availability\" \/>\n\t<meta name=\"twitter:data2\" content=\"Out of stock\" \/>\n<script type=\"application\/ld+json\" class=\"yoast-schema-graph\">{\"@context\":\"https:\/\/schema.org\",\"@graph\":[{\"@type\":\"WebPage\",\"@id\":\"https:\/\/elportillodecoracion.es\/tienda\/colgante-navidad-cilindro-rosa-y-dorado-h13-d8\/\",\"url\":\"https:\/\/elportillodecoracion.es\/tienda\/colgante-navidad-cilindro-rosa-y-dorado-h13-d8\/\",\"name\":\"COLGANTE NAVIDAD CILINDRO ROSA Y DORADO H13 D8 - El Portillo Decoraci\u00f3n\",\"isPartOf\":{\"@id\":\"https:\/\/elportillodecoracion.es\/#website\"},\"primaryImageOfPage\":{\"@id\":\"https:\/\/elportillodecoracion.es\/tienda\/colgante-navidad-cilindro-rosa-y-dorado-h13-d8\/#primaryimage\"},\"image\":{\"@id\":\"https:\/\/elportillodecoracion.es\/tienda\/colgante-navidad-cilindro-rosa-y-dorado-h13-d8\/#primaryimage\"},\"thumbnailUrl\":\"https:\/\/elportillodecoracion.es\/wp-content\/uploads\/2021\/12\/68414450.jpg\",\"datePublished\":\"2021-12-14T11:27:13+00:00\",\"dateModified\":\"2025-10-21T12:35:25+00:00\",\"description\":\"Este a\u00f1o decora tu \u00e1rbol de Navidad con piezas llenas de originalidad, que a\u00f1adir\u00e1 un toque de brillo muy especial a la decoraci\u00f3n navide\u00f1a.\",\"breadcrumb\":{\"@id\":\"https:\/\/elportillodecoracion.es\/tienda\/colgante-navidad-cilindro-rosa-y-dorado-h13-d8\/#breadcrumb\"},\"inLanguage\":\"en-US\",\"potentialAction\":[{\"@type\":\"ReadAction\",\"target\":[\"https:\/\/elportillodecoracion.es\/tienda\/colgante-navidad-cilindro-rosa-y-dorado-h13-d8\/\"]}]},{\"@type\":\"ImageObject\",\"inLanguage\":\"en-US\",\"@id\":\"https:\/\/elportillodecoracion.es\/tienda\/colgante-navidad-cilindro-rosa-y-dorado-h13-d8\/#primaryimage\",\"url\":\"https:\/\/elportillodecoracion.es\/wp-content\/uploads\/2021\/12\/68414450.jpg\",\"contentUrl\":\"https:\/\/elportillodecoracion.es\/wp-content\/uploads\/2021\/12\/68414450.jpg\",\"width\":1280,\"height\":1280},{\"@type\":\"BreadcrumbList\",\"@id\":\"https:\/\/elportillodecoracion.es\/tienda\/colgante-navidad-cilindro-rosa-y-dorado-h13-d8\/#breadcrumb\",\"itemListElement\":[{\"@type\":\"ListItem\",\"position\":1,\"name\":\"Portada\",\"item\":\"https:\/\/elportillodecoracion.es\/\"},{\"@type\":\"ListItem\",\"position\":2,\"name\":\"Tienda\",\"item\":\"https:\/\/elportillodecoracion.es\/tienda\/\"},{\"@type\":\"ListItem\",\"position\":3,\"name\":\"COLGANTE NAVIDAD CILINDRO ROSA Y DORADO H13 D8\"}]},{\"@type\":\"WebSite\",\"@id\":\"https:\/\/elportillodecoracion.es\/#website\",\"url\":\"https:\/\/elportillodecoracion.es\/\",\"name\":\"El Portillo Decoraci\u00f3n\",\"description\":\"Muebles y Decoraci\u00f3n\",\"publisher\":{\"@id\":\"https:\/\/elportillodecoracion.es\/#organization\"},\"potentialAction\":[{\"@type\":\"SearchAction\",\"target\":{\"@type\":\"EntryPoint\",\"urlTemplate\":\"https:\/\/elportillodecoracion.es\/?s={search_term_string}\"},\"query-input\":{\"@type\":\"PropertyValueSpecification\",\"valueRequired\":true,\"valueName\":\"search_term_string\"}}],\"inLanguage\":\"en-US\"},{\"@type\":\"Organization\",\"@id\":\"https:\/\/elportillodecoracion.es\/#organization\",\"name\":\"El Portillo Decoraci\u00f3n\",\"url\":\"https:\/\/elportillodecoracion.es\/\",\"logo\":{\"@type\":\"ImageObject\",\"inLanguage\":\"en-US\",\"@id\":\"https:\/\/elportillodecoracion.es\/#\/schema\/logo\/image\/\",\"url\":\"https:\/\/elportillodecoracion.es\/wp-content\/uploads\/2018\/11\/El-Portillo_logo-300.jpg\",\"contentUrl\":\"https:\/\/elportillodecoracion.es\/wp-content\/uploads\/2018\/11\/El-Portillo_logo-300.jpg\",\"width\":350,\"height\":91,\"caption\":\"El Portillo Decoraci\u00f3n\"},\"image\":{\"@id\":\"https:\/\/elportillodecoracion.es\/#\/schema\/logo\/image\/\"}}]}<\/script>\n<meta property=\"product:price:amount\" content=\"19.90\" \/>\n<meta property=\"product:price:currency\" content=\"EUR\" \/>\n<meta property=\"og:availability\" content=\"out of stock\" \/>\n<meta property=\"product:availability\" content=\"out of stock\" \/>\n<meta property=\"product:retailer_item_id\" content=\"684144,50\" \/>\n<meta property=\"product:condition\" content=\"new\" \/>\n<!-- \/ Yoast SEO Premium plugin. -->","yoast_head_json":{"title":"COLGANTE NAVIDAD CILINDRO ROSA Y DORADO H13 D8 - El Portillo Decoraci\u00f3n","description":"Este a\u00f1o decora tu \u00e1rbol de Navidad con piezas llenas de originalidad, que a\u00f1adir\u00e1 un toque de brillo muy especial a la decoraci\u00f3n navide\u00f1a.","robots":{"index":"index","follow":"follow","max-snippet":"max-snippet:-1","max-image-preview":"max-image-preview:large","max-video-preview":"max-video-preview:-1"},"canonical":"https:\/\/elportillodecoracion.es\/tienda\/colgante-navidad-cilindro-rosa-y-dorado-h13-d8\/","og_locale":"en_US","og_type":"article","og_title":"COLGANTE NAVIDAD CILINDRO ROSA Y DORADO H13 D8","og_description":"Este a\u00f1o decora tu \u00e1rbol de Navidad con piezas llenas de originalidad, que a\u00f1adir\u00e1 un toque de brillo muy especial a la decoraci\u00f3n navide\u00f1a.","og_url":"https:\/\/elportillodecoracion.es\/tienda\/colgante-navidad-cilindro-rosa-y-dorado-h13-d8\/","og_site_name":"El Portillo Decoraci\u00f3n","article_modified_time":"2025-10-21T12:35:25+00:00","og_image":[{"width":1280,"height":1280,"url":"https:\/\/elportillodecoracion.es\/wp-content\/uploads\/2021\/12\/68414450.jpg","type":"image\/jpeg"}],"twitter_card":"summary_large_image","twitter_misc":{"Price":"19,90&euro; IVA inc","Availability":"Out of stock"},"schema":{"@context":"https:\/\/schema.org","@graph":[{"@type":"WebPage","@id":"https:\/\/elportillodecoracion.es\/tienda\/colgante-navidad-cilindro-rosa-y-dorado-h13-d8\/","url":"https:\/\/elportillodecoracion.es\/tienda\/colgante-navidad-cilindro-rosa-y-dorado-h13-d8\/","name":"COLGANTE NAVIDAD CILINDRO ROSA Y DORADO H13 D8 - El Portillo Decoraci\u00f3n","isPartOf":{"@id":"https:\/\/elportillodecoracion.es\/#website"},"primaryImageOfPage":{"@id":"https:\/\/elportillodecoracion.es\/tienda\/colgante-navidad-cilindro-rosa-y-dorado-h13-d8\/#primaryimage"},"image":{"@id":"https:\/\/elportillodecoracion.es\/tienda\/colgante-navidad-cilindro-rosa-y-dorado-h13-d8\/#primaryimage"},"thumbnailUrl":"https:\/\/elportillodecoracion.es\/wp-content\/uploads\/2021\/12\/68414450.jpg","datePublished":"2021-12-14T11:27:13+00:00","dateModified":"2025-10-21T12:35:25+00:00","description":"Este a\u00f1o decora tu \u00e1rbol de Navidad con piezas llenas de originalidad, que a\u00f1adir\u00e1 un toque de brillo muy especial a la decoraci\u00f3n navide\u00f1a.","breadcrumb":{"@id":"https:\/\/elportillodecoracion.es\/tienda\/colgante-navidad-cilindro-rosa-y-dorado-h13-d8\/#breadcrumb"},"inLanguage":"en-US","potentialAction":[{"@type":"ReadAction","target":["https:\/\/elportillodecoracion.es\/tienda\/colgante-navidad-cilindro-rosa-y-dorado-h13-d8\/"]}]},{"@type":"ImageObject","inLanguage":"en-US","@id":"https:\/\/elportillodecoracion.es\/tienda\/colgante-navidad-cilindro-rosa-y-dorado-h13-d8\/#primaryimage","url":"https:\/\/elportillodecoracion.es\/wp-content\/uploads\/2021\/12\/68414450.jpg","contentUrl":"https:\/\/elportillodecoracion.es\/wp-content\/uploads\/2021\/12\/68414450.jpg","width":1280,"height":1280},{"@type":"BreadcrumbList","@id":"https:\/\/elportillodecoracion.es\/tienda\/colgante-navidad-cilindro-rosa-y-dorado-h13-d8\/#breadcrumb","itemListElement":[{"@type":"ListItem","position":1,"name":"Portada","item":"https:\/\/elportillodecoracion.es\/"},{"@type":"ListItem","position":2,"name":"Tienda","item":"https:\/\/elportillodecoracion.es\/tienda\/"},{"@type":"ListItem","position":3,"name":"COLGANTE NAVIDAD CILINDRO ROSA Y DORADO H13 D8"}]},{"@type":"WebSite","@id":"https:\/\/elportillodecoracion.es\/#website","url":"https:\/\/elportillodecoracion.es\/","name":"El Portillo Decoraci\u00f3n","description":"Muebles y Decoraci\u00f3n","publisher":{"@id":"https:\/\/elportillodecoracion.es\/#organization"},"potentialAction":[{"@type":"SearchAction","target":{"@type":"EntryPoint","urlTemplate":"https:\/\/elportillodecoracion.es\/?s={search_term_string}"},"query-input":{"@type":"PropertyValueSpecification","valueRequired":true,"valueName":"search_term_string"}}],"inLanguage":"en-US"},{"@type":"Organization","@id":"https:\/\/elportillodecoracion.es\/#organization","name":"El Portillo Decoraci\u00f3n","url":"https:\/\/elportillodecoracion.es\/","logo":{"@type":"ImageObject","inLanguage":"en-US","@id":"https:\/\/elportillodecoracion.es\/#\/schema\/logo\/image\/","url":"https:\/\/elportillodecoracion.es\/wp-content\/uploads\/2018\/11\/El-Portillo_logo-300.jpg","contentUrl":"https:\/\/elportillodecoracion.es\/wp-content\/uploads\/2018\/11\/El-Portillo_logo-300.jpg","width":350,"height":91,"caption":"El Portillo Decoraci\u00f3n"},"image":{"@id":"https:\/\/elportillodecoracion.es\/#\/schema\/logo\/image\/"}}]},"product_price_amount":"19.90","product_price_currency":"EUR","og_availability":"out of stock","product_availability":"out of stock","product_retailer_item_id":"684144,50","product_condition":"new"},"_links":{"self":[{"href":"https:\/\/elportillodecoracion.es\/en\/wp-json\/wp\/v2\/product\/15477","targetHints":{"allow":["GET"]}}],"collection":[{"href":"https:\/\/elportillodecoracion.es\/en\/wp-json\/wp\/v2\/product"}],"about":[{"href":"https:\/\/elportillodecoracion.es\/en\/wp-json\/wp\/v2\/types\/product"}],"replies":[{"embeddable":true,"href":"https:\/\/elportillodecoracion.es\/en\/wp-json\/wp\/v2\/comments?post=15477"}],"wp:featuredmedia":[{"embeddable":true,"href":"https:\/\/elportillodecoracion.es\/en\/wp-json\/wp\/v2\/media\/15478"}],"wp:attachment":[{"href":"https:\/\/elportillodecoracion.es\/en\/wp-json\/wp\/v2\/media?parent=15477"}],"wp:term":[{"taxonomy":"product_cat","embeddable":true,"href":"https:\/\/elportillodecoracion.es\/en\/wp-json\/wp\/v2\/product_cat?post=15477"},{"taxonomy":"product_tag","embeddable":true,"href":"https:\/\/elportillodecoracion.es\/en\/wp-json\/wp\/v2\/product_tag?post=15477"}],"curies":[{"name":"wp","href":"https:\/\/api.w.org\/{rel}","templated":true}]}}