{"id":15095,"date":"2021-07-31T19:59:29","date_gmt":"2021-07-31T17:59:29","guid":{"rendered":"https:\/\/elportillodecoracion.es\/?post_type=product&#038;p=15095"},"modified":"2025-01-15T20:19:16","modified_gmt":"2025-01-15T19:19:16","slug":"centro-caravana-ceramica-21x16x2-cm","status":"publish","type":"product","link":"https:\/\/elportillodecoracion.es\/en\/tienda\/centro-caravana-ceramica-21x16x2-cm\/","title":{"rendered":"CENTRO CARAVANA CER\u00c1MICA 21x16x2 CM"},"content":{"rendered":"","protected":false},"excerpt":{"rendered":"<p><strong>Centro<\/strong> de <strong>mesa<\/strong> de <strong>cer\u00e1mica<\/strong> con forma de caravana. Dale un toque original a tu mesa o mueble favorito con este centro de mesa al que tambi\u00e9n podr\u00e1s darle uso de vac\u00edabolsillos.<\/p>\n<p>Medidas: 21 cm. x 16 cm.<\/p>\n","protected":false},"featured_media":19487,"comment_status":"open","ping_status":"closed","template":"","meta":{"_joinchat":[]},"product_cat":[710,730],"product_tag":[802],"class_list":{"0":"post-15095","1":"product","2":"type-product","3":"status-publish","4":"has-post-thumbnail","6":"product_cat-centerpieces","7":"product_cat-outlet","8":"product_tag-ceramics","10":"first","11":"instock","12":"sale","13":"taxable","14":"shipping-taxable","15":"purchasable","16":"product-type-simple"},"yoast_head":"<!-- This site is optimized with the Yoast SEO Premium plugin v23.0 (Yoast SEO v25.6) - https:\/\/yoast.com\/wordpress\/plugins\/seo\/ -->\n<title>CENTRO CARAVANA CER\u00c1MICA 21x16x2 CM - El Portillo Decoraci\u00f3n<\/title>\n<meta name=\"description\" content=\"Centro de mesa de cer\u00e1mica con forma de caravana. Dale un toque original a tu mesa o mueble favorito con este centro de mesa.\" \/>\n<meta name=\"robots\" content=\"index, follow, max-snippet:-1, max-image-preview:large, max-video-preview:-1\" \/>\n<link rel=\"canonical\" href=\"https:\/\/elportillodecoracion.es\/tienda\/centro-caravana-ceramica-21x16x2-cm\/\" \/>\n<meta property=\"og:locale\" content=\"en_US\" \/>\n<meta property=\"og:type\" content=\"article\" \/>\n<meta property=\"og:title\" content=\"CENTRO CARAVANA CER\u00c1MICA 21x16x2 CM\" \/>\n<meta property=\"og:description\" content=\"Centro de mesa de cer\u00e1mica con forma de caravana. Dale un toque original a tu mesa o mueble favorito con este centro de mesa.\" \/>\n<meta property=\"og:url\" content=\"https:\/\/elportillodecoracion.es\/tienda\/centro-caravana-ceramica-21x16x2-cm\/\" \/>\n<meta property=\"og:site_name\" content=\"El Portillo Decoraci\u00f3n\" \/>\n<meta property=\"article:modified_time\" content=\"2025-01-15T19:19:16+00:00\" \/>\n<meta property=\"og:image\" content=\"https:\/\/elportillodecoracion.es\/wp-content\/uploads\/2021\/07\/274004-3.jpg\" \/>\n\t<meta property=\"og:image:width\" content=\"1751\" \/>\n\t<meta property=\"og:image:height\" content=\"1167\" \/>\n\t<meta property=\"og:image:type\" content=\"image\/jpeg\" \/>\n<meta name=\"twitter:card\" content=\"summary_large_image\" \/>\n<meta name=\"twitter:label1\" content=\"Price\" \/>\n\t<meta name=\"twitter:data1\" content=\"3,95&euro; IVA inc\" \/>\n\t<meta name=\"twitter:label2\" content=\"Availability\" \/>\n\t<meta name=\"twitter:data2\" content=\"In stock\" \/>\n<script type=\"application\/ld+json\" class=\"yoast-schema-graph\">{\"@context\":\"https:\/\/schema.org\",\"@graph\":[{\"@type\":\"WebPage\",\"@id\":\"https:\/\/elportillodecoracion.es\/tienda\/centro-caravana-ceramica-21x16x2-cm\/\",\"url\":\"https:\/\/elportillodecoracion.es\/tienda\/centro-caravana-ceramica-21x16x2-cm\/\",\"name\":\"CENTRO CARAVANA CER\u00c1MICA 21x16x2 CM - El Portillo Decoraci\u00f3n\",\"isPartOf\":{\"@id\":\"https:\/\/elportillodecoracion.es\/#website\"},\"primaryImageOfPage\":{\"@id\":\"https:\/\/elportillodecoracion.es\/tienda\/centro-caravana-ceramica-21x16x2-cm\/#primaryimage\"},\"image\":{\"@id\":\"https:\/\/elportillodecoracion.es\/tienda\/centro-caravana-ceramica-21x16x2-cm\/#primaryimage\"},\"thumbnailUrl\":\"https:\/\/elportillodecoracion.es\/wp-content\/uploads\/2021\/07\/274004-3.jpg\",\"datePublished\":\"2021-07-31T17:59:29+00:00\",\"dateModified\":\"2025-01-15T19:19:16+00:00\",\"description\":\"Centro de mesa de cer\u00e1mica con forma de caravana. Dale un toque original a tu mesa o mueble favorito con este centro de mesa.\",\"breadcrumb\":{\"@id\":\"https:\/\/elportillodecoracion.es\/tienda\/centro-caravana-ceramica-21x16x2-cm\/#breadcrumb\"},\"inLanguage\":\"en-US\",\"potentialAction\":[{\"@type\":\"ReadAction\",\"target\":[\"https:\/\/elportillodecoracion.es\/tienda\/centro-caravana-ceramica-21x16x2-cm\/\"]}]},{\"@type\":\"ImageObject\",\"inLanguage\":\"en-US\",\"@id\":\"https:\/\/elportillodecoracion.es\/tienda\/centro-caravana-ceramica-21x16x2-cm\/#primaryimage\",\"url\":\"https:\/\/elportillodecoracion.es\/wp-content\/uploads\/2021\/07\/274004-3.jpg\",\"contentUrl\":\"https:\/\/elportillodecoracion.es\/wp-content\/uploads\/2021\/07\/274004-3.jpg\",\"width\":1751,\"height\":1167},{\"@type\":\"BreadcrumbList\",\"@id\":\"https:\/\/elportillodecoracion.es\/tienda\/centro-caravana-ceramica-21x16x2-cm\/#breadcrumb\",\"itemListElement\":[{\"@type\":\"ListItem\",\"position\":1,\"name\":\"Portada\",\"item\":\"https:\/\/elportillodecoracion.es\/\"},{\"@type\":\"ListItem\",\"position\":2,\"name\":\"Tienda\",\"item\":\"https:\/\/elportillodecoracion.es\/tienda\/\"},{\"@type\":\"ListItem\",\"position\":3,\"name\":\"CENTRO CARAVANA CER\u00c1MICA 21x16x2 CM\"}]},{\"@type\":\"WebSite\",\"@id\":\"https:\/\/elportillodecoracion.es\/#website\",\"url\":\"https:\/\/elportillodecoracion.es\/\",\"name\":\"El Portillo Decoraci\u00f3n\",\"description\":\"Muebles y Decoraci\u00f3n\",\"publisher\":{\"@id\":\"https:\/\/elportillodecoracion.es\/#organization\"},\"potentialAction\":[{\"@type\":\"SearchAction\",\"target\":{\"@type\":\"EntryPoint\",\"urlTemplate\":\"https:\/\/elportillodecoracion.es\/?s={search_term_string}\"},\"query-input\":{\"@type\":\"PropertyValueSpecification\",\"valueRequired\":true,\"valueName\":\"search_term_string\"}}],\"inLanguage\":\"en-US\"},{\"@type\":\"Organization\",\"@id\":\"https:\/\/elportillodecoracion.es\/#organization\",\"name\":\"El Portillo Decoraci\u00f3n\",\"url\":\"https:\/\/elportillodecoracion.es\/\",\"logo\":{\"@type\":\"ImageObject\",\"inLanguage\":\"en-US\",\"@id\":\"https:\/\/elportillodecoracion.es\/#\/schema\/logo\/image\/\",\"url\":\"https:\/\/elportillodecoracion.es\/wp-content\/uploads\/2018\/11\/El-Portillo_logo-300.jpg\",\"contentUrl\":\"https:\/\/elportillodecoracion.es\/wp-content\/uploads\/2018\/11\/El-Portillo_logo-300.jpg\",\"width\":350,\"height\":91,\"caption\":\"El Portillo Decoraci\u00f3n\"},\"image\":{\"@id\":\"https:\/\/elportillodecoracion.es\/#\/schema\/logo\/image\/\"}}]}<\/script>\n<meta property=\"product:price:amount\" content=\"3.95\" \/>\n<meta property=\"product:price:currency\" content=\"EUR\" \/>\n<meta property=\"og:availability\" content=\"instock\" \/>\n<meta property=\"product:availability\" content=\"instock\" \/>\n<meta property=\"product:retailer_item_id\" content=\"274003\" \/>\n<meta property=\"product:condition\" content=\"new\" \/>\n<!-- \/ Yoast SEO Premium plugin. -->","yoast_head_json":{"title":"CENTRO CARAVANA CER\u00c1MICA 21x16x2 CM - El Portillo Decoraci\u00f3n","description":"Centro de mesa de cer\u00e1mica con forma de caravana. Dale un toque original a tu mesa o mueble favorito con este centro de mesa.","robots":{"index":"index","follow":"follow","max-snippet":"max-snippet:-1","max-image-preview":"max-image-preview:large","max-video-preview":"max-video-preview:-1"},"canonical":"https:\/\/elportillodecoracion.es\/tienda\/centro-caravana-ceramica-21x16x2-cm\/","og_locale":"en_US","og_type":"article","og_title":"CENTRO CARAVANA CER\u00c1MICA 21x16x2 CM","og_description":"Centro de mesa de cer\u00e1mica con forma de caravana. Dale un toque original a tu mesa o mueble favorito con este centro de mesa.","og_url":"https:\/\/elportillodecoracion.es\/tienda\/centro-caravana-ceramica-21x16x2-cm\/","og_site_name":"El Portillo Decoraci\u00f3n","article_modified_time":"2025-01-15T19:19:16+00:00","og_image":[{"width":1751,"height":1167,"url":"https:\/\/elportillodecoracion.es\/wp-content\/uploads\/2021\/07\/274004-3.jpg","type":"image\/jpeg"}],"twitter_card":"summary_large_image","twitter_misc":{"Price":"3,95&euro; IVA inc","Availability":"In stock"},"schema":{"@context":"https:\/\/schema.org","@graph":[{"@type":"WebPage","@id":"https:\/\/elportillodecoracion.es\/tienda\/centro-caravana-ceramica-21x16x2-cm\/","url":"https:\/\/elportillodecoracion.es\/tienda\/centro-caravana-ceramica-21x16x2-cm\/","name":"CENTRO CARAVANA CER\u00c1MICA 21x16x2 CM - El Portillo Decoraci\u00f3n","isPartOf":{"@id":"https:\/\/elportillodecoracion.es\/#website"},"primaryImageOfPage":{"@id":"https:\/\/elportillodecoracion.es\/tienda\/centro-caravana-ceramica-21x16x2-cm\/#primaryimage"},"image":{"@id":"https:\/\/elportillodecoracion.es\/tienda\/centro-caravana-ceramica-21x16x2-cm\/#primaryimage"},"thumbnailUrl":"https:\/\/elportillodecoracion.es\/wp-content\/uploads\/2021\/07\/274004-3.jpg","datePublished":"2021-07-31T17:59:29+00:00","dateModified":"2025-01-15T19:19:16+00:00","description":"Centro de mesa de cer\u00e1mica con forma de caravana. Dale un toque original a tu mesa o mueble favorito con este centro de mesa.","breadcrumb":{"@id":"https:\/\/elportillodecoracion.es\/tienda\/centro-caravana-ceramica-21x16x2-cm\/#breadcrumb"},"inLanguage":"en-US","potentialAction":[{"@type":"ReadAction","target":["https:\/\/elportillodecoracion.es\/tienda\/centro-caravana-ceramica-21x16x2-cm\/"]}]},{"@type":"ImageObject","inLanguage":"en-US","@id":"https:\/\/elportillodecoracion.es\/tienda\/centro-caravana-ceramica-21x16x2-cm\/#primaryimage","url":"https:\/\/elportillodecoracion.es\/wp-content\/uploads\/2021\/07\/274004-3.jpg","contentUrl":"https:\/\/elportillodecoracion.es\/wp-content\/uploads\/2021\/07\/274004-3.jpg","width":1751,"height":1167},{"@type":"BreadcrumbList","@id":"https:\/\/elportillodecoracion.es\/tienda\/centro-caravana-ceramica-21x16x2-cm\/#breadcrumb","itemListElement":[{"@type":"ListItem","position":1,"name":"Portada","item":"https:\/\/elportillodecoracion.es\/"},{"@type":"ListItem","position":2,"name":"Tienda","item":"https:\/\/elportillodecoracion.es\/tienda\/"},{"@type":"ListItem","position":3,"name":"CENTRO CARAVANA CER\u00c1MICA 21x16x2 CM"}]},{"@type":"WebSite","@id":"https:\/\/elportillodecoracion.es\/#website","url":"https:\/\/elportillodecoracion.es\/","name":"El Portillo Decoraci\u00f3n","description":"Muebles y Decoraci\u00f3n","publisher":{"@id":"https:\/\/elportillodecoracion.es\/#organization"},"potentialAction":[{"@type":"SearchAction","target":{"@type":"EntryPoint","urlTemplate":"https:\/\/elportillodecoracion.es\/?s={search_term_string}"},"query-input":{"@type":"PropertyValueSpecification","valueRequired":true,"valueName":"search_term_string"}}],"inLanguage":"en-US"},{"@type":"Organization","@id":"https:\/\/elportillodecoracion.es\/#organization","name":"El Portillo Decoraci\u00f3n","url":"https:\/\/elportillodecoracion.es\/","logo":{"@type":"ImageObject","inLanguage":"en-US","@id":"https:\/\/elportillodecoracion.es\/#\/schema\/logo\/image\/","url":"https:\/\/elportillodecoracion.es\/wp-content\/uploads\/2018\/11\/El-Portillo_logo-300.jpg","contentUrl":"https:\/\/elportillodecoracion.es\/wp-content\/uploads\/2018\/11\/El-Portillo_logo-300.jpg","width":350,"height":91,"caption":"El Portillo Decoraci\u00f3n"},"image":{"@id":"https:\/\/elportillodecoracion.es\/#\/schema\/logo\/image\/"}}]},"product_price_amount":"3.95","product_price_currency":"EUR","og_availability":"instock","product_availability":"instock","product_retailer_item_id":"274003","product_condition":"new"},"_links":{"self":[{"href":"https:\/\/elportillodecoracion.es\/en\/wp-json\/wp\/v2\/product\/15095","targetHints":{"allow":["GET"]}}],"collection":[{"href":"https:\/\/elportillodecoracion.es\/en\/wp-json\/wp\/v2\/product"}],"about":[{"href":"https:\/\/elportillodecoracion.es\/en\/wp-json\/wp\/v2\/types\/product"}],"replies":[{"embeddable":true,"href":"https:\/\/elportillodecoracion.es\/en\/wp-json\/wp\/v2\/comments?post=15095"}],"wp:featuredmedia":[{"embeddable":true,"href":"https:\/\/elportillodecoracion.es\/en\/wp-json\/wp\/v2\/media\/19487"}],"wp:attachment":[{"href":"https:\/\/elportillodecoracion.es\/en\/wp-json\/wp\/v2\/media?parent=15095"}],"wp:term":[{"taxonomy":"product_cat","embeddable":true,"href":"https:\/\/elportillodecoracion.es\/en\/wp-json\/wp\/v2\/product_cat?post=15095"},{"taxonomy":"product_tag","embeddable":true,"href":"https:\/\/elportillodecoracion.es\/en\/wp-json\/wp\/v2\/product_tag?post=15095"}],"curies":[{"name":"wp","href":"https:\/\/api.w.org\/{rel}","templated":true}]}}