{"id":13840,"date":"2021-05-09T22:11:22","date_gmt":"2021-05-09T20:11:22","guid":{"rendered":"https:\/\/elportillodecoracion.es\/tienda\/atrapasuenos-multicolor-32-x-100-cm-algodon-plumas\/"},"modified":"2021-08-24T20:44:49","modified_gmt":"2021-08-24T18:44:49","slug":"atrapasuenos-multicolor-32-x-100-cm-algodon-plumas","status":"publish","type":"product","link":"https:\/\/elportillodecoracion.es\/en\/tienda\/atrapasuenos-multicolor-32-x-100-cm-algodon-plumas\/","title":{"rendered":"ATRAPASUE\u00d1OS MULTICOLOR  32 X 100 CM. ALGOD\u00d3N PLUMAS."},"content":{"rendered":"","protected":false},"excerpt":{"rendered":"<p>El\u00a0<b>atrapasue\u00f1os<\/b>\u00a0debe colocarse siempre cerca del cabecero de la cama, normalmente colgado del techo. Adem\u00e1s, debe tener una luz natural cerca para que los primeros rayos de sol lo iluminen, lo limpien y carguen de energ\u00eda.<\/p>\n","protected":false},"featured_media":13865,"comment_status":"open","ping_status":"closed","template":"","meta":{"_joinchat":[]},"product_cat":[709,713],"product_tag":[918],"class_list":{"0":"post-13840","1":"product","2":"type-product","3":"status-publish","4":"has-post-thumbnail","6":"product_cat-decorative-figures","7":"product_cat-other-elements","8":"product_tag-algodon","10":"first","11":"outofstock","12":"taxable","13":"shipping-taxable","14":"purchasable","15":"product-type-simple"},"yoast_head":"<!-- This site is optimized with the Yoast SEO Premium plugin v23.0 (Yoast SEO v25.6) - https:\/\/yoast.com\/wordpress\/plugins\/seo\/ -->\n<title>ATRAPASUE\u00d1OS MULTICOLOR 32 X 100 CM. ALGOD\u00d3N PLUMAS. - El Portillo Decoraci\u00f3n<\/title>\n<meta name=\"description\" content=\"El\u00a0atrapasue\u00f1os\u00a0debe colocarse siempre cerca del cabecero de la cama, normalmente colgado del techo. Adem\u00e1s, debe tener una luz natural cerca para que los primeros rayos de sol lo iluminen, lo limpien y carguen de energ\u00eda.\" \/>\n<meta name=\"robots\" content=\"index, follow, max-snippet:-1, max-image-preview:large, max-video-preview:-1\" \/>\n<link rel=\"canonical\" href=\"https:\/\/elportillodecoracion.es\/tienda\/atrapasuenos-multicolor-32-x-100-cm-algodon-plumas\/\" \/>\n<meta property=\"og:locale\" content=\"en_US\" \/>\n<meta property=\"og:type\" content=\"article\" \/>\n<meta property=\"og:title\" content=\"ATRAPASUE\u00d1OS MULTICOLOR 32 X 100 CM. ALGOD\u00d3N PLUMAS.\" \/>\n<meta property=\"og:description\" content=\"El\u00a0atrapasue\u00f1os\u00a0debe colocarse siempre cerca del cabecero de la cama, normalmente colgado del techo. Adem\u00e1s, debe tener una luz natural cerca para que los primeros rayos de sol lo iluminen, lo limpien y carguen de energ\u00eda.\" \/>\n<meta property=\"og:url\" content=\"https:\/\/elportillodecoracion.es\/tienda\/atrapasuenos-multicolor-32-x-100-cm-algodon-plumas\/\" \/>\n<meta property=\"og:site_name\" content=\"El Portillo Decoraci\u00f3n\" \/>\n<meta property=\"article:modified_time\" content=\"2021-08-24T18:44:49+00:00\" \/>\n<meta property=\"og:image\" content=\"https:\/\/elportillodecoracion.es\/wp-content\/uploads\/2018\/11\/151645-ATRAPASUENOS-ALGODON-PLUMAS-32X100-MULTICOLOR.jpg\" \/>\n\t<meta property=\"og:image:width\" content=\"700\" \/>\n\t<meta property=\"og:image:height\" content=\"467\" \/>\n\t<meta property=\"og:image:type\" content=\"image\/jpeg\" \/>\n<meta name=\"twitter:card\" content=\"summary_large_image\" \/>\n<meta name=\"twitter:label1\" content=\"Price\" \/>\n\t<meta name=\"twitter:data1\" content=\"22,90&euro; IVA inc\" \/>\n\t<meta name=\"twitter:label2\" content=\"Availability\" \/>\n\t<meta name=\"twitter:data2\" content=\"Out of stock\" \/>\n<script type=\"application\/ld+json\" class=\"yoast-schema-graph\">{\"@context\":\"https:\/\/schema.org\",\"@graph\":[{\"@type\":\"WebPage\",\"@id\":\"https:\/\/elportillodecoracion.es\/tienda\/atrapasuenos-multicolor-32-x-100-cm-algodon-plumas\/\",\"url\":\"https:\/\/elportillodecoracion.es\/tienda\/atrapasuenos-multicolor-32-x-100-cm-algodon-plumas\/\",\"name\":\"ATRAPASUE\u00d1OS MULTICOLOR 32 X 100 CM. ALGOD\u00d3N PLUMAS. - El Portillo Decoraci\u00f3n\",\"isPartOf\":{\"@id\":\"https:\/\/elportillodecoracion.es\/#website\"},\"primaryImageOfPage\":{\"@id\":\"https:\/\/elportillodecoracion.es\/tienda\/atrapasuenos-multicolor-32-x-100-cm-algodon-plumas\/#primaryimage\"},\"image\":{\"@id\":\"https:\/\/elportillodecoracion.es\/tienda\/atrapasuenos-multicolor-32-x-100-cm-algodon-plumas\/#primaryimage\"},\"thumbnailUrl\":\"https:\/\/elportillodecoracion.es\/wp-content\/uploads\/2018\/11\/151645-ATRAPASUENOS-ALGODON-PLUMAS-32X100-MULTICOLOR.jpg\",\"datePublished\":\"2021-05-09T20:11:22+00:00\",\"dateModified\":\"2021-08-24T18:44:49+00:00\",\"description\":\"El\u00a0atrapasue\u00f1os\u00a0debe colocarse siempre cerca del cabecero de la cama, normalmente colgado del techo. Adem\u00e1s, debe tener una luz natural cerca para que los primeros rayos de sol lo iluminen, lo limpien y carguen de energ\u00eda.\",\"breadcrumb\":{\"@id\":\"https:\/\/elportillodecoracion.es\/tienda\/atrapasuenos-multicolor-32-x-100-cm-algodon-plumas\/#breadcrumb\"},\"inLanguage\":\"en-US\",\"potentialAction\":[{\"@type\":\"ReadAction\",\"target\":[\"https:\/\/elportillodecoracion.es\/tienda\/atrapasuenos-multicolor-32-x-100-cm-algodon-plumas\/\"]}]},{\"@type\":\"ImageObject\",\"inLanguage\":\"en-US\",\"@id\":\"https:\/\/elportillodecoracion.es\/tienda\/atrapasuenos-multicolor-32-x-100-cm-algodon-plumas\/#primaryimage\",\"url\":\"https:\/\/elportillodecoracion.es\/wp-content\/uploads\/2018\/11\/151645-ATRAPASUENOS-ALGODON-PLUMAS-32X100-MULTICOLOR.jpg\",\"contentUrl\":\"https:\/\/elportillodecoracion.es\/wp-content\/uploads\/2018\/11\/151645-ATRAPASUENOS-ALGODON-PLUMAS-32X100-MULTICOLOR.jpg\",\"width\":700,\"height\":467},{\"@type\":\"BreadcrumbList\",\"@id\":\"https:\/\/elportillodecoracion.es\/tienda\/atrapasuenos-multicolor-32-x-100-cm-algodon-plumas\/#breadcrumb\",\"itemListElement\":[{\"@type\":\"ListItem\",\"position\":1,\"name\":\"Portada\",\"item\":\"https:\/\/elportillodecoracion.es\/\"},{\"@type\":\"ListItem\",\"position\":2,\"name\":\"Tienda\",\"item\":\"https:\/\/elportillodecoracion.es\/tienda\/\"},{\"@type\":\"ListItem\",\"position\":3,\"name\":\"ATRAPASUE\u00d1OS MULTICOLOR 32 X 100 CM. ALGOD\u00d3N PLUMAS.\"}]},{\"@type\":\"WebSite\",\"@id\":\"https:\/\/elportillodecoracion.es\/#website\",\"url\":\"https:\/\/elportillodecoracion.es\/\",\"name\":\"El Portillo Decoraci\u00f3n\",\"description\":\"Muebles y Decoraci\u00f3n\",\"publisher\":{\"@id\":\"https:\/\/elportillodecoracion.es\/#organization\"},\"potentialAction\":[{\"@type\":\"SearchAction\",\"target\":{\"@type\":\"EntryPoint\",\"urlTemplate\":\"https:\/\/elportillodecoracion.es\/?s={search_term_string}\"},\"query-input\":{\"@type\":\"PropertyValueSpecification\",\"valueRequired\":true,\"valueName\":\"search_term_string\"}}],\"inLanguage\":\"en-US\"},{\"@type\":\"Organization\",\"@id\":\"https:\/\/elportillodecoracion.es\/#organization\",\"name\":\"El Portillo Decoraci\u00f3n\",\"url\":\"https:\/\/elportillodecoracion.es\/\",\"logo\":{\"@type\":\"ImageObject\",\"inLanguage\":\"en-US\",\"@id\":\"https:\/\/elportillodecoracion.es\/#\/schema\/logo\/image\/\",\"url\":\"https:\/\/elportillodecoracion.es\/wp-content\/uploads\/2018\/11\/El-Portillo_logo-300.jpg\",\"contentUrl\":\"https:\/\/elportillodecoracion.es\/wp-content\/uploads\/2018\/11\/El-Portillo_logo-300.jpg\",\"width\":350,\"height\":91,\"caption\":\"El Portillo Decoraci\u00f3n\"},\"image\":{\"@id\":\"https:\/\/elportillodecoracion.es\/#\/schema\/logo\/image\/\"}}]}<\/script>\n<meta property=\"product:price:amount\" content=\"22.90\" \/>\n<meta property=\"product:price:currency\" content=\"EUR\" \/>\n<meta property=\"og:availability\" content=\"out of stock\" \/>\n<meta property=\"product:availability\" content=\"out of stock\" \/>\n<meta property=\"product:retailer_item_id\" content=\"151645\" \/>\n<meta property=\"product:condition\" content=\"new\" \/>\n<!-- \/ Yoast SEO Premium plugin. -->","yoast_head_json":{"title":"ATRAPASUE\u00d1OS MULTICOLOR 32 X 100 CM. ALGOD\u00d3N PLUMAS. - El Portillo Decoraci\u00f3n","description":"El\u00a0atrapasue\u00f1os\u00a0debe colocarse siempre cerca del cabecero de la cama, normalmente colgado del techo. Adem\u00e1s, debe tener una luz natural cerca para que los primeros rayos de sol lo iluminen, lo limpien y carguen de energ\u00eda.","robots":{"index":"index","follow":"follow","max-snippet":"max-snippet:-1","max-image-preview":"max-image-preview:large","max-video-preview":"max-video-preview:-1"},"canonical":"https:\/\/elportillodecoracion.es\/tienda\/atrapasuenos-multicolor-32-x-100-cm-algodon-plumas\/","og_locale":"en_US","og_type":"article","og_title":"ATRAPASUE\u00d1OS MULTICOLOR 32 X 100 CM. ALGOD\u00d3N PLUMAS.","og_description":"El\u00a0atrapasue\u00f1os\u00a0debe colocarse siempre cerca del cabecero de la cama, normalmente colgado del techo. Adem\u00e1s, debe tener una luz natural cerca para que los primeros rayos de sol lo iluminen, lo limpien y carguen de energ\u00eda.","og_url":"https:\/\/elportillodecoracion.es\/tienda\/atrapasuenos-multicolor-32-x-100-cm-algodon-plumas\/","og_site_name":"El Portillo Decoraci\u00f3n","article_modified_time":"2021-08-24T18:44:49+00:00","og_image":[{"width":700,"height":467,"url":"https:\/\/elportillodecoracion.es\/wp-content\/uploads\/2018\/11\/151645-ATRAPASUENOS-ALGODON-PLUMAS-32X100-MULTICOLOR.jpg","type":"image\/jpeg"}],"twitter_card":"summary_large_image","twitter_misc":{"Price":"22,90&euro; IVA inc","Availability":"Out of stock"},"schema":{"@context":"https:\/\/schema.org","@graph":[{"@type":"WebPage","@id":"https:\/\/elportillodecoracion.es\/tienda\/atrapasuenos-multicolor-32-x-100-cm-algodon-plumas\/","url":"https:\/\/elportillodecoracion.es\/tienda\/atrapasuenos-multicolor-32-x-100-cm-algodon-plumas\/","name":"ATRAPASUE\u00d1OS MULTICOLOR 32 X 100 CM. ALGOD\u00d3N PLUMAS. - El Portillo Decoraci\u00f3n","isPartOf":{"@id":"https:\/\/elportillodecoracion.es\/#website"},"primaryImageOfPage":{"@id":"https:\/\/elportillodecoracion.es\/tienda\/atrapasuenos-multicolor-32-x-100-cm-algodon-plumas\/#primaryimage"},"image":{"@id":"https:\/\/elportillodecoracion.es\/tienda\/atrapasuenos-multicolor-32-x-100-cm-algodon-plumas\/#primaryimage"},"thumbnailUrl":"https:\/\/elportillodecoracion.es\/wp-content\/uploads\/2018\/11\/151645-ATRAPASUENOS-ALGODON-PLUMAS-32X100-MULTICOLOR.jpg","datePublished":"2021-05-09T20:11:22+00:00","dateModified":"2021-08-24T18:44:49+00:00","description":"El\u00a0atrapasue\u00f1os\u00a0debe colocarse siempre cerca del cabecero de la cama, normalmente colgado del techo. Adem\u00e1s, debe tener una luz natural cerca para que los primeros rayos de sol lo iluminen, lo limpien y carguen de energ\u00eda.","breadcrumb":{"@id":"https:\/\/elportillodecoracion.es\/tienda\/atrapasuenos-multicolor-32-x-100-cm-algodon-plumas\/#breadcrumb"},"inLanguage":"en-US","potentialAction":[{"@type":"ReadAction","target":["https:\/\/elportillodecoracion.es\/tienda\/atrapasuenos-multicolor-32-x-100-cm-algodon-plumas\/"]}]},{"@type":"ImageObject","inLanguage":"en-US","@id":"https:\/\/elportillodecoracion.es\/tienda\/atrapasuenos-multicolor-32-x-100-cm-algodon-plumas\/#primaryimage","url":"https:\/\/elportillodecoracion.es\/wp-content\/uploads\/2018\/11\/151645-ATRAPASUENOS-ALGODON-PLUMAS-32X100-MULTICOLOR.jpg","contentUrl":"https:\/\/elportillodecoracion.es\/wp-content\/uploads\/2018\/11\/151645-ATRAPASUENOS-ALGODON-PLUMAS-32X100-MULTICOLOR.jpg","width":700,"height":467},{"@type":"BreadcrumbList","@id":"https:\/\/elportillodecoracion.es\/tienda\/atrapasuenos-multicolor-32-x-100-cm-algodon-plumas\/#breadcrumb","itemListElement":[{"@type":"ListItem","position":1,"name":"Portada","item":"https:\/\/elportillodecoracion.es\/"},{"@type":"ListItem","position":2,"name":"Tienda","item":"https:\/\/elportillodecoracion.es\/tienda\/"},{"@type":"ListItem","position":3,"name":"ATRAPASUE\u00d1OS MULTICOLOR 32 X 100 CM. ALGOD\u00d3N PLUMAS."}]},{"@type":"WebSite","@id":"https:\/\/elportillodecoracion.es\/#website","url":"https:\/\/elportillodecoracion.es\/","name":"El Portillo Decoraci\u00f3n","description":"Muebles y Decoraci\u00f3n","publisher":{"@id":"https:\/\/elportillodecoracion.es\/#organization"},"potentialAction":[{"@type":"SearchAction","target":{"@type":"EntryPoint","urlTemplate":"https:\/\/elportillodecoracion.es\/?s={search_term_string}"},"query-input":{"@type":"PropertyValueSpecification","valueRequired":true,"valueName":"search_term_string"}}],"inLanguage":"en-US"},{"@type":"Organization","@id":"https:\/\/elportillodecoracion.es\/#organization","name":"El Portillo Decoraci\u00f3n","url":"https:\/\/elportillodecoracion.es\/","logo":{"@type":"ImageObject","inLanguage":"en-US","@id":"https:\/\/elportillodecoracion.es\/#\/schema\/logo\/image\/","url":"https:\/\/elportillodecoracion.es\/wp-content\/uploads\/2018\/11\/El-Portillo_logo-300.jpg","contentUrl":"https:\/\/elportillodecoracion.es\/wp-content\/uploads\/2018\/11\/El-Portillo_logo-300.jpg","width":350,"height":91,"caption":"El Portillo Decoraci\u00f3n"},"image":{"@id":"https:\/\/elportillodecoracion.es\/#\/schema\/logo\/image\/"}}]},"product_price_amount":"22.90","product_price_currency":"EUR","og_availability":"out of stock","product_availability":"out of stock","product_retailer_item_id":"151645","product_condition":"new"},"_links":{"self":[{"href":"https:\/\/elportillodecoracion.es\/en\/wp-json\/wp\/v2\/product\/13840","targetHints":{"allow":["GET"]}}],"collection":[{"href":"https:\/\/elportillodecoracion.es\/en\/wp-json\/wp\/v2\/product"}],"about":[{"href":"https:\/\/elportillodecoracion.es\/en\/wp-json\/wp\/v2\/types\/product"}],"replies":[{"embeddable":true,"href":"https:\/\/elportillodecoracion.es\/en\/wp-json\/wp\/v2\/comments?post=13840"}],"wp:featuredmedia":[{"embeddable":true,"href":"https:\/\/elportillodecoracion.es\/en\/wp-json\/wp\/v2\/media\/13865"}],"wp:attachment":[{"href":"https:\/\/elportillodecoracion.es\/en\/wp-json\/wp\/v2\/media?parent=13840"}],"wp:term":[{"taxonomy":"product_cat","embeddable":true,"href":"https:\/\/elportillodecoracion.es\/en\/wp-json\/wp\/v2\/product_cat?post=13840"},{"taxonomy":"product_tag","embeddable":true,"href":"https:\/\/elportillodecoracion.es\/en\/wp-json\/wp\/v2\/product_tag?post=13840"}],"curies":[{"name":"wp","href":"https:\/\/api.w.org\/{rel}","templated":true}]}}