{"id":13480,"date":"2021-03-20T14:05:44","date_gmt":"2021-03-20T13:05:44","guid":{"rendered":"https:\/\/elportillodecoracion.es\/?post_type=product&#038;p=13480"},"modified":"2021-11-23T20:18:21","modified_gmt":"2021-11-23T19:18:21","slug":"bandeja-natural-negro-fibra-natural-62-x-62-x-8-cm","status":"publish","type":"product","link":"https:\/\/elportillodecoracion.es\/en\/tienda\/bandeja-natural-negro-fibra-natural-62-x-62-x-8-cm\/","title":{"rendered":"BANDEJA NATURAL-NEGRO FIBRA NATURAL 62 X 62 X 8 CM."},"content":{"rendered":"","protected":false},"excerpt":{"rendered":"<p>Las bandejas de mesa son accesorios de lo m\u00e1s pr\u00e1cticos y funcionales para disfrutar de un buen desayuno, para cenar en el sof\u00e1 o para llevar los alimentos a la mesa.<\/p>\n<p>Sus medidas y caracter\u00edsticas son:<\/p>\n<p>Di\u00e1metro: \u00d8 62 cm<br \/>\nAlto: 8 cm<br \/>\nIncluye colgador para la pared<br \/>\nMaterial: fibra natural con tejido pl\u00e1stico<\/p>\n","protected":false},"featured_media":13481,"comment_status":"open","ping_status":"closed","template":"","meta":{"_joinchat":[]},"product_cat":[710,709],"product_tag":[891],"class_list":{"0":"post-13480","1":"product","2":"type-product","3":"status-publish","4":"has-post-thumbnail","6":"product_cat-centerpieces","7":"product_cat-decorative-figures","8":"product_tag-fibra","10":"first","11":"outofstock","12":"taxable","13":"shipping-taxable","14":"purchasable","15":"product-type-simple"},"yoast_head":"<!-- This site is optimized with the Yoast SEO Premium plugin v23.0 (Yoast SEO v25.6) - https:\/\/yoast.com\/wordpress\/plugins\/seo\/ -->\n<title>BANDEJA NATURAL-NEGRO FIBRA NATURAL 62 X 62 X 8 CM. - El Portillo Decoraci\u00f3n<\/title>\n<meta name=\"description\" content=\"Las bandejas de mesa son accesorios de lo m\u00e1s pr\u00e1cticos y funcionales para disfrutar de un buen desayuno, para cenar en el sof\u00e1 o para llevar los alimentos a la mesa.  Sus medidas y caracter\u00edsticas son:  Di\u00e1metro: \u00d8 62 cm Alto: 8 cm Incluye colgador para la pared Material: fibra natural con tejido pl\u00e1stico\" \/>\n<meta name=\"robots\" content=\"index, follow, max-snippet:-1, max-image-preview:large, max-video-preview:-1\" \/>\n<link rel=\"canonical\" href=\"https:\/\/elportillodecoracion.es\/tienda\/bandeja-natural-negro-fibra-natural-62-x-62-x-8-cm\/\" \/>\n<meta property=\"og:locale\" content=\"en_US\" \/>\n<meta property=\"og:type\" content=\"article\" \/>\n<meta property=\"og:title\" content=\"BANDEJA NATURAL-NEGRO FIBRA NATURAL 62 X 62 X 8 CM.\" \/>\n<meta property=\"og:description\" content=\"Las bandejas de mesa son accesorios de lo m\u00e1s pr\u00e1cticos y funcionales para disfrutar de un buen desayuno, para cenar en el sof\u00e1 o para llevar los alimentos a la mesa.  Sus medidas y caracter\u00edsticas son:  Di\u00e1metro: \u00d8 62 cm Alto: 8 cm Incluye colgador para la pared Material: fibra natural con tejido pl\u00e1stico\" \/>\n<meta property=\"og:url\" content=\"https:\/\/elportillodecoracion.es\/tienda\/bandeja-natural-negro-fibra-natural-62-x-62-x-8-cm\/\" \/>\n<meta property=\"og:site_name\" content=\"El Portillo Decoraci\u00f3n\" \/>\n<meta property=\"article:modified_time\" content=\"2021-11-23T19:18:21+00:00\" \/>\n<meta property=\"og:image\" content=\"https:\/\/elportillodecoracion.es\/wp-content\/uploads\/2021\/03\/153892-BANDEJA-NATURAL-NEGRO-FIBRA-NATURAL-62-X-62-X-8-CM.jpg\" \/>\n\t<meta property=\"og:image:width\" content=\"1000\" \/>\n\t<meta property=\"og:image:height\" content=\"1000\" \/>\n\t<meta property=\"og:image:type\" content=\"image\/jpeg\" \/>\n<meta name=\"twitter:card\" content=\"summary_large_image\" \/>\n<meta name=\"twitter:label1\" content=\"Price\" \/>\n\t<meta name=\"twitter:data1\" content=\"29,00&euro; IVA inc\" \/>\n\t<meta name=\"twitter:label2\" content=\"Availability\" \/>\n\t<meta name=\"twitter:data2\" content=\"Out of stock\" \/>\n<script type=\"application\/ld+json\" class=\"yoast-schema-graph\">{\"@context\":\"https:\/\/schema.org\",\"@graph\":[{\"@type\":\"WebPage\",\"@id\":\"https:\/\/elportillodecoracion.es\/tienda\/bandeja-natural-negro-fibra-natural-62-x-62-x-8-cm\/\",\"url\":\"https:\/\/elportillodecoracion.es\/tienda\/bandeja-natural-negro-fibra-natural-62-x-62-x-8-cm\/\",\"name\":\"BANDEJA NATURAL-NEGRO FIBRA NATURAL 62 X 62 X 8 CM. - El Portillo Decoraci\u00f3n\",\"isPartOf\":{\"@id\":\"https:\/\/elportillodecoracion.es\/#website\"},\"primaryImageOfPage\":{\"@id\":\"https:\/\/elportillodecoracion.es\/tienda\/bandeja-natural-negro-fibra-natural-62-x-62-x-8-cm\/#primaryimage\"},\"image\":{\"@id\":\"https:\/\/elportillodecoracion.es\/tienda\/bandeja-natural-negro-fibra-natural-62-x-62-x-8-cm\/#primaryimage\"},\"thumbnailUrl\":\"https:\/\/elportillodecoracion.es\/wp-content\/uploads\/2021\/03\/153892-BANDEJA-NATURAL-NEGRO-FIBRA-NATURAL-62-X-62-X-8-CM.jpg\",\"datePublished\":\"2021-03-20T13:05:44+00:00\",\"dateModified\":\"2021-11-23T19:18:21+00:00\",\"description\":\"Las bandejas de mesa son accesorios de lo m\u00e1s pr\u00e1cticos y funcionales para disfrutar de un buen desayuno, para cenar en el sof\u00e1 o para llevar los alimentos a la mesa. Sus medidas y caracter\u00edsticas son: Di\u00e1metro: \u00d8 62 cm Alto: 8 cm Incluye colgador para la pared Material: fibra natural con tejido pl\u00e1stico\",\"breadcrumb\":{\"@id\":\"https:\/\/elportillodecoracion.es\/tienda\/bandeja-natural-negro-fibra-natural-62-x-62-x-8-cm\/#breadcrumb\"},\"inLanguage\":\"en-US\",\"potentialAction\":[{\"@type\":\"ReadAction\",\"target\":[\"https:\/\/elportillodecoracion.es\/tienda\/bandeja-natural-negro-fibra-natural-62-x-62-x-8-cm\/\"]}]},{\"@type\":\"ImageObject\",\"inLanguage\":\"en-US\",\"@id\":\"https:\/\/elportillodecoracion.es\/tienda\/bandeja-natural-negro-fibra-natural-62-x-62-x-8-cm\/#primaryimage\",\"url\":\"https:\/\/elportillodecoracion.es\/wp-content\/uploads\/2021\/03\/153892-BANDEJA-NATURAL-NEGRO-FIBRA-NATURAL-62-X-62-X-8-CM.jpg\",\"contentUrl\":\"https:\/\/elportillodecoracion.es\/wp-content\/uploads\/2021\/03\/153892-BANDEJA-NATURAL-NEGRO-FIBRA-NATURAL-62-X-62-X-8-CM.jpg\",\"width\":1000,\"height\":1000},{\"@type\":\"BreadcrumbList\",\"@id\":\"https:\/\/elportillodecoracion.es\/tienda\/bandeja-natural-negro-fibra-natural-62-x-62-x-8-cm\/#breadcrumb\",\"itemListElement\":[{\"@type\":\"ListItem\",\"position\":1,\"name\":\"Portada\",\"item\":\"https:\/\/elportillodecoracion.es\/\"},{\"@type\":\"ListItem\",\"position\":2,\"name\":\"Tienda\",\"item\":\"https:\/\/elportillodecoracion.es\/tienda\/\"},{\"@type\":\"ListItem\",\"position\":3,\"name\":\"BANDEJA NATURAL-NEGRO FIBRA NATURAL 62 X 62 X 8 CM.\"}]},{\"@type\":\"WebSite\",\"@id\":\"https:\/\/elportillodecoracion.es\/#website\",\"url\":\"https:\/\/elportillodecoracion.es\/\",\"name\":\"El Portillo Decoraci\u00f3n\",\"description\":\"Muebles y Decoraci\u00f3n\",\"publisher\":{\"@id\":\"https:\/\/elportillodecoracion.es\/#organization\"},\"potentialAction\":[{\"@type\":\"SearchAction\",\"target\":{\"@type\":\"EntryPoint\",\"urlTemplate\":\"https:\/\/elportillodecoracion.es\/?s={search_term_string}\"},\"query-input\":{\"@type\":\"PropertyValueSpecification\",\"valueRequired\":true,\"valueName\":\"search_term_string\"}}],\"inLanguage\":\"en-US\"},{\"@type\":\"Organization\",\"@id\":\"https:\/\/elportillodecoracion.es\/#organization\",\"name\":\"El Portillo Decoraci\u00f3n\",\"url\":\"https:\/\/elportillodecoracion.es\/\",\"logo\":{\"@type\":\"ImageObject\",\"inLanguage\":\"en-US\",\"@id\":\"https:\/\/elportillodecoracion.es\/#\/schema\/logo\/image\/\",\"url\":\"https:\/\/elportillodecoracion.es\/wp-content\/uploads\/2018\/11\/El-Portillo_logo-300.jpg\",\"contentUrl\":\"https:\/\/elportillodecoracion.es\/wp-content\/uploads\/2018\/11\/El-Portillo_logo-300.jpg\",\"width\":350,\"height\":91,\"caption\":\"El Portillo Decoraci\u00f3n\"},\"image\":{\"@id\":\"https:\/\/elportillodecoracion.es\/#\/schema\/logo\/image\/\"}}]}<\/script>\n<meta property=\"product:price:amount\" content=\"29.00\" \/>\n<meta property=\"product:price:currency\" content=\"EUR\" \/>\n<meta property=\"og:availability\" content=\"out of stock\" \/>\n<meta property=\"product:availability\" content=\"out of stock\" \/>\n<meta property=\"product:retailer_item_id\" content=\"153892\" \/>\n<meta property=\"product:condition\" content=\"new\" \/>\n<!-- \/ Yoast SEO Premium plugin. -->","yoast_head_json":{"title":"BANDEJA NATURAL-NEGRO FIBRA NATURAL 62 X 62 X 8 CM. - El Portillo Decoraci\u00f3n","description":"Las bandejas de mesa son accesorios de lo m\u00e1s pr\u00e1cticos y funcionales para disfrutar de un buen desayuno, para cenar en el sof\u00e1 o para llevar los alimentos a la mesa.  Sus medidas y caracter\u00edsticas son:  Di\u00e1metro: \u00d8 62 cm Alto: 8 cm Incluye colgador para la pared Material: fibra natural con tejido pl\u00e1stico","robots":{"index":"index","follow":"follow","max-snippet":"max-snippet:-1","max-image-preview":"max-image-preview:large","max-video-preview":"max-video-preview:-1"},"canonical":"https:\/\/elportillodecoracion.es\/tienda\/bandeja-natural-negro-fibra-natural-62-x-62-x-8-cm\/","og_locale":"en_US","og_type":"article","og_title":"BANDEJA NATURAL-NEGRO FIBRA NATURAL 62 X 62 X 8 CM.","og_description":"Las bandejas de mesa son accesorios de lo m\u00e1s pr\u00e1cticos y funcionales para disfrutar de un buen desayuno, para cenar en el sof\u00e1 o para llevar los alimentos a la mesa.  Sus medidas y caracter\u00edsticas son:  Di\u00e1metro: \u00d8 62 cm Alto: 8 cm Incluye colgador para la pared Material: fibra natural con tejido pl\u00e1stico","og_url":"https:\/\/elportillodecoracion.es\/tienda\/bandeja-natural-negro-fibra-natural-62-x-62-x-8-cm\/","og_site_name":"El Portillo Decoraci\u00f3n","article_modified_time":"2021-11-23T19:18:21+00:00","og_image":[{"width":1000,"height":1000,"url":"https:\/\/elportillodecoracion.es\/wp-content\/uploads\/2021\/03\/153892-BANDEJA-NATURAL-NEGRO-FIBRA-NATURAL-62-X-62-X-8-CM.jpg","type":"image\/jpeg"}],"twitter_card":"summary_large_image","twitter_misc":{"Price":"29,00&euro; IVA inc","Availability":"Out of stock"},"schema":{"@context":"https:\/\/schema.org","@graph":[{"@type":"WebPage","@id":"https:\/\/elportillodecoracion.es\/tienda\/bandeja-natural-negro-fibra-natural-62-x-62-x-8-cm\/","url":"https:\/\/elportillodecoracion.es\/tienda\/bandeja-natural-negro-fibra-natural-62-x-62-x-8-cm\/","name":"BANDEJA NATURAL-NEGRO FIBRA NATURAL 62 X 62 X 8 CM. - El Portillo Decoraci\u00f3n","isPartOf":{"@id":"https:\/\/elportillodecoracion.es\/#website"},"primaryImageOfPage":{"@id":"https:\/\/elportillodecoracion.es\/tienda\/bandeja-natural-negro-fibra-natural-62-x-62-x-8-cm\/#primaryimage"},"image":{"@id":"https:\/\/elportillodecoracion.es\/tienda\/bandeja-natural-negro-fibra-natural-62-x-62-x-8-cm\/#primaryimage"},"thumbnailUrl":"https:\/\/elportillodecoracion.es\/wp-content\/uploads\/2021\/03\/153892-BANDEJA-NATURAL-NEGRO-FIBRA-NATURAL-62-X-62-X-8-CM.jpg","datePublished":"2021-03-20T13:05:44+00:00","dateModified":"2021-11-23T19:18:21+00:00","description":"Las bandejas de mesa son accesorios de lo m\u00e1s pr\u00e1cticos y funcionales para disfrutar de un buen desayuno, para cenar en el sof\u00e1 o para llevar los alimentos a la mesa. Sus medidas y caracter\u00edsticas son: Di\u00e1metro: \u00d8 62 cm Alto: 8 cm Incluye colgador para la pared Material: fibra natural con tejido pl\u00e1stico","breadcrumb":{"@id":"https:\/\/elportillodecoracion.es\/tienda\/bandeja-natural-negro-fibra-natural-62-x-62-x-8-cm\/#breadcrumb"},"inLanguage":"en-US","potentialAction":[{"@type":"ReadAction","target":["https:\/\/elportillodecoracion.es\/tienda\/bandeja-natural-negro-fibra-natural-62-x-62-x-8-cm\/"]}]},{"@type":"ImageObject","inLanguage":"en-US","@id":"https:\/\/elportillodecoracion.es\/tienda\/bandeja-natural-negro-fibra-natural-62-x-62-x-8-cm\/#primaryimage","url":"https:\/\/elportillodecoracion.es\/wp-content\/uploads\/2021\/03\/153892-BANDEJA-NATURAL-NEGRO-FIBRA-NATURAL-62-X-62-X-8-CM.jpg","contentUrl":"https:\/\/elportillodecoracion.es\/wp-content\/uploads\/2021\/03\/153892-BANDEJA-NATURAL-NEGRO-FIBRA-NATURAL-62-X-62-X-8-CM.jpg","width":1000,"height":1000},{"@type":"BreadcrumbList","@id":"https:\/\/elportillodecoracion.es\/tienda\/bandeja-natural-negro-fibra-natural-62-x-62-x-8-cm\/#breadcrumb","itemListElement":[{"@type":"ListItem","position":1,"name":"Portada","item":"https:\/\/elportillodecoracion.es\/"},{"@type":"ListItem","position":2,"name":"Tienda","item":"https:\/\/elportillodecoracion.es\/tienda\/"},{"@type":"ListItem","position":3,"name":"BANDEJA NATURAL-NEGRO FIBRA NATURAL 62 X 62 X 8 CM."}]},{"@type":"WebSite","@id":"https:\/\/elportillodecoracion.es\/#website","url":"https:\/\/elportillodecoracion.es\/","name":"El Portillo Decoraci\u00f3n","description":"Muebles y Decoraci\u00f3n","publisher":{"@id":"https:\/\/elportillodecoracion.es\/#organization"},"potentialAction":[{"@type":"SearchAction","target":{"@type":"EntryPoint","urlTemplate":"https:\/\/elportillodecoracion.es\/?s={search_term_string}"},"query-input":{"@type":"PropertyValueSpecification","valueRequired":true,"valueName":"search_term_string"}}],"inLanguage":"en-US"},{"@type":"Organization","@id":"https:\/\/elportillodecoracion.es\/#organization","name":"El Portillo Decoraci\u00f3n","url":"https:\/\/elportillodecoracion.es\/","logo":{"@type":"ImageObject","inLanguage":"en-US","@id":"https:\/\/elportillodecoracion.es\/#\/schema\/logo\/image\/","url":"https:\/\/elportillodecoracion.es\/wp-content\/uploads\/2018\/11\/El-Portillo_logo-300.jpg","contentUrl":"https:\/\/elportillodecoracion.es\/wp-content\/uploads\/2018\/11\/El-Portillo_logo-300.jpg","width":350,"height":91,"caption":"El Portillo Decoraci\u00f3n"},"image":{"@id":"https:\/\/elportillodecoracion.es\/#\/schema\/logo\/image\/"}}]},"product_price_amount":"29.00","product_price_currency":"EUR","og_availability":"out of stock","product_availability":"out of stock","product_retailer_item_id":"153892","product_condition":"new"},"_links":{"self":[{"href":"https:\/\/elportillodecoracion.es\/en\/wp-json\/wp\/v2\/product\/13480","targetHints":{"allow":["GET"]}}],"collection":[{"href":"https:\/\/elportillodecoracion.es\/en\/wp-json\/wp\/v2\/product"}],"about":[{"href":"https:\/\/elportillodecoracion.es\/en\/wp-json\/wp\/v2\/types\/product"}],"replies":[{"embeddable":true,"href":"https:\/\/elportillodecoracion.es\/en\/wp-json\/wp\/v2\/comments?post=13480"}],"wp:featuredmedia":[{"embeddable":true,"href":"https:\/\/elportillodecoracion.es\/en\/wp-json\/wp\/v2\/media\/13481"}],"wp:attachment":[{"href":"https:\/\/elportillodecoracion.es\/en\/wp-json\/wp\/v2\/media?parent=13480"}],"wp:term":[{"taxonomy":"product_cat","embeddable":true,"href":"https:\/\/elportillodecoracion.es\/en\/wp-json\/wp\/v2\/product_cat?post=13480"},{"taxonomy":"product_tag","embeddable":true,"href":"https:\/\/elportillodecoracion.es\/en\/wp-json\/wp\/v2\/product_tag?post=13480"}],"curies":[{"name":"wp","href":"https:\/\/api.w.org\/{rel}","templated":true}]}}