{"id":13440,"date":"2021-03-20T13:42:26","date_gmt":"2021-03-20T12:42:26","guid":{"rendered":"https:\/\/elportillodecoracion.es\/?post_type=product&#038;p=13440"},"modified":"2025-03-24T20:25:57","modified_gmt":"2025-03-24T19:25:57","slug":"lampara-mesa-plata-crema-cristal-tejido-4050-x-4050-x-60-c","status":"publish","type":"product","link":"https:\/\/elportillodecoracion.es\/en\/tienda\/lampara-mesa-plata-crema-cristal-tejido-4050-x-4050-x-60-c\/","title":{"rendered":"L\u00c1MPARA MESA PLATA-CREMA CRISTAL-TEJIDO 40,50 X 40,50 X 60 C"},"content":{"rendered":"","protected":false},"excerpt":{"rendered":"<div class=\"product attribute description\">\n<div>Ilumina tu hogar con l\u00e1mparas inspiradas en los dise\u00f1os m\u00e1s innovadores y especiales.<\/div>\n<div class=\"value\">Voltaje: 230V Casquillo: E27 Bombillas: 1 x 40W Max. Bombilla no incluida Material tulipa: lino. Medida tulipa: 40,5&#215;40,5&#215;25,4cm. Largo cable: 200cm.<\/div>\n<\/div>\n","protected":false},"featured_media":13441,"comment_status":"open","ping_status":"closed","template":"","meta":{"_joinchat":[]},"product_cat":[718,719],"product_tag":[922],"class_list":{"0":"post-13440","1":"product","2":"type-product","3":"status-publish","4":"has-post-thumbnail","6":"product_cat-lighting","7":"product_cat-table-lamps","8":"product_tag-cristal-tejido","9":"product_shipping_class-shipping-accessories","11":"first","12":"outofstock","13":"taxable","14":"shipping-taxable","15":"purchasable","16":"product-type-simple"},"yoast_head":"<!-- This site is optimized with the Yoast SEO Premium plugin v23.0 (Yoast SEO v25.6) - https:\/\/yoast.com\/wordpress\/plugins\/seo\/ -->\n<title>L\u00c1MPARA MESA PLATA-CREMA CRISTAL-TEJIDO 40,50 X 40,50 X 60 C - El Portillo Decoraci\u00f3n<\/title>\n<meta name=\"description\" content=\"Ilumina tu hogar con l\u00e1mparas inspiradas en los dise\u00f1os m\u00e1s innovadores y especiales. Voltaje: 230V Casquillo: E27 Bombillas: 1 x 40W Max. Bombilla no incluida Material tulipa: lino. Medida tulipa: 40,5x40,5x25,4cm. Largo cable: 200cm.\" \/>\n<meta name=\"robots\" content=\"index, follow, max-snippet:-1, max-image-preview:large, max-video-preview:-1\" \/>\n<link rel=\"canonical\" href=\"https:\/\/elportillodecoracion.es\/tienda\/lampara-mesa-plata-crema-cristal-tejido-4050-x-4050-x-60-c\/\" \/>\n<meta property=\"og:locale\" content=\"en_US\" \/>\n<meta property=\"og:type\" content=\"article\" \/>\n<meta property=\"og:title\" content=\"L\u00c1MPARA MESA PLATA-CREMA CRISTAL-TEJIDO 40,50 X 40,50 X 60 C\" \/>\n<meta property=\"og:description\" content=\"Ilumina tu hogar con l\u00e1mparas inspiradas en los dise\u00f1os m\u00e1s innovadores y especiales. Voltaje: 230V Casquillo: E27 Bombillas: 1 x 40W Max. Bombilla no incluida Material tulipa: lino. Medida tulipa: 40,5x40,5x25,4cm. Largo cable: 200cm.\" \/>\n<meta property=\"og:url\" content=\"https:\/\/elportillodecoracion.es\/tienda\/lampara-mesa-plata-crema-cristal-tejido-4050-x-4050-x-60-c\/\" \/>\n<meta property=\"og:site_name\" content=\"El Portillo Decoraci\u00f3n\" \/>\n<meta property=\"article:modified_time\" content=\"2025-03-24T19:25:57+00:00\" \/>\n<meta property=\"og:image\" content=\"https:\/\/elportillodecoracion.es\/wp-content\/uploads\/2021\/03\/107285-LAMPARA-MESA-PLATA-CREMA-CRISTAL-TEJIDO-4050-X-4050-X-60-C.jpg\" \/>\n\t<meta property=\"og:image:width\" content=\"700\" \/>\n\t<meta property=\"og:image:height\" content=\"700\" \/>\n\t<meta property=\"og:image:type\" content=\"image\/jpeg\" \/>\n<meta name=\"twitter:card\" content=\"summary_large_image\" \/>\n<meta name=\"twitter:label1\" content=\"Price\" \/>\n\t<meta name=\"twitter:data1\" content=\"139,90&euro; IVA inc\" \/>\n\t<meta name=\"twitter:label2\" content=\"Availability\" \/>\n\t<meta name=\"twitter:data2\" content=\"Out of stock\" \/>\n<script type=\"application\/ld+json\" class=\"yoast-schema-graph\">{\"@context\":\"https:\/\/schema.org\",\"@graph\":[{\"@type\":\"WebPage\",\"@id\":\"https:\/\/elportillodecoracion.es\/tienda\/lampara-mesa-plata-crema-cristal-tejido-4050-x-4050-x-60-c\/\",\"url\":\"https:\/\/elportillodecoracion.es\/tienda\/lampara-mesa-plata-crema-cristal-tejido-4050-x-4050-x-60-c\/\",\"name\":\"L\u00c1MPARA MESA PLATA-CREMA CRISTAL-TEJIDO 40,50 X 40,50 X 60 C - El Portillo Decoraci\u00f3n\",\"isPartOf\":{\"@id\":\"https:\/\/elportillodecoracion.es\/#website\"},\"primaryImageOfPage\":{\"@id\":\"https:\/\/elportillodecoracion.es\/tienda\/lampara-mesa-plata-crema-cristal-tejido-4050-x-4050-x-60-c\/#primaryimage\"},\"image\":{\"@id\":\"https:\/\/elportillodecoracion.es\/tienda\/lampara-mesa-plata-crema-cristal-tejido-4050-x-4050-x-60-c\/#primaryimage\"},\"thumbnailUrl\":\"https:\/\/elportillodecoracion.es\/wp-content\/uploads\/2021\/03\/107285-LAMPARA-MESA-PLATA-CREMA-CRISTAL-TEJIDO-4050-X-4050-X-60-C.jpg\",\"datePublished\":\"2021-03-20T12:42:26+00:00\",\"dateModified\":\"2025-03-24T19:25:57+00:00\",\"description\":\"Ilumina tu hogar con l\u00e1mparas inspiradas en los dise\u00f1os m\u00e1s innovadores y especiales. Voltaje: 230V Casquillo: E27 Bombillas: 1 x 40W Max. Bombilla no incluida Material tulipa: lino. Medida tulipa: 40,5x40,5x25,4cm. Largo cable: 200cm.\",\"breadcrumb\":{\"@id\":\"https:\/\/elportillodecoracion.es\/tienda\/lampara-mesa-plata-crema-cristal-tejido-4050-x-4050-x-60-c\/#breadcrumb\"},\"inLanguage\":\"en-US\",\"potentialAction\":[{\"@type\":\"ReadAction\",\"target\":[\"https:\/\/elportillodecoracion.es\/tienda\/lampara-mesa-plata-crema-cristal-tejido-4050-x-4050-x-60-c\/\"]}]},{\"@type\":\"ImageObject\",\"inLanguage\":\"en-US\",\"@id\":\"https:\/\/elportillodecoracion.es\/tienda\/lampara-mesa-plata-crema-cristal-tejido-4050-x-4050-x-60-c\/#primaryimage\",\"url\":\"https:\/\/elportillodecoracion.es\/wp-content\/uploads\/2021\/03\/107285-LAMPARA-MESA-PLATA-CREMA-CRISTAL-TEJIDO-4050-X-4050-X-60-C.jpg\",\"contentUrl\":\"https:\/\/elportillodecoracion.es\/wp-content\/uploads\/2021\/03\/107285-LAMPARA-MESA-PLATA-CREMA-CRISTAL-TEJIDO-4050-X-4050-X-60-C.jpg\",\"width\":700,\"height\":700},{\"@type\":\"BreadcrumbList\",\"@id\":\"https:\/\/elportillodecoracion.es\/tienda\/lampara-mesa-plata-crema-cristal-tejido-4050-x-4050-x-60-c\/#breadcrumb\",\"itemListElement\":[{\"@type\":\"ListItem\",\"position\":1,\"name\":\"Portada\",\"item\":\"https:\/\/elportillodecoracion.es\/\"},{\"@type\":\"ListItem\",\"position\":2,\"name\":\"Tienda\",\"item\":\"https:\/\/elportillodecoracion.es\/tienda\/\"},{\"@type\":\"ListItem\",\"position\":3,\"name\":\"L\u00c1MPARA MESA PLATA-CREMA CRISTAL-TEJIDO 40,50 X 40,50 X 60 C\"}]},{\"@type\":\"WebSite\",\"@id\":\"https:\/\/elportillodecoracion.es\/#website\",\"url\":\"https:\/\/elportillodecoracion.es\/\",\"name\":\"El Portillo Decoraci\u00f3n\",\"description\":\"Muebles y Decoraci\u00f3n\",\"publisher\":{\"@id\":\"https:\/\/elportillodecoracion.es\/#organization\"},\"potentialAction\":[{\"@type\":\"SearchAction\",\"target\":{\"@type\":\"EntryPoint\",\"urlTemplate\":\"https:\/\/elportillodecoracion.es\/?s={search_term_string}\"},\"query-input\":{\"@type\":\"PropertyValueSpecification\",\"valueRequired\":true,\"valueName\":\"search_term_string\"}}],\"inLanguage\":\"en-US\"},{\"@type\":\"Organization\",\"@id\":\"https:\/\/elportillodecoracion.es\/#organization\",\"name\":\"El Portillo Decoraci\u00f3n\",\"url\":\"https:\/\/elportillodecoracion.es\/\",\"logo\":{\"@type\":\"ImageObject\",\"inLanguage\":\"en-US\",\"@id\":\"https:\/\/elportillodecoracion.es\/#\/schema\/logo\/image\/\",\"url\":\"https:\/\/elportillodecoracion.es\/wp-content\/uploads\/2018\/11\/El-Portillo_logo-300.jpg\",\"contentUrl\":\"https:\/\/elportillodecoracion.es\/wp-content\/uploads\/2018\/11\/El-Portillo_logo-300.jpg\",\"width\":350,\"height\":91,\"caption\":\"El Portillo Decoraci\u00f3n\"},\"image\":{\"@id\":\"https:\/\/elportillodecoracion.es\/#\/schema\/logo\/image\/\"}}]}<\/script>\n<meta property=\"product:price:amount\" content=\"139.90\" \/>\n<meta property=\"product:price:currency\" content=\"EUR\" \/>\n<meta property=\"og:availability\" content=\"out of stock\" \/>\n<meta property=\"product:availability\" content=\"out of stock\" \/>\n<meta property=\"product:retailer_item_id\" content=\"107285\" \/>\n<meta property=\"product:condition\" content=\"new\" \/>\n<!-- \/ Yoast SEO Premium plugin. -->","yoast_head_json":{"title":"L\u00c1MPARA MESA PLATA-CREMA CRISTAL-TEJIDO 40,50 X 40,50 X 60 C - El Portillo Decoraci\u00f3n","description":"Ilumina tu hogar con l\u00e1mparas inspiradas en los dise\u00f1os m\u00e1s innovadores y especiales. Voltaje: 230V Casquillo: E27 Bombillas: 1 x 40W Max. Bombilla no incluida Material tulipa: lino. Medida tulipa: 40,5x40,5x25,4cm. Largo cable: 200cm.","robots":{"index":"index","follow":"follow","max-snippet":"max-snippet:-1","max-image-preview":"max-image-preview:large","max-video-preview":"max-video-preview:-1"},"canonical":"https:\/\/elportillodecoracion.es\/tienda\/lampara-mesa-plata-crema-cristal-tejido-4050-x-4050-x-60-c\/","og_locale":"en_US","og_type":"article","og_title":"L\u00c1MPARA MESA PLATA-CREMA CRISTAL-TEJIDO 40,50 X 40,50 X 60 C","og_description":"Ilumina tu hogar con l\u00e1mparas inspiradas en los dise\u00f1os m\u00e1s innovadores y especiales. Voltaje: 230V Casquillo: E27 Bombillas: 1 x 40W Max. Bombilla no incluida Material tulipa: lino. Medida tulipa: 40,5x40,5x25,4cm. Largo cable: 200cm.","og_url":"https:\/\/elportillodecoracion.es\/tienda\/lampara-mesa-plata-crema-cristal-tejido-4050-x-4050-x-60-c\/","og_site_name":"El Portillo Decoraci\u00f3n","article_modified_time":"2025-03-24T19:25:57+00:00","og_image":[{"width":700,"height":700,"url":"https:\/\/elportillodecoracion.es\/wp-content\/uploads\/2021\/03\/107285-LAMPARA-MESA-PLATA-CREMA-CRISTAL-TEJIDO-4050-X-4050-X-60-C.jpg","type":"image\/jpeg"}],"twitter_card":"summary_large_image","twitter_misc":{"Price":"139,90&euro; IVA inc","Availability":"Out of stock"},"schema":{"@context":"https:\/\/schema.org","@graph":[{"@type":"WebPage","@id":"https:\/\/elportillodecoracion.es\/tienda\/lampara-mesa-plata-crema-cristal-tejido-4050-x-4050-x-60-c\/","url":"https:\/\/elportillodecoracion.es\/tienda\/lampara-mesa-plata-crema-cristal-tejido-4050-x-4050-x-60-c\/","name":"L\u00c1MPARA MESA PLATA-CREMA CRISTAL-TEJIDO 40,50 X 40,50 X 60 C - El Portillo Decoraci\u00f3n","isPartOf":{"@id":"https:\/\/elportillodecoracion.es\/#website"},"primaryImageOfPage":{"@id":"https:\/\/elportillodecoracion.es\/tienda\/lampara-mesa-plata-crema-cristal-tejido-4050-x-4050-x-60-c\/#primaryimage"},"image":{"@id":"https:\/\/elportillodecoracion.es\/tienda\/lampara-mesa-plata-crema-cristal-tejido-4050-x-4050-x-60-c\/#primaryimage"},"thumbnailUrl":"https:\/\/elportillodecoracion.es\/wp-content\/uploads\/2021\/03\/107285-LAMPARA-MESA-PLATA-CREMA-CRISTAL-TEJIDO-4050-X-4050-X-60-C.jpg","datePublished":"2021-03-20T12:42:26+00:00","dateModified":"2025-03-24T19:25:57+00:00","description":"Ilumina tu hogar con l\u00e1mparas inspiradas en los dise\u00f1os m\u00e1s innovadores y especiales. Voltaje: 230V Casquillo: E27 Bombillas: 1 x 40W Max. Bombilla no incluida Material tulipa: lino. Medida tulipa: 40,5x40,5x25,4cm. Largo cable: 200cm.","breadcrumb":{"@id":"https:\/\/elportillodecoracion.es\/tienda\/lampara-mesa-plata-crema-cristal-tejido-4050-x-4050-x-60-c\/#breadcrumb"},"inLanguage":"en-US","potentialAction":[{"@type":"ReadAction","target":["https:\/\/elportillodecoracion.es\/tienda\/lampara-mesa-plata-crema-cristal-tejido-4050-x-4050-x-60-c\/"]}]},{"@type":"ImageObject","inLanguage":"en-US","@id":"https:\/\/elportillodecoracion.es\/tienda\/lampara-mesa-plata-crema-cristal-tejido-4050-x-4050-x-60-c\/#primaryimage","url":"https:\/\/elportillodecoracion.es\/wp-content\/uploads\/2021\/03\/107285-LAMPARA-MESA-PLATA-CREMA-CRISTAL-TEJIDO-4050-X-4050-X-60-C.jpg","contentUrl":"https:\/\/elportillodecoracion.es\/wp-content\/uploads\/2021\/03\/107285-LAMPARA-MESA-PLATA-CREMA-CRISTAL-TEJIDO-4050-X-4050-X-60-C.jpg","width":700,"height":700},{"@type":"BreadcrumbList","@id":"https:\/\/elportillodecoracion.es\/tienda\/lampara-mesa-plata-crema-cristal-tejido-4050-x-4050-x-60-c\/#breadcrumb","itemListElement":[{"@type":"ListItem","position":1,"name":"Portada","item":"https:\/\/elportillodecoracion.es\/"},{"@type":"ListItem","position":2,"name":"Tienda","item":"https:\/\/elportillodecoracion.es\/tienda\/"},{"@type":"ListItem","position":3,"name":"L\u00c1MPARA MESA PLATA-CREMA CRISTAL-TEJIDO 40,50 X 40,50 X 60 C"}]},{"@type":"WebSite","@id":"https:\/\/elportillodecoracion.es\/#website","url":"https:\/\/elportillodecoracion.es\/","name":"El Portillo Decoraci\u00f3n","description":"Muebles y Decoraci\u00f3n","publisher":{"@id":"https:\/\/elportillodecoracion.es\/#organization"},"potentialAction":[{"@type":"SearchAction","target":{"@type":"EntryPoint","urlTemplate":"https:\/\/elportillodecoracion.es\/?s={search_term_string}"},"query-input":{"@type":"PropertyValueSpecification","valueRequired":true,"valueName":"search_term_string"}}],"inLanguage":"en-US"},{"@type":"Organization","@id":"https:\/\/elportillodecoracion.es\/#organization","name":"El Portillo Decoraci\u00f3n","url":"https:\/\/elportillodecoracion.es\/","logo":{"@type":"ImageObject","inLanguage":"en-US","@id":"https:\/\/elportillodecoracion.es\/#\/schema\/logo\/image\/","url":"https:\/\/elportillodecoracion.es\/wp-content\/uploads\/2018\/11\/El-Portillo_logo-300.jpg","contentUrl":"https:\/\/elportillodecoracion.es\/wp-content\/uploads\/2018\/11\/El-Portillo_logo-300.jpg","width":350,"height":91,"caption":"El Portillo Decoraci\u00f3n"},"image":{"@id":"https:\/\/elportillodecoracion.es\/#\/schema\/logo\/image\/"}}]},"product_price_amount":"139.90","product_price_currency":"EUR","og_availability":"out of stock","product_availability":"out of stock","product_retailer_item_id":"107285","product_condition":"new"},"_links":{"self":[{"href":"https:\/\/elportillodecoracion.es\/en\/wp-json\/wp\/v2\/product\/13440","targetHints":{"allow":["GET"]}}],"collection":[{"href":"https:\/\/elportillodecoracion.es\/en\/wp-json\/wp\/v2\/product"}],"about":[{"href":"https:\/\/elportillodecoracion.es\/en\/wp-json\/wp\/v2\/types\/product"}],"replies":[{"embeddable":true,"href":"https:\/\/elportillodecoracion.es\/en\/wp-json\/wp\/v2\/comments?post=13440"}],"wp:featuredmedia":[{"embeddable":true,"href":"https:\/\/elportillodecoracion.es\/en\/wp-json\/wp\/v2\/media\/13441"}],"wp:attachment":[{"href":"https:\/\/elportillodecoracion.es\/en\/wp-json\/wp\/v2\/media?parent=13440"}],"wp:term":[{"taxonomy":"product_cat","embeddable":true,"href":"https:\/\/elportillodecoracion.es\/en\/wp-json\/wp\/v2\/product_cat?post=13440"},{"taxonomy":"product_tag","embeddable":true,"href":"https:\/\/elportillodecoracion.es\/en\/wp-json\/wp\/v2\/product_tag?post=13440"}],"curies":[{"name":"wp","href":"https:\/\/api.w.org\/{rel}","templated":true}]}}