{"id":12857,"date":"2021-03-19T20:39:49","date_gmt":"2021-03-19T19:39:49","guid":{"rendered":"https:\/\/elportillodecoracion.es\/?post_type=product&#038;p=12857"},"modified":"2022-11-25T21:15:57","modified_gmt":"2022-11-25T20:15:57","slug":"bowl-blanco-plata-cristal-decorativo-40-x-40-x-760-cm","status":"publish","type":"product","link":"https:\/\/elportillodecoracion.es\/en\/tienda\/bowl-blanco-plata-cristal-decorativo-40-x-40-x-760-cm\/","title":{"rendered":"CENTRO DE MESA BLANCO Y PLATA CRISTAL ESMALTADO 40 X 40 X 7,60 CM."},"content":{"rendered":"","protected":false},"excerpt":{"rendered":"<p>Precioso y lujoso centro<strong> de mesa<\/strong>\u00a0 realizado con <strong>cristal esmaltado,<\/strong>\u00a0con un espectacular\u00a0<strong>dise\u00f1o redondo<\/strong>\u00a0en color<strong>\u00a0blanco y plateado<\/strong>, con acabado de brillo y textura de puntitos.<\/p>\n<p>Este centro de mesa quedar\u00e1 elegante con efecto luxury en la mesa de sal\u00f3n o del office de tu cocina.<\/p>\n<ul>\n<li>Di\u00e1metro: \u00d840 cm.<\/li>\n<li>Alto: 7,6 cm.<\/li>\n<li>Material: cristal esmaltado plata y blanco<\/li>\n<\/ul>\n","protected":false},"featured_media":12858,"comment_status":"open","ping_status":"closed","template":"","meta":{"_joinchat":[]},"product_cat":[840,837,825,731],"product_tag":[686],"class_list":{"0":"post-12857","1":"product","2":"type-product","3":"status-publish","4":"has-post-thumbnail","6":"product_cat-table-accessories","7":"product_cat-dinning-hall","8":"product_cat-estilo-luxury-en","9":"product_cat-trends","10":"product_tag-crystal","12":"first","13":"outofstock","14":"taxable","15":"shipping-taxable","16":"purchasable","17":"product-type-simple"},"yoast_head":"<!-- This site is optimized with the Yoast SEO Premium plugin v23.0 (Yoast SEO v25.6) - https:\/\/yoast.com\/wordpress\/plugins\/seo\/ -->\n<title>CENTRO DE MESA BLANCO Y PLATA CRISTAL ESMALTADO 40 X 40 X 7,60 CM. - El Portillo Decoraci\u00f3n<\/title>\n<meta name=\"description\" content=\"Precioso y lujoso centro de mesa\u00a0 realizado con cristal esmaltado,\u00a0con un espectacular\u00a0dise\u00f1o redondo\u00a0en color\u00a0blanco y plateado, con acabado de brillo y textura de puntitos.  Este centro de mesa quedar\u00e1 elegante con efecto luxury en la mesa de sal\u00f3n o del office de tu cocina.   Di\u00e1metro: \u00d840 cm.  Alto: 7,6 cm.  Material: cristal esmaltado plata y blanco\" \/>\n<meta name=\"robots\" content=\"index, follow, max-snippet:-1, max-image-preview:large, max-video-preview:-1\" \/>\n<link rel=\"canonical\" href=\"https:\/\/elportillodecoracion.es\/tienda\/bowl-blanco-plata-cristal-decorativo-40-x-40-x-760-cm\/\" \/>\n<meta property=\"og:locale\" content=\"en_US\" \/>\n<meta property=\"og:type\" content=\"article\" \/>\n<meta property=\"og:title\" content=\"CENTRO DE MESA BLANCO Y PLATA CRISTAL ESMALTADO 40 X 40 X 7,60 CM.\" \/>\n<meta property=\"og:description\" content=\"Precioso y lujoso centro de mesa\u00a0 realizado con cristal esmaltado,\u00a0con un espectacular\u00a0dise\u00f1o redondo\u00a0en color\u00a0blanco y plateado, con acabado de brillo y textura de puntitos.  Este centro de mesa quedar\u00e1 elegante con efecto luxury en la mesa de sal\u00f3n o del office de tu cocina.   Di\u00e1metro: \u00d840 cm.  Alto: 7,6 cm.  Material: cristal esmaltado plata y blanco\" \/>\n<meta property=\"og:url\" content=\"https:\/\/elportillodecoracion.es\/tienda\/bowl-blanco-plata-cristal-decorativo-40-x-40-x-760-cm\/\" \/>\n<meta property=\"og:site_name\" content=\"El Portillo Decoraci\u00f3n\" \/>\n<meta property=\"article:modified_time\" content=\"2022-11-25T20:15:57+00:00\" \/>\n<meta property=\"og:image\" content=\"https:\/\/elportillodecoracion.es\/wp-content\/uploads\/2021\/03\/153747-BOWL-DECORATIVO-BLANCO-PLATA-CRISTAL-40-X-40-X-760-CM.jpg\" \/>\n\t<meta property=\"og:image:width\" content=\"700\" \/>\n\t<meta property=\"og:image:height\" content=\"700\" \/>\n\t<meta property=\"og:image:type\" content=\"image\/jpeg\" \/>\n<meta name=\"twitter:card\" content=\"summary_large_image\" \/>\n<meta name=\"twitter:label1\" content=\"Price\" \/>\n\t<meta name=\"twitter:data1\" content=\"39,90&euro; IVA inc\" \/>\n\t<meta name=\"twitter:label2\" content=\"Availability\" \/>\n\t<meta name=\"twitter:data2\" content=\"Out of stock\" \/>\n<script type=\"application\/ld+json\" class=\"yoast-schema-graph\">{\"@context\":\"https:\/\/schema.org\",\"@graph\":[{\"@type\":\"WebPage\",\"@id\":\"https:\/\/elportillodecoracion.es\/tienda\/bowl-blanco-plata-cristal-decorativo-40-x-40-x-760-cm\/\",\"url\":\"https:\/\/elportillodecoracion.es\/tienda\/bowl-blanco-plata-cristal-decorativo-40-x-40-x-760-cm\/\",\"name\":\"CENTRO DE MESA BLANCO Y PLATA CRISTAL ESMALTADO 40 X 40 X 7,60 CM. - El Portillo Decoraci\u00f3n\",\"isPartOf\":{\"@id\":\"https:\/\/elportillodecoracion.es\/#website\"},\"primaryImageOfPage\":{\"@id\":\"https:\/\/elportillodecoracion.es\/tienda\/bowl-blanco-plata-cristal-decorativo-40-x-40-x-760-cm\/#primaryimage\"},\"image\":{\"@id\":\"https:\/\/elportillodecoracion.es\/tienda\/bowl-blanco-plata-cristal-decorativo-40-x-40-x-760-cm\/#primaryimage\"},\"thumbnailUrl\":\"https:\/\/elportillodecoracion.es\/wp-content\/uploads\/2021\/03\/153747-BOWL-DECORATIVO-BLANCO-PLATA-CRISTAL-40-X-40-X-760-CM.jpg\",\"datePublished\":\"2021-03-19T19:39:49+00:00\",\"dateModified\":\"2022-11-25T20:15:57+00:00\",\"description\":\"Precioso y lujoso centro de mesa\u00a0 realizado con cristal esmaltado,\u00a0con un espectacular\u00a0dise\u00f1o redondo\u00a0en color\u00a0blanco y plateado, con acabado de brillo y textura de puntitos. Este centro de mesa quedar\u00e1 elegante con efecto luxury en la mesa de sal\u00f3n o del office de tu cocina. \u2022 Di\u00e1metro: \u00d840 cm. \u2022 Alto: 7,6 cm. \u2022 Material: cristal esmaltado plata y blanco\",\"breadcrumb\":{\"@id\":\"https:\/\/elportillodecoracion.es\/tienda\/bowl-blanco-plata-cristal-decorativo-40-x-40-x-760-cm\/#breadcrumb\"},\"inLanguage\":\"en-US\",\"potentialAction\":[{\"@type\":\"ReadAction\",\"target\":[\"https:\/\/elportillodecoracion.es\/tienda\/bowl-blanco-plata-cristal-decorativo-40-x-40-x-760-cm\/\"]}]},{\"@type\":\"ImageObject\",\"inLanguage\":\"en-US\",\"@id\":\"https:\/\/elportillodecoracion.es\/tienda\/bowl-blanco-plata-cristal-decorativo-40-x-40-x-760-cm\/#primaryimage\",\"url\":\"https:\/\/elportillodecoracion.es\/wp-content\/uploads\/2021\/03\/153747-BOWL-DECORATIVO-BLANCO-PLATA-CRISTAL-40-X-40-X-760-CM.jpg\",\"contentUrl\":\"https:\/\/elportillodecoracion.es\/wp-content\/uploads\/2021\/03\/153747-BOWL-DECORATIVO-BLANCO-PLATA-CRISTAL-40-X-40-X-760-CM.jpg\",\"width\":700,\"height\":700},{\"@type\":\"BreadcrumbList\",\"@id\":\"https:\/\/elportillodecoracion.es\/tienda\/bowl-blanco-plata-cristal-decorativo-40-x-40-x-760-cm\/#breadcrumb\",\"itemListElement\":[{\"@type\":\"ListItem\",\"position\":1,\"name\":\"Portada\",\"item\":\"https:\/\/elportillodecoracion.es\/\"},{\"@type\":\"ListItem\",\"position\":2,\"name\":\"Tienda\",\"item\":\"https:\/\/elportillodecoracion.es\/tienda\/\"},{\"@type\":\"ListItem\",\"position\":3,\"name\":\"CENTRO DE MESA BLANCO Y PLATA CRISTAL ESMALTADO 40 X 40 X 7,60 CM.\"}]},{\"@type\":\"WebSite\",\"@id\":\"https:\/\/elportillodecoracion.es\/#website\",\"url\":\"https:\/\/elportillodecoracion.es\/\",\"name\":\"El Portillo Decoraci\u00f3n\",\"description\":\"Muebles y Decoraci\u00f3n\",\"publisher\":{\"@id\":\"https:\/\/elportillodecoracion.es\/#organization\"},\"potentialAction\":[{\"@type\":\"SearchAction\",\"target\":{\"@type\":\"EntryPoint\",\"urlTemplate\":\"https:\/\/elportillodecoracion.es\/?s={search_term_string}\"},\"query-input\":{\"@type\":\"PropertyValueSpecification\",\"valueRequired\":true,\"valueName\":\"search_term_string\"}}],\"inLanguage\":\"en-US\"},{\"@type\":\"Organization\",\"@id\":\"https:\/\/elportillodecoracion.es\/#organization\",\"name\":\"El Portillo Decoraci\u00f3n\",\"url\":\"https:\/\/elportillodecoracion.es\/\",\"logo\":{\"@type\":\"ImageObject\",\"inLanguage\":\"en-US\",\"@id\":\"https:\/\/elportillodecoracion.es\/#\/schema\/logo\/image\/\",\"url\":\"https:\/\/elportillodecoracion.es\/wp-content\/uploads\/2018\/11\/El-Portillo_logo-300.jpg\",\"contentUrl\":\"https:\/\/elportillodecoracion.es\/wp-content\/uploads\/2018\/11\/El-Portillo_logo-300.jpg\",\"width\":350,\"height\":91,\"caption\":\"El Portillo Decoraci\u00f3n\"},\"image\":{\"@id\":\"https:\/\/elportillodecoracion.es\/#\/schema\/logo\/image\/\"}}]}<\/script>\n<meta property=\"product:price:amount\" content=\"39.90\" \/>\n<meta property=\"product:price:currency\" content=\"EUR\" \/>\n<meta property=\"og:availability\" content=\"out of stock\" \/>\n<meta property=\"product:availability\" content=\"out of stock\" \/>\n<meta property=\"product:retailer_item_id\" content=\"153747\" \/>\n<meta property=\"product:condition\" content=\"new\" \/>\n<!-- \/ Yoast SEO Premium plugin. -->","yoast_head_json":{"title":"CENTRO DE MESA BLANCO Y PLATA CRISTAL ESMALTADO 40 X 40 X 7,60 CM. - El Portillo Decoraci\u00f3n","description":"Precioso y lujoso centro de mesa\u00a0 realizado con cristal esmaltado,\u00a0con un espectacular\u00a0dise\u00f1o redondo\u00a0en color\u00a0blanco y plateado, con acabado de brillo y textura de puntitos.  Este centro de mesa quedar\u00e1 elegante con efecto luxury en la mesa de sal\u00f3n o del office de tu cocina.   Di\u00e1metro: \u00d840 cm.  Alto: 7,6 cm.  Material: cristal esmaltado plata y blanco","robots":{"index":"index","follow":"follow","max-snippet":"max-snippet:-1","max-image-preview":"max-image-preview:large","max-video-preview":"max-video-preview:-1"},"canonical":"https:\/\/elportillodecoracion.es\/tienda\/bowl-blanco-plata-cristal-decorativo-40-x-40-x-760-cm\/","og_locale":"en_US","og_type":"article","og_title":"CENTRO DE MESA BLANCO Y PLATA CRISTAL ESMALTADO 40 X 40 X 7,60 CM.","og_description":"Precioso y lujoso centro de mesa\u00a0 realizado con cristal esmaltado,\u00a0con un espectacular\u00a0dise\u00f1o redondo\u00a0en color\u00a0blanco y plateado, con acabado de brillo y textura de puntitos.  Este centro de mesa quedar\u00e1 elegante con efecto luxury en la mesa de sal\u00f3n o del office de tu cocina.   Di\u00e1metro: \u00d840 cm.  Alto: 7,6 cm.  Material: cristal esmaltado plata y blanco","og_url":"https:\/\/elportillodecoracion.es\/tienda\/bowl-blanco-plata-cristal-decorativo-40-x-40-x-760-cm\/","og_site_name":"El Portillo Decoraci\u00f3n","article_modified_time":"2022-11-25T20:15:57+00:00","og_image":[{"width":700,"height":700,"url":"https:\/\/elportillodecoracion.es\/wp-content\/uploads\/2021\/03\/153747-BOWL-DECORATIVO-BLANCO-PLATA-CRISTAL-40-X-40-X-760-CM.jpg","type":"image\/jpeg"}],"twitter_card":"summary_large_image","twitter_misc":{"Price":"39,90&euro; IVA inc","Availability":"Out of stock"},"schema":{"@context":"https:\/\/schema.org","@graph":[{"@type":"WebPage","@id":"https:\/\/elportillodecoracion.es\/tienda\/bowl-blanco-plata-cristal-decorativo-40-x-40-x-760-cm\/","url":"https:\/\/elportillodecoracion.es\/tienda\/bowl-blanco-plata-cristal-decorativo-40-x-40-x-760-cm\/","name":"CENTRO DE MESA BLANCO Y PLATA CRISTAL ESMALTADO 40 X 40 X 7,60 CM. - El Portillo Decoraci\u00f3n","isPartOf":{"@id":"https:\/\/elportillodecoracion.es\/#website"},"primaryImageOfPage":{"@id":"https:\/\/elportillodecoracion.es\/tienda\/bowl-blanco-plata-cristal-decorativo-40-x-40-x-760-cm\/#primaryimage"},"image":{"@id":"https:\/\/elportillodecoracion.es\/tienda\/bowl-blanco-plata-cristal-decorativo-40-x-40-x-760-cm\/#primaryimage"},"thumbnailUrl":"https:\/\/elportillodecoracion.es\/wp-content\/uploads\/2021\/03\/153747-BOWL-DECORATIVO-BLANCO-PLATA-CRISTAL-40-X-40-X-760-CM.jpg","datePublished":"2021-03-19T19:39:49+00:00","dateModified":"2022-11-25T20:15:57+00:00","description":"Precioso y lujoso centro de mesa\u00a0 realizado con cristal esmaltado,\u00a0con un espectacular\u00a0dise\u00f1o redondo\u00a0en color\u00a0blanco y plateado, con acabado de brillo y textura de puntitos. Este centro de mesa quedar\u00e1 elegante con efecto luxury en la mesa de sal\u00f3n o del office de tu cocina. \u2022 Di\u00e1metro: \u00d840 cm. \u2022 Alto: 7,6 cm. \u2022 Material: cristal esmaltado plata y blanco","breadcrumb":{"@id":"https:\/\/elportillodecoracion.es\/tienda\/bowl-blanco-plata-cristal-decorativo-40-x-40-x-760-cm\/#breadcrumb"},"inLanguage":"en-US","potentialAction":[{"@type":"ReadAction","target":["https:\/\/elportillodecoracion.es\/tienda\/bowl-blanco-plata-cristal-decorativo-40-x-40-x-760-cm\/"]}]},{"@type":"ImageObject","inLanguage":"en-US","@id":"https:\/\/elportillodecoracion.es\/tienda\/bowl-blanco-plata-cristal-decorativo-40-x-40-x-760-cm\/#primaryimage","url":"https:\/\/elportillodecoracion.es\/wp-content\/uploads\/2021\/03\/153747-BOWL-DECORATIVO-BLANCO-PLATA-CRISTAL-40-X-40-X-760-CM.jpg","contentUrl":"https:\/\/elportillodecoracion.es\/wp-content\/uploads\/2021\/03\/153747-BOWL-DECORATIVO-BLANCO-PLATA-CRISTAL-40-X-40-X-760-CM.jpg","width":700,"height":700},{"@type":"BreadcrumbList","@id":"https:\/\/elportillodecoracion.es\/tienda\/bowl-blanco-plata-cristal-decorativo-40-x-40-x-760-cm\/#breadcrumb","itemListElement":[{"@type":"ListItem","position":1,"name":"Portada","item":"https:\/\/elportillodecoracion.es\/"},{"@type":"ListItem","position":2,"name":"Tienda","item":"https:\/\/elportillodecoracion.es\/tienda\/"},{"@type":"ListItem","position":3,"name":"CENTRO DE MESA BLANCO Y PLATA CRISTAL ESMALTADO 40 X 40 X 7,60 CM."}]},{"@type":"WebSite","@id":"https:\/\/elportillodecoracion.es\/#website","url":"https:\/\/elportillodecoracion.es\/","name":"El Portillo Decoraci\u00f3n","description":"Muebles y Decoraci\u00f3n","publisher":{"@id":"https:\/\/elportillodecoracion.es\/#organization"},"potentialAction":[{"@type":"SearchAction","target":{"@type":"EntryPoint","urlTemplate":"https:\/\/elportillodecoracion.es\/?s={search_term_string}"},"query-input":{"@type":"PropertyValueSpecification","valueRequired":true,"valueName":"search_term_string"}}],"inLanguage":"en-US"},{"@type":"Organization","@id":"https:\/\/elportillodecoracion.es\/#organization","name":"El Portillo Decoraci\u00f3n","url":"https:\/\/elportillodecoracion.es\/","logo":{"@type":"ImageObject","inLanguage":"en-US","@id":"https:\/\/elportillodecoracion.es\/#\/schema\/logo\/image\/","url":"https:\/\/elportillodecoracion.es\/wp-content\/uploads\/2018\/11\/El-Portillo_logo-300.jpg","contentUrl":"https:\/\/elportillodecoracion.es\/wp-content\/uploads\/2018\/11\/El-Portillo_logo-300.jpg","width":350,"height":91,"caption":"El Portillo Decoraci\u00f3n"},"image":{"@id":"https:\/\/elportillodecoracion.es\/#\/schema\/logo\/image\/"}}]},"product_price_amount":"39.90","product_price_currency":"EUR","og_availability":"out of stock","product_availability":"out of stock","product_retailer_item_id":"153747","product_condition":"new"},"_links":{"self":[{"href":"https:\/\/elportillodecoracion.es\/en\/wp-json\/wp\/v2\/product\/12857","targetHints":{"allow":["GET"]}}],"collection":[{"href":"https:\/\/elportillodecoracion.es\/en\/wp-json\/wp\/v2\/product"}],"about":[{"href":"https:\/\/elportillodecoracion.es\/en\/wp-json\/wp\/v2\/types\/product"}],"replies":[{"embeddable":true,"href":"https:\/\/elportillodecoracion.es\/en\/wp-json\/wp\/v2\/comments?post=12857"}],"wp:featuredmedia":[{"embeddable":true,"href":"https:\/\/elportillodecoracion.es\/en\/wp-json\/wp\/v2\/media\/12858"}],"wp:attachment":[{"href":"https:\/\/elportillodecoracion.es\/en\/wp-json\/wp\/v2\/media?parent=12857"}],"wp:term":[{"taxonomy":"product_cat","embeddable":true,"href":"https:\/\/elportillodecoracion.es\/en\/wp-json\/wp\/v2\/product_cat?post=12857"},{"taxonomy":"product_tag","embeddable":true,"href":"https:\/\/elportillodecoracion.es\/en\/wp-json\/wp\/v2\/product_tag?post=12857"}],"curies":[{"name":"wp","href":"https:\/\/api.w.org\/{rel}","templated":true}]}}