{"id":12520,"date":"2021-03-08T12:48:38","date_gmt":"2021-03-08T11:48:38","guid":{"rendered":"https:\/\/elportillodecoracion.es\/?post_type=product&#038;p=12520"},"modified":"2021-05-21T13:14:16","modified_gmt":"2021-05-21T11:14:16","slug":"centro-verde-mate-decoracion-34-x-34-x-950-cm-vidrio","status":"publish","type":"product","link":"https:\/\/elportillodecoracion.es\/en\/tienda\/centro-verde-mate-decoracion-34-x-34-x-950-cm-vidrio\/","title":{"rendered":"CENTRO VERDE MATE DECORACI\u00d3N 34 X 34 X 9,50 CM VIDRIO."},"content":{"rendered":"","protected":false},"excerpt":{"rendered":"<p>Los centros de mesa dan un toque diferente y original en la decoraci\u00f3n.<\/p>\n<p>MATERIAL: VIDRIO RECICLADO.<\/p>\n","protected":false},"featured_media":12686,"comment_status":"open","ping_status":"closed","template":"","meta":{"_joinchat":[]},"product_cat":[710,709],"product_tag":[815],"class_list":{"0":"post-12520","1":"product","2":"type-product","3":"status-publish","4":"has-post-thumbnail","6":"product_cat-centerpieces","7":"product_cat-decorative-figures","8":"product_tag-glass","10":"first","11":"outofstock","12":"taxable","13":"shipping-taxable","14":"purchasable","15":"product-type-simple"},"yoast_head":"<!-- This site is optimized with the Yoast SEO Premium plugin v23.0 (Yoast SEO v25.6) - https:\/\/yoast.com\/wordpress\/plugins\/seo\/ -->\n<title>CENTRO VERDE MATE DECORACI\u00d3N 34 X 34 X 9,50 CM VIDRIO. - El Portillo Decoraci\u00f3n<\/title>\n<meta name=\"description\" content=\"Los centros de mesa dan un toque diferente y original en la decoraci\u00f3n.  MATERIAL: VIDRIO RECICLADO.\" \/>\n<meta name=\"robots\" content=\"index, follow, max-snippet:-1, max-image-preview:large, max-video-preview:-1\" \/>\n<link rel=\"canonical\" href=\"https:\/\/elportillodecoracion.es\/tienda\/centro-verde-mate-decoracion-34-x-34-x-950-cm-vidrio\/\" \/>\n<meta property=\"og:locale\" content=\"en_US\" \/>\n<meta property=\"og:type\" content=\"article\" \/>\n<meta property=\"og:title\" content=\"CENTRO VERDE MATE DECORACI\u00d3N 34 X 34 X 9,50 CM VIDRIO.\" \/>\n<meta property=\"og:description\" content=\"Los centros de mesa dan un toque diferente y original en la decoraci\u00f3n.  MATERIAL: VIDRIO RECICLADO.\" \/>\n<meta property=\"og:url\" content=\"https:\/\/elportillodecoracion.es\/tienda\/centro-verde-mate-decoracion-34-x-34-x-950-cm-vidrio\/\" \/>\n<meta property=\"og:site_name\" content=\"El Portillo Decoraci\u00f3n\" \/>\n<meta property=\"article:modified_time\" content=\"2021-05-21T11:14:16+00:00\" \/>\n<meta property=\"og:image\" content=\"https:\/\/elportillodecoracion.es\/wp-content\/uploads\/2021\/03\/600555-CENTRO-MATE-VERDE-VIDRIO-DECORACION-34-X-34-X-950-CM.jpg\" \/>\n\t<meta property=\"og:image:width\" content=\"700\" \/>\n\t<meta property=\"og:image:height\" content=\"700\" \/>\n\t<meta property=\"og:image:type\" content=\"image\/jpeg\" \/>\n<meta name=\"twitter:card\" content=\"summary_large_image\" \/>\n<meta name=\"twitter:label1\" content=\"Price\" \/>\n\t<meta name=\"twitter:data1\" content=\"32,90&euro; IVA inc\" \/>\n\t<meta name=\"twitter:label2\" content=\"Availability\" \/>\n\t<meta name=\"twitter:data2\" content=\"Out of stock\" \/>\n<script type=\"application\/ld+json\" class=\"yoast-schema-graph\">{\"@context\":\"https:\/\/schema.org\",\"@graph\":[{\"@type\":\"WebPage\",\"@id\":\"https:\/\/elportillodecoracion.es\/tienda\/centro-verde-mate-decoracion-34-x-34-x-950-cm-vidrio\/\",\"url\":\"https:\/\/elportillodecoracion.es\/tienda\/centro-verde-mate-decoracion-34-x-34-x-950-cm-vidrio\/\",\"name\":\"CENTRO VERDE MATE DECORACI\u00d3N 34 X 34 X 9,50 CM VIDRIO. - El Portillo Decoraci\u00f3n\",\"isPartOf\":{\"@id\":\"https:\/\/elportillodecoracion.es\/#website\"},\"primaryImageOfPage\":{\"@id\":\"https:\/\/elportillodecoracion.es\/tienda\/centro-verde-mate-decoracion-34-x-34-x-950-cm-vidrio\/#primaryimage\"},\"image\":{\"@id\":\"https:\/\/elportillodecoracion.es\/tienda\/centro-verde-mate-decoracion-34-x-34-x-950-cm-vidrio\/#primaryimage\"},\"thumbnailUrl\":\"https:\/\/elportillodecoracion.es\/wp-content\/uploads\/2021\/03\/600555-CENTRO-MATE-VERDE-VIDRIO-DECORACION-34-X-34-X-950-CM.jpg\",\"datePublished\":\"2021-03-08T11:48:38+00:00\",\"dateModified\":\"2021-05-21T11:14:16+00:00\",\"description\":\"Los centros de mesa dan un toque diferente y original en la decoraci\u00f3n. MATERIAL: VIDRIO RECICLADO.\",\"breadcrumb\":{\"@id\":\"https:\/\/elportillodecoracion.es\/tienda\/centro-verde-mate-decoracion-34-x-34-x-950-cm-vidrio\/#breadcrumb\"},\"inLanguage\":\"en-US\",\"potentialAction\":[{\"@type\":\"ReadAction\",\"target\":[\"https:\/\/elportillodecoracion.es\/tienda\/centro-verde-mate-decoracion-34-x-34-x-950-cm-vidrio\/\"]}]},{\"@type\":\"ImageObject\",\"inLanguage\":\"en-US\",\"@id\":\"https:\/\/elportillodecoracion.es\/tienda\/centro-verde-mate-decoracion-34-x-34-x-950-cm-vidrio\/#primaryimage\",\"url\":\"https:\/\/elportillodecoracion.es\/wp-content\/uploads\/2021\/03\/600555-CENTRO-MATE-VERDE-VIDRIO-DECORACION-34-X-34-X-950-CM.jpg\",\"contentUrl\":\"https:\/\/elportillodecoracion.es\/wp-content\/uploads\/2021\/03\/600555-CENTRO-MATE-VERDE-VIDRIO-DECORACION-34-X-34-X-950-CM.jpg\",\"width\":700,\"height\":700},{\"@type\":\"BreadcrumbList\",\"@id\":\"https:\/\/elportillodecoracion.es\/tienda\/centro-verde-mate-decoracion-34-x-34-x-950-cm-vidrio\/#breadcrumb\",\"itemListElement\":[{\"@type\":\"ListItem\",\"position\":1,\"name\":\"Portada\",\"item\":\"https:\/\/elportillodecoracion.es\/\"},{\"@type\":\"ListItem\",\"position\":2,\"name\":\"Tienda\",\"item\":\"https:\/\/elportillodecoracion.es\/tienda\/\"},{\"@type\":\"ListItem\",\"position\":3,\"name\":\"CENTRO VERDE MATE DECORACI\u00d3N 34 X 34 X 9,50 CM VIDRIO.\"}]},{\"@type\":\"WebSite\",\"@id\":\"https:\/\/elportillodecoracion.es\/#website\",\"url\":\"https:\/\/elportillodecoracion.es\/\",\"name\":\"El Portillo Decoraci\u00f3n\",\"description\":\"Muebles y Decoraci\u00f3n\",\"publisher\":{\"@id\":\"https:\/\/elportillodecoracion.es\/#organization\"},\"potentialAction\":[{\"@type\":\"SearchAction\",\"target\":{\"@type\":\"EntryPoint\",\"urlTemplate\":\"https:\/\/elportillodecoracion.es\/?s={search_term_string}\"},\"query-input\":{\"@type\":\"PropertyValueSpecification\",\"valueRequired\":true,\"valueName\":\"search_term_string\"}}],\"inLanguage\":\"en-US\"},{\"@type\":\"Organization\",\"@id\":\"https:\/\/elportillodecoracion.es\/#organization\",\"name\":\"El Portillo Decoraci\u00f3n\",\"url\":\"https:\/\/elportillodecoracion.es\/\",\"logo\":{\"@type\":\"ImageObject\",\"inLanguage\":\"en-US\",\"@id\":\"https:\/\/elportillodecoracion.es\/#\/schema\/logo\/image\/\",\"url\":\"https:\/\/elportillodecoracion.es\/wp-content\/uploads\/2018\/11\/El-Portillo_logo-300.jpg\",\"contentUrl\":\"https:\/\/elportillodecoracion.es\/wp-content\/uploads\/2018\/11\/El-Portillo_logo-300.jpg\",\"width\":350,\"height\":91,\"caption\":\"El Portillo Decoraci\u00f3n\"},\"image\":{\"@id\":\"https:\/\/elportillodecoracion.es\/#\/schema\/logo\/image\/\"}}]}<\/script>\n<meta property=\"product:price:amount\" content=\"32.90\" \/>\n<meta property=\"product:price:currency\" content=\"EUR\" \/>\n<meta property=\"og:availability\" content=\"out of stock\" \/>\n<meta property=\"product:availability\" content=\"out of stock\" \/>\n<meta property=\"product:retailer_item_id\" content=\"600555\" \/>\n<meta property=\"product:condition\" content=\"new\" \/>\n<!-- \/ Yoast SEO Premium plugin. -->","yoast_head_json":{"title":"CENTRO VERDE MATE DECORACI\u00d3N 34 X 34 X 9,50 CM VIDRIO. - El Portillo Decoraci\u00f3n","description":"Los centros de mesa dan un toque diferente y original en la decoraci\u00f3n.  MATERIAL: VIDRIO RECICLADO.","robots":{"index":"index","follow":"follow","max-snippet":"max-snippet:-1","max-image-preview":"max-image-preview:large","max-video-preview":"max-video-preview:-1"},"canonical":"https:\/\/elportillodecoracion.es\/tienda\/centro-verde-mate-decoracion-34-x-34-x-950-cm-vidrio\/","og_locale":"en_US","og_type":"article","og_title":"CENTRO VERDE MATE DECORACI\u00d3N 34 X 34 X 9,50 CM VIDRIO.","og_description":"Los centros de mesa dan un toque diferente y original en la decoraci\u00f3n.  MATERIAL: VIDRIO RECICLADO.","og_url":"https:\/\/elportillodecoracion.es\/tienda\/centro-verde-mate-decoracion-34-x-34-x-950-cm-vidrio\/","og_site_name":"El Portillo Decoraci\u00f3n","article_modified_time":"2021-05-21T11:14:16+00:00","og_image":[{"width":700,"height":700,"url":"https:\/\/elportillodecoracion.es\/wp-content\/uploads\/2021\/03\/600555-CENTRO-MATE-VERDE-VIDRIO-DECORACION-34-X-34-X-950-CM.jpg","type":"image\/jpeg"}],"twitter_card":"summary_large_image","twitter_misc":{"Price":"32,90&euro; IVA inc","Availability":"Out of stock"},"schema":{"@context":"https:\/\/schema.org","@graph":[{"@type":"WebPage","@id":"https:\/\/elportillodecoracion.es\/tienda\/centro-verde-mate-decoracion-34-x-34-x-950-cm-vidrio\/","url":"https:\/\/elportillodecoracion.es\/tienda\/centro-verde-mate-decoracion-34-x-34-x-950-cm-vidrio\/","name":"CENTRO VERDE MATE DECORACI\u00d3N 34 X 34 X 9,50 CM VIDRIO. - El Portillo Decoraci\u00f3n","isPartOf":{"@id":"https:\/\/elportillodecoracion.es\/#website"},"primaryImageOfPage":{"@id":"https:\/\/elportillodecoracion.es\/tienda\/centro-verde-mate-decoracion-34-x-34-x-950-cm-vidrio\/#primaryimage"},"image":{"@id":"https:\/\/elportillodecoracion.es\/tienda\/centro-verde-mate-decoracion-34-x-34-x-950-cm-vidrio\/#primaryimage"},"thumbnailUrl":"https:\/\/elportillodecoracion.es\/wp-content\/uploads\/2021\/03\/600555-CENTRO-MATE-VERDE-VIDRIO-DECORACION-34-X-34-X-950-CM.jpg","datePublished":"2021-03-08T11:48:38+00:00","dateModified":"2021-05-21T11:14:16+00:00","description":"Los centros de mesa dan un toque diferente y original en la decoraci\u00f3n. MATERIAL: VIDRIO RECICLADO.","breadcrumb":{"@id":"https:\/\/elportillodecoracion.es\/tienda\/centro-verde-mate-decoracion-34-x-34-x-950-cm-vidrio\/#breadcrumb"},"inLanguage":"en-US","potentialAction":[{"@type":"ReadAction","target":["https:\/\/elportillodecoracion.es\/tienda\/centro-verde-mate-decoracion-34-x-34-x-950-cm-vidrio\/"]}]},{"@type":"ImageObject","inLanguage":"en-US","@id":"https:\/\/elportillodecoracion.es\/tienda\/centro-verde-mate-decoracion-34-x-34-x-950-cm-vidrio\/#primaryimage","url":"https:\/\/elportillodecoracion.es\/wp-content\/uploads\/2021\/03\/600555-CENTRO-MATE-VERDE-VIDRIO-DECORACION-34-X-34-X-950-CM.jpg","contentUrl":"https:\/\/elportillodecoracion.es\/wp-content\/uploads\/2021\/03\/600555-CENTRO-MATE-VERDE-VIDRIO-DECORACION-34-X-34-X-950-CM.jpg","width":700,"height":700},{"@type":"BreadcrumbList","@id":"https:\/\/elportillodecoracion.es\/tienda\/centro-verde-mate-decoracion-34-x-34-x-950-cm-vidrio\/#breadcrumb","itemListElement":[{"@type":"ListItem","position":1,"name":"Portada","item":"https:\/\/elportillodecoracion.es\/"},{"@type":"ListItem","position":2,"name":"Tienda","item":"https:\/\/elportillodecoracion.es\/tienda\/"},{"@type":"ListItem","position":3,"name":"CENTRO VERDE MATE DECORACI\u00d3N 34 X 34 X 9,50 CM VIDRIO."}]},{"@type":"WebSite","@id":"https:\/\/elportillodecoracion.es\/#website","url":"https:\/\/elportillodecoracion.es\/","name":"El Portillo Decoraci\u00f3n","description":"Muebles y Decoraci\u00f3n","publisher":{"@id":"https:\/\/elportillodecoracion.es\/#organization"},"potentialAction":[{"@type":"SearchAction","target":{"@type":"EntryPoint","urlTemplate":"https:\/\/elportillodecoracion.es\/?s={search_term_string}"},"query-input":{"@type":"PropertyValueSpecification","valueRequired":true,"valueName":"search_term_string"}}],"inLanguage":"en-US"},{"@type":"Organization","@id":"https:\/\/elportillodecoracion.es\/#organization","name":"El Portillo Decoraci\u00f3n","url":"https:\/\/elportillodecoracion.es\/","logo":{"@type":"ImageObject","inLanguage":"en-US","@id":"https:\/\/elportillodecoracion.es\/#\/schema\/logo\/image\/","url":"https:\/\/elportillodecoracion.es\/wp-content\/uploads\/2018\/11\/El-Portillo_logo-300.jpg","contentUrl":"https:\/\/elportillodecoracion.es\/wp-content\/uploads\/2018\/11\/El-Portillo_logo-300.jpg","width":350,"height":91,"caption":"El Portillo Decoraci\u00f3n"},"image":{"@id":"https:\/\/elportillodecoracion.es\/#\/schema\/logo\/image\/"}}]},"product_price_amount":"32.90","product_price_currency":"EUR","og_availability":"out of stock","product_availability":"out of stock","product_retailer_item_id":"600555","product_condition":"new"},"_links":{"self":[{"href":"https:\/\/elportillodecoracion.es\/en\/wp-json\/wp\/v2\/product\/12520","targetHints":{"allow":["GET"]}}],"collection":[{"href":"https:\/\/elportillodecoracion.es\/en\/wp-json\/wp\/v2\/product"}],"about":[{"href":"https:\/\/elportillodecoracion.es\/en\/wp-json\/wp\/v2\/types\/product"}],"replies":[{"embeddable":true,"href":"https:\/\/elportillodecoracion.es\/en\/wp-json\/wp\/v2\/comments?post=12520"}],"wp:featuredmedia":[{"embeddable":true,"href":"https:\/\/elportillodecoracion.es\/en\/wp-json\/wp\/v2\/media\/12686"}],"wp:attachment":[{"href":"https:\/\/elportillodecoracion.es\/en\/wp-json\/wp\/v2\/media?parent=12520"}],"wp:term":[{"taxonomy":"product_cat","embeddable":true,"href":"https:\/\/elportillodecoracion.es\/en\/wp-json\/wp\/v2\/product_cat?post=12520"},{"taxonomy":"product_tag","embeddable":true,"href":"https:\/\/elportillodecoracion.es\/en\/wp-json\/wp\/v2\/product_tag?post=12520"}],"curies":[{"name":"wp","href":"https:\/\/api.w.org\/{rel}","templated":true}]}}