{"id":12508,"date":"2021-03-08T12:48:36","date_gmt":"2021-03-08T11:48:36","guid":{"rendered":"https:\/\/elportillodecoracion.es\/?post_type=product&#038;p=12508"},"modified":"2021-11-23T20:55:47","modified_gmt":"2021-11-23T19:55:47","slug":"vajilla-cocina-18-piezas-gres","status":"publish","type":"product","link":"https:\/\/elportillodecoracion.es\/en\/tienda\/vajilla-cocina-18-piezas-gres\/","title":{"rendered":"VAJILLA COCINA 18 PIEZAS GR\u00c9S ."},"content":{"rendered":"","protected":false},"excerpt":{"rendered":"<p>6 platos llanos: Stoneware, di\u00e1m 27cm x 3,2cm.<\/p>\n<p>6 platos hondos: Stoneware, di\u00e1m 21cm x 5cm.<\/p>\n<p>6 platos de postre: Stoneware, di\u00e1m 19cm x 2,3cm.<\/p>\n<p>Apto para lavavajillas y microondas.<\/p>\n","protected":false},"featured_media":12553,"comment_status":"open","ping_status":"closed","template":"","meta":{"_joinchat":[]},"product_cat":[837,839],"product_tag":[],"class_list":{"0":"post-12508","1":"product","2":"type-product","3":"status-publish","4":"has-post-thumbnail","6":"product_cat-dinning-hall","7":"product_cat-crockery","9":"first","10":"outofstock","11":"taxable","12":"shipping-taxable","13":"purchasable","14":"product-type-simple"},"yoast_head":"<!-- This site is optimized with the Yoast SEO Premium plugin v23.0 (Yoast SEO v25.6) - https:\/\/yoast.com\/wordpress\/plugins\/seo\/ -->\n<title>VAJILLA COCINA 18 PIEZAS GR\u00c9S . - El Portillo Decoraci\u00f3n<\/title>\n<meta name=\"description\" content=\"6 platos llanos: Stoneware, di\u00e1m 27cm x 3,2cm.  6 platos hondos: Stoneware, di\u00e1m 21cm x 5cm.  6 platos de postre: Stoneware, di\u00e1m 19cm x 2,3cm.  Apto para lavavajillas y microondas.\" \/>\n<meta name=\"robots\" content=\"index, follow, max-snippet:-1, max-image-preview:large, max-video-preview:-1\" \/>\n<link rel=\"canonical\" href=\"https:\/\/elportillodecoracion.es\/tienda\/vajilla-cocina-18-piezas-gres\/\" \/>\n<meta property=\"og:locale\" content=\"en_US\" \/>\n<meta property=\"og:type\" content=\"article\" \/>\n<meta property=\"og:title\" content=\"VAJILLA COCINA 18 PIEZAS GR\u00c9S .\" \/>\n<meta property=\"og:description\" content=\"6 platos llanos: Stoneware, di\u00e1m 27cm x 3,2cm.  6 platos hondos: Stoneware, di\u00e1m 21cm x 5cm.  6 platos de postre: Stoneware, di\u00e1m 19cm x 2,3cm.  Apto para lavavajillas y microondas.\" \/>\n<meta property=\"og:url\" content=\"https:\/\/elportillodecoracion.es\/tienda\/vajilla-cocina-18-piezas-gres\/\" \/>\n<meta property=\"og:site_name\" content=\"El Portillo Decoraci\u00f3n\" \/>\n<meta property=\"article:modified_time\" content=\"2021-11-23T19:55:47+00:00\" \/>\n<meta property=\"og:image\" content=\"https:\/\/elportillodecoracion.es\/wp-content\/uploads\/2021\/03\/600197-VAJILLA-18-PIEZAS-STONEWARE-COCINA.jpg\" \/>\n\t<meta property=\"og:image:width\" content=\"700\" \/>\n\t<meta property=\"og:image:height\" content=\"700\" \/>\n\t<meta property=\"og:image:type\" content=\"image\/jpeg\" \/>\n<meta name=\"twitter:card\" content=\"summary_large_image\" \/>\n<meta name=\"twitter:label1\" content=\"Price\" \/>\n\t<meta name=\"twitter:data1\" content=\"149,00&euro; IVA inc\" \/>\n\t<meta name=\"twitter:label2\" content=\"Availability\" \/>\n\t<meta name=\"twitter:data2\" content=\"Out of stock\" \/>\n<script type=\"application\/ld+json\" class=\"yoast-schema-graph\">{\"@context\":\"https:\/\/schema.org\",\"@graph\":[{\"@type\":\"WebPage\",\"@id\":\"https:\/\/elportillodecoracion.es\/tienda\/vajilla-cocina-18-piezas-gres\/\",\"url\":\"https:\/\/elportillodecoracion.es\/tienda\/vajilla-cocina-18-piezas-gres\/\",\"name\":\"VAJILLA COCINA 18 PIEZAS GR\u00c9S . - El Portillo Decoraci\u00f3n\",\"isPartOf\":{\"@id\":\"https:\/\/elportillodecoracion.es\/#website\"},\"primaryImageOfPage\":{\"@id\":\"https:\/\/elportillodecoracion.es\/tienda\/vajilla-cocina-18-piezas-gres\/#primaryimage\"},\"image\":{\"@id\":\"https:\/\/elportillodecoracion.es\/tienda\/vajilla-cocina-18-piezas-gres\/#primaryimage\"},\"thumbnailUrl\":\"https:\/\/elportillodecoracion.es\/wp-content\/uploads\/2021\/03\/600197-VAJILLA-18-PIEZAS-STONEWARE-COCINA.jpg\",\"datePublished\":\"2021-03-08T11:48:36+00:00\",\"dateModified\":\"2021-11-23T19:55:47+00:00\",\"description\":\"6 platos llanos: Stoneware, di\u00e1m 27cm x 3,2cm. 6 platos hondos: Stoneware, di\u00e1m 21cm x 5cm. 6 platos de postre: Stoneware, di\u00e1m 19cm x 2,3cm. Apto para lavavajillas y microondas.\",\"breadcrumb\":{\"@id\":\"https:\/\/elportillodecoracion.es\/tienda\/vajilla-cocina-18-piezas-gres\/#breadcrumb\"},\"inLanguage\":\"en-US\",\"potentialAction\":[{\"@type\":\"ReadAction\",\"target\":[\"https:\/\/elportillodecoracion.es\/tienda\/vajilla-cocina-18-piezas-gres\/\"]}]},{\"@type\":\"ImageObject\",\"inLanguage\":\"en-US\",\"@id\":\"https:\/\/elportillodecoracion.es\/tienda\/vajilla-cocina-18-piezas-gres\/#primaryimage\",\"url\":\"https:\/\/elportillodecoracion.es\/wp-content\/uploads\/2021\/03\/600197-VAJILLA-18-PIEZAS-STONEWARE-COCINA.jpg\",\"contentUrl\":\"https:\/\/elportillodecoracion.es\/wp-content\/uploads\/2021\/03\/600197-VAJILLA-18-PIEZAS-STONEWARE-COCINA.jpg\",\"width\":700,\"height\":700},{\"@type\":\"BreadcrumbList\",\"@id\":\"https:\/\/elportillodecoracion.es\/tienda\/vajilla-cocina-18-piezas-gres\/#breadcrumb\",\"itemListElement\":[{\"@type\":\"ListItem\",\"position\":1,\"name\":\"Portada\",\"item\":\"https:\/\/elportillodecoracion.es\/\"},{\"@type\":\"ListItem\",\"position\":2,\"name\":\"Tienda\",\"item\":\"https:\/\/elportillodecoracion.es\/tienda\/\"},{\"@type\":\"ListItem\",\"position\":3,\"name\":\"VAJILLA COCINA 18 PIEZAS GR\u00c9S .\"}]},{\"@type\":\"WebSite\",\"@id\":\"https:\/\/elportillodecoracion.es\/#website\",\"url\":\"https:\/\/elportillodecoracion.es\/\",\"name\":\"El Portillo Decoraci\u00f3n\",\"description\":\"Muebles y Decoraci\u00f3n\",\"publisher\":{\"@id\":\"https:\/\/elportillodecoracion.es\/#organization\"},\"potentialAction\":[{\"@type\":\"SearchAction\",\"target\":{\"@type\":\"EntryPoint\",\"urlTemplate\":\"https:\/\/elportillodecoracion.es\/?s={search_term_string}\"},\"query-input\":{\"@type\":\"PropertyValueSpecification\",\"valueRequired\":true,\"valueName\":\"search_term_string\"}}],\"inLanguage\":\"en-US\"},{\"@type\":\"Organization\",\"@id\":\"https:\/\/elportillodecoracion.es\/#organization\",\"name\":\"El Portillo Decoraci\u00f3n\",\"url\":\"https:\/\/elportillodecoracion.es\/\",\"logo\":{\"@type\":\"ImageObject\",\"inLanguage\":\"en-US\",\"@id\":\"https:\/\/elportillodecoracion.es\/#\/schema\/logo\/image\/\",\"url\":\"https:\/\/elportillodecoracion.es\/wp-content\/uploads\/2018\/11\/El-Portillo_logo-300.jpg\",\"contentUrl\":\"https:\/\/elportillodecoracion.es\/wp-content\/uploads\/2018\/11\/El-Portillo_logo-300.jpg\",\"width\":350,\"height\":91,\"caption\":\"El Portillo Decoraci\u00f3n\"},\"image\":{\"@id\":\"https:\/\/elportillodecoracion.es\/#\/schema\/logo\/image\/\"}}]}<\/script>\n<meta property=\"product:price:amount\" content=\"149.00\" \/>\n<meta property=\"product:price:currency\" content=\"EUR\" \/>\n<meta property=\"og:availability\" content=\"out of stock\" \/>\n<meta property=\"product:availability\" content=\"out of stock\" \/>\n<meta property=\"product:retailer_item_id\" content=\"600197\" \/>\n<meta property=\"product:condition\" content=\"new\" \/>\n<!-- \/ Yoast SEO Premium plugin. -->","yoast_head_json":{"title":"VAJILLA COCINA 18 PIEZAS GR\u00c9S . - El Portillo Decoraci\u00f3n","description":"6 platos llanos: Stoneware, di\u00e1m 27cm x 3,2cm.  6 platos hondos: Stoneware, di\u00e1m 21cm x 5cm.  6 platos de postre: Stoneware, di\u00e1m 19cm x 2,3cm.  Apto para lavavajillas y microondas.","robots":{"index":"index","follow":"follow","max-snippet":"max-snippet:-1","max-image-preview":"max-image-preview:large","max-video-preview":"max-video-preview:-1"},"canonical":"https:\/\/elportillodecoracion.es\/tienda\/vajilla-cocina-18-piezas-gres\/","og_locale":"en_US","og_type":"article","og_title":"VAJILLA COCINA 18 PIEZAS GR\u00c9S .","og_description":"6 platos llanos: Stoneware, di\u00e1m 27cm x 3,2cm.  6 platos hondos: Stoneware, di\u00e1m 21cm x 5cm.  6 platos de postre: Stoneware, di\u00e1m 19cm x 2,3cm.  Apto para lavavajillas y microondas.","og_url":"https:\/\/elportillodecoracion.es\/tienda\/vajilla-cocina-18-piezas-gres\/","og_site_name":"El Portillo Decoraci\u00f3n","article_modified_time":"2021-11-23T19:55:47+00:00","og_image":[{"width":700,"height":700,"url":"https:\/\/elportillodecoracion.es\/wp-content\/uploads\/2021\/03\/600197-VAJILLA-18-PIEZAS-STONEWARE-COCINA.jpg","type":"image\/jpeg"}],"twitter_card":"summary_large_image","twitter_misc":{"Price":"149,00&euro; IVA inc","Availability":"Out of stock"},"schema":{"@context":"https:\/\/schema.org","@graph":[{"@type":"WebPage","@id":"https:\/\/elportillodecoracion.es\/tienda\/vajilla-cocina-18-piezas-gres\/","url":"https:\/\/elportillodecoracion.es\/tienda\/vajilla-cocina-18-piezas-gres\/","name":"VAJILLA COCINA 18 PIEZAS GR\u00c9S . - El Portillo Decoraci\u00f3n","isPartOf":{"@id":"https:\/\/elportillodecoracion.es\/#website"},"primaryImageOfPage":{"@id":"https:\/\/elportillodecoracion.es\/tienda\/vajilla-cocina-18-piezas-gres\/#primaryimage"},"image":{"@id":"https:\/\/elportillodecoracion.es\/tienda\/vajilla-cocina-18-piezas-gres\/#primaryimage"},"thumbnailUrl":"https:\/\/elportillodecoracion.es\/wp-content\/uploads\/2021\/03\/600197-VAJILLA-18-PIEZAS-STONEWARE-COCINA.jpg","datePublished":"2021-03-08T11:48:36+00:00","dateModified":"2021-11-23T19:55:47+00:00","description":"6 platos llanos: Stoneware, di\u00e1m 27cm x 3,2cm. 6 platos hondos: Stoneware, di\u00e1m 21cm x 5cm. 6 platos de postre: Stoneware, di\u00e1m 19cm x 2,3cm. Apto para lavavajillas y microondas.","breadcrumb":{"@id":"https:\/\/elportillodecoracion.es\/tienda\/vajilla-cocina-18-piezas-gres\/#breadcrumb"},"inLanguage":"en-US","potentialAction":[{"@type":"ReadAction","target":["https:\/\/elportillodecoracion.es\/tienda\/vajilla-cocina-18-piezas-gres\/"]}]},{"@type":"ImageObject","inLanguage":"en-US","@id":"https:\/\/elportillodecoracion.es\/tienda\/vajilla-cocina-18-piezas-gres\/#primaryimage","url":"https:\/\/elportillodecoracion.es\/wp-content\/uploads\/2021\/03\/600197-VAJILLA-18-PIEZAS-STONEWARE-COCINA.jpg","contentUrl":"https:\/\/elportillodecoracion.es\/wp-content\/uploads\/2021\/03\/600197-VAJILLA-18-PIEZAS-STONEWARE-COCINA.jpg","width":700,"height":700},{"@type":"BreadcrumbList","@id":"https:\/\/elportillodecoracion.es\/tienda\/vajilla-cocina-18-piezas-gres\/#breadcrumb","itemListElement":[{"@type":"ListItem","position":1,"name":"Portada","item":"https:\/\/elportillodecoracion.es\/"},{"@type":"ListItem","position":2,"name":"Tienda","item":"https:\/\/elportillodecoracion.es\/tienda\/"},{"@type":"ListItem","position":3,"name":"VAJILLA COCINA 18 PIEZAS GR\u00c9S ."}]},{"@type":"WebSite","@id":"https:\/\/elportillodecoracion.es\/#website","url":"https:\/\/elportillodecoracion.es\/","name":"El Portillo Decoraci\u00f3n","description":"Muebles y Decoraci\u00f3n","publisher":{"@id":"https:\/\/elportillodecoracion.es\/#organization"},"potentialAction":[{"@type":"SearchAction","target":{"@type":"EntryPoint","urlTemplate":"https:\/\/elportillodecoracion.es\/?s={search_term_string}"},"query-input":{"@type":"PropertyValueSpecification","valueRequired":true,"valueName":"search_term_string"}}],"inLanguage":"en-US"},{"@type":"Organization","@id":"https:\/\/elportillodecoracion.es\/#organization","name":"El Portillo Decoraci\u00f3n","url":"https:\/\/elportillodecoracion.es\/","logo":{"@type":"ImageObject","inLanguage":"en-US","@id":"https:\/\/elportillodecoracion.es\/#\/schema\/logo\/image\/","url":"https:\/\/elportillodecoracion.es\/wp-content\/uploads\/2018\/11\/El-Portillo_logo-300.jpg","contentUrl":"https:\/\/elportillodecoracion.es\/wp-content\/uploads\/2018\/11\/El-Portillo_logo-300.jpg","width":350,"height":91,"caption":"El Portillo Decoraci\u00f3n"},"image":{"@id":"https:\/\/elportillodecoracion.es\/#\/schema\/logo\/image\/"}}]},"product_price_amount":"149.00","product_price_currency":"EUR","og_availability":"out of stock","product_availability":"out of stock","product_retailer_item_id":"600197","product_condition":"new"},"_links":{"self":[{"href":"https:\/\/elportillodecoracion.es\/en\/wp-json\/wp\/v2\/product\/12508","targetHints":{"allow":["GET"]}}],"collection":[{"href":"https:\/\/elportillodecoracion.es\/en\/wp-json\/wp\/v2\/product"}],"about":[{"href":"https:\/\/elportillodecoracion.es\/en\/wp-json\/wp\/v2\/types\/product"}],"replies":[{"embeddable":true,"href":"https:\/\/elportillodecoracion.es\/en\/wp-json\/wp\/v2\/comments?post=12508"}],"wp:featuredmedia":[{"embeddable":true,"href":"https:\/\/elportillodecoracion.es\/en\/wp-json\/wp\/v2\/media\/12553"}],"wp:attachment":[{"href":"https:\/\/elportillodecoracion.es\/en\/wp-json\/wp\/v2\/media?parent=12508"}],"wp:term":[{"taxonomy":"product_cat","embeddable":true,"href":"https:\/\/elportillodecoracion.es\/en\/wp-json\/wp\/v2\/product_cat?post=12508"},{"taxonomy":"product_tag","embeddable":true,"href":"https:\/\/elportillodecoracion.es\/en\/wp-json\/wp\/v2\/product_tag?post=12508"}],"curies":[{"name":"wp","href":"https:\/\/api.w.org\/{rel}","templated":true}]}}