{"id":12284,"date":"2025-02-25T22:20:50","date_gmt":"2025-02-25T21:20:50","guid":{"rendered":"https:\/\/elportillodecoracion.es\/?post_type=product&#038;p=12284"},"modified":"2025-03-18T21:48:07","modified_gmt":"2025-03-18T20:48:07","slug":"mueble-zapatero-80-x-30-x-107-cms","status":"publish","type":"product","link":"https:\/\/elportillodecoracion.es\/en\/tienda\/mueble-zapatero-80-x-30-x-107-cms\/","title":{"rendered":"MUEBLE ZAPATERO DE RATAN Y MADERA NATURAL 76 X 30 X 107 cms."},"content":{"rendered":"","protected":false},"excerpt":{"rendered":"<div class=\"product-view simple\">\n<div class=\"product-essential\">\n<div class=\"row-fluid\">\n<div class=\"product-shop span12\">\n<div class=\"product-shop-main-wrapper clearfix\">\n<form id=\"product_addtocart_form\" action=\"https:\/\/lolahome.es\/checkout\/cart\/add\/uenc\/aHR0cHM6Ly9sb2xhaG9tZS5lcy9yZWNpYmlkb3ItemFwYXRlcm8tYmVpZ2UtbWFkZXJhLTQ0NTY1Lmh0bWw,\/product\/44565\/form_key\/YHJQXDNombsgQiig\/\" method=\"post\">\n<div class=\"product-shop-main span9\">\n<div class=\"span15\">\n<div class=\"std description \">\n<div class=\"box-collateral box-description\">\n<p>Mueble de estilo natural ideal para la entrada, dormitorio o para poner en cualquier espacio\u00a0 con un look fresco y siguiendo las \u00faltimas tendencias decorativas.<\/p>\n<p>Este mueble zapatero, funcional y vers\u00e1til, con est\u00e9tica sencilla y elegante esta realizado en madera de paulonia , MDF y Ratt\u00e1n, con cantos<\/p>\n<p>redondeados, 2 cajones superiores y 2 puertas abatibles, combinando rejilla de Rat\u00e1n y efecto tablillas horizontales y acabados lisos.<\/p>\n<p>Los cajones y puertas con tiradores met\u00e1licos de asa, en color dorado mate.<\/p>\n<p>Este mueble zapatero o de entrada se adapta perfectamente al ESTILO NATURAL que tanto nos gusta para combinar con otros estilos de El Portillo decoraci\u00f3n.<\/p>\n<p>medidas y caracter\u00edsticas:<\/p>\n<ul>\n<li>Largo: 76\u00a0cm.<\/li>\n<li>Alto: 107 cm.<\/li>\n<li>Ancho: 30 cm.<\/li>\n<li>Material: Madera de paulonia \u2013 madera MDF \u2013 Ratt\u00e1n.<\/li>\n<li>No requiere montaje.<\/li>\n<\/ul>\n<\/div>\n<\/div>\n<\/div>\n<\/div>\n<div class=\"slick-stick show\">\n<div class=\"info-content\">\n<div class=\"product-name\">\n<p>Recibidor zapatero beige de madera y ratt\u00e1n de 80x30x107 cm<\/p>\n<\/div>\n<\/div>\n<\/div>\n<\/form>\n<\/div>\n<\/div>\n<\/div>\n<\/div>\n<\/div>\n<div class=\"row-fluid pdp-bottom\">\n<div class=\"additional span16 clearfix upsell-content \">\n<div class=\"title\">\n<p>&nbsp;<\/p>\n<\/div>\n<div id=\"recommender-1\" class=\"products-relateds\">\n<div class=\"upsell-content \">\n<div class=\"upsell-container relateds-products span16\" data-trackga=\"product_similares\">\n<div class=\"slick-list draggable\" tabindex=\"0\">\n<div class=\"slick-track\">\n<div class=\"item-content\">\n<div class=\"info\">\n<div class=\"item-review\">\n<div class=\"yotpo bottomLine yotpo-small\" data-product-id=\"15294\" data-yotpo-element-id=\"4\">\n<div class=\"yotpo-display-wrapper\">\n<div class=\"standalone-bottomline\" tabindex=\"-1\" data-source=\"default\">\n<div class=\"yotpo-bottomline pull-left star-clickable\" tabindex=\"0\">\n<p><span class=\"yotpo-stars\"><span class=\"sr-only\">4.2 star rating<\/span><\/span><\/p>\n<div class=\"yotpo-clr\"><\/div>\n<\/div>\n<div class=\"yotpo-clr\"><\/div>\n<\/div>\n<div class=\"yotpo-clr\"><\/div>\n<\/div>\n<\/div>\n<\/div>\n<div class=\"price-box\"><\/div>\n<div class=\"cart_controller\"><\/div>\n<\/div>\n<\/div>\n<\/div>\n<\/div>\n<div class=\"clearfix\"><\/div>\n<\/div>\n<\/div>\n<\/div>\n<div class=\"title\">\n<p>Lo puedes complementar con\u2026<\/p>\n<\/div>\n<\/div>\n<\/div>\n","protected":false},"featured_media":23614,"comment_status":"open","ping_status":"closed","template":"","meta":{"_joinchat":[]},"product_cat":[726,723,734],"product_tag":[807,943],"class_list":{"0":"post-12284","1":"product","2":"type-product","3":"status-publish","4":"has-post-thumbnail","6":"product_cat-auxiliary-furniture","7":"product_cat-furniture","8":"product_cat-natural","9":"product_tag-wood","10":"product_tag-ratan","11":"product_shipping_class-furniture-shipping","13":"first","14":"instock","15":"taxable","16":"shipping-taxable","17":"purchasable","18":"product-type-simple"},"yoast_head":"<!-- This site is optimized with the Yoast SEO Premium plugin v23.0 (Yoast SEO v25.6) - https:\/\/yoast.com\/wordpress\/plugins\/seo\/ -->\n<title>MUEBLE ZAPATERO DE RATAN Y MADERA NATURAL 76 X 30 X 107 cms. - El Portillo Decoraci\u00f3n<\/title>\n<meta name=\"description\" content=\"Mueble de estilo natural ideal para la entrada, dormitorio o para poner en cualquier espacio\u00a0 con un look fresco y siguiendo las \u00faltimas tendencias decorativas.  Este mueble zapatero, funcional y vers\u00e1til, con est\u00e9tica sencilla y elegante esta realizado en madera de paulonia , MDF y Ratt\u00e1n, con cantos  redondeados, 2 cajones superiores y 2 puertas abatibles, combinando rejilla de Rat\u00e1n y efecto tablillas horizontales y acabados lisos.  Los cajones y puertas con tiradores met\u00e1licos de asa, en color dorado mate.  Este mueble zapatero o de entrada se adapta perfectamente al ESTILO NATURAL que tanto nos gusta para combinar con otros estilos de El Portillo decoraci\u00f3n.  medidas y caracter\u00edsticas:   Largo: 76\u00a0cm.  Alto: 107 cm.  Ancho: 30 cm.  Material: Madera de paulonia \u2013 madera MDF \u2013 Ratt\u00e1n.  No requiere montaje.          Recibidor zapatero beige de madera y ratt\u00e1n de 80x30x107 cm              &nbsp;                4.2 star rating                     Lo puedes complementar con\u2026\" \/>\n<meta name=\"robots\" content=\"index, follow, max-snippet:-1, max-image-preview:large, max-video-preview:-1\" \/>\n<link rel=\"canonical\" href=\"https:\/\/elportillodecoracion.es\/tienda\/mueble-zapatero-80-x-30-x-107-cms\/\" \/>\n<meta property=\"og:locale\" content=\"en_US\" \/>\n<meta property=\"og:type\" content=\"article\" \/>\n<meta property=\"og:title\" content=\"MUEBLE ZAPATERO DE RATAN Y MADERA NATURAL 76 X 30 X 107 cms.\" \/>\n<meta property=\"og:description\" content=\"Mueble de estilo natural ideal para la entrada, dormitorio o para poner en cualquier espacio\u00a0 con un look fresco y siguiendo las \u00faltimas tendencias decorativas.  Este mueble zapatero, funcional y vers\u00e1til, con est\u00e9tica sencilla y elegante esta realizado en madera de paulonia , MDF y Ratt\u00e1n, con cantos  redondeados, 2 cajones superiores y 2 puertas abatibles, combinando rejilla de Rat\u00e1n y efecto tablillas horizontales y acabados lisos.  Los cajones y puertas con tiradores met\u00e1licos de asa, en color dorado mate.  Este mueble zapatero o de entrada se adapta perfectamente al ESTILO NATURAL que tanto nos gusta para combinar con otros estilos de El Portillo decoraci\u00f3n.  medidas y caracter\u00edsticas:   Largo: 76\u00a0cm.  Alto: 107 cm.  Ancho: 30 cm.  Material: Madera de paulonia \u2013 madera MDF \u2013 Ratt\u00e1n.  No requiere montaje.          Recibidor zapatero beige de madera y ratt\u00e1n de 80x30x107 cm              &nbsp;                4.2 star rating                     Lo puedes complementar con\u2026\" \/>\n<meta property=\"og:url\" content=\"https:\/\/elportillodecoracion.es\/tienda\/mueble-zapatero-80-x-30-x-107-cms\/\" \/>\n<meta property=\"og:site_name\" content=\"El Portillo Decoraci\u00f3n\" \/>\n<meta property=\"article:modified_time\" content=\"2025-03-18T20:48:07+00:00\" \/>\n<meta property=\"og:image\" content=\"https:\/\/elportillodecoracion.es\/wp-content\/uploads\/2021\/01\/zapatero.jpg\" \/>\n\t<meta property=\"og:image:width\" content=\"1920\" \/>\n\t<meta property=\"og:image:height\" content=\"1280\" \/>\n\t<meta property=\"og:image:type\" content=\"image\/jpeg\" \/>\n<meta name=\"twitter:card\" content=\"summary_large_image\" \/>\n<meta name=\"twitter:label1\" content=\"Price\" \/>\n\t<meta name=\"twitter:data1\" content=\"549,00&euro; IVA inc\" \/>\n\t<meta name=\"twitter:label2\" content=\"Availability\" \/>\n\t<meta name=\"twitter:data2\" content=\"In stock\" \/>\n<script type=\"application\/ld+json\" class=\"yoast-schema-graph\">{\"@context\":\"https:\/\/schema.org\",\"@graph\":[{\"@type\":\"WebPage\",\"@id\":\"https:\/\/elportillodecoracion.es\/tienda\/mueble-zapatero-80-x-30-x-107-cms\/\",\"url\":\"https:\/\/elportillodecoracion.es\/tienda\/mueble-zapatero-80-x-30-x-107-cms\/\",\"name\":\"MUEBLE ZAPATERO DE RATAN Y MADERA NATURAL 76 X 30 X 107 cms. - El Portillo Decoraci\u00f3n\",\"isPartOf\":{\"@id\":\"https:\/\/elportillodecoracion.es\/#website\"},\"primaryImageOfPage\":{\"@id\":\"https:\/\/elportillodecoracion.es\/tienda\/mueble-zapatero-80-x-30-x-107-cms\/#primaryimage\"},\"image\":{\"@id\":\"https:\/\/elportillodecoracion.es\/tienda\/mueble-zapatero-80-x-30-x-107-cms\/#primaryimage\"},\"thumbnailUrl\":\"https:\/\/elportillodecoracion.es\/wp-content\/uploads\/2021\/01\/zapatero.jpg\",\"datePublished\":\"2025-02-25T21:20:50+00:00\",\"dateModified\":\"2025-03-18T20:48:07+00:00\",\"description\":\"Mueble de estilo natural ideal para la entrada, dormitorio o para poner en cualquier espacio\u00a0 con un look fresco y siguiendo las \u00faltimas tendencias decorativas. Este mueble zapatero, funcional y vers\u00e1til, con est\u00e9tica sencilla y elegante esta realizado en madera de paulonia , MDF y Ratt\u00e1n, con cantos redondeados, 2 cajones superiores y 2 puertas abatibles, combinando rejilla de Rat\u00e1n y efecto tablillas horizontales y acabados lisos. Los cajones y puertas con tiradores met\u00e1licos de asa, en color dorado mate. Este mueble zapatero o de entrada se adapta perfectamente al ESTILO NATURAL que tanto nos gusta para combinar con otros estilos de El Portillo decoraci\u00f3n. medidas y caracter\u00edsticas: \u2022 Largo: 76\u00a0cm. \u2022 Alto: 107 cm. \u2022 Ancho: 30 cm. \u2022 Material: Madera de paulonia \u2013 madera MDF \u2013 Ratt\u00e1n. \u2022 No requiere montaje. Recibidor zapatero beige de madera y ratt\u00e1n de 80x30x107 cm &nbsp; 4.2 star rating Lo puedes complementar con\u2026\",\"breadcrumb\":{\"@id\":\"https:\/\/elportillodecoracion.es\/tienda\/mueble-zapatero-80-x-30-x-107-cms\/#breadcrumb\"},\"inLanguage\":\"en-US\",\"potentialAction\":[{\"@type\":\"ReadAction\",\"target\":[\"https:\/\/elportillodecoracion.es\/tienda\/mueble-zapatero-80-x-30-x-107-cms\/\"]}]},{\"@type\":\"ImageObject\",\"inLanguage\":\"en-US\",\"@id\":\"https:\/\/elportillodecoracion.es\/tienda\/mueble-zapatero-80-x-30-x-107-cms\/#primaryimage\",\"url\":\"https:\/\/elportillodecoracion.es\/wp-content\/uploads\/2021\/01\/zapatero.jpg\",\"contentUrl\":\"https:\/\/elportillodecoracion.es\/wp-content\/uploads\/2021\/01\/zapatero.jpg\",\"width\":1920,\"height\":1280},{\"@type\":\"BreadcrumbList\",\"@id\":\"https:\/\/elportillodecoracion.es\/tienda\/mueble-zapatero-80-x-30-x-107-cms\/#breadcrumb\",\"itemListElement\":[{\"@type\":\"ListItem\",\"position\":1,\"name\":\"Portada\",\"item\":\"https:\/\/elportillodecoracion.es\/\"},{\"@type\":\"ListItem\",\"position\":2,\"name\":\"Tienda\",\"item\":\"https:\/\/elportillodecoracion.es\/tienda\/\"},{\"@type\":\"ListItem\",\"position\":3,\"name\":\"MUEBLE ZAPATERO DE RATAN Y MADERA NATURAL 76 X 30 X 107 cms.\"}]},{\"@type\":\"WebSite\",\"@id\":\"https:\/\/elportillodecoracion.es\/#website\",\"url\":\"https:\/\/elportillodecoracion.es\/\",\"name\":\"El Portillo Decoraci\u00f3n\",\"description\":\"Muebles y Decoraci\u00f3n\",\"publisher\":{\"@id\":\"https:\/\/elportillodecoracion.es\/#organization\"},\"potentialAction\":[{\"@type\":\"SearchAction\",\"target\":{\"@type\":\"EntryPoint\",\"urlTemplate\":\"https:\/\/elportillodecoracion.es\/?s={search_term_string}\"},\"query-input\":{\"@type\":\"PropertyValueSpecification\",\"valueRequired\":true,\"valueName\":\"search_term_string\"}}],\"inLanguage\":\"en-US\"},{\"@type\":\"Organization\",\"@id\":\"https:\/\/elportillodecoracion.es\/#organization\",\"name\":\"El Portillo Decoraci\u00f3n\",\"url\":\"https:\/\/elportillodecoracion.es\/\",\"logo\":{\"@type\":\"ImageObject\",\"inLanguage\":\"en-US\",\"@id\":\"https:\/\/elportillodecoracion.es\/#\/schema\/logo\/image\/\",\"url\":\"https:\/\/elportillodecoracion.es\/wp-content\/uploads\/2018\/11\/El-Portillo_logo-300.jpg\",\"contentUrl\":\"https:\/\/elportillodecoracion.es\/wp-content\/uploads\/2018\/11\/El-Portillo_logo-300.jpg\",\"width\":350,\"height\":91,\"caption\":\"El Portillo Decoraci\u00f3n\"},\"image\":{\"@id\":\"https:\/\/elportillodecoracion.es\/#\/schema\/logo\/image\/\"}}]}<\/script>\n<meta property=\"product:price:amount\" content=\"549.00\" \/>\n<meta property=\"product:price:currency\" content=\"EUR\" \/>\n<meta property=\"og:availability\" content=\"instock\" \/>\n<meta property=\"product:availability\" content=\"instock\" \/>\n<meta property=\"product:retailer_item_id\" content=\"34105\" \/>\n<meta property=\"product:condition\" content=\"new\" \/>\n<!-- \/ Yoast SEO Premium plugin. -->","yoast_head_json":{"title":"MUEBLE ZAPATERO DE RATAN Y MADERA NATURAL 76 X 30 X 107 cms. - El Portillo Decoraci\u00f3n","description":"Mueble de estilo natural ideal para la entrada, dormitorio o para poner en cualquier espacio\u00a0 con un look fresco y siguiendo las \u00faltimas tendencias decorativas.  Este mueble zapatero, funcional y vers\u00e1til, con est\u00e9tica sencilla y elegante esta realizado en madera de paulonia , MDF y Ratt\u00e1n, con cantos  redondeados, 2 cajones superiores y 2 puertas abatibles, combinando rejilla de Rat\u00e1n y efecto tablillas horizontales y acabados lisos.  Los cajones y puertas con tiradores met\u00e1licos de asa, en color dorado mate.  Este mueble zapatero o de entrada se adapta perfectamente al ESTILO NATURAL que tanto nos gusta para combinar con otros estilos de El Portillo decoraci\u00f3n.  medidas y caracter\u00edsticas:   Largo: 76\u00a0cm.  Alto: 107 cm.  Ancho: 30 cm.  Material: Madera de paulonia \u2013 madera MDF \u2013 Ratt\u00e1n.  No requiere montaje.          Recibidor zapatero beige de madera y ratt\u00e1n de 80x30x107 cm              &nbsp;                4.2 star rating                     Lo puedes complementar con\u2026","robots":{"index":"index","follow":"follow","max-snippet":"max-snippet:-1","max-image-preview":"max-image-preview:large","max-video-preview":"max-video-preview:-1"},"canonical":"https:\/\/elportillodecoracion.es\/tienda\/mueble-zapatero-80-x-30-x-107-cms\/","og_locale":"en_US","og_type":"article","og_title":"MUEBLE ZAPATERO DE RATAN Y MADERA NATURAL 76 X 30 X 107 cms.","og_description":"Mueble de estilo natural ideal para la entrada, dormitorio o para poner en cualquier espacio\u00a0 con un look fresco y siguiendo las \u00faltimas tendencias decorativas.  Este mueble zapatero, funcional y vers\u00e1til, con est\u00e9tica sencilla y elegante esta realizado en madera de paulonia , MDF y Ratt\u00e1n, con cantos  redondeados, 2 cajones superiores y 2 puertas abatibles, combinando rejilla de Rat\u00e1n y efecto tablillas horizontales y acabados lisos.  Los cajones y puertas con tiradores met\u00e1licos de asa, en color dorado mate.  Este mueble zapatero o de entrada se adapta perfectamente al ESTILO NATURAL que tanto nos gusta para combinar con otros estilos de El Portillo decoraci\u00f3n.  medidas y caracter\u00edsticas:   Largo: 76\u00a0cm.  Alto: 107 cm.  Ancho: 30 cm.  Material: Madera de paulonia \u2013 madera MDF \u2013 Ratt\u00e1n.  No requiere montaje.          Recibidor zapatero beige de madera y ratt\u00e1n de 80x30x107 cm              &nbsp;                4.2 star rating                     Lo puedes complementar con\u2026","og_url":"https:\/\/elportillodecoracion.es\/tienda\/mueble-zapatero-80-x-30-x-107-cms\/","og_site_name":"El Portillo Decoraci\u00f3n","article_modified_time":"2025-03-18T20:48:07+00:00","og_image":[{"width":1920,"height":1280,"url":"https:\/\/elportillodecoracion.es\/wp-content\/uploads\/2021\/01\/zapatero.jpg","type":"image\/jpeg"}],"twitter_card":"summary_large_image","twitter_misc":{"Price":"549,00&euro; IVA inc","Availability":"In stock"},"schema":{"@context":"https:\/\/schema.org","@graph":[{"@type":"WebPage","@id":"https:\/\/elportillodecoracion.es\/tienda\/mueble-zapatero-80-x-30-x-107-cms\/","url":"https:\/\/elportillodecoracion.es\/tienda\/mueble-zapatero-80-x-30-x-107-cms\/","name":"MUEBLE ZAPATERO DE RATAN Y MADERA NATURAL 76 X 30 X 107 cms. - El Portillo Decoraci\u00f3n","isPartOf":{"@id":"https:\/\/elportillodecoracion.es\/#website"},"primaryImageOfPage":{"@id":"https:\/\/elportillodecoracion.es\/tienda\/mueble-zapatero-80-x-30-x-107-cms\/#primaryimage"},"image":{"@id":"https:\/\/elportillodecoracion.es\/tienda\/mueble-zapatero-80-x-30-x-107-cms\/#primaryimage"},"thumbnailUrl":"https:\/\/elportillodecoracion.es\/wp-content\/uploads\/2021\/01\/zapatero.jpg","datePublished":"2025-02-25T21:20:50+00:00","dateModified":"2025-03-18T20:48:07+00:00","description":"Mueble de estilo natural ideal para la entrada, dormitorio o para poner en cualquier espacio\u00a0 con un look fresco y siguiendo las \u00faltimas tendencias decorativas. Este mueble zapatero, funcional y vers\u00e1til, con est\u00e9tica sencilla y elegante esta realizado en madera de paulonia , MDF y Ratt\u00e1n, con cantos redondeados, 2 cajones superiores y 2 puertas abatibles, combinando rejilla de Rat\u00e1n y efecto tablillas horizontales y acabados lisos. Los cajones y puertas con tiradores met\u00e1licos de asa, en color dorado mate. Este mueble zapatero o de entrada se adapta perfectamente al ESTILO NATURAL que tanto nos gusta para combinar con otros estilos de El Portillo decoraci\u00f3n. medidas y caracter\u00edsticas: \u2022 Largo: 76\u00a0cm. \u2022 Alto: 107 cm. \u2022 Ancho: 30 cm. \u2022 Material: Madera de paulonia \u2013 madera MDF \u2013 Ratt\u00e1n. \u2022 No requiere montaje. Recibidor zapatero beige de madera y ratt\u00e1n de 80x30x107 cm &nbsp; 4.2 star rating Lo puedes complementar con\u2026","breadcrumb":{"@id":"https:\/\/elportillodecoracion.es\/tienda\/mueble-zapatero-80-x-30-x-107-cms\/#breadcrumb"},"inLanguage":"en-US","potentialAction":[{"@type":"ReadAction","target":["https:\/\/elportillodecoracion.es\/tienda\/mueble-zapatero-80-x-30-x-107-cms\/"]}]},{"@type":"ImageObject","inLanguage":"en-US","@id":"https:\/\/elportillodecoracion.es\/tienda\/mueble-zapatero-80-x-30-x-107-cms\/#primaryimage","url":"https:\/\/elportillodecoracion.es\/wp-content\/uploads\/2021\/01\/zapatero.jpg","contentUrl":"https:\/\/elportillodecoracion.es\/wp-content\/uploads\/2021\/01\/zapatero.jpg","width":1920,"height":1280},{"@type":"BreadcrumbList","@id":"https:\/\/elportillodecoracion.es\/tienda\/mueble-zapatero-80-x-30-x-107-cms\/#breadcrumb","itemListElement":[{"@type":"ListItem","position":1,"name":"Portada","item":"https:\/\/elportillodecoracion.es\/"},{"@type":"ListItem","position":2,"name":"Tienda","item":"https:\/\/elportillodecoracion.es\/tienda\/"},{"@type":"ListItem","position":3,"name":"MUEBLE ZAPATERO DE RATAN Y MADERA NATURAL 76 X 30 X 107 cms."}]},{"@type":"WebSite","@id":"https:\/\/elportillodecoracion.es\/#website","url":"https:\/\/elportillodecoracion.es\/","name":"El Portillo Decoraci\u00f3n","description":"Muebles y Decoraci\u00f3n","publisher":{"@id":"https:\/\/elportillodecoracion.es\/#organization"},"potentialAction":[{"@type":"SearchAction","target":{"@type":"EntryPoint","urlTemplate":"https:\/\/elportillodecoracion.es\/?s={search_term_string}"},"query-input":{"@type":"PropertyValueSpecification","valueRequired":true,"valueName":"search_term_string"}}],"inLanguage":"en-US"},{"@type":"Organization","@id":"https:\/\/elportillodecoracion.es\/#organization","name":"El Portillo Decoraci\u00f3n","url":"https:\/\/elportillodecoracion.es\/","logo":{"@type":"ImageObject","inLanguage":"en-US","@id":"https:\/\/elportillodecoracion.es\/#\/schema\/logo\/image\/","url":"https:\/\/elportillodecoracion.es\/wp-content\/uploads\/2018\/11\/El-Portillo_logo-300.jpg","contentUrl":"https:\/\/elportillodecoracion.es\/wp-content\/uploads\/2018\/11\/El-Portillo_logo-300.jpg","width":350,"height":91,"caption":"El Portillo Decoraci\u00f3n"},"image":{"@id":"https:\/\/elportillodecoracion.es\/#\/schema\/logo\/image\/"}}]},"product_price_amount":"549.00","product_price_currency":"EUR","og_availability":"instock","product_availability":"instock","product_retailer_item_id":"34105","product_condition":"new"},"_links":{"self":[{"href":"https:\/\/elportillodecoracion.es\/en\/wp-json\/wp\/v2\/product\/12284","targetHints":{"allow":["GET"]}}],"collection":[{"href":"https:\/\/elportillodecoracion.es\/en\/wp-json\/wp\/v2\/product"}],"about":[{"href":"https:\/\/elportillodecoracion.es\/en\/wp-json\/wp\/v2\/types\/product"}],"replies":[{"embeddable":true,"href":"https:\/\/elportillodecoracion.es\/en\/wp-json\/wp\/v2\/comments?post=12284"}],"wp:featuredmedia":[{"embeddable":true,"href":"https:\/\/elportillodecoracion.es\/en\/wp-json\/wp\/v2\/media\/23614"}],"wp:attachment":[{"href":"https:\/\/elportillodecoracion.es\/en\/wp-json\/wp\/v2\/media?parent=12284"}],"wp:term":[{"taxonomy":"product_cat","embeddable":true,"href":"https:\/\/elportillodecoracion.es\/en\/wp-json\/wp\/v2\/product_cat?post=12284"},{"taxonomy":"product_tag","embeddable":true,"href":"https:\/\/elportillodecoracion.es\/en\/wp-json\/wp\/v2\/product_tag?post=12284"}],"curies":[{"name":"wp","href":"https:\/\/api.w.org\/{rel}","templated":true}]}}