{"id":10862,"date":"2020-11-10T13:01:47","date_gmt":"2020-11-10T12:01:47","guid":{"rendered":"https:\/\/elportillodecoracion.es\/tienda\/oleo-mujeres-vestido-rojo-80x80-cms\/"},"modified":"2024-01-09T20:23:13","modified_gmt":"2024-01-09T19:23:13","slug":"oleo-mujeres-vestido-rojo-80x80-cms","status":"publish","type":"product","link":"https:\/\/elportillodecoracion.es\/en\/tienda\/oleo-mujeres-vestido-rojo-80x80-cms\/","title":{"rendered":"\u00d3LEO MUJERES VESTIDO ROJO 80 X 80 CM."},"content":{"rendered":"","protected":false},"excerpt":{"rendered":"<p>Con el colorido de Gustav Klimt y el estilo de Degas, \u00e9stos preciosos cuadros se venden por separado.<\/p>\n<p>Haznos saber cual te gusta en la nota de pedidos.<\/p>\n<p>Dimensiones: 80&#215;80 cm<\/p>\n","protected":false},"featured_media":10847,"comment_status":"open","ping_status":"closed","template":"","meta":{"_joinchat":[]},"product_cat":[683,682],"product_tag":[861],"class_list":{"0":"post-10862","1":"product","2":"type-product","3":"status-publish","4":"has-post-thumbnail","6":"product_cat-tables-and-murals","7":"product_cat-wall-decoration","8":"product_tag-oleo","10":"first","11":"outofstock","12":"taxable","13":"shipping-taxable","14":"purchasable","15":"product-type-simple"},"yoast_head":"<!-- This site is optimized with the Yoast SEO Premium plugin v23.0 (Yoast SEO v25.6) - https:\/\/yoast.com\/wordpress\/plugins\/seo\/ -->\n<title>\u00d3LEO MUJERES VESTIDO ROJO 80 X 80 CM. - El Portillo Decoraci\u00f3n<\/title>\n<meta name=\"description\" content=\"Con el colorido de Gustav Klimt y el estilo de Degas, \u00e9stos preciosos cuadros se venden por separado.  Haznos saber cual te gusta en la nota de pedidos.  Dimensiones: 80x80 cm\" \/>\n<meta name=\"robots\" content=\"index, follow, max-snippet:-1, max-image-preview:large, max-video-preview:-1\" \/>\n<link rel=\"canonical\" href=\"https:\/\/elportillodecoracion.es\/tienda\/oleo-mujeres-vestido-rojo-80x80-cms\/\" \/>\n<meta property=\"og:locale\" content=\"en_US\" \/>\n<meta property=\"og:type\" content=\"article\" \/>\n<meta property=\"og:title\" content=\"\u00d3LEO MUJERES VESTIDO ROJO 80 X 80 CM.\" \/>\n<meta property=\"og:description\" content=\"Con el colorido de Gustav Klimt y el estilo de Degas, \u00e9stos preciosos cuadros se venden por separado.  Haznos saber cual te gusta en la nota de pedidos.  Dimensiones: 80x80 cm\" \/>\n<meta property=\"og:url\" content=\"https:\/\/elportillodecoracion.es\/tienda\/oleo-mujeres-vestido-rojo-80x80-cms\/\" \/>\n<meta property=\"og:site_name\" content=\"El Portillo Decoraci\u00f3n\" \/>\n<meta property=\"article:modified_time\" content=\"2024-01-09T19:23:13+00:00\" \/>\n<meta property=\"og:image\" content=\"https:\/\/elportillodecoracion.es\/wp-content\/uploads\/2018\/11\/81357-OLEO-MUJERES-VESTIDO-ROJO-80X80-CMS..jpg\" \/>\n\t<meta property=\"og:image:width\" content=\"1200\" \/>\n\t<meta property=\"og:image:height\" content=\"900\" \/>\n\t<meta property=\"og:image:type\" content=\"image\/jpeg\" \/>\n<meta name=\"twitter:card\" content=\"summary_large_image\" \/>\n<meta name=\"twitter:label1\" content=\"Price\" \/>\n\t<meta name=\"twitter:data1\" content=\"75,00&euro; IVA inc\" \/>\n\t<meta name=\"twitter:label2\" content=\"Availability\" \/>\n\t<meta name=\"twitter:data2\" content=\"Out of stock\" \/>\n<script type=\"application\/ld+json\" class=\"yoast-schema-graph\">{\"@context\":\"https:\/\/schema.org\",\"@graph\":[{\"@type\":\"WebPage\",\"@id\":\"https:\/\/elportillodecoracion.es\/tienda\/oleo-mujeres-vestido-rojo-80x80-cms\/\",\"url\":\"https:\/\/elportillodecoracion.es\/tienda\/oleo-mujeres-vestido-rojo-80x80-cms\/\",\"name\":\"\u00d3LEO MUJERES VESTIDO ROJO 80 X 80 CM. - El Portillo Decoraci\u00f3n\",\"isPartOf\":{\"@id\":\"https:\/\/elportillodecoracion.es\/#website\"},\"primaryImageOfPage\":{\"@id\":\"https:\/\/elportillodecoracion.es\/tienda\/oleo-mujeres-vestido-rojo-80x80-cms\/#primaryimage\"},\"image\":{\"@id\":\"https:\/\/elportillodecoracion.es\/tienda\/oleo-mujeres-vestido-rojo-80x80-cms\/#primaryimage\"},\"thumbnailUrl\":\"https:\/\/elportillodecoracion.es\/wp-content\/uploads\/2018\/11\/81357-OLEO-MUJERES-VESTIDO-ROJO-80X80-CMS..jpg\",\"datePublished\":\"2020-11-10T12:01:47+00:00\",\"dateModified\":\"2024-01-09T19:23:13+00:00\",\"description\":\"Con el colorido de Gustav Klimt y el estilo de Degas, \u00e9stos preciosos cuadros se venden por separado. Haznos saber cual te gusta en la nota de pedidos. Dimensiones: 80x80 cm\",\"breadcrumb\":{\"@id\":\"https:\/\/elportillodecoracion.es\/tienda\/oleo-mujeres-vestido-rojo-80x80-cms\/#breadcrumb\"},\"inLanguage\":\"en-US\",\"potentialAction\":[{\"@type\":\"ReadAction\",\"target\":[\"https:\/\/elportillodecoracion.es\/tienda\/oleo-mujeres-vestido-rojo-80x80-cms\/\"]}]},{\"@type\":\"ImageObject\",\"inLanguage\":\"en-US\",\"@id\":\"https:\/\/elportillodecoracion.es\/tienda\/oleo-mujeres-vestido-rojo-80x80-cms\/#primaryimage\",\"url\":\"https:\/\/elportillodecoracion.es\/wp-content\/uploads\/2018\/11\/81357-OLEO-MUJERES-VESTIDO-ROJO-80X80-CMS..jpg\",\"contentUrl\":\"https:\/\/elportillodecoracion.es\/wp-content\/uploads\/2018\/11\/81357-OLEO-MUJERES-VESTIDO-ROJO-80X80-CMS..jpg\",\"width\":1200,\"height\":900},{\"@type\":\"BreadcrumbList\",\"@id\":\"https:\/\/elportillodecoracion.es\/tienda\/oleo-mujeres-vestido-rojo-80x80-cms\/#breadcrumb\",\"itemListElement\":[{\"@type\":\"ListItem\",\"position\":1,\"name\":\"Portada\",\"item\":\"https:\/\/elportillodecoracion.es\/\"},{\"@type\":\"ListItem\",\"position\":2,\"name\":\"Tienda\",\"item\":\"https:\/\/elportillodecoracion.es\/tienda\/\"},{\"@type\":\"ListItem\",\"position\":3,\"name\":\"\u00d3LEO MUJERES VESTIDO ROJO 80 X 80 CM.\"}]},{\"@type\":\"WebSite\",\"@id\":\"https:\/\/elportillodecoracion.es\/#website\",\"url\":\"https:\/\/elportillodecoracion.es\/\",\"name\":\"El Portillo Decoraci\u00f3n\",\"description\":\"Muebles y Decoraci\u00f3n\",\"publisher\":{\"@id\":\"https:\/\/elportillodecoracion.es\/#organization\"},\"potentialAction\":[{\"@type\":\"SearchAction\",\"target\":{\"@type\":\"EntryPoint\",\"urlTemplate\":\"https:\/\/elportillodecoracion.es\/?s={search_term_string}\"},\"query-input\":{\"@type\":\"PropertyValueSpecification\",\"valueRequired\":true,\"valueName\":\"search_term_string\"}}],\"inLanguage\":\"en-US\"},{\"@type\":\"Organization\",\"@id\":\"https:\/\/elportillodecoracion.es\/#organization\",\"name\":\"El Portillo Decoraci\u00f3n\",\"url\":\"https:\/\/elportillodecoracion.es\/\",\"logo\":{\"@type\":\"ImageObject\",\"inLanguage\":\"en-US\",\"@id\":\"https:\/\/elportillodecoracion.es\/#\/schema\/logo\/image\/\",\"url\":\"https:\/\/elportillodecoracion.es\/wp-content\/uploads\/2018\/11\/El-Portillo_logo-300.jpg\",\"contentUrl\":\"https:\/\/elportillodecoracion.es\/wp-content\/uploads\/2018\/11\/El-Portillo_logo-300.jpg\",\"width\":350,\"height\":91,\"caption\":\"El Portillo Decoraci\u00f3n\"},\"image\":{\"@id\":\"https:\/\/elportillodecoracion.es\/#\/schema\/logo\/image\/\"}}]}<\/script>\n<meta property=\"product:price:amount\" content=\"75.00\" \/>\n<meta property=\"product:price:currency\" content=\"EUR\" \/>\n<meta property=\"og:availability\" content=\"out of stock\" \/>\n<meta property=\"product:availability\" content=\"out of stock\" \/>\n<meta property=\"product:retailer_item_id\" content=\"81357\" \/>\n<meta property=\"product:condition\" content=\"new\" \/>\n<!-- \/ Yoast SEO Premium plugin. -->","yoast_head_json":{"title":"\u00d3LEO MUJERES VESTIDO ROJO 80 X 80 CM. - El Portillo Decoraci\u00f3n","description":"Con el colorido de Gustav Klimt y el estilo de Degas, \u00e9stos preciosos cuadros se venden por separado.  Haznos saber cual te gusta en la nota de pedidos.  Dimensiones: 80x80 cm","robots":{"index":"index","follow":"follow","max-snippet":"max-snippet:-1","max-image-preview":"max-image-preview:large","max-video-preview":"max-video-preview:-1"},"canonical":"https:\/\/elportillodecoracion.es\/tienda\/oleo-mujeres-vestido-rojo-80x80-cms\/","og_locale":"en_US","og_type":"article","og_title":"\u00d3LEO MUJERES VESTIDO ROJO 80 X 80 CM.","og_description":"Con el colorido de Gustav Klimt y el estilo de Degas, \u00e9stos preciosos cuadros se venden por separado.  Haznos saber cual te gusta en la nota de pedidos.  Dimensiones: 80x80 cm","og_url":"https:\/\/elportillodecoracion.es\/tienda\/oleo-mujeres-vestido-rojo-80x80-cms\/","og_site_name":"El Portillo Decoraci\u00f3n","article_modified_time":"2024-01-09T19:23:13+00:00","og_image":[{"width":1200,"height":900,"url":"https:\/\/elportillodecoracion.es\/wp-content\/uploads\/2018\/11\/81357-OLEO-MUJERES-VESTIDO-ROJO-80X80-CMS..jpg","type":"image\/jpeg"}],"twitter_card":"summary_large_image","twitter_misc":{"Price":"75,00&euro; IVA inc","Availability":"Out of stock"},"schema":{"@context":"https:\/\/schema.org","@graph":[{"@type":"WebPage","@id":"https:\/\/elportillodecoracion.es\/tienda\/oleo-mujeres-vestido-rojo-80x80-cms\/","url":"https:\/\/elportillodecoracion.es\/tienda\/oleo-mujeres-vestido-rojo-80x80-cms\/","name":"\u00d3LEO MUJERES VESTIDO ROJO 80 X 80 CM. - El Portillo Decoraci\u00f3n","isPartOf":{"@id":"https:\/\/elportillodecoracion.es\/#website"},"primaryImageOfPage":{"@id":"https:\/\/elportillodecoracion.es\/tienda\/oleo-mujeres-vestido-rojo-80x80-cms\/#primaryimage"},"image":{"@id":"https:\/\/elportillodecoracion.es\/tienda\/oleo-mujeres-vestido-rojo-80x80-cms\/#primaryimage"},"thumbnailUrl":"https:\/\/elportillodecoracion.es\/wp-content\/uploads\/2018\/11\/81357-OLEO-MUJERES-VESTIDO-ROJO-80X80-CMS..jpg","datePublished":"2020-11-10T12:01:47+00:00","dateModified":"2024-01-09T19:23:13+00:00","description":"Con el colorido de Gustav Klimt y el estilo de Degas, \u00e9stos preciosos cuadros se venden por separado. Haznos saber cual te gusta en la nota de pedidos. Dimensiones: 80x80 cm","breadcrumb":{"@id":"https:\/\/elportillodecoracion.es\/tienda\/oleo-mujeres-vestido-rojo-80x80-cms\/#breadcrumb"},"inLanguage":"en-US","potentialAction":[{"@type":"ReadAction","target":["https:\/\/elportillodecoracion.es\/tienda\/oleo-mujeres-vestido-rojo-80x80-cms\/"]}]},{"@type":"ImageObject","inLanguage":"en-US","@id":"https:\/\/elportillodecoracion.es\/tienda\/oleo-mujeres-vestido-rojo-80x80-cms\/#primaryimage","url":"https:\/\/elportillodecoracion.es\/wp-content\/uploads\/2018\/11\/81357-OLEO-MUJERES-VESTIDO-ROJO-80X80-CMS..jpg","contentUrl":"https:\/\/elportillodecoracion.es\/wp-content\/uploads\/2018\/11\/81357-OLEO-MUJERES-VESTIDO-ROJO-80X80-CMS..jpg","width":1200,"height":900},{"@type":"BreadcrumbList","@id":"https:\/\/elportillodecoracion.es\/tienda\/oleo-mujeres-vestido-rojo-80x80-cms\/#breadcrumb","itemListElement":[{"@type":"ListItem","position":1,"name":"Portada","item":"https:\/\/elportillodecoracion.es\/"},{"@type":"ListItem","position":2,"name":"Tienda","item":"https:\/\/elportillodecoracion.es\/tienda\/"},{"@type":"ListItem","position":3,"name":"\u00d3LEO MUJERES VESTIDO ROJO 80 X 80 CM."}]},{"@type":"WebSite","@id":"https:\/\/elportillodecoracion.es\/#website","url":"https:\/\/elportillodecoracion.es\/","name":"El Portillo Decoraci\u00f3n","description":"Muebles y Decoraci\u00f3n","publisher":{"@id":"https:\/\/elportillodecoracion.es\/#organization"},"potentialAction":[{"@type":"SearchAction","target":{"@type":"EntryPoint","urlTemplate":"https:\/\/elportillodecoracion.es\/?s={search_term_string}"},"query-input":{"@type":"PropertyValueSpecification","valueRequired":true,"valueName":"search_term_string"}}],"inLanguage":"en-US"},{"@type":"Organization","@id":"https:\/\/elportillodecoracion.es\/#organization","name":"El Portillo Decoraci\u00f3n","url":"https:\/\/elportillodecoracion.es\/","logo":{"@type":"ImageObject","inLanguage":"en-US","@id":"https:\/\/elportillodecoracion.es\/#\/schema\/logo\/image\/","url":"https:\/\/elportillodecoracion.es\/wp-content\/uploads\/2018\/11\/El-Portillo_logo-300.jpg","contentUrl":"https:\/\/elportillodecoracion.es\/wp-content\/uploads\/2018\/11\/El-Portillo_logo-300.jpg","width":350,"height":91,"caption":"El Portillo Decoraci\u00f3n"},"image":{"@id":"https:\/\/elportillodecoracion.es\/#\/schema\/logo\/image\/"}}]},"product_price_amount":"75.00","product_price_currency":"EUR","og_availability":"out of stock","product_availability":"out of stock","product_retailer_item_id":"81357","product_condition":"new"},"_links":{"self":[{"href":"https:\/\/elportillodecoracion.es\/en\/wp-json\/wp\/v2\/product\/10862","targetHints":{"allow":["GET"]}}],"collection":[{"href":"https:\/\/elportillodecoracion.es\/en\/wp-json\/wp\/v2\/product"}],"about":[{"href":"https:\/\/elportillodecoracion.es\/en\/wp-json\/wp\/v2\/types\/product"}],"replies":[{"embeddable":true,"href":"https:\/\/elportillodecoracion.es\/en\/wp-json\/wp\/v2\/comments?post=10862"}],"wp:featuredmedia":[{"embeddable":true,"href":"https:\/\/elportillodecoracion.es\/en\/wp-json\/wp\/v2\/media\/10847"}],"wp:attachment":[{"href":"https:\/\/elportillodecoracion.es\/en\/wp-json\/wp\/v2\/media?parent=10862"}],"wp:term":[{"taxonomy":"product_cat","embeddable":true,"href":"https:\/\/elportillodecoracion.es\/en\/wp-json\/wp\/v2\/product_cat?post=10862"},{"taxonomy":"product_tag","embeddable":true,"href":"https:\/\/elportillodecoracion.es\/en\/wp-json\/wp\/v2\/product_tag?post=10862"}],"curies":[{"name":"wp","href":"https:\/\/api.w.org\/{rel}","templated":true}]}}