{"id":10463,"date":"2020-10-30T08:48:58","date_gmt":"2020-10-30T07:48:58","guid":{"rendered":"https:\/\/elportillodecoracion.es\/tienda\/cascada-luces-led-calido-18-filas-144-luces-l120\/"},"modified":"2022-11-15T13:39:09","modified_gmt":"2022-11-15T12:39:09","slug":"cascada-luces-led-calido-18-filas-144-luces-l120","status":"publish","type":"product","link":"https:\/\/elportillodecoracion.es\/en\/tienda\/cascada-luces-led-calido-18-filas-144-luces-l120\/","title":{"rendered":"CASCADA LUCES LED C\u00c1LIDO 18 FILAS 144 LUCES L120."},"content":{"rendered":"","protected":false},"excerpt":{"rendered":"<p>Ideal para crear un ambiente navide\u00f1o m\u00e1gico.<\/p>\n<p>Cascada de luz Led 18 filas\u00a0 con un total de 144 luces c\u00e1lido, 120 Led+ 24 Flash Led.<\/p>\n<p>Dimensiones: Longitud 120 cm + 5 metros cable + transformador.<\/p>\n<p>Adaptado para uso interior y exterior.<\/p>\n<p>Eco-friendly.<\/p>\n<p>Bbajo consumo.<\/p>\n<p>+ de 50.000 horas de uso.<\/p>\n<p>&nbsp;<\/p>\n<p>&nbsp;<\/p>\n<p>&nbsp;<\/p>\n<p>&nbsp;<\/p>\n<p>&nbsp;<\/p>\n","protected":false},"featured_media":10407,"comment_status":"closed","ping_status":"closed","template":"","meta":{"_joinchat":[]},"product_cat":[681,718],"product_tag":[827],"class_list":{"0":"post-10463","1":"product","2":"type-product","3":"status-publish","4":"has-post-thumbnail","6":"product_cat-christmas-decoration","7":"product_cat-lighting","8":"product_tag-led","10":"first","11":"instock","12":"taxable","13":"shipping-taxable","14":"purchasable","15":"product-type-simple"},"yoast_head":"<!-- This site is optimized with the Yoast SEO Premium plugin v23.0 (Yoast SEO v25.6) - https:\/\/yoast.com\/wordpress\/plugins\/seo\/ -->\n<title>CASCADA LUCES LED C\u00c1LIDO 18 FILAS 144 LUCES L120. - El Portillo Decoraci\u00f3n<\/title>\n<meta name=\"description\" content=\"Ideal para crear un ambiente navide\u00f1o m\u00e1gico.  Cascada de luz Led 18 filas\u00a0 con un total de 144 luces c\u00e1lido, 120 Led+ 24 Flash Led.  Dimensiones: Longitud 120 cm + 5 metros cable + transformador.  Adaptado para uso interior y exterior.  Eco-friendly.  Bbajo consumo.  + de 50.000 horas de uso.  &nbsp;  &nbsp;  &nbsp;  &nbsp;  &nbsp;\" \/>\n<meta name=\"robots\" content=\"index, follow, max-snippet:-1, max-image-preview:large, max-video-preview:-1\" \/>\n<link rel=\"canonical\" href=\"https:\/\/elportillodecoracion.es\/tienda\/cascada-luces-led-calido-18-filas-144-luces-l120\/\" \/>\n<meta property=\"og:locale\" content=\"en_US\" \/>\n<meta property=\"og:type\" content=\"article\" \/>\n<meta property=\"og:title\" content=\"CASCADA LUCES LED C\u00c1LIDO 18 FILAS 144 LUCES L120.\" \/>\n<meta property=\"og:description\" content=\"Ideal para crear un ambiente navide\u00f1o m\u00e1gico.  Cascada de luz Led 18 filas\u00a0 con un total de 144 luces c\u00e1lido, 120 Led+ 24 Flash Led.  Dimensiones: Longitud 120 cm + 5 metros cable + transformador.  Adaptado para uso interior y exterior.  Eco-friendly.  Bbajo consumo.  + de 50.000 horas de uso.  &nbsp;  &nbsp;  &nbsp;  &nbsp;  &nbsp;\" \/>\n<meta property=\"og:url\" content=\"https:\/\/elportillodecoracion.es\/tienda\/cascada-luces-led-calido-18-filas-144-luces-l120\/\" \/>\n<meta property=\"og:site_name\" content=\"El Portillo Decoraci\u00f3n\" \/>\n<meta property=\"article:modified_time\" content=\"2022-11-15T12:39:09+00:00\" \/>\n<meta property=\"og:image\" content=\"https:\/\/elportillodecoracion.es\/wp-content\/uploads\/2018\/11\/676410-CASCADA-LED-18FILI-144LUCI-L120.jpg\" \/>\n\t<meta property=\"og:image:width\" content=\"1280\" \/>\n\t<meta property=\"og:image:height\" content=\"1280\" \/>\n\t<meta property=\"og:image:type\" content=\"image\/jpeg\" \/>\n<meta name=\"twitter:card\" content=\"summary_large_image\" \/>\n<meta name=\"twitter:label1\" content=\"Price\" \/>\n\t<meta name=\"twitter:data1\" content=\"39,90&euro; IVA inc\" \/>\n\t<meta name=\"twitter:label2\" content=\"Availability\" \/>\n\t<meta name=\"twitter:data2\" content=\"In stock\" \/>\n<script type=\"application\/ld+json\" class=\"yoast-schema-graph\">{\"@context\":\"https:\/\/schema.org\",\"@graph\":[{\"@type\":\"WebPage\",\"@id\":\"https:\/\/elportillodecoracion.es\/tienda\/cascada-luces-led-calido-18-filas-144-luces-l120\/\",\"url\":\"https:\/\/elportillodecoracion.es\/tienda\/cascada-luces-led-calido-18-filas-144-luces-l120\/\",\"name\":\"CASCADA LUCES LED C\u00c1LIDO 18 FILAS 144 LUCES L120. - El Portillo Decoraci\u00f3n\",\"isPartOf\":{\"@id\":\"https:\/\/elportillodecoracion.es\/#website\"},\"primaryImageOfPage\":{\"@id\":\"https:\/\/elportillodecoracion.es\/tienda\/cascada-luces-led-calido-18-filas-144-luces-l120\/#primaryimage\"},\"image\":{\"@id\":\"https:\/\/elportillodecoracion.es\/tienda\/cascada-luces-led-calido-18-filas-144-luces-l120\/#primaryimage\"},\"thumbnailUrl\":\"https:\/\/elportillodecoracion.es\/wp-content\/uploads\/2018\/11\/676410-CASCADA-LED-18FILI-144LUCI-L120.jpg\",\"datePublished\":\"2020-10-30T07:48:58+00:00\",\"dateModified\":\"2022-11-15T12:39:09+00:00\",\"description\":\"Ideal para crear un ambiente navide\u00f1o m\u00e1gico. Cascada de luz Led 18 filas\u00a0 con un total de 144 luces c\u00e1lido, 120 Led+ 24 Flash Led. Dimensiones: Longitud 120 cm + 5 metros cable + transformador. Adaptado para uso interior y exterior. Eco-friendly. Bbajo consumo. + de 50.000 horas de uso. &nbsp; &nbsp; &nbsp; &nbsp; &nbsp;\",\"breadcrumb\":{\"@id\":\"https:\/\/elportillodecoracion.es\/tienda\/cascada-luces-led-calido-18-filas-144-luces-l120\/#breadcrumb\"},\"inLanguage\":\"en-US\",\"potentialAction\":[{\"@type\":\"ReadAction\",\"target\":[\"https:\/\/elportillodecoracion.es\/tienda\/cascada-luces-led-calido-18-filas-144-luces-l120\/\"]}]},{\"@type\":\"ImageObject\",\"inLanguage\":\"en-US\",\"@id\":\"https:\/\/elportillodecoracion.es\/tienda\/cascada-luces-led-calido-18-filas-144-luces-l120\/#primaryimage\",\"url\":\"https:\/\/elportillodecoracion.es\/wp-content\/uploads\/2018\/11\/676410-CASCADA-LED-18FILI-144LUCI-L120.jpg\",\"contentUrl\":\"https:\/\/elportillodecoracion.es\/wp-content\/uploads\/2018\/11\/676410-CASCADA-LED-18FILI-144LUCI-L120.jpg\",\"width\":1280,\"height\":1280},{\"@type\":\"BreadcrumbList\",\"@id\":\"https:\/\/elportillodecoracion.es\/tienda\/cascada-luces-led-calido-18-filas-144-luces-l120\/#breadcrumb\",\"itemListElement\":[{\"@type\":\"ListItem\",\"position\":1,\"name\":\"Portada\",\"item\":\"https:\/\/elportillodecoracion.es\/\"},{\"@type\":\"ListItem\",\"position\":2,\"name\":\"Tienda\",\"item\":\"https:\/\/elportillodecoracion.es\/tienda\/\"},{\"@type\":\"ListItem\",\"position\":3,\"name\":\"CASCADA LUCES LED C\u00c1LIDO 18 FILAS 144 LUCES L120.\"}]},{\"@type\":\"WebSite\",\"@id\":\"https:\/\/elportillodecoracion.es\/#website\",\"url\":\"https:\/\/elportillodecoracion.es\/\",\"name\":\"El Portillo Decoraci\u00f3n\",\"description\":\"Muebles y Decoraci\u00f3n\",\"publisher\":{\"@id\":\"https:\/\/elportillodecoracion.es\/#organization\"},\"potentialAction\":[{\"@type\":\"SearchAction\",\"target\":{\"@type\":\"EntryPoint\",\"urlTemplate\":\"https:\/\/elportillodecoracion.es\/?s={search_term_string}\"},\"query-input\":{\"@type\":\"PropertyValueSpecification\",\"valueRequired\":true,\"valueName\":\"search_term_string\"}}],\"inLanguage\":\"en-US\"},{\"@type\":\"Organization\",\"@id\":\"https:\/\/elportillodecoracion.es\/#organization\",\"name\":\"El Portillo Decoraci\u00f3n\",\"url\":\"https:\/\/elportillodecoracion.es\/\",\"logo\":{\"@type\":\"ImageObject\",\"inLanguage\":\"en-US\",\"@id\":\"https:\/\/elportillodecoracion.es\/#\/schema\/logo\/image\/\",\"url\":\"https:\/\/elportillodecoracion.es\/wp-content\/uploads\/2018\/11\/El-Portillo_logo-300.jpg\",\"contentUrl\":\"https:\/\/elportillodecoracion.es\/wp-content\/uploads\/2018\/11\/El-Portillo_logo-300.jpg\",\"width\":350,\"height\":91,\"caption\":\"El Portillo Decoraci\u00f3n\"},\"image\":{\"@id\":\"https:\/\/elportillodecoracion.es\/#\/schema\/logo\/image\/\"}}]}<\/script>\n<meta property=\"product:price:amount\" content=\"39.90\" \/>\n<meta property=\"product:price:currency\" content=\"EUR\" \/>\n<meta property=\"og:availability\" content=\"instock\" \/>\n<meta property=\"product:availability\" content=\"instock\" \/>\n<meta property=\"product:retailer_item_id\" content=\"676410\" \/>\n<meta property=\"product:condition\" content=\"new\" \/>\n<!-- \/ Yoast SEO Premium plugin. -->","yoast_head_json":{"title":"CASCADA LUCES LED C\u00c1LIDO 18 FILAS 144 LUCES L120. - El Portillo Decoraci\u00f3n","description":"Ideal para crear un ambiente navide\u00f1o m\u00e1gico.  Cascada de luz Led 18 filas\u00a0 con un total de 144 luces c\u00e1lido, 120 Led+ 24 Flash Led.  Dimensiones: Longitud 120 cm + 5 metros cable + transformador.  Adaptado para uso interior y exterior.  Eco-friendly.  Bbajo consumo.  + de 50.000 horas de uso.  &nbsp;  &nbsp;  &nbsp;  &nbsp;  &nbsp;","robots":{"index":"index","follow":"follow","max-snippet":"max-snippet:-1","max-image-preview":"max-image-preview:large","max-video-preview":"max-video-preview:-1"},"canonical":"https:\/\/elportillodecoracion.es\/tienda\/cascada-luces-led-calido-18-filas-144-luces-l120\/","og_locale":"en_US","og_type":"article","og_title":"CASCADA LUCES LED C\u00c1LIDO 18 FILAS 144 LUCES L120.","og_description":"Ideal para crear un ambiente navide\u00f1o m\u00e1gico.  Cascada de luz Led 18 filas\u00a0 con un total de 144 luces c\u00e1lido, 120 Led+ 24 Flash Led.  Dimensiones: Longitud 120 cm + 5 metros cable + transformador.  Adaptado para uso interior y exterior.  Eco-friendly.  Bbajo consumo.  + de 50.000 horas de uso.  &nbsp;  &nbsp;  &nbsp;  &nbsp;  &nbsp;","og_url":"https:\/\/elportillodecoracion.es\/tienda\/cascada-luces-led-calido-18-filas-144-luces-l120\/","og_site_name":"El Portillo Decoraci\u00f3n","article_modified_time":"2022-11-15T12:39:09+00:00","og_image":[{"width":1280,"height":1280,"url":"https:\/\/elportillodecoracion.es\/wp-content\/uploads\/2018\/11\/676410-CASCADA-LED-18FILI-144LUCI-L120.jpg","type":"image\/jpeg"}],"twitter_card":"summary_large_image","twitter_misc":{"Price":"39,90&euro; IVA inc","Availability":"In stock"},"schema":{"@context":"https:\/\/schema.org","@graph":[{"@type":"WebPage","@id":"https:\/\/elportillodecoracion.es\/tienda\/cascada-luces-led-calido-18-filas-144-luces-l120\/","url":"https:\/\/elportillodecoracion.es\/tienda\/cascada-luces-led-calido-18-filas-144-luces-l120\/","name":"CASCADA LUCES LED C\u00c1LIDO 18 FILAS 144 LUCES L120. - El Portillo Decoraci\u00f3n","isPartOf":{"@id":"https:\/\/elportillodecoracion.es\/#website"},"primaryImageOfPage":{"@id":"https:\/\/elportillodecoracion.es\/tienda\/cascada-luces-led-calido-18-filas-144-luces-l120\/#primaryimage"},"image":{"@id":"https:\/\/elportillodecoracion.es\/tienda\/cascada-luces-led-calido-18-filas-144-luces-l120\/#primaryimage"},"thumbnailUrl":"https:\/\/elportillodecoracion.es\/wp-content\/uploads\/2018\/11\/676410-CASCADA-LED-18FILI-144LUCI-L120.jpg","datePublished":"2020-10-30T07:48:58+00:00","dateModified":"2022-11-15T12:39:09+00:00","description":"Ideal para crear un ambiente navide\u00f1o m\u00e1gico. Cascada de luz Led 18 filas\u00a0 con un total de 144 luces c\u00e1lido, 120 Led+ 24 Flash Led. Dimensiones: Longitud 120 cm + 5 metros cable + transformador. Adaptado para uso interior y exterior. Eco-friendly. Bbajo consumo. + de 50.000 horas de uso. &nbsp; &nbsp; &nbsp; &nbsp; &nbsp;","breadcrumb":{"@id":"https:\/\/elportillodecoracion.es\/tienda\/cascada-luces-led-calido-18-filas-144-luces-l120\/#breadcrumb"},"inLanguage":"en-US","potentialAction":[{"@type":"ReadAction","target":["https:\/\/elportillodecoracion.es\/tienda\/cascada-luces-led-calido-18-filas-144-luces-l120\/"]}]},{"@type":"ImageObject","inLanguage":"en-US","@id":"https:\/\/elportillodecoracion.es\/tienda\/cascada-luces-led-calido-18-filas-144-luces-l120\/#primaryimage","url":"https:\/\/elportillodecoracion.es\/wp-content\/uploads\/2018\/11\/676410-CASCADA-LED-18FILI-144LUCI-L120.jpg","contentUrl":"https:\/\/elportillodecoracion.es\/wp-content\/uploads\/2018\/11\/676410-CASCADA-LED-18FILI-144LUCI-L120.jpg","width":1280,"height":1280},{"@type":"BreadcrumbList","@id":"https:\/\/elportillodecoracion.es\/tienda\/cascada-luces-led-calido-18-filas-144-luces-l120\/#breadcrumb","itemListElement":[{"@type":"ListItem","position":1,"name":"Portada","item":"https:\/\/elportillodecoracion.es\/"},{"@type":"ListItem","position":2,"name":"Tienda","item":"https:\/\/elportillodecoracion.es\/tienda\/"},{"@type":"ListItem","position":3,"name":"CASCADA LUCES LED C\u00c1LIDO 18 FILAS 144 LUCES L120."}]},{"@type":"WebSite","@id":"https:\/\/elportillodecoracion.es\/#website","url":"https:\/\/elportillodecoracion.es\/","name":"El Portillo Decoraci\u00f3n","description":"Muebles y Decoraci\u00f3n","publisher":{"@id":"https:\/\/elportillodecoracion.es\/#organization"},"potentialAction":[{"@type":"SearchAction","target":{"@type":"EntryPoint","urlTemplate":"https:\/\/elportillodecoracion.es\/?s={search_term_string}"},"query-input":{"@type":"PropertyValueSpecification","valueRequired":true,"valueName":"search_term_string"}}],"inLanguage":"en-US"},{"@type":"Organization","@id":"https:\/\/elportillodecoracion.es\/#organization","name":"El Portillo Decoraci\u00f3n","url":"https:\/\/elportillodecoracion.es\/","logo":{"@type":"ImageObject","inLanguage":"en-US","@id":"https:\/\/elportillodecoracion.es\/#\/schema\/logo\/image\/","url":"https:\/\/elportillodecoracion.es\/wp-content\/uploads\/2018\/11\/El-Portillo_logo-300.jpg","contentUrl":"https:\/\/elportillodecoracion.es\/wp-content\/uploads\/2018\/11\/El-Portillo_logo-300.jpg","width":350,"height":91,"caption":"El Portillo Decoraci\u00f3n"},"image":{"@id":"https:\/\/elportillodecoracion.es\/#\/schema\/logo\/image\/"}}]},"product_price_amount":"39.90","product_price_currency":"EUR","og_availability":"instock","product_availability":"instock","product_retailer_item_id":"676410","product_condition":"new"},"_links":{"self":[{"href":"https:\/\/elportillodecoracion.es\/en\/wp-json\/wp\/v2\/product\/10463","targetHints":{"allow":["GET"]}}],"collection":[{"href":"https:\/\/elportillodecoracion.es\/en\/wp-json\/wp\/v2\/product"}],"about":[{"href":"https:\/\/elportillodecoracion.es\/en\/wp-json\/wp\/v2\/types\/product"}],"replies":[{"embeddable":true,"href":"https:\/\/elportillodecoracion.es\/en\/wp-json\/wp\/v2\/comments?post=10463"}],"wp:featuredmedia":[{"embeddable":true,"href":"https:\/\/elportillodecoracion.es\/en\/wp-json\/wp\/v2\/media\/10407"}],"wp:attachment":[{"href":"https:\/\/elportillodecoracion.es\/en\/wp-json\/wp\/v2\/media?parent=10463"}],"wp:term":[{"taxonomy":"product_cat","embeddable":true,"href":"https:\/\/elportillodecoracion.es\/en\/wp-json\/wp\/v2\/product_cat?post=10463"},{"taxonomy":"product_tag","embeddable":true,"href":"https:\/\/elportillodecoracion.es\/en\/wp-json\/wp\/v2\/product_tag?post=10463"}],"curies":[{"name":"wp","href":"https:\/\/api.w.org\/{rel}","templated":true}]}}