{"id":10452,"date":"2020-10-30T08:48:57","date_gmt":"2020-10-30T07:48:57","guid":{"rendered":"https:\/\/elportillodecoracion.es\/tienda\/farol-metal-asa-de-piel-hojas-verde-h30-h50-d20-cm\/"},"modified":"2024-11-30T14:34:44","modified_gmt":"2024-11-30T13:34:44","slug":"farol-metal-asa-de-piel-hojas-verde-h30-h50-d20-cm","status":"publish","type":"product","link":"https:\/\/elportillodecoracion.es\/en\/tienda\/farol-metal-asa-de-piel-hojas-verde-h30-h50-d20-cm\/","title":{"rendered":"FAROL METAL ASA DE PIEL HOJAS VERDE\u00a0H30\/H50 D20 CM."},"content":{"rendered":"","protected":false},"excerpt":{"rendered":"<p>Te ayudar\u00e1n a decorar y crear un ambiente acogedor en tu terraza o sal\u00f3n.<\/p>\n<p><strong>Se venden por separado.<\/strong><\/p>\n<p>Dimensiones : Altura 30 cm.<\/p>\n","protected":false},"featured_media":10395,"comment_status":"closed","ping_status":"closed","template":"","meta":{"_joinchat":[]},"product_cat":[742],"product_tag":[],"class_list":{"0":"post-10452","1":"product","2":"type-product","3":"status-publish","4":"has-post-thumbnail","6":"product_cat-candles-and-candle-holders","8":"first","9":"outofstock","10":"taxable","11":"shipping-taxable","12":"purchasable","13":"product-type-simple"},"yoast_head":"<!-- This site is optimized with the Yoast SEO Premium plugin v23.0 (Yoast SEO v25.6) - https:\/\/yoast.com\/wordpress\/plugins\/seo\/ -->\n<title>FAROL METAL ASA DE PIEL HOJAS VERDE\u00a0H30\/H50 D20 CM. - El Portillo Decoraci\u00f3n<\/title>\n<meta name=\"description\" content=\"Te ayudar\u00e1n a decorar y crear un ambiente acogedor en tu terraza o sal\u00f3n.  Se venden por separado.  Dimensiones : Altura 30 cm.\" \/>\n<meta name=\"robots\" content=\"index, follow, max-snippet:-1, max-image-preview:large, max-video-preview:-1\" \/>\n<link rel=\"canonical\" href=\"https:\/\/elportillodecoracion.es\/tienda\/farol-metal-asa-de-piel-hojas-verde-h30-h50-d20-cm\/\" \/>\n<meta property=\"og:locale\" content=\"en_US\" \/>\n<meta property=\"og:type\" content=\"article\" \/>\n<meta property=\"og:title\" content=\"FAROL METAL ASA DE PIEL HOJAS VERDE\u00a0H30\/H50 D20 CM.\" \/>\n<meta property=\"og:description\" content=\"Te ayudar\u00e1n a decorar y crear un ambiente acogedor en tu terraza o sal\u00f3n.  Se venden por separado.  Dimensiones : Altura 30 cm.\" \/>\n<meta property=\"og:url\" content=\"https:\/\/elportillodecoracion.es\/tienda\/farol-metal-asa-de-piel-hojas-verde-h30-h50-d20-cm\/\" \/>\n<meta property=\"og:site_name\" content=\"El Portillo Decoraci\u00f3n\" \/>\n<meta property=\"article:modified_time\" content=\"2024-11-30T13:34:44+00:00\" \/>\n<meta property=\"og:image\" content=\"https:\/\/elportillodecoracion.es\/wp-content\/uploads\/2018\/11\/601174-PORTAVELAS-FOGLIE-ROT.CMAN_.PELLE-SR3Pz.jpg\" \/>\n\t<meta property=\"og:image:width\" content=\"1280\" \/>\n\t<meta property=\"og:image:height\" content=\"1280\" \/>\n\t<meta property=\"og:image:type\" content=\"image\/jpeg\" \/>\n<meta name=\"twitter:card\" content=\"summary_large_image\" \/>\n<meta name=\"twitter:label1\" content=\"Price\" \/>\n\t<meta name=\"twitter:data1\" content=\"49,00&euro; IVA inc\" \/>\n\t<meta name=\"twitter:label2\" content=\"Availability\" \/>\n\t<meta name=\"twitter:data2\" content=\"Out of stock\" \/>\n<script type=\"application\/ld+json\" class=\"yoast-schema-graph\">{\"@context\":\"https:\/\/schema.org\",\"@graph\":[{\"@type\":\"WebPage\",\"@id\":\"https:\/\/elportillodecoracion.es\/tienda\/farol-metal-asa-de-piel-hojas-verde-h30-h50-d20-cm\/\",\"url\":\"https:\/\/elportillodecoracion.es\/tienda\/farol-metal-asa-de-piel-hojas-verde-h30-h50-d20-cm\/\",\"name\":\"FAROL METAL ASA DE PIEL HOJAS VERDE\u00a0H30\/H50 D20 CM. - El Portillo Decoraci\u00f3n\",\"isPartOf\":{\"@id\":\"https:\/\/elportillodecoracion.es\/#website\"},\"primaryImageOfPage\":{\"@id\":\"https:\/\/elportillodecoracion.es\/tienda\/farol-metal-asa-de-piel-hojas-verde-h30-h50-d20-cm\/#primaryimage\"},\"image\":{\"@id\":\"https:\/\/elportillodecoracion.es\/tienda\/farol-metal-asa-de-piel-hojas-verde-h30-h50-d20-cm\/#primaryimage\"},\"thumbnailUrl\":\"https:\/\/elportillodecoracion.es\/wp-content\/uploads\/2018\/11\/601174-PORTAVELAS-FOGLIE-ROT.CMAN_.PELLE-SR3Pz.jpg\",\"datePublished\":\"2020-10-30T07:48:57+00:00\",\"dateModified\":\"2024-11-30T13:34:44+00:00\",\"description\":\"Te ayudar\u00e1n a decorar y crear un ambiente acogedor en tu terraza o sal\u00f3n. Se venden por separado. Dimensiones : Altura 30 cm.\",\"breadcrumb\":{\"@id\":\"https:\/\/elportillodecoracion.es\/tienda\/farol-metal-asa-de-piel-hojas-verde-h30-h50-d20-cm\/#breadcrumb\"},\"inLanguage\":\"en-US\",\"potentialAction\":[{\"@type\":\"ReadAction\",\"target\":[\"https:\/\/elportillodecoracion.es\/tienda\/farol-metal-asa-de-piel-hojas-verde-h30-h50-d20-cm\/\"]}]},{\"@type\":\"ImageObject\",\"inLanguage\":\"en-US\",\"@id\":\"https:\/\/elportillodecoracion.es\/tienda\/farol-metal-asa-de-piel-hojas-verde-h30-h50-d20-cm\/#primaryimage\",\"url\":\"https:\/\/elportillodecoracion.es\/wp-content\/uploads\/2018\/11\/601174-PORTAVELAS-FOGLIE-ROT.CMAN_.PELLE-SR3Pz.jpg\",\"contentUrl\":\"https:\/\/elportillodecoracion.es\/wp-content\/uploads\/2018\/11\/601174-PORTAVELAS-FOGLIE-ROT.CMAN_.PELLE-SR3Pz.jpg\",\"width\":1280,\"height\":1280},{\"@type\":\"BreadcrumbList\",\"@id\":\"https:\/\/elportillodecoracion.es\/tienda\/farol-metal-asa-de-piel-hojas-verde-h30-h50-d20-cm\/#breadcrumb\",\"itemListElement\":[{\"@type\":\"ListItem\",\"position\":1,\"name\":\"Portada\",\"item\":\"https:\/\/elportillodecoracion.es\/\"},{\"@type\":\"ListItem\",\"position\":2,\"name\":\"Tienda\",\"item\":\"https:\/\/elportillodecoracion.es\/tienda\/\"},{\"@type\":\"ListItem\",\"position\":3,\"name\":\"FAROL METAL ASA DE PIEL HOJAS VERDE\u00a0H30\/H50 D20 CM.\"}]},{\"@type\":\"WebSite\",\"@id\":\"https:\/\/elportillodecoracion.es\/#website\",\"url\":\"https:\/\/elportillodecoracion.es\/\",\"name\":\"El Portillo Decoraci\u00f3n\",\"description\":\"Muebles y Decoraci\u00f3n\",\"publisher\":{\"@id\":\"https:\/\/elportillodecoracion.es\/#organization\"},\"potentialAction\":[{\"@type\":\"SearchAction\",\"target\":{\"@type\":\"EntryPoint\",\"urlTemplate\":\"https:\/\/elportillodecoracion.es\/?s={search_term_string}\"},\"query-input\":{\"@type\":\"PropertyValueSpecification\",\"valueRequired\":true,\"valueName\":\"search_term_string\"}}],\"inLanguage\":\"en-US\"},{\"@type\":\"Organization\",\"@id\":\"https:\/\/elportillodecoracion.es\/#organization\",\"name\":\"El Portillo Decoraci\u00f3n\",\"url\":\"https:\/\/elportillodecoracion.es\/\",\"logo\":{\"@type\":\"ImageObject\",\"inLanguage\":\"en-US\",\"@id\":\"https:\/\/elportillodecoracion.es\/#\/schema\/logo\/image\/\",\"url\":\"https:\/\/elportillodecoracion.es\/wp-content\/uploads\/2018\/11\/El-Portillo_logo-300.jpg\",\"contentUrl\":\"https:\/\/elportillodecoracion.es\/wp-content\/uploads\/2018\/11\/El-Portillo_logo-300.jpg\",\"width\":350,\"height\":91,\"caption\":\"El Portillo Decoraci\u00f3n\"},\"image\":{\"@id\":\"https:\/\/elportillodecoracion.es\/#\/schema\/logo\/image\/\"}}]}<\/script>\n<meta property=\"product:price:amount\" content=\"49.00\" \/>\n<meta property=\"product:price:currency\" content=\"EUR\" \/>\n<meta property=\"og:availability\" content=\"out of stock\" \/>\n<meta property=\"product:availability\" content=\"out of stock\" \/>\n<meta property=\"product:retailer_item_id\" content=\"6011740\" \/>\n<meta property=\"product:condition\" content=\"new\" \/>\n<!-- \/ Yoast SEO Premium plugin. -->","yoast_head_json":{"title":"FAROL METAL ASA DE PIEL HOJAS VERDE\u00a0H30\/H50 D20 CM. - El Portillo Decoraci\u00f3n","description":"Te ayudar\u00e1n a decorar y crear un ambiente acogedor en tu terraza o sal\u00f3n.  Se venden por separado.  Dimensiones : Altura 30 cm.","robots":{"index":"index","follow":"follow","max-snippet":"max-snippet:-1","max-image-preview":"max-image-preview:large","max-video-preview":"max-video-preview:-1"},"canonical":"https:\/\/elportillodecoracion.es\/tienda\/farol-metal-asa-de-piel-hojas-verde-h30-h50-d20-cm\/","og_locale":"en_US","og_type":"article","og_title":"FAROL METAL ASA DE PIEL HOJAS VERDE\u00a0H30\/H50 D20 CM.","og_description":"Te ayudar\u00e1n a decorar y crear un ambiente acogedor en tu terraza o sal\u00f3n.  Se venden por separado.  Dimensiones : Altura 30 cm.","og_url":"https:\/\/elportillodecoracion.es\/tienda\/farol-metal-asa-de-piel-hojas-verde-h30-h50-d20-cm\/","og_site_name":"El Portillo Decoraci\u00f3n","article_modified_time":"2024-11-30T13:34:44+00:00","og_image":[{"width":1280,"height":1280,"url":"https:\/\/elportillodecoracion.es\/wp-content\/uploads\/2018\/11\/601174-PORTAVELAS-FOGLIE-ROT.CMAN_.PELLE-SR3Pz.jpg","type":"image\/jpeg"}],"twitter_card":"summary_large_image","twitter_misc":{"Price":"49,00&euro; IVA inc","Availability":"Out of stock"},"schema":{"@context":"https:\/\/schema.org","@graph":[{"@type":"WebPage","@id":"https:\/\/elportillodecoracion.es\/tienda\/farol-metal-asa-de-piel-hojas-verde-h30-h50-d20-cm\/","url":"https:\/\/elportillodecoracion.es\/tienda\/farol-metal-asa-de-piel-hojas-verde-h30-h50-d20-cm\/","name":"FAROL METAL ASA DE PIEL HOJAS VERDE\u00a0H30\/H50 D20 CM. - El Portillo Decoraci\u00f3n","isPartOf":{"@id":"https:\/\/elportillodecoracion.es\/#website"},"primaryImageOfPage":{"@id":"https:\/\/elportillodecoracion.es\/tienda\/farol-metal-asa-de-piel-hojas-verde-h30-h50-d20-cm\/#primaryimage"},"image":{"@id":"https:\/\/elportillodecoracion.es\/tienda\/farol-metal-asa-de-piel-hojas-verde-h30-h50-d20-cm\/#primaryimage"},"thumbnailUrl":"https:\/\/elportillodecoracion.es\/wp-content\/uploads\/2018\/11\/601174-PORTAVELAS-FOGLIE-ROT.CMAN_.PELLE-SR3Pz.jpg","datePublished":"2020-10-30T07:48:57+00:00","dateModified":"2024-11-30T13:34:44+00:00","description":"Te ayudar\u00e1n a decorar y crear un ambiente acogedor en tu terraza o sal\u00f3n. Se venden por separado. Dimensiones : Altura 30 cm.","breadcrumb":{"@id":"https:\/\/elportillodecoracion.es\/tienda\/farol-metal-asa-de-piel-hojas-verde-h30-h50-d20-cm\/#breadcrumb"},"inLanguage":"en-US","potentialAction":[{"@type":"ReadAction","target":["https:\/\/elportillodecoracion.es\/tienda\/farol-metal-asa-de-piel-hojas-verde-h30-h50-d20-cm\/"]}]},{"@type":"ImageObject","inLanguage":"en-US","@id":"https:\/\/elportillodecoracion.es\/tienda\/farol-metal-asa-de-piel-hojas-verde-h30-h50-d20-cm\/#primaryimage","url":"https:\/\/elportillodecoracion.es\/wp-content\/uploads\/2018\/11\/601174-PORTAVELAS-FOGLIE-ROT.CMAN_.PELLE-SR3Pz.jpg","contentUrl":"https:\/\/elportillodecoracion.es\/wp-content\/uploads\/2018\/11\/601174-PORTAVELAS-FOGLIE-ROT.CMAN_.PELLE-SR3Pz.jpg","width":1280,"height":1280},{"@type":"BreadcrumbList","@id":"https:\/\/elportillodecoracion.es\/tienda\/farol-metal-asa-de-piel-hojas-verde-h30-h50-d20-cm\/#breadcrumb","itemListElement":[{"@type":"ListItem","position":1,"name":"Portada","item":"https:\/\/elportillodecoracion.es\/"},{"@type":"ListItem","position":2,"name":"Tienda","item":"https:\/\/elportillodecoracion.es\/tienda\/"},{"@type":"ListItem","position":3,"name":"FAROL METAL ASA DE PIEL HOJAS VERDE\u00a0H30\/H50 D20 CM."}]},{"@type":"WebSite","@id":"https:\/\/elportillodecoracion.es\/#website","url":"https:\/\/elportillodecoracion.es\/","name":"El Portillo Decoraci\u00f3n","description":"Muebles y Decoraci\u00f3n","publisher":{"@id":"https:\/\/elportillodecoracion.es\/#organization"},"potentialAction":[{"@type":"SearchAction","target":{"@type":"EntryPoint","urlTemplate":"https:\/\/elportillodecoracion.es\/?s={search_term_string}"},"query-input":{"@type":"PropertyValueSpecification","valueRequired":true,"valueName":"search_term_string"}}],"inLanguage":"en-US"},{"@type":"Organization","@id":"https:\/\/elportillodecoracion.es\/#organization","name":"El Portillo Decoraci\u00f3n","url":"https:\/\/elportillodecoracion.es\/","logo":{"@type":"ImageObject","inLanguage":"en-US","@id":"https:\/\/elportillodecoracion.es\/#\/schema\/logo\/image\/","url":"https:\/\/elportillodecoracion.es\/wp-content\/uploads\/2018\/11\/El-Portillo_logo-300.jpg","contentUrl":"https:\/\/elportillodecoracion.es\/wp-content\/uploads\/2018\/11\/El-Portillo_logo-300.jpg","width":350,"height":91,"caption":"El Portillo Decoraci\u00f3n"},"image":{"@id":"https:\/\/elportillodecoracion.es\/#\/schema\/logo\/image\/"}}]},"product_price_amount":"49.00","product_price_currency":"EUR","og_availability":"out of stock","product_availability":"out of stock","product_retailer_item_id":"6011740","product_condition":"new"},"_links":{"self":[{"href":"https:\/\/elportillodecoracion.es\/en\/wp-json\/wp\/v2\/product\/10452","targetHints":{"allow":["GET"]}}],"collection":[{"href":"https:\/\/elportillodecoracion.es\/en\/wp-json\/wp\/v2\/product"}],"about":[{"href":"https:\/\/elportillodecoracion.es\/en\/wp-json\/wp\/v2\/types\/product"}],"replies":[{"embeddable":true,"href":"https:\/\/elportillodecoracion.es\/en\/wp-json\/wp\/v2\/comments?post=10452"}],"wp:featuredmedia":[{"embeddable":true,"href":"https:\/\/elportillodecoracion.es\/en\/wp-json\/wp\/v2\/media\/10395"}],"wp:attachment":[{"href":"https:\/\/elportillodecoracion.es\/en\/wp-json\/wp\/v2\/media?parent=10452"}],"wp:term":[{"taxonomy":"product_cat","embeddable":true,"href":"https:\/\/elportillodecoracion.es\/en\/wp-json\/wp\/v2\/product_cat?post=10452"},{"taxonomy":"product_tag","embeddable":true,"href":"https:\/\/elportillodecoracion.es\/en\/wp-json\/wp\/v2\/product_tag?post=10452"}],"curies":[{"name":"wp","href":"https:\/\/api.w.org\/{rel}","templated":true}]}}